{"id":787,"date":"2020-06-15T20:48:10","date_gmt":"2020-06-16T01:48:10","guid":{"rendered":"http:\/\/edicioneselnaranjo.com.mx\/tienda\/producto\/import-placeholder-for-677\/"},"modified":"2026-01-19T16:53:30","modified_gmt":"2026-01-19T22:53:30","slug":"la-luz-y-los-colores-para-los-mas-curiosos","status":"publish","type":"product","link":"https:\/\/edicioneselnaranjo.com.mx\/tienda\/producto\/la-luz-y-los-colores-para-los-mas-curiosos\/","title":{"rendered":"La luz y los colores para los m\u00e1s curiosos"},"content":{"rendered":"<table>\n<tbody>\n<tr>\n<td>G\u00e9nero<\/td>\n<td>Informativo<\/td>\n<\/tr>\n<tr>\n<td>Encuadernaci\u00f3n<\/td>\n<td>R\u00fastica<\/td>\n<\/tr>\n<tr>\n<td>P\u00e1ginas<\/td>\n<td>60 pp.<\/td>\n<\/tr>\n<tr>\n<td>Formato<\/td>\n<td>21 x 21 cm<\/td>\n<\/tr>\n<tr>\n<td>Impresi\u00f3n<\/td>\n<td>Cuatricom\u00eda<\/td>\n<\/tr>\n<tr>\n<td>Peso<\/td>\n<td>220 g<\/td>\n<\/tr>\n<tr>\n<td>ISBN<\/td>\n<td>978-987-1217-724<\/td>\n<\/tr>\n<tr>\n<td>Sello Editorial<\/td>\n<td>Ediciones Iamiqu\u00e9<\/td>\n<\/tr>\n<tr>\n<td><\/td>\n<td><\/td>\n<\/tr>\n<tr>\n<td><\/td>\n<td><\/td>\n<\/tr>\n<\/tbody>\n<\/table>\n","protected":false},"excerpt":{"rendered":"<p>Autores: Carla Baredes e Ileana Lotersztain<br \/>\nIlustraciones de Mar\u00eda Lavezzi<\/p>\n<p>\u00bfPor qu\u00e9 se ve el cielo? \u00bfDe qu\u00e9 est\u00e1 hecho el arco\u00edris? \u00bfEl Sol es amarillo? \u00bfC\u00f3mo se forman los colores en el televisor? \u00bfQu\u00e9 hacen los pintores cuando pintan?<br \/>\nLa informaci\u00f3n se complementa con datos curiosos, humoradas y un blog asociado, donde los lectores encontrar\u00e1n interesantes propuestas para seguir indagando en el espacio digital.<\/p>\n","protected":false},"featured_media":3873,"template":"","meta":[],"product_brand":[],"product_cat":[15],"product_tag":[202,203],"class_list":{"0":"post-787","1":"product","2":"type-product","3":"status-publish","4":"has-post-thumbnail","6":"product_cat-catalogo","7":"product_tag-ciencias","8":"product_tag-preguntas-que-ponen-los-pelos-de-punta","9":"pa_edad-6-a-8-anos","10":"pa_edad-9-a-11-anos","11":"pa_editorial-ediciones-iamique","13":"first","14":"instock","15":"shipping-taxable","16":"purchasable","17":"product-type-simple"},"yoast_head":"<!-- This site is optimized with the Yoast SEO plugin v27.3 - https:\/\/yoast.com\/product\/yoast-seo-wordpress\/ -->\n<title>La luz y los colores para los m\u00e1s curiosos - Tienda Ediciones El Naranjo<\/title>\n<meta name=\"robots\" content=\"index, follow, max-snippet:-1, max-image-preview:large, max-video-preview:-1\" \/>\n<link rel=\"canonical\" href=\"https:\/\/edicioneselnaranjo.com.mx\/tienda\/producto\/la-luz-y-los-colores-para-los-mas-curiosos\/\" \/>\n<meta property=\"og:locale\" content=\"es_MX\" \/>\n<meta property=\"og:type\" content=\"article\" \/>\n<meta property=\"og:title\" content=\"La luz y los colores para los m\u00e1s curiosos - Tienda Ediciones El Naranjo\" \/>\n<meta property=\"og:description\" content=\"Autores: Carla Baredes e Ileana Lotersztain Ilustraciones de Mar\u00eda Lavezzi  \u00bfPor qu\u00e9 se ve el cielo? \u00bfDe qu\u00e9 est\u00e1 hecho el arco\u00edris? \u00bfEl Sol es amarillo? \u00bfC\u00f3mo se forman los colores en el televisor? \u00bfQu\u00e9 hacen los pintores cuando pintan? La informaci\u00f3n se complementa con datos curiosos, humoradas y un blog asociado, donde los lectores encontrar\u00e1n interesantes propuestas para seguir indagando en el espacio digital.\" \/>\n<meta property=\"og:url\" content=\"https:\/\/edicioneselnaranjo.com.mx\/tienda\/producto\/la-luz-y-los-colores-para-los-mas-curiosos\/\" \/>\n<meta property=\"og:site_name\" content=\"Tienda Ediciones El Naranjo\" \/>\n<meta property=\"article:modified_time\" content=\"2026-01-19T22:53:30+00:00\" \/>\n<meta property=\"og:image\" content=\"https:\/\/edicioneselnaranjo.com.mx\/tienda\/wp-content\/uploads\/2020\/06\/La-luz-y-los-colores_tapa.jpg\" \/>\n\t<meta property=\"og:image:width\" content=\"673\" \/>\n\t<meta property=\"og:image:height\" content=\"674\" \/>\n\t<meta property=\"og:image:type\" content=\"image\/jpeg\" \/>\n<meta name=\"twitter:card\" content=\"summary_large_image\" \/>\n<meta name=\"twitter:label1\" content=\"Tiempo de lectura\" \/>\n\t<meta name=\"twitter:data1\" content=\"1 minuto\" \/>\n<script type=\"application\/ld+json\" class=\"yoast-schema-graph\">{\"@context\":\"https:\\\/\\\/schema.org\",\"@graph\":[{\"@type\":\"WebPage\",\"@id\":\"https:\\\/\\\/edicioneselnaranjo.com.mx\\\/tienda\\\/producto\\\/la-luz-y-los-colores-para-los-mas-curiosos\\\/\",\"url\":\"https:\\\/\\\/edicioneselnaranjo.com.mx\\\/tienda\\\/producto\\\/la-luz-y-los-colores-para-los-mas-curiosos\\\/\",\"name\":\"La luz y los colores para los m\u00e1s curiosos - Tienda Ediciones El Naranjo\",\"isPartOf\":{\"@id\":\"https:\\\/\\\/edicioneselnaranjo.com.mx\\\/tienda\\\/#website\"},\"primaryImageOfPage\":{\"@id\":\"https:\\\/\\\/edicioneselnaranjo.com.mx\\\/tienda\\\/producto\\\/la-luz-y-los-colores-para-los-mas-curiosos\\\/#primaryimage\"},\"image\":{\"@id\":\"https:\\\/\\\/edicioneselnaranjo.com.mx\\\/tienda\\\/producto\\\/la-luz-y-los-colores-para-los-mas-curiosos\\\/#primaryimage\"},\"thumbnailUrl\":\"https:\\\/\\\/edicioneselnaranjo.com.mx\\\/tienda\\\/wp-content\\\/uploads\\\/2020\\\/06\\\/La-luz-y-los-colores_tapa.jpg\",\"datePublished\":\"2020-06-16T01:48:10+00:00\",\"dateModified\":\"2026-01-19T22:53:30+00:00\",\"breadcrumb\":{\"@id\":\"https:\\\/\\\/edicioneselnaranjo.com.mx\\\/tienda\\\/producto\\\/la-luz-y-los-colores-para-los-mas-curiosos\\\/#breadcrumb\"},\"inLanguage\":\"es\",\"potentialAction\":[{\"@type\":\"ReadAction\",\"target\":[\"https:\\\/\\\/edicioneselnaranjo.com.mx\\\/tienda\\\/producto\\\/la-luz-y-los-colores-para-los-mas-curiosos\\\/\"]}]},{\"@type\":\"ImageObject\",\"inLanguage\":\"es\",\"@id\":\"https:\\\/\\\/edicioneselnaranjo.com.mx\\\/tienda\\\/producto\\\/la-luz-y-los-colores-para-los-mas-curiosos\\\/#primaryimage\",\"url\":\"https:\\\/\\\/edicioneselnaranjo.com.mx\\\/tienda\\\/wp-content\\\/uploads\\\/2020\\\/06\\\/La-luz-y-los-colores_tapa.jpg\",\"contentUrl\":\"https:\\\/\\\/edicioneselnaranjo.com.mx\\\/tienda\\\/wp-content\\\/uploads\\\/2020\\\/06\\\/La-luz-y-los-colores_tapa.jpg\",\"width\":673,\"height\":674},{\"@type\":\"BreadcrumbList\",\"@id\":\"https:\\\/\\\/edicioneselnaranjo.com.mx\\\/tienda\\\/producto\\\/la-luz-y-los-colores-para-los-mas-curiosos\\\/#breadcrumb\",\"itemListElement\":[{\"@type\":\"ListItem\",\"position\":1,\"name\":\"Inicio\",\"item\":\"https:\\\/\\\/edicioneselnaranjo.com.mx\\\/tienda\\\/\"},{\"@type\":\"ListItem\",\"position\":2,\"name\":\"La luz y los colores para los m\u00e1s curiosos\"}]},{\"@type\":\"WebSite\",\"@id\":\"https:\\\/\\\/edicioneselnaranjo.com.mx\\\/tienda\\\/#website\",\"url\":\"https:\\\/\\\/edicioneselnaranjo.com.mx\\\/tienda\\\/\",\"name\":\"Tienda Ediciones El Naranjo\",\"description\":\"Tienda en l&iacute;nea de Ediciones El Naranjo\",\"publisher\":{\"@id\":\"https:\\\/\\\/edicioneselnaranjo.com.mx\\\/tienda\\\/#organization\"},\"potentialAction\":[{\"@type\":\"SearchAction\",\"target\":{\"@type\":\"EntryPoint\",\"urlTemplate\":\"https:\\\/\\\/edicioneselnaranjo.com.mx\\\/tienda\\\/?s={search_term_string}\"},\"query-input\":{\"@type\":\"PropertyValueSpecification\",\"valueRequired\":true,\"valueName\":\"search_term_string\"}}],\"inLanguage\":\"es\"},{\"@type\":\"Organization\",\"@id\":\"https:\\\/\\\/edicioneselnaranjo.com.mx\\\/tienda\\\/#organization\",\"name\":\"Tienda Ediciones El Naranjo\",\"url\":\"https:\\\/\\\/edicioneselnaranjo.com.mx\\\/tienda\\\/\",\"logo\":{\"@type\":\"ImageObject\",\"inLanguage\":\"es\",\"@id\":\"https:\\\/\\\/edicioneselnaranjo.com.mx\\\/tienda\\\/#\\\/schema\\\/logo\\\/image\\\/\",\"url\":\"https:\\\/\\\/edicioneselnaranjo.com.mx\\\/tienda\\\/wp-content\\\/uploads\\\/2020\\\/09\\\/logo-imagen-tienda.png\",\"contentUrl\":\"https:\\\/\\\/edicioneselnaranjo.com.mx\\\/tienda\\\/wp-content\\\/uploads\\\/2020\\\/09\\\/logo-imagen-tienda.png\",\"width\":700,\"height\":140,\"caption\":\"Tienda Ediciones El Naranjo\"},\"image\":{\"@id\":\"https:\\\/\\\/edicioneselnaranjo.com.mx\\\/tienda\\\/#\\\/schema\\\/logo\\\/image\\\/\"}}]}<\/script>\n<!-- \/ Yoast SEO plugin. -->","yoast_head_json":{"title":"La luz y los colores para los m\u00e1s curiosos - Tienda Ediciones El Naranjo","robots":{"index":"index","follow":"follow","max-snippet":"max-snippet:-1","max-image-preview":"max-image-preview:large","max-video-preview":"max-video-preview:-1"},"canonical":"https:\/\/edicioneselnaranjo.com.mx\/tienda\/producto\/la-luz-y-los-colores-para-los-mas-curiosos\/","og_locale":"es_MX","og_type":"article","og_title":"La luz y los colores para los m\u00e1s curiosos - Tienda Ediciones El Naranjo","og_description":"Autores: Carla Baredes e Ileana Lotersztain Ilustraciones de Mar\u00eda Lavezzi  \u00bfPor qu\u00e9 se ve el cielo? \u00bfDe qu\u00e9 est\u00e1 hecho el arco\u00edris? \u00bfEl Sol es amarillo? \u00bfC\u00f3mo se forman los colores en el televisor? \u00bfQu\u00e9 hacen los pintores cuando pintan? La informaci\u00f3n se complementa con datos curiosos, humoradas y un blog asociado, donde los lectores encontrar\u00e1n interesantes propuestas para seguir indagando en el espacio digital.","og_url":"https:\/\/edicioneselnaranjo.com.mx\/tienda\/producto\/la-luz-y-los-colores-para-los-mas-curiosos\/","og_site_name":"Tienda Ediciones El Naranjo","article_modified_time":"2026-01-19T22:53:30+00:00","og_image":[{"width":673,"height":674,"url":"https:\/\/edicioneselnaranjo.com.mx\/tienda\/wp-content\/uploads\/2020\/06\/La-luz-y-los-colores_tapa.jpg","type":"image\/jpeg"}],"twitter_card":"summary_large_image","twitter_misc":{"Tiempo de lectura":"1 minuto"},"schema":{"@context":"https:\/\/schema.org","@graph":[{"@type":"WebPage","@id":"https:\/\/edicioneselnaranjo.com.mx\/tienda\/producto\/la-luz-y-los-colores-para-los-mas-curiosos\/","url":"https:\/\/edicioneselnaranjo.com.mx\/tienda\/producto\/la-luz-y-los-colores-para-los-mas-curiosos\/","name":"La luz y los colores para los m\u00e1s curiosos - Tienda Ediciones El Naranjo","isPartOf":{"@id":"https:\/\/edicioneselnaranjo.com.mx\/tienda\/#website"},"primaryImageOfPage":{"@id":"https:\/\/edicioneselnaranjo.com.mx\/tienda\/producto\/la-luz-y-los-colores-para-los-mas-curiosos\/#primaryimage"},"image":{"@id":"https:\/\/edicioneselnaranjo.com.mx\/tienda\/producto\/la-luz-y-los-colores-para-los-mas-curiosos\/#primaryimage"},"thumbnailUrl":"https:\/\/edicioneselnaranjo.com.mx\/tienda\/wp-content\/uploads\/2020\/06\/La-luz-y-los-colores_tapa.jpg","datePublished":"2020-06-16T01:48:10+00:00","dateModified":"2026-01-19T22:53:30+00:00","breadcrumb":{"@id":"https:\/\/edicioneselnaranjo.com.mx\/tienda\/producto\/la-luz-y-los-colores-para-los-mas-curiosos\/#breadcrumb"},"inLanguage":"es","potentialAction":[{"@type":"ReadAction","target":["https:\/\/edicioneselnaranjo.com.mx\/tienda\/producto\/la-luz-y-los-colores-para-los-mas-curiosos\/"]}]},{"@type":"ImageObject","inLanguage":"es","@id":"https:\/\/edicioneselnaranjo.com.mx\/tienda\/producto\/la-luz-y-los-colores-para-los-mas-curiosos\/#primaryimage","url":"https:\/\/edicioneselnaranjo.com.mx\/tienda\/wp-content\/uploads\/2020\/06\/La-luz-y-los-colores_tapa.jpg","contentUrl":"https:\/\/edicioneselnaranjo.com.mx\/tienda\/wp-content\/uploads\/2020\/06\/La-luz-y-los-colores_tapa.jpg","width":673,"height":674},{"@type":"BreadcrumbList","@id":"https:\/\/edicioneselnaranjo.com.mx\/tienda\/producto\/la-luz-y-los-colores-para-los-mas-curiosos\/#breadcrumb","itemListElement":[{"@type":"ListItem","position":1,"name":"Inicio","item":"https:\/\/edicioneselnaranjo.com.mx\/tienda\/"},{"@type":"ListItem","position":2,"name":"La luz y los colores para los m\u00e1s curiosos"}]},{"@type":"WebSite","@id":"https:\/\/edicioneselnaranjo.com.mx\/tienda\/#website","url":"https:\/\/edicioneselnaranjo.com.mx\/tienda\/","name":"Tienda Ediciones El Naranjo","description":"Tienda en l&iacute;nea de Ediciones El Naranjo","publisher":{"@id":"https:\/\/edicioneselnaranjo.com.mx\/tienda\/#organization"},"potentialAction":[{"@type":"SearchAction","target":{"@type":"EntryPoint","urlTemplate":"https:\/\/edicioneselnaranjo.com.mx\/tienda\/?s={search_term_string}"},"query-input":{"@type":"PropertyValueSpecification","valueRequired":true,"valueName":"search_term_string"}}],"inLanguage":"es"},{"@type":"Organization","@id":"https:\/\/edicioneselnaranjo.com.mx\/tienda\/#organization","name":"Tienda Ediciones El Naranjo","url":"https:\/\/edicioneselnaranjo.com.mx\/tienda\/","logo":{"@type":"ImageObject","inLanguage":"es","@id":"https:\/\/edicioneselnaranjo.com.mx\/tienda\/#\/schema\/logo\/image\/","url":"https:\/\/edicioneselnaranjo.com.mx\/tienda\/wp-content\/uploads\/2020\/09\/logo-imagen-tienda.png","contentUrl":"https:\/\/edicioneselnaranjo.com.mx\/tienda\/wp-content\/uploads\/2020\/09\/logo-imagen-tienda.png","width":700,"height":140,"caption":"Tienda Ediciones El Naranjo"},"image":{"@id":"https:\/\/edicioneselnaranjo.com.mx\/tienda\/#\/schema\/logo\/image\/"}}]}},"_links":{"self":[{"href":"https:\/\/edicioneselnaranjo.com.mx\/tienda\/wp-json\/wp\/v2\/product\/787","targetHints":{"allow":["GET"]}}],"collection":[{"href":"https:\/\/edicioneselnaranjo.com.mx\/tienda\/wp-json\/wp\/v2\/product"}],"about":[{"href":"https:\/\/edicioneselnaranjo.com.mx\/tienda\/wp-json\/wp\/v2\/types\/product"}],"wp:featuredmedia":[{"embeddable":true,"href":"https:\/\/edicioneselnaranjo.com.mx\/tienda\/wp-json\/wp\/v2\/media\/3873"}],"wp:attachment":[{"href":"https:\/\/edicioneselnaranjo.com.mx\/tienda\/wp-json\/wp\/v2\/media?parent=787"}],"wp:term":[{"taxonomy":"product_brand","embeddable":true,"href":"https:\/\/edicioneselnaranjo.com.mx\/tienda\/wp-json\/wp\/v2\/product_brand?post=787"},{"taxonomy":"product_cat","embeddable":true,"href":"https:\/\/edicioneselnaranjo.com.mx\/tienda\/wp-json\/wp\/v2\/product_cat?post=787"},{"taxonomy":"product_tag","embeddable":true,"href":"https:\/\/edicioneselnaranjo.com.mx\/tienda\/wp-json\/wp\/v2\/product_tag?post=787"}],"curies":[{"name":"wp","href":"https:\/\/api.w.org\/{rel}","templated":true}]}}