{"id":6721,"date":"2025-12-18T13:08:07","date_gmt":"2025-12-18T19:08:07","guid":{"rendered":"https:\/\/edicioneselnaranjo.com.mx\/tienda\/?post_type=product&#038;p=6721"},"modified":"2026-01-19T16:57:38","modified_gmt":"2026-01-19T22:57:38","slug":"adios","status":"publish","type":"product","link":"https:\/\/edicioneselnaranjo.com.mx\/tienda\/producto\/adios\/","title":{"rendered":"Adi\u00f3s"},"content":{"rendered":"<table>\n<tbody>\n<tr>\n<td>G\u00e9nero<\/td>\n<td>Cuento<\/td>\n<\/tr>\n<tr>\n<td>Encuadernaci\u00f3n<\/td>\n<td>Tapa Dura<\/td>\n<\/tr>\n<tr>\n<td>A\u00f1o<\/td>\n<td>2016<\/td>\n<\/tr>\n<tr>\n<td>Edici\u00f3n<\/td>\n<td>Primera<\/td>\n<\/tr>\n<tr>\n<td>P\u00e1ginas<\/td>\n<td>24 pp.<\/td>\n<\/tr>\n<tr>\n<td>Formato<\/td>\n<td>23.5 x 18 cm<\/td>\n<\/tr>\n<tr>\n<td>Impresi\u00f3n<\/td>\n<td>4 tintas<\/td>\n<\/tr>\n<tr>\n<td>Peso<\/td>\n<td>250 gramos<\/td>\n<\/tr>\n<tr>\n<td>ISBN<\/td>\n<td>\n<div class=\"ld-tabs\">\n<div class=\"tapadura\">\n<p>978-628-95497-4-4<\/p>\n<\/div>\n<\/div>\n<\/td>\n<\/tr>\n<tr>\n<td>Sello editorial<\/td>\n<td>Ediciones Cataplum<\/td>\n<\/tr>\n<\/tbody>\n<\/table>\n","protected":false},"excerpt":{"rendered":"<p>Adi\u00f3s es un poema que recrea la alegr\u00eda de un personaje de la costa que, despu\u00e9s de una temporada alejado de su tierra natal, se prepara para volver. El poeta compara aquellas cosas que m\u00e1s le gustan de su tierra (en especial el mar, que es su leitmotiv) con las que hay en la ciudad andina en la que se encuentra. Esta edici\u00f3n incluye, adem\u00e1s de la versi\u00f3n moderna del poema de Obeso, el texto original en dialecto. En 2016, este libro recibi\u00f3 la Beca para la publicaci\u00f3n de libro ilustrado del Ministerio de Cultura de Colombia y, en 2017, fue incluido en el cat\u00e1logo The White Ravens de la Internationale Jugendbibliothek.<\/p>\n","protected":false},"featured_media":6722,"template":"","meta":[],"product_brand":[],"product_cat":[15],"product_tag":[],"class_list":{"0":"post-6721","1":"product","2":"type-product","3":"status-publish","4":"has-post-thumbnail","6":"product_cat-catalogo","7":"pa_edad-3-a-5-anos","8":"pa_edad-6-a-8-anos","9":"pa_edad-9-a-11-anos","10":"pa_editorial-cataplum-libros","12":"first","13":"instock","14":"shipping-taxable","15":"purchasable","16":"product-type-simple"},"yoast_head":"<!-- This site is optimized with the Yoast SEO plugin v27.3 - https:\/\/yoast.com\/product\/yoast-seo-wordpress\/ -->\n<title>Adi\u00f3s - Tienda Ediciones El Naranjo<\/title>\n<meta name=\"description\" content=\"Adi\u00f3s es un poema que recrea la alegr\u00eda de un personaje de la costa que, despu\u00e9s de una temporada alejado de su tierra natal, se prepara para volver. El poeta compara aquellas cosas que m\u00e1s le gustan de su tierra (en especial el mar, que es su leitmotiv) con las que hay en la ciudad andina en la que se encuentra. Esta edici\u00f3n incluye, adem\u00e1s de la versi\u00f3n moderna del poema de Obeso, el texto original en dialecto. En 2016, este libro recibi\u00f3 la Beca para la publicaci\u00f3n de libro ilustrado del Ministerio de Cultura de Colombia y, en 2017, fue incluido en el cat\u00e1logo The White Ravens de la Internationale Jugendbibliothek.\" \/>\n<meta name=\"robots\" content=\"index, follow, max-snippet:-1, max-image-preview:large, max-video-preview:-1\" \/>\n<link rel=\"canonical\" href=\"https:\/\/edicioneselnaranjo.com.mx\/tienda\/producto\/adios\/\" \/>\n<meta property=\"og:locale\" content=\"es_MX\" \/>\n<meta property=\"og:type\" content=\"article\" \/>\n<meta property=\"og:title\" content=\"Adi\u00f3s - Tienda Ediciones El Naranjo\" \/>\n<meta property=\"og:description\" content=\"Adi\u00f3s es un poema que recrea la alegr\u00eda de un personaje de la costa que, despu\u00e9s de una temporada alejado de su tierra natal, se prepara para volver. El poeta compara aquellas cosas que m\u00e1s le gustan de su tierra (en especial el mar, que es su leitmotiv) con las que hay en la ciudad andina en la que se encuentra. Esta edici\u00f3n incluye, adem\u00e1s de la versi\u00f3n moderna del poema de Obeso, el texto original en dialecto. En 2016, este libro recibi\u00f3 la Beca para la publicaci\u00f3n de libro ilustrado del Ministerio de Cultura de Colombia y, en 2017, fue incluido en el cat\u00e1logo The White Ravens de la Internationale Jugendbibliothek.\" \/>\n<meta property=\"og:url\" content=\"https:\/\/edicioneselnaranjo.com.mx\/tienda\/producto\/adios\/\" \/>\n<meta property=\"og:site_name\" content=\"Tienda Ediciones El Naranjo\" \/>\n<meta property=\"article:modified_time\" content=\"2026-01-19T22:57:38+00:00\" \/>\n<meta property=\"og:image\" content=\"https:\/\/edicioneselnaranjo.com.mx\/tienda\/wp-content\/uploads\/2025\/12\/adios_web.jpg\" \/>\n\t<meta property=\"og:image:width\" content=\"540\" \/>\n\t<meta property=\"og:image:height\" content=\"538\" \/>\n\t<meta property=\"og:image:type\" content=\"image\/jpeg\" \/>\n<meta name=\"twitter:card\" content=\"summary_large_image\" \/>\n<meta name=\"twitter:label1\" content=\"Tiempo de lectura\" \/>\n\t<meta name=\"twitter:data1\" content=\"1 minuto\" \/>\n<script type=\"application\/ld+json\" class=\"yoast-schema-graph\">{\"@context\":\"https:\\\/\\\/schema.org\",\"@graph\":[{\"@type\":\"WebPage\",\"@id\":\"https:\\\/\\\/edicioneselnaranjo.com.mx\\\/tienda\\\/producto\\\/adios\\\/\",\"url\":\"https:\\\/\\\/edicioneselnaranjo.com.mx\\\/tienda\\\/producto\\\/adios\\\/\",\"name\":\"Adi\u00f3s - Tienda Ediciones El Naranjo\",\"isPartOf\":{\"@id\":\"https:\\\/\\\/edicioneselnaranjo.com.mx\\\/tienda\\\/#website\"},\"primaryImageOfPage\":{\"@id\":\"https:\\\/\\\/edicioneselnaranjo.com.mx\\\/tienda\\\/producto\\\/adios\\\/#primaryimage\"},\"image\":{\"@id\":\"https:\\\/\\\/edicioneselnaranjo.com.mx\\\/tienda\\\/producto\\\/adios\\\/#primaryimage\"},\"thumbnailUrl\":\"https:\\\/\\\/edicioneselnaranjo.com.mx\\\/tienda\\\/wp-content\\\/uploads\\\/2025\\\/12\\\/adios_web.jpg\",\"datePublished\":\"2025-12-18T19:08:07+00:00\",\"dateModified\":\"2026-01-19T22:57:38+00:00\",\"description\":\"Adi\u00f3s es un poema que recrea la alegr\u00eda de un personaje de la costa que, despu\u00e9s de una temporada alejado de su tierra natal, se prepara para volver. El poeta compara aquellas cosas que m\u00e1s le gustan de su tierra (en especial el mar, que es su leitmotiv) con las que hay en la ciudad andina en la que se encuentra. Esta edici\u00f3n incluye, adem\u00e1s de la versi\u00f3n moderna del poema de Obeso, el texto original en dialecto. En 2016, este libro recibi\u00f3 la Beca para la publicaci\u00f3n de libro ilustrado del Ministerio de Cultura de Colombia y, en 2017, fue incluido en el cat\u00e1logo The White Ravens de la Internationale Jugendbibliothek.\",\"breadcrumb\":{\"@id\":\"https:\\\/\\\/edicioneselnaranjo.com.mx\\\/tienda\\\/producto\\\/adios\\\/#breadcrumb\"},\"inLanguage\":\"es\",\"potentialAction\":[{\"@type\":\"ReadAction\",\"target\":[\"https:\\\/\\\/edicioneselnaranjo.com.mx\\\/tienda\\\/producto\\\/adios\\\/\"]}]},{\"@type\":\"ImageObject\",\"inLanguage\":\"es\",\"@id\":\"https:\\\/\\\/edicioneselnaranjo.com.mx\\\/tienda\\\/producto\\\/adios\\\/#primaryimage\",\"url\":\"https:\\\/\\\/edicioneselnaranjo.com.mx\\\/tienda\\\/wp-content\\\/uploads\\\/2025\\\/12\\\/adios_web.jpg\",\"contentUrl\":\"https:\\\/\\\/edicioneselnaranjo.com.mx\\\/tienda\\\/wp-content\\\/uploads\\\/2025\\\/12\\\/adios_web.jpg\",\"width\":540,\"height\":538},{\"@type\":\"BreadcrumbList\",\"@id\":\"https:\\\/\\\/edicioneselnaranjo.com.mx\\\/tienda\\\/producto\\\/adios\\\/#breadcrumb\",\"itemListElement\":[{\"@type\":\"ListItem\",\"position\":1,\"name\":\"Inicio\",\"item\":\"https:\\\/\\\/edicioneselnaranjo.com.mx\\\/tienda\\\/\"},{\"@type\":\"ListItem\",\"position\":2,\"name\":\"Adi\u00f3s\"}]},{\"@type\":\"WebSite\",\"@id\":\"https:\\\/\\\/edicioneselnaranjo.com.mx\\\/tienda\\\/#website\",\"url\":\"https:\\\/\\\/edicioneselnaranjo.com.mx\\\/tienda\\\/\",\"name\":\"Tienda Ediciones El Naranjo\",\"description\":\"Tienda en l&iacute;nea de Ediciones El Naranjo\",\"publisher\":{\"@id\":\"https:\\\/\\\/edicioneselnaranjo.com.mx\\\/tienda\\\/#organization\"},\"potentialAction\":[{\"@type\":\"SearchAction\",\"target\":{\"@type\":\"EntryPoint\",\"urlTemplate\":\"https:\\\/\\\/edicioneselnaranjo.com.mx\\\/tienda\\\/?s={search_term_string}\"},\"query-input\":{\"@type\":\"PropertyValueSpecification\",\"valueRequired\":true,\"valueName\":\"search_term_string\"}}],\"inLanguage\":\"es\"},{\"@type\":\"Organization\",\"@id\":\"https:\\\/\\\/edicioneselnaranjo.com.mx\\\/tienda\\\/#organization\",\"name\":\"Tienda Ediciones El Naranjo\",\"url\":\"https:\\\/\\\/edicioneselnaranjo.com.mx\\\/tienda\\\/\",\"logo\":{\"@type\":\"ImageObject\",\"inLanguage\":\"es\",\"@id\":\"https:\\\/\\\/edicioneselnaranjo.com.mx\\\/tienda\\\/#\\\/schema\\\/logo\\\/image\\\/\",\"url\":\"https:\\\/\\\/edicioneselnaranjo.com.mx\\\/tienda\\\/wp-content\\\/uploads\\\/2020\\\/09\\\/logo-imagen-tienda.png\",\"contentUrl\":\"https:\\\/\\\/edicioneselnaranjo.com.mx\\\/tienda\\\/wp-content\\\/uploads\\\/2020\\\/09\\\/logo-imagen-tienda.png\",\"width\":700,\"height\":140,\"caption\":\"Tienda Ediciones El Naranjo\"},\"image\":{\"@id\":\"https:\\\/\\\/edicioneselnaranjo.com.mx\\\/tienda\\\/#\\\/schema\\\/logo\\\/image\\\/\"}}]}<\/script>\n<!-- \/ Yoast SEO plugin. -->","yoast_head_json":{"title":"Adi\u00f3s - Tienda Ediciones El Naranjo","description":"Adi\u00f3s es un poema que recrea la alegr\u00eda de un personaje de la costa que, despu\u00e9s de una temporada alejado de su tierra natal, se prepara para volver. El poeta compara aquellas cosas que m\u00e1s le gustan de su tierra (en especial el mar, que es su leitmotiv) con las que hay en la ciudad andina en la que se encuentra. Esta edici\u00f3n incluye, adem\u00e1s de la versi\u00f3n moderna del poema de Obeso, el texto original en dialecto. En 2016, este libro recibi\u00f3 la Beca para la publicaci\u00f3n de libro ilustrado del Ministerio de Cultura de Colombia y, en 2017, fue incluido en el cat\u00e1logo The White Ravens de la Internationale Jugendbibliothek.","robots":{"index":"index","follow":"follow","max-snippet":"max-snippet:-1","max-image-preview":"max-image-preview:large","max-video-preview":"max-video-preview:-1"},"canonical":"https:\/\/edicioneselnaranjo.com.mx\/tienda\/producto\/adios\/","og_locale":"es_MX","og_type":"article","og_title":"Adi\u00f3s - Tienda Ediciones El Naranjo","og_description":"Adi\u00f3s es un poema que recrea la alegr\u00eda de un personaje de la costa que, despu\u00e9s de una temporada alejado de su tierra natal, se prepara para volver. El poeta compara aquellas cosas que m\u00e1s le gustan de su tierra (en especial el mar, que es su leitmotiv) con las que hay en la ciudad andina en la que se encuentra. Esta edici\u00f3n incluye, adem\u00e1s de la versi\u00f3n moderna del poema de Obeso, el texto original en dialecto. En 2016, este libro recibi\u00f3 la Beca para la publicaci\u00f3n de libro ilustrado del Ministerio de Cultura de Colombia y, en 2017, fue incluido en el cat\u00e1logo The White Ravens de la Internationale Jugendbibliothek.","og_url":"https:\/\/edicioneselnaranjo.com.mx\/tienda\/producto\/adios\/","og_site_name":"Tienda Ediciones El Naranjo","article_modified_time":"2026-01-19T22:57:38+00:00","og_image":[{"width":540,"height":538,"url":"https:\/\/edicioneselnaranjo.com.mx\/tienda\/wp-content\/uploads\/2025\/12\/adios_web.jpg","type":"image\/jpeg"}],"twitter_card":"summary_large_image","twitter_misc":{"Tiempo de lectura":"1 minuto"},"schema":{"@context":"https:\/\/schema.org","@graph":[{"@type":"WebPage","@id":"https:\/\/edicioneselnaranjo.com.mx\/tienda\/producto\/adios\/","url":"https:\/\/edicioneselnaranjo.com.mx\/tienda\/producto\/adios\/","name":"Adi\u00f3s - Tienda Ediciones El Naranjo","isPartOf":{"@id":"https:\/\/edicioneselnaranjo.com.mx\/tienda\/#website"},"primaryImageOfPage":{"@id":"https:\/\/edicioneselnaranjo.com.mx\/tienda\/producto\/adios\/#primaryimage"},"image":{"@id":"https:\/\/edicioneselnaranjo.com.mx\/tienda\/producto\/adios\/#primaryimage"},"thumbnailUrl":"https:\/\/edicioneselnaranjo.com.mx\/tienda\/wp-content\/uploads\/2025\/12\/adios_web.jpg","datePublished":"2025-12-18T19:08:07+00:00","dateModified":"2026-01-19T22:57:38+00:00","description":"Adi\u00f3s es un poema que recrea la alegr\u00eda de un personaje de la costa que, despu\u00e9s de una temporada alejado de su tierra natal, se prepara para volver. El poeta compara aquellas cosas que m\u00e1s le gustan de su tierra (en especial el mar, que es su leitmotiv) con las que hay en la ciudad andina en la que se encuentra. Esta edici\u00f3n incluye, adem\u00e1s de la versi\u00f3n moderna del poema de Obeso, el texto original en dialecto. En 2016, este libro recibi\u00f3 la Beca para la publicaci\u00f3n de libro ilustrado del Ministerio de Cultura de Colombia y, en 2017, fue incluido en el cat\u00e1logo The White Ravens de la Internationale Jugendbibliothek.","breadcrumb":{"@id":"https:\/\/edicioneselnaranjo.com.mx\/tienda\/producto\/adios\/#breadcrumb"},"inLanguage":"es","potentialAction":[{"@type":"ReadAction","target":["https:\/\/edicioneselnaranjo.com.mx\/tienda\/producto\/adios\/"]}]},{"@type":"ImageObject","inLanguage":"es","@id":"https:\/\/edicioneselnaranjo.com.mx\/tienda\/producto\/adios\/#primaryimage","url":"https:\/\/edicioneselnaranjo.com.mx\/tienda\/wp-content\/uploads\/2025\/12\/adios_web.jpg","contentUrl":"https:\/\/edicioneselnaranjo.com.mx\/tienda\/wp-content\/uploads\/2025\/12\/adios_web.jpg","width":540,"height":538},{"@type":"BreadcrumbList","@id":"https:\/\/edicioneselnaranjo.com.mx\/tienda\/producto\/adios\/#breadcrumb","itemListElement":[{"@type":"ListItem","position":1,"name":"Inicio","item":"https:\/\/edicioneselnaranjo.com.mx\/tienda\/"},{"@type":"ListItem","position":2,"name":"Adi\u00f3s"}]},{"@type":"WebSite","@id":"https:\/\/edicioneselnaranjo.com.mx\/tienda\/#website","url":"https:\/\/edicioneselnaranjo.com.mx\/tienda\/","name":"Tienda Ediciones El Naranjo","description":"Tienda en l&iacute;nea de Ediciones El Naranjo","publisher":{"@id":"https:\/\/edicioneselnaranjo.com.mx\/tienda\/#organization"},"potentialAction":[{"@type":"SearchAction","target":{"@type":"EntryPoint","urlTemplate":"https:\/\/edicioneselnaranjo.com.mx\/tienda\/?s={search_term_string}"},"query-input":{"@type":"PropertyValueSpecification","valueRequired":true,"valueName":"search_term_string"}}],"inLanguage":"es"},{"@type":"Organization","@id":"https:\/\/edicioneselnaranjo.com.mx\/tienda\/#organization","name":"Tienda Ediciones El Naranjo","url":"https:\/\/edicioneselnaranjo.com.mx\/tienda\/","logo":{"@type":"ImageObject","inLanguage":"es","@id":"https:\/\/edicioneselnaranjo.com.mx\/tienda\/#\/schema\/logo\/image\/","url":"https:\/\/edicioneselnaranjo.com.mx\/tienda\/wp-content\/uploads\/2020\/09\/logo-imagen-tienda.png","contentUrl":"https:\/\/edicioneselnaranjo.com.mx\/tienda\/wp-content\/uploads\/2020\/09\/logo-imagen-tienda.png","width":700,"height":140,"caption":"Tienda Ediciones El Naranjo"},"image":{"@id":"https:\/\/edicioneselnaranjo.com.mx\/tienda\/#\/schema\/logo\/image\/"}}]}},"_links":{"self":[{"href":"https:\/\/edicioneselnaranjo.com.mx\/tienda\/wp-json\/wp\/v2\/product\/6721","targetHints":{"allow":["GET"]}}],"collection":[{"href":"https:\/\/edicioneselnaranjo.com.mx\/tienda\/wp-json\/wp\/v2\/product"}],"about":[{"href":"https:\/\/edicioneselnaranjo.com.mx\/tienda\/wp-json\/wp\/v2\/types\/product"}],"wp:featuredmedia":[{"embeddable":true,"href":"https:\/\/edicioneselnaranjo.com.mx\/tienda\/wp-json\/wp\/v2\/media\/6722"}],"wp:attachment":[{"href":"https:\/\/edicioneselnaranjo.com.mx\/tienda\/wp-json\/wp\/v2\/media?parent=6721"}],"wp:term":[{"taxonomy":"product_brand","embeddable":true,"href":"https:\/\/edicioneselnaranjo.com.mx\/tienda\/wp-json\/wp\/v2\/product_brand?post=6721"},{"taxonomy":"product_cat","embeddable":true,"href":"https:\/\/edicioneselnaranjo.com.mx\/tienda\/wp-json\/wp\/v2\/product_cat?post=6721"},{"taxonomy":"product_tag","embeddable":true,"href":"https:\/\/edicioneselnaranjo.com.mx\/tienda\/wp-json\/wp\/v2\/product_tag?post=6721"}],"curies":[{"name":"wp","href":"https:\/\/api.w.org\/{rel}","templated":true}]}}