{"id":6719,"date":"2025-12-18T12:41:50","date_gmt":"2025-12-18T18:41:50","guid":{"rendered":"https:\/\/edicioneselnaranjo.com.mx\/tienda\/?post_type=product&#038;p=6719"},"modified":"2026-01-19T16:57:38","modified_gmt":"2026-01-19T22:57:38","slug":"historia-de-amor-verdadero-entre-una-rana-y-un-cucarron","status":"publish","type":"product","link":"https:\/\/edicioneselnaranjo.com.mx\/tienda\/producto\/historia-de-amor-verdadero-entre-una-rana-y-un-cucarron\/","title":{"rendered":"Historia de amor verdadero entre una rana y un cucarr\u00f3n"},"content":{"rendered":"<table>\n<tbody>\n<tr>\n<td>G\u00e9nero<\/td>\n<td>Cuento<\/td>\n<\/tr>\n<tr>\n<td>Encuadernaci\u00f3n<\/td>\n<td>Colaminado cosido al hilo<\/td>\n<\/tr>\n<tr>\n<td>A\u00f1o<\/td>\n<td>2025<\/td>\n<\/tr>\n<tr>\n<td>Edici\u00f3n<\/td>\n<td>Primera<\/td>\n<\/tr>\n<tr>\n<td>P\u00e1ginas<\/td>\n<td>56 pp.<\/td>\n<\/tr>\n<tr>\n<td>Formato<\/td>\n<td>16.8 x 22 cm<\/td>\n<\/tr>\n<tr>\n<td>Impresi\u00f3n<\/td>\n<td>4 tintas<\/td>\n<\/tr>\n<tr>\n<td>Peso<\/td>\n<td>200 gramos<\/td>\n<\/tr>\n<tr>\n<td>ISBN<\/td>\n<td>\n<div class=\"ld-tabs\">\n<div class=\"tapadura\">\n<p>978-628-96744-3-9<\/p>\n<\/div>\n<\/div>\n<\/td>\n<\/tr>\n<tr>\n<td>Sello editorial<\/td>\n<td>Ediciones Cataplum<\/td>\n<\/tr>\n<\/tbody>\n<\/table>\n","protected":false},"excerpt":{"rendered":"<p>\u00bfC\u00f3mo ser\u00e1 una historia de amor verdadero entre una rana y un cucarr\u00f3n? Diferente a las que conocemos, sin duda. En este libro, Monta\u00f1a crea para los lectores un universo donde una historia de amor como esta puede darse y todo comienza con un helado tan particular como su nombre \u201chistoria de amor verdadero\u201d, el cual act\u00faa como conjuro de amor eterno para nuestros entra\u00f1ables protagonistas. Rana y Cucarr\u00f3n se conocen y desde un primer momento pasa algo especial, de hecho resulta ser tan extraordinario que los lleva a un viaje tanto f\u00edsico como espiritual donde el amor verdadero hace de las suyas. En esta novela corta para ni\u00f1os, Francisco Monta\u00f1a narra con im\u00e1genes muy potentes y con la creatividad que caracteriza su escritura, c\u00f3mo inicia una historia que termina siendo muy trascendental para Rana y Cucarr\u00f3n y tambi\u00e9n para los lectores pues los lleva de la mano y los hace part\u00edcipes de todas las vivencias y ocurrencias de estos dos personajes. Las ilustraciones de Manu Montoya no solo propician una experiencia de lectura est\u00e9tica, tambi\u00e9n nos adentran en ese universo tan especial y desconocido antes de abrir este libro.<\/p>\n","protected":false},"featured_media":6720,"template":"","meta":[],"product_brand":[],"product_cat":[15],"product_tag":[],"class_list":{"0":"post-6719","1":"product","2":"type-product","3":"status-publish","4":"has-post-thumbnail","6":"product_cat-catalogo","7":"pa_edad-3-a-5-anos","8":"pa_edad-6-a-8-anos","9":"pa_edad-9-a-11-anos","10":"pa_editorial-cataplum-libros","12":"first","13":"instock","14":"shipping-taxable","15":"purchasable","16":"product-type-simple"},"yoast_head":"<!-- This site is optimized with the Yoast SEO plugin v27.3 - https:\/\/yoast.com\/product\/yoast-seo-wordpress\/ -->\n<title>Historia de amor verdadero entre una rana y un cucarr\u00f3n - Tienda Ediciones El Naranjo<\/title>\n<meta name=\"description\" content=\"\u00bfC\u00f3mo ser\u00e1 una historia de amor verdadero entre una rana y un cucarr\u00f3n? Diferente a las que conocemos, sin duda. En este libro, Monta\u00f1a crea para los lectores un universo donde una historia de amor como esta puede darse y todo comienza con un helado tan particular como su nombre \u201chistoria de amor verdadero\u201d, el cual act\u00faa como conjuro de amor eterno para nuestros entra\u00f1ables protagonistas. Rana y Cucarr\u00f3n se conocen y desde un primer momento pasa algo especial, de hecho resulta ser tan extraordinario que los lleva a un viaje tanto f\u00edsico como espiritual donde el amor verdadero hace de las suyas. En esta novela corta para ni\u00f1os, Francisco Monta\u00f1a narra con im\u00e1genes muy potentes y con la creatividad que caracteriza su escritura, c\u00f3mo inicia una historia que termina siendo muy trascendental para Rana y Cucarr\u00f3n y tambi\u00e9n para los lectores pues los lleva de la mano y los hace part\u00edcipes de todas las vivencias y ocurrencias de estos dos personajes. Las ilustraciones de Manu Montoya no solo propician una experiencia de lectura est\u00e9tica, tambi\u00e9n nos adentran en ese universo tan especial y desconocido antes de abrir este libro.\" \/>\n<meta name=\"robots\" content=\"index, follow, max-snippet:-1, max-image-preview:large, max-video-preview:-1\" \/>\n<link rel=\"canonical\" href=\"https:\/\/edicioneselnaranjo.com.mx\/tienda\/producto\/historia-de-amor-verdadero-entre-una-rana-y-un-cucarron\/\" \/>\n<meta property=\"og:locale\" content=\"es_MX\" \/>\n<meta property=\"og:type\" content=\"article\" \/>\n<meta property=\"og:title\" content=\"Historia de amor verdadero entre una rana y un cucarr\u00f3n - Tienda Ediciones El Naranjo\" \/>\n<meta property=\"og:description\" content=\"\u00bfC\u00f3mo ser\u00e1 una historia de amor verdadero entre una rana y un cucarr\u00f3n? Diferente a las que conocemos, sin duda. En este libro, Monta\u00f1a crea para los lectores un universo donde una historia de amor como esta puede darse y todo comienza con un helado tan particular como su nombre \u201chistoria de amor verdadero\u201d, el cual act\u00faa como conjuro de amor eterno para nuestros entra\u00f1ables protagonistas. Rana y Cucarr\u00f3n se conocen y desde un primer momento pasa algo especial, de hecho resulta ser tan extraordinario que los lleva a un viaje tanto f\u00edsico como espiritual donde el amor verdadero hace de las suyas. En esta novela corta para ni\u00f1os, Francisco Monta\u00f1a narra con im\u00e1genes muy potentes y con la creatividad que caracteriza su escritura, c\u00f3mo inicia una historia que termina siendo muy trascendental para Rana y Cucarr\u00f3n y tambi\u00e9n para los lectores pues los lleva de la mano y los hace part\u00edcipes de todas las vivencias y ocurrencias de estos dos personajes. Las ilustraciones de Manu Montoya no solo propician una experiencia de lectura est\u00e9tica, tambi\u00e9n nos adentran en ese universo tan especial y desconocido antes de abrir este libro.\" \/>\n<meta property=\"og:url\" content=\"https:\/\/edicioneselnaranjo.com.mx\/tienda\/producto\/historia-de-amor-verdadero-entre-una-rana-y-un-cucarron\/\" \/>\n<meta property=\"og:site_name\" content=\"Tienda Ediciones El Naranjo\" \/>\n<meta property=\"article:modified_time\" content=\"2026-01-19T22:57:38+00:00\" \/>\n<meta property=\"og:image\" content=\"https:\/\/edicioneselnaranjo.com.mx\/tienda\/wp-content\/uploads\/2025\/12\/Cataplum-Rana-y-cucarron-TapaOK150RGB-NUEVA-Marzo-28-puntas-redondas-web.jpg\" \/>\n\t<meta property=\"og:image:width\" content=\"540\" \/>\n\t<meta property=\"og:image:height\" content=\"538\" \/>\n\t<meta property=\"og:image:type\" content=\"image\/jpeg\" \/>\n<meta name=\"twitter:card\" content=\"summary_large_image\" \/>\n<meta name=\"twitter:label1\" content=\"Tiempo de lectura\" \/>\n\t<meta name=\"twitter:data1\" content=\"1 minuto\" \/>\n<script type=\"application\/ld+json\" class=\"yoast-schema-graph\">{\"@context\":\"https:\\\/\\\/schema.org\",\"@graph\":[{\"@type\":\"WebPage\",\"@id\":\"https:\\\/\\\/edicioneselnaranjo.com.mx\\\/tienda\\\/producto\\\/historia-de-amor-verdadero-entre-una-rana-y-un-cucarron\\\/\",\"url\":\"https:\\\/\\\/edicioneselnaranjo.com.mx\\\/tienda\\\/producto\\\/historia-de-amor-verdadero-entre-una-rana-y-un-cucarron\\\/\",\"name\":\"Historia de amor verdadero entre una rana y un cucarr\u00f3n - Tienda Ediciones El Naranjo\",\"isPartOf\":{\"@id\":\"https:\\\/\\\/edicioneselnaranjo.com.mx\\\/tienda\\\/#website\"},\"primaryImageOfPage\":{\"@id\":\"https:\\\/\\\/edicioneselnaranjo.com.mx\\\/tienda\\\/producto\\\/historia-de-amor-verdadero-entre-una-rana-y-un-cucarron\\\/#primaryimage\"},\"image\":{\"@id\":\"https:\\\/\\\/edicioneselnaranjo.com.mx\\\/tienda\\\/producto\\\/historia-de-amor-verdadero-entre-una-rana-y-un-cucarron\\\/#primaryimage\"},\"thumbnailUrl\":\"https:\\\/\\\/edicioneselnaranjo.com.mx\\\/tienda\\\/wp-content\\\/uploads\\\/2025\\\/12\\\/Cataplum-Rana-y-cucarron-TapaOK150RGB-NUEVA-Marzo-28-puntas-redondas-web.jpg\",\"datePublished\":\"2025-12-18T18:41:50+00:00\",\"dateModified\":\"2026-01-19T22:57:38+00:00\",\"description\":\"\u00bfC\u00f3mo ser\u00e1 una historia de amor verdadero entre una rana y un cucarr\u00f3n? Diferente a las que conocemos, sin duda. En este libro, Monta\u00f1a crea para los lectores un universo donde una historia de amor como esta puede darse y todo comienza con un helado tan particular como su nombre \u201chistoria de amor verdadero\u201d, el cual act\u00faa como conjuro de amor eterno para nuestros entra\u00f1ables protagonistas. Rana y Cucarr\u00f3n se conocen y desde un primer momento pasa algo especial, de hecho resulta ser tan extraordinario que los lleva a un viaje tanto f\u00edsico como espiritual donde el amor verdadero hace de las suyas. En esta novela corta para ni\u00f1os, Francisco Monta\u00f1a narra con im\u00e1genes muy potentes y con la creatividad que caracteriza su escritura, c\u00f3mo inicia una historia que termina siendo muy trascendental para Rana y Cucarr\u00f3n y tambi\u00e9n para los lectores pues los lleva de la mano y los hace part\u00edcipes de todas las vivencias y ocurrencias de estos dos personajes. Las ilustraciones de Manu Montoya no solo propician una experiencia de lectura est\u00e9tica, tambi\u00e9n nos adentran en ese universo tan especial y desconocido antes de abrir este libro.\",\"breadcrumb\":{\"@id\":\"https:\\\/\\\/edicioneselnaranjo.com.mx\\\/tienda\\\/producto\\\/historia-de-amor-verdadero-entre-una-rana-y-un-cucarron\\\/#breadcrumb\"},\"inLanguage\":\"es\",\"potentialAction\":[{\"@type\":\"ReadAction\",\"target\":[\"https:\\\/\\\/edicioneselnaranjo.com.mx\\\/tienda\\\/producto\\\/historia-de-amor-verdadero-entre-una-rana-y-un-cucarron\\\/\"]}]},{\"@type\":\"ImageObject\",\"inLanguage\":\"es\",\"@id\":\"https:\\\/\\\/edicioneselnaranjo.com.mx\\\/tienda\\\/producto\\\/historia-de-amor-verdadero-entre-una-rana-y-un-cucarron\\\/#primaryimage\",\"url\":\"https:\\\/\\\/edicioneselnaranjo.com.mx\\\/tienda\\\/wp-content\\\/uploads\\\/2025\\\/12\\\/Cataplum-Rana-y-cucarron-TapaOK150RGB-NUEVA-Marzo-28-puntas-redondas-web.jpg\",\"contentUrl\":\"https:\\\/\\\/edicioneselnaranjo.com.mx\\\/tienda\\\/wp-content\\\/uploads\\\/2025\\\/12\\\/Cataplum-Rana-y-cucarron-TapaOK150RGB-NUEVA-Marzo-28-puntas-redondas-web.jpg\",\"width\":540,\"height\":538},{\"@type\":\"BreadcrumbList\",\"@id\":\"https:\\\/\\\/edicioneselnaranjo.com.mx\\\/tienda\\\/producto\\\/historia-de-amor-verdadero-entre-una-rana-y-un-cucarron\\\/#breadcrumb\",\"itemListElement\":[{\"@type\":\"ListItem\",\"position\":1,\"name\":\"Inicio\",\"item\":\"https:\\\/\\\/edicioneselnaranjo.com.mx\\\/tienda\\\/\"},{\"@type\":\"ListItem\",\"position\":2,\"name\":\"Historia de amor verdadero entre una rana y un cucarr\u00f3n\"}]},{\"@type\":\"WebSite\",\"@id\":\"https:\\\/\\\/edicioneselnaranjo.com.mx\\\/tienda\\\/#website\",\"url\":\"https:\\\/\\\/edicioneselnaranjo.com.mx\\\/tienda\\\/\",\"name\":\"Tienda Ediciones El Naranjo\",\"description\":\"Tienda en l&iacute;nea de Ediciones El Naranjo\",\"publisher\":{\"@id\":\"https:\\\/\\\/edicioneselnaranjo.com.mx\\\/tienda\\\/#organization\"},\"potentialAction\":[{\"@type\":\"SearchAction\",\"target\":{\"@type\":\"EntryPoint\",\"urlTemplate\":\"https:\\\/\\\/edicioneselnaranjo.com.mx\\\/tienda\\\/?s={search_term_string}\"},\"query-input\":{\"@type\":\"PropertyValueSpecification\",\"valueRequired\":true,\"valueName\":\"search_term_string\"}}],\"inLanguage\":\"es\"},{\"@type\":\"Organization\",\"@id\":\"https:\\\/\\\/edicioneselnaranjo.com.mx\\\/tienda\\\/#organization\",\"name\":\"Tienda Ediciones El Naranjo\",\"url\":\"https:\\\/\\\/edicioneselnaranjo.com.mx\\\/tienda\\\/\",\"logo\":{\"@type\":\"ImageObject\",\"inLanguage\":\"es\",\"@id\":\"https:\\\/\\\/edicioneselnaranjo.com.mx\\\/tienda\\\/#\\\/schema\\\/logo\\\/image\\\/\",\"url\":\"https:\\\/\\\/edicioneselnaranjo.com.mx\\\/tienda\\\/wp-content\\\/uploads\\\/2020\\\/09\\\/logo-imagen-tienda.png\",\"contentUrl\":\"https:\\\/\\\/edicioneselnaranjo.com.mx\\\/tienda\\\/wp-content\\\/uploads\\\/2020\\\/09\\\/logo-imagen-tienda.png\",\"width\":700,\"height\":140,\"caption\":\"Tienda Ediciones El Naranjo\"},\"image\":{\"@id\":\"https:\\\/\\\/edicioneselnaranjo.com.mx\\\/tienda\\\/#\\\/schema\\\/logo\\\/image\\\/\"}}]}<\/script>\n<!-- \/ Yoast SEO plugin. -->","yoast_head_json":{"title":"Historia de amor verdadero entre una rana y un cucarr\u00f3n - Tienda Ediciones El Naranjo","description":"\u00bfC\u00f3mo ser\u00e1 una historia de amor verdadero entre una rana y un cucarr\u00f3n? Diferente a las que conocemos, sin duda. En este libro, Monta\u00f1a crea para los lectores un universo donde una historia de amor como esta puede darse y todo comienza con un helado tan particular como su nombre \u201chistoria de amor verdadero\u201d, el cual act\u00faa como conjuro de amor eterno para nuestros entra\u00f1ables protagonistas. Rana y Cucarr\u00f3n se conocen y desde un primer momento pasa algo especial, de hecho resulta ser tan extraordinario que los lleva a un viaje tanto f\u00edsico como espiritual donde el amor verdadero hace de las suyas. En esta novela corta para ni\u00f1os, Francisco Monta\u00f1a narra con im\u00e1genes muy potentes y con la creatividad que caracteriza su escritura, c\u00f3mo inicia una historia que termina siendo muy trascendental para Rana y Cucarr\u00f3n y tambi\u00e9n para los lectores pues los lleva de la mano y los hace part\u00edcipes de todas las vivencias y ocurrencias de estos dos personajes. Las ilustraciones de Manu Montoya no solo propician una experiencia de lectura est\u00e9tica, tambi\u00e9n nos adentran en ese universo tan especial y desconocido antes de abrir este libro.","robots":{"index":"index","follow":"follow","max-snippet":"max-snippet:-1","max-image-preview":"max-image-preview:large","max-video-preview":"max-video-preview:-1"},"canonical":"https:\/\/edicioneselnaranjo.com.mx\/tienda\/producto\/historia-de-amor-verdadero-entre-una-rana-y-un-cucarron\/","og_locale":"es_MX","og_type":"article","og_title":"Historia de amor verdadero entre una rana y un cucarr\u00f3n - Tienda Ediciones El Naranjo","og_description":"\u00bfC\u00f3mo ser\u00e1 una historia de amor verdadero entre una rana y un cucarr\u00f3n? Diferente a las que conocemos, sin duda. En este libro, Monta\u00f1a crea para los lectores un universo donde una historia de amor como esta puede darse y todo comienza con un helado tan particular como su nombre \u201chistoria de amor verdadero\u201d, el cual act\u00faa como conjuro de amor eterno para nuestros entra\u00f1ables protagonistas. Rana y Cucarr\u00f3n se conocen y desde un primer momento pasa algo especial, de hecho resulta ser tan extraordinario que los lleva a un viaje tanto f\u00edsico como espiritual donde el amor verdadero hace de las suyas. En esta novela corta para ni\u00f1os, Francisco Monta\u00f1a narra con im\u00e1genes muy potentes y con la creatividad que caracteriza su escritura, c\u00f3mo inicia una historia que termina siendo muy trascendental para Rana y Cucarr\u00f3n y tambi\u00e9n para los lectores pues los lleva de la mano y los hace part\u00edcipes de todas las vivencias y ocurrencias de estos dos personajes. Las ilustraciones de Manu Montoya no solo propician una experiencia de lectura est\u00e9tica, tambi\u00e9n nos adentran en ese universo tan especial y desconocido antes de abrir este libro.","og_url":"https:\/\/edicioneselnaranjo.com.mx\/tienda\/producto\/historia-de-amor-verdadero-entre-una-rana-y-un-cucarron\/","og_site_name":"Tienda Ediciones El Naranjo","article_modified_time":"2026-01-19T22:57:38+00:00","og_image":[{"width":540,"height":538,"url":"https:\/\/edicioneselnaranjo.com.mx\/tienda\/wp-content\/uploads\/2025\/12\/Cataplum-Rana-y-cucarron-TapaOK150RGB-NUEVA-Marzo-28-puntas-redondas-web.jpg","type":"image\/jpeg"}],"twitter_card":"summary_large_image","twitter_misc":{"Tiempo de lectura":"1 minuto"},"schema":{"@context":"https:\/\/schema.org","@graph":[{"@type":"WebPage","@id":"https:\/\/edicioneselnaranjo.com.mx\/tienda\/producto\/historia-de-amor-verdadero-entre-una-rana-y-un-cucarron\/","url":"https:\/\/edicioneselnaranjo.com.mx\/tienda\/producto\/historia-de-amor-verdadero-entre-una-rana-y-un-cucarron\/","name":"Historia de amor verdadero entre una rana y un cucarr\u00f3n - Tienda Ediciones El Naranjo","isPartOf":{"@id":"https:\/\/edicioneselnaranjo.com.mx\/tienda\/#website"},"primaryImageOfPage":{"@id":"https:\/\/edicioneselnaranjo.com.mx\/tienda\/producto\/historia-de-amor-verdadero-entre-una-rana-y-un-cucarron\/#primaryimage"},"image":{"@id":"https:\/\/edicioneselnaranjo.com.mx\/tienda\/producto\/historia-de-amor-verdadero-entre-una-rana-y-un-cucarron\/#primaryimage"},"thumbnailUrl":"https:\/\/edicioneselnaranjo.com.mx\/tienda\/wp-content\/uploads\/2025\/12\/Cataplum-Rana-y-cucarron-TapaOK150RGB-NUEVA-Marzo-28-puntas-redondas-web.jpg","datePublished":"2025-12-18T18:41:50+00:00","dateModified":"2026-01-19T22:57:38+00:00","description":"\u00bfC\u00f3mo ser\u00e1 una historia de amor verdadero entre una rana y un cucarr\u00f3n? Diferente a las que conocemos, sin duda. En este libro, Monta\u00f1a crea para los lectores un universo donde una historia de amor como esta puede darse y todo comienza con un helado tan particular como su nombre \u201chistoria de amor verdadero\u201d, el cual act\u00faa como conjuro de amor eterno para nuestros entra\u00f1ables protagonistas. Rana y Cucarr\u00f3n se conocen y desde un primer momento pasa algo especial, de hecho resulta ser tan extraordinario que los lleva a un viaje tanto f\u00edsico como espiritual donde el amor verdadero hace de las suyas. En esta novela corta para ni\u00f1os, Francisco Monta\u00f1a narra con im\u00e1genes muy potentes y con la creatividad que caracteriza su escritura, c\u00f3mo inicia una historia que termina siendo muy trascendental para Rana y Cucarr\u00f3n y tambi\u00e9n para los lectores pues los lleva de la mano y los hace part\u00edcipes de todas las vivencias y ocurrencias de estos dos personajes. Las ilustraciones de Manu Montoya no solo propician una experiencia de lectura est\u00e9tica, tambi\u00e9n nos adentran en ese universo tan especial y desconocido antes de abrir este libro.","breadcrumb":{"@id":"https:\/\/edicioneselnaranjo.com.mx\/tienda\/producto\/historia-de-amor-verdadero-entre-una-rana-y-un-cucarron\/#breadcrumb"},"inLanguage":"es","potentialAction":[{"@type":"ReadAction","target":["https:\/\/edicioneselnaranjo.com.mx\/tienda\/producto\/historia-de-amor-verdadero-entre-una-rana-y-un-cucarron\/"]}]},{"@type":"ImageObject","inLanguage":"es","@id":"https:\/\/edicioneselnaranjo.com.mx\/tienda\/producto\/historia-de-amor-verdadero-entre-una-rana-y-un-cucarron\/#primaryimage","url":"https:\/\/edicioneselnaranjo.com.mx\/tienda\/wp-content\/uploads\/2025\/12\/Cataplum-Rana-y-cucarron-TapaOK150RGB-NUEVA-Marzo-28-puntas-redondas-web.jpg","contentUrl":"https:\/\/edicioneselnaranjo.com.mx\/tienda\/wp-content\/uploads\/2025\/12\/Cataplum-Rana-y-cucarron-TapaOK150RGB-NUEVA-Marzo-28-puntas-redondas-web.jpg","width":540,"height":538},{"@type":"BreadcrumbList","@id":"https:\/\/edicioneselnaranjo.com.mx\/tienda\/producto\/historia-de-amor-verdadero-entre-una-rana-y-un-cucarron\/#breadcrumb","itemListElement":[{"@type":"ListItem","position":1,"name":"Inicio","item":"https:\/\/edicioneselnaranjo.com.mx\/tienda\/"},{"@type":"ListItem","position":2,"name":"Historia de amor verdadero entre una rana y un cucarr\u00f3n"}]},{"@type":"WebSite","@id":"https:\/\/edicioneselnaranjo.com.mx\/tienda\/#website","url":"https:\/\/edicioneselnaranjo.com.mx\/tienda\/","name":"Tienda Ediciones El Naranjo","description":"Tienda en l&iacute;nea de Ediciones El Naranjo","publisher":{"@id":"https:\/\/edicioneselnaranjo.com.mx\/tienda\/#organization"},"potentialAction":[{"@type":"SearchAction","target":{"@type":"EntryPoint","urlTemplate":"https:\/\/edicioneselnaranjo.com.mx\/tienda\/?s={search_term_string}"},"query-input":{"@type":"PropertyValueSpecification","valueRequired":true,"valueName":"search_term_string"}}],"inLanguage":"es"},{"@type":"Organization","@id":"https:\/\/edicioneselnaranjo.com.mx\/tienda\/#organization","name":"Tienda Ediciones El Naranjo","url":"https:\/\/edicioneselnaranjo.com.mx\/tienda\/","logo":{"@type":"ImageObject","inLanguage":"es","@id":"https:\/\/edicioneselnaranjo.com.mx\/tienda\/#\/schema\/logo\/image\/","url":"https:\/\/edicioneselnaranjo.com.mx\/tienda\/wp-content\/uploads\/2020\/09\/logo-imagen-tienda.png","contentUrl":"https:\/\/edicioneselnaranjo.com.mx\/tienda\/wp-content\/uploads\/2020\/09\/logo-imagen-tienda.png","width":700,"height":140,"caption":"Tienda Ediciones El Naranjo"},"image":{"@id":"https:\/\/edicioneselnaranjo.com.mx\/tienda\/#\/schema\/logo\/image\/"}}]}},"_links":{"self":[{"href":"https:\/\/edicioneselnaranjo.com.mx\/tienda\/wp-json\/wp\/v2\/product\/6719","targetHints":{"allow":["GET"]}}],"collection":[{"href":"https:\/\/edicioneselnaranjo.com.mx\/tienda\/wp-json\/wp\/v2\/product"}],"about":[{"href":"https:\/\/edicioneselnaranjo.com.mx\/tienda\/wp-json\/wp\/v2\/types\/product"}],"wp:featuredmedia":[{"embeddable":true,"href":"https:\/\/edicioneselnaranjo.com.mx\/tienda\/wp-json\/wp\/v2\/media\/6720"}],"wp:attachment":[{"href":"https:\/\/edicioneselnaranjo.com.mx\/tienda\/wp-json\/wp\/v2\/media?parent=6719"}],"wp:term":[{"taxonomy":"product_brand","embeddable":true,"href":"https:\/\/edicioneselnaranjo.com.mx\/tienda\/wp-json\/wp\/v2\/product_brand?post=6719"},{"taxonomy":"product_cat","embeddable":true,"href":"https:\/\/edicioneselnaranjo.com.mx\/tienda\/wp-json\/wp\/v2\/product_cat?post=6719"},{"taxonomy":"product_tag","embeddable":true,"href":"https:\/\/edicioneselnaranjo.com.mx\/tienda\/wp-json\/wp\/v2\/product_tag?post=6719"}],"curies":[{"name":"wp","href":"https:\/\/api.w.org\/{rel}","templated":true}]}}