{"id":6229,"date":"2025-03-26T12:57:54","date_gmt":"2025-03-26T18:57:54","guid":{"rendered":"https:\/\/edicioneselnaranjo.com.mx\/tienda\/?post_type=product&#038;p=6229"},"modified":"2026-01-19T16:57:19","modified_gmt":"2026-01-19T22:57:19","slug":"llevame-con-tu-lider","status":"publish","type":"product","link":"https:\/\/edicioneselnaranjo.com.mx\/tienda\/producto\/llevame-con-tu-lider\/","title":{"rendered":"Ll\u00e9vame con tu l\u00edder"},"content":{"rendered":"<table>\n<tbody>\n<tr>\n<td>G\u00e9nero<\/td>\n<td>Historia<\/td>\n<\/tr>\n<tr>\n<td>Encuadernaci\u00f3n<\/td>\n<td>R\u00fastica<\/td>\n<\/tr>\n<tr>\n<td>A\u00f1o<\/td>\n<td>2025<\/td>\n<\/tr>\n<tr>\n<td>Edici\u00f3n<\/td>\n<td>Primera<\/td>\n<\/tr>\n<tr>\n<td>P\u00e1ginas<\/td>\n<td>48 pp.<\/td>\n<\/tr>\n<tr>\n<td>Formato<\/td>\n<td>20 x 24 cm<\/td>\n<\/tr>\n<tr>\n<td>Impresi\u00f3n<\/td>\n<td>4 tintas<\/td>\n<\/tr>\n<tr>\n<td>Peso<\/td>\n<td>175 gramos<\/td>\n<\/tr>\n<tr>\n<td>ISBN<\/td>\n<td>\n<div class=\"ld-tabs\">\n<div class=\"tapadura\">\n<p><span class=\"barcode\">9789874444653<\/span><\/p>\n<\/div>\n<\/div>\n<\/td>\n<\/tr>\n<tr>\n<td>Sello editorial<\/td>\n<td>Ediciones Iamiqu\u00e9<\/td>\n<\/tr>\n<\/tbody>\n<\/table>\n","protected":false},"excerpt":{"rendered":"<p>Un extraterrestre y un ni\u00f1o se encuentran, conversan y se hacen preguntas. De las muchas diferencias que descubren entre ellos, la que m\u00e1s los sorprende es la forma en que cada uno vive en su comunidad. Uno nos muestra c\u00f3mo es vivir en democracia y practicarla; el otro nos habla de un l\u00edder \u00fanico y de perezosos gigantes. Un di\u00e1logo potente y po\u00e9tico que fortalece los valores democr\u00e1ticos.<\/p>\n","protected":false},"featured_media":6230,"template":"","meta":[],"product_brand":[],"product_cat":[15],"product_tag":[],"class_list":{"0":"post-6229","1":"product","2":"type-product","3":"status-publish","4":"has-post-thumbnail","6":"product_cat-catalogo","7":"pa_edad-12-a-14-anos","8":"pa_edad-15-en-adelante","9":"pa_edad-6-a-8-anos","10":"pa_edad-9-a-11-anos","11":"pa_editorial-ediciones-iamique","13":"first","14":"instock","15":"shipping-taxable","16":"purchasable","17":"product-type-simple"},"yoast_head":"<!-- This site is optimized with the Yoast SEO plugin v27.4 - https:\/\/yoast.com\/product\/yoast-seo-wordpress\/ -->\n<title>Ll\u00e9vame con tu l\u00edder - Tienda Ediciones El Naranjo<\/title>\n<meta name=\"description\" content=\"Un extraterrestre y un ni\u00f1o se encuentran, conversan y se hacen preguntas. De las muchas diferencias que descubren entre ellos, la que m\u00e1s los sorprende es la forma en que cada uno vive en su comunidad. Uno nos muestra c\u00f3mo es vivir en democracia y practicarla; el otro nos habla de un l\u00edder \u00fanico y de perezosos gigantes. Un di\u00e1logo potente y po\u00e9tico que fortalece los valores democr\u00e1ticos.\" \/>\n<meta name=\"robots\" content=\"index, follow, max-snippet:-1, max-image-preview:large, max-video-preview:-1\" \/>\n<link rel=\"canonical\" href=\"https:\/\/edicioneselnaranjo.com.mx\/tienda\/producto\/llevame-con-tu-lider\/\" \/>\n<meta property=\"og:locale\" content=\"es_MX\" \/>\n<meta property=\"og:type\" content=\"article\" \/>\n<meta property=\"og:title\" content=\"Ll\u00e9vame con tu l\u00edder - Tienda Ediciones El Naranjo\" \/>\n<meta property=\"og:description\" content=\"Un extraterrestre y un ni\u00f1o se encuentran, conversan y se hacen preguntas. De las muchas diferencias que descubren entre ellos, la que m\u00e1s los sorprende es la forma en que cada uno vive en su comunidad. Uno nos muestra c\u00f3mo es vivir en democracia y practicarla; el otro nos habla de un l\u00edder \u00fanico y de perezosos gigantes. Un di\u00e1logo potente y po\u00e9tico que fortalece los valores democr\u00e1ticos.\" \/>\n<meta property=\"og:url\" content=\"https:\/\/edicioneselnaranjo.com.mx\/tienda\/producto\/llevame-con-tu-lider\/\" \/>\n<meta property=\"og:site_name\" content=\"Tienda Ediciones El Naranjo\" \/>\n<meta property=\"article:modified_time\" content=\"2026-01-19T22:57:19+00:00\" \/>\n<meta property=\"og:image\" content=\"https:\/\/edicioneselnaranjo.com.mx\/tienda\/wp-content\/uploads\/2025\/03\/Llevame-con-tu-lider_TAPA_SOLA_LOW-pdf.webp\" \/>\n\t<meta property=\"og:image:width\" content=\"968\" \/>\n\t<meta property=\"og:image:height\" content=\"1179\" \/>\n\t<meta property=\"og:image:type\" content=\"image\/webp\" \/>\n<meta name=\"twitter:card\" content=\"summary_large_image\" \/>\n<meta name=\"twitter:label1\" content=\"Tiempo de lectura\" \/>\n\t<meta name=\"twitter:data1\" content=\"1 minuto\" \/>\n<script type=\"application\/ld+json\" class=\"yoast-schema-graph\">{\"@context\":\"https:\\\/\\\/schema.org\",\"@graph\":[{\"@type\":\"WebPage\",\"@id\":\"https:\\\/\\\/edicioneselnaranjo.com.mx\\\/tienda\\\/producto\\\/llevame-con-tu-lider\\\/\",\"url\":\"https:\\\/\\\/edicioneselnaranjo.com.mx\\\/tienda\\\/producto\\\/llevame-con-tu-lider\\\/\",\"name\":\"Ll\u00e9vame con tu l\u00edder - Tienda Ediciones El Naranjo\",\"isPartOf\":{\"@id\":\"https:\\\/\\\/edicioneselnaranjo.com.mx\\\/tienda\\\/#website\"},\"primaryImageOfPage\":{\"@id\":\"https:\\\/\\\/edicioneselnaranjo.com.mx\\\/tienda\\\/producto\\\/llevame-con-tu-lider\\\/#primaryimage\"},\"image\":{\"@id\":\"https:\\\/\\\/edicioneselnaranjo.com.mx\\\/tienda\\\/producto\\\/llevame-con-tu-lider\\\/#primaryimage\"},\"thumbnailUrl\":\"https:\\\/\\\/edicioneselnaranjo.com.mx\\\/tienda\\\/wp-content\\\/uploads\\\/2025\\\/03\\\/Llevame-con-tu-lider_TAPA_SOLA_LOW-pdf.webp\",\"datePublished\":\"2025-03-26T18:57:54+00:00\",\"dateModified\":\"2026-01-19T22:57:19+00:00\",\"description\":\"Un extraterrestre y un ni\u00f1o se encuentran, conversan y se hacen preguntas. De las muchas diferencias que descubren entre ellos, la que m\u00e1s los sorprende es la forma en que cada uno vive en su comunidad. Uno nos muestra c\u00f3mo es vivir en democracia y practicarla; el otro nos habla de un l\u00edder \u00fanico y de perezosos gigantes. Un di\u00e1logo potente y po\u00e9tico que fortalece los valores democr\u00e1ticos.\",\"breadcrumb\":{\"@id\":\"https:\\\/\\\/edicioneselnaranjo.com.mx\\\/tienda\\\/producto\\\/llevame-con-tu-lider\\\/#breadcrumb\"},\"inLanguage\":\"es\",\"potentialAction\":[{\"@type\":\"ReadAction\",\"target\":[\"https:\\\/\\\/edicioneselnaranjo.com.mx\\\/tienda\\\/producto\\\/llevame-con-tu-lider\\\/\"]}]},{\"@type\":\"ImageObject\",\"inLanguage\":\"es\",\"@id\":\"https:\\\/\\\/edicioneselnaranjo.com.mx\\\/tienda\\\/producto\\\/llevame-con-tu-lider\\\/#primaryimage\",\"url\":\"https:\\\/\\\/edicioneselnaranjo.com.mx\\\/tienda\\\/wp-content\\\/uploads\\\/2025\\\/03\\\/Llevame-con-tu-lider_TAPA_SOLA_LOW-pdf.webp\",\"contentUrl\":\"https:\\\/\\\/edicioneselnaranjo.com.mx\\\/tienda\\\/wp-content\\\/uploads\\\/2025\\\/03\\\/Llevame-con-tu-lider_TAPA_SOLA_LOW-pdf.webp\",\"width\":968,\"height\":1179},{\"@type\":\"BreadcrumbList\",\"@id\":\"https:\\\/\\\/edicioneselnaranjo.com.mx\\\/tienda\\\/producto\\\/llevame-con-tu-lider\\\/#breadcrumb\",\"itemListElement\":[{\"@type\":\"ListItem\",\"position\":1,\"name\":\"Inicio\",\"item\":\"https:\\\/\\\/edicioneselnaranjo.com.mx\\\/tienda\\\/\"},{\"@type\":\"ListItem\",\"position\":2,\"name\":\"Ll\u00e9vame con tu l\u00edder\"}]},{\"@type\":\"WebSite\",\"@id\":\"https:\\\/\\\/edicioneselnaranjo.com.mx\\\/tienda\\\/#website\",\"url\":\"https:\\\/\\\/edicioneselnaranjo.com.mx\\\/tienda\\\/\",\"name\":\"Tienda Ediciones El Naranjo\",\"description\":\"Tienda en l&iacute;nea de Ediciones El Naranjo\",\"publisher\":{\"@id\":\"https:\\\/\\\/edicioneselnaranjo.com.mx\\\/tienda\\\/#organization\"},\"potentialAction\":[{\"@type\":\"SearchAction\",\"target\":{\"@type\":\"EntryPoint\",\"urlTemplate\":\"https:\\\/\\\/edicioneselnaranjo.com.mx\\\/tienda\\\/?s={search_term_string}\"},\"query-input\":{\"@type\":\"PropertyValueSpecification\",\"valueRequired\":true,\"valueName\":\"search_term_string\"}}],\"inLanguage\":\"es\"},{\"@type\":\"Organization\",\"@id\":\"https:\\\/\\\/edicioneselnaranjo.com.mx\\\/tienda\\\/#organization\",\"name\":\"Tienda Ediciones El Naranjo\",\"url\":\"https:\\\/\\\/edicioneselnaranjo.com.mx\\\/tienda\\\/\",\"logo\":{\"@type\":\"ImageObject\",\"inLanguage\":\"es\",\"@id\":\"https:\\\/\\\/edicioneselnaranjo.com.mx\\\/tienda\\\/#\\\/schema\\\/logo\\\/image\\\/\",\"url\":\"https:\\\/\\\/edicioneselnaranjo.com.mx\\\/tienda\\\/wp-content\\\/uploads\\\/2020\\\/09\\\/logo-imagen-tienda.png\",\"contentUrl\":\"https:\\\/\\\/edicioneselnaranjo.com.mx\\\/tienda\\\/wp-content\\\/uploads\\\/2020\\\/09\\\/logo-imagen-tienda.png\",\"width\":700,\"height\":140,\"caption\":\"Tienda Ediciones El Naranjo\"},\"image\":{\"@id\":\"https:\\\/\\\/edicioneselnaranjo.com.mx\\\/tienda\\\/#\\\/schema\\\/logo\\\/image\\\/\"}}]}<\/script>\n<!-- \/ Yoast SEO plugin. -->","yoast_head_json":{"title":"Ll\u00e9vame con tu l\u00edder - Tienda Ediciones El Naranjo","description":"Un extraterrestre y un ni\u00f1o se encuentran, conversan y se hacen preguntas. De las muchas diferencias que descubren entre ellos, la que m\u00e1s los sorprende es la forma en que cada uno vive en su comunidad. Uno nos muestra c\u00f3mo es vivir en democracia y practicarla; el otro nos habla de un l\u00edder \u00fanico y de perezosos gigantes. Un di\u00e1logo potente y po\u00e9tico que fortalece los valores democr\u00e1ticos.","robots":{"index":"index","follow":"follow","max-snippet":"max-snippet:-1","max-image-preview":"max-image-preview:large","max-video-preview":"max-video-preview:-1"},"canonical":"https:\/\/edicioneselnaranjo.com.mx\/tienda\/producto\/llevame-con-tu-lider\/","og_locale":"es_MX","og_type":"article","og_title":"Ll\u00e9vame con tu l\u00edder - Tienda Ediciones El Naranjo","og_description":"Un extraterrestre y un ni\u00f1o se encuentran, conversan y se hacen preguntas. De las muchas diferencias que descubren entre ellos, la que m\u00e1s los sorprende es la forma en que cada uno vive en su comunidad. Uno nos muestra c\u00f3mo es vivir en democracia y practicarla; el otro nos habla de un l\u00edder \u00fanico y de perezosos gigantes. Un di\u00e1logo potente y po\u00e9tico que fortalece los valores democr\u00e1ticos.","og_url":"https:\/\/edicioneselnaranjo.com.mx\/tienda\/producto\/llevame-con-tu-lider\/","og_site_name":"Tienda Ediciones El Naranjo","article_modified_time":"2026-01-19T22:57:19+00:00","og_image":[{"width":968,"height":1179,"url":"https:\/\/edicioneselnaranjo.com.mx\/tienda\/wp-content\/uploads\/2025\/03\/Llevame-con-tu-lider_TAPA_SOLA_LOW-pdf.webp","type":"image\/webp"}],"twitter_card":"summary_large_image","twitter_misc":{"Tiempo de lectura":"1 minuto"},"schema":{"@context":"https:\/\/schema.org","@graph":[{"@type":"WebPage","@id":"https:\/\/edicioneselnaranjo.com.mx\/tienda\/producto\/llevame-con-tu-lider\/","url":"https:\/\/edicioneselnaranjo.com.mx\/tienda\/producto\/llevame-con-tu-lider\/","name":"Ll\u00e9vame con tu l\u00edder - Tienda Ediciones El Naranjo","isPartOf":{"@id":"https:\/\/edicioneselnaranjo.com.mx\/tienda\/#website"},"primaryImageOfPage":{"@id":"https:\/\/edicioneselnaranjo.com.mx\/tienda\/producto\/llevame-con-tu-lider\/#primaryimage"},"image":{"@id":"https:\/\/edicioneselnaranjo.com.mx\/tienda\/producto\/llevame-con-tu-lider\/#primaryimage"},"thumbnailUrl":"https:\/\/edicioneselnaranjo.com.mx\/tienda\/wp-content\/uploads\/2025\/03\/Llevame-con-tu-lider_TAPA_SOLA_LOW-pdf.webp","datePublished":"2025-03-26T18:57:54+00:00","dateModified":"2026-01-19T22:57:19+00:00","description":"Un extraterrestre y un ni\u00f1o se encuentran, conversan y se hacen preguntas. De las muchas diferencias que descubren entre ellos, la que m\u00e1s los sorprende es la forma en que cada uno vive en su comunidad. Uno nos muestra c\u00f3mo es vivir en democracia y practicarla; el otro nos habla de un l\u00edder \u00fanico y de perezosos gigantes. Un di\u00e1logo potente y po\u00e9tico que fortalece los valores democr\u00e1ticos.","breadcrumb":{"@id":"https:\/\/edicioneselnaranjo.com.mx\/tienda\/producto\/llevame-con-tu-lider\/#breadcrumb"},"inLanguage":"es","potentialAction":[{"@type":"ReadAction","target":["https:\/\/edicioneselnaranjo.com.mx\/tienda\/producto\/llevame-con-tu-lider\/"]}]},{"@type":"ImageObject","inLanguage":"es","@id":"https:\/\/edicioneselnaranjo.com.mx\/tienda\/producto\/llevame-con-tu-lider\/#primaryimage","url":"https:\/\/edicioneselnaranjo.com.mx\/tienda\/wp-content\/uploads\/2025\/03\/Llevame-con-tu-lider_TAPA_SOLA_LOW-pdf.webp","contentUrl":"https:\/\/edicioneselnaranjo.com.mx\/tienda\/wp-content\/uploads\/2025\/03\/Llevame-con-tu-lider_TAPA_SOLA_LOW-pdf.webp","width":968,"height":1179},{"@type":"BreadcrumbList","@id":"https:\/\/edicioneselnaranjo.com.mx\/tienda\/producto\/llevame-con-tu-lider\/#breadcrumb","itemListElement":[{"@type":"ListItem","position":1,"name":"Inicio","item":"https:\/\/edicioneselnaranjo.com.mx\/tienda\/"},{"@type":"ListItem","position":2,"name":"Ll\u00e9vame con tu l\u00edder"}]},{"@type":"WebSite","@id":"https:\/\/edicioneselnaranjo.com.mx\/tienda\/#website","url":"https:\/\/edicioneselnaranjo.com.mx\/tienda\/","name":"Tienda Ediciones El Naranjo","description":"Tienda en l&iacute;nea de Ediciones El Naranjo","publisher":{"@id":"https:\/\/edicioneselnaranjo.com.mx\/tienda\/#organization"},"potentialAction":[{"@type":"SearchAction","target":{"@type":"EntryPoint","urlTemplate":"https:\/\/edicioneselnaranjo.com.mx\/tienda\/?s={search_term_string}"},"query-input":{"@type":"PropertyValueSpecification","valueRequired":true,"valueName":"search_term_string"}}],"inLanguage":"es"},{"@type":"Organization","@id":"https:\/\/edicioneselnaranjo.com.mx\/tienda\/#organization","name":"Tienda Ediciones El Naranjo","url":"https:\/\/edicioneselnaranjo.com.mx\/tienda\/","logo":{"@type":"ImageObject","inLanguage":"es","@id":"https:\/\/edicioneselnaranjo.com.mx\/tienda\/#\/schema\/logo\/image\/","url":"https:\/\/edicioneselnaranjo.com.mx\/tienda\/wp-content\/uploads\/2020\/09\/logo-imagen-tienda.png","contentUrl":"https:\/\/edicioneselnaranjo.com.mx\/tienda\/wp-content\/uploads\/2020\/09\/logo-imagen-tienda.png","width":700,"height":140,"caption":"Tienda Ediciones El Naranjo"},"image":{"@id":"https:\/\/edicioneselnaranjo.com.mx\/tienda\/#\/schema\/logo\/image\/"}}]}},"_links":{"self":[{"href":"https:\/\/edicioneselnaranjo.com.mx\/tienda\/wp-json\/wp\/v2\/product\/6229","targetHints":{"allow":["GET"]}}],"collection":[{"href":"https:\/\/edicioneselnaranjo.com.mx\/tienda\/wp-json\/wp\/v2\/product"}],"about":[{"href":"https:\/\/edicioneselnaranjo.com.mx\/tienda\/wp-json\/wp\/v2\/types\/product"}],"wp:featuredmedia":[{"embeddable":true,"href":"https:\/\/edicioneselnaranjo.com.mx\/tienda\/wp-json\/wp\/v2\/media\/6230"}],"wp:attachment":[{"href":"https:\/\/edicioneselnaranjo.com.mx\/tienda\/wp-json\/wp\/v2\/media?parent=6229"}],"wp:term":[{"taxonomy":"product_brand","embeddable":true,"href":"https:\/\/edicioneselnaranjo.com.mx\/tienda\/wp-json\/wp\/v2\/product_brand?post=6229"},{"taxonomy":"product_cat","embeddable":true,"href":"https:\/\/edicioneselnaranjo.com.mx\/tienda\/wp-json\/wp\/v2\/product_cat?post=6229"},{"taxonomy":"product_tag","embeddable":true,"href":"https:\/\/edicioneselnaranjo.com.mx\/tienda\/wp-json\/wp\/v2\/product_tag?post=6229"}],"curies":[{"name":"wp","href":"https:\/\/api.w.org\/{rel}","templated":true}]}}