{"id":6189,"date":"2025-02-10T13:28:58","date_gmt":"2025-02-10T19:28:58","guid":{"rendered":"https:\/\/edicioneselnaranjo.com.mx\/tienda\/?post_type=product&#038;p=6189"},"modified":"2026-01-19T16:57:17","modified_gmt":"2026-01-19T22:57:17","slug":"la-sopa-mas-rica-y-otros-cuentos","status":"publish","type":"product","link":"https:\/\/edicioneselnaranjo.com.mx\/tienda\/producto\/la-sopa-mas-rica-y-otros-cuentos\/","title":{"rendered":"La sopa m\u00e1s rica y otros cuentos"},"content":{"rendered":"<table>\n<tbody>\n<tr>\n<td>G\u00e9nero<\/td>\n<td>Informativo<\/td>\n<\/tr>\n<tr>\n<td>Encuadernaci\u00f3n<\/td>\n<td>Tapa dura<\/td>\n<\/tr>\n<tr>\n<td>A\u00f1o<\/td>\n<td>2020<\/td>\n<\/tr>\n<tr>\n<td>Edici\u00f3n<\/td>\n<td>Primera<\/td>\n<\/tr>\n<tr>\n<td>P\u00e1ginas<\/td>\n<td>36 pp.<\/td>\n<\/tr>\n<tr>\n<td>Formato<\/td>\n<td>22 x 22 cm<\/td>\n<\/tr>\n<tr>\n<td>Impresi\u00f3n<\/td>\n<td>4 tintas<\/td>\n<\/tr>\n<tr>\n<td>Peso<\/td>\n<td>300 gramos<\/td>\n<\/tr>\n<tr>\n<td>ISBN<\/td>\n<td>\n<div class=\"ld-tabs\">\n<div class=\"tapadura\">\n<p>978-958-52920-4-8<\/p>\n<\/div>\n<\/div>\n<\/td>\n<\/tr>\n<tr>\n<td>Sello editorial<\/td>\n<td>Ediciones Cataplum<\/td>\n<\/tr>\n<\/tbody>\n<\/table>\n","protected":false},"excerpt":{"rendered":"<p><em>La sopa m\u00e1s rica y otros cuentos<\/em>\u00a0re\u00fane cinco cuentos que transcurren en el pueblo de\u00a0<b>Villa Verde<\/b>, el espacio donde viven e interact\u00faan todos los personajes. Las historias son aparentemente muy sencillas, sin embargo, ofrecen a los lectores una delicada experiencia literaria tejida a partir de referentes, maneras de nombrar el mundo, im\u00e1genes y experiencias propias de los ni\u00f1os peque\u00f1os. Este libro, adem\u00e1s, comparte muchos elementos con el c\u00f3mic. De hecho, pudi\u00e9ramos verlo como un c\u00f3mic para ni\u00f1os muy peque\u00f1os, donde la autora, Mariana Ruiz Johnson, ha utilizado plum\u00edn y tinta china y color digital para entregar a los lectores unas im\u00e1genes en colores c\u00e1lidos y un muy rico trabajo de ilustraci\u00f3n con miles de detalles para el deleite de los lectores. Las historias van armando ante los ojos del lector, como si se tratara de un rompecabezas, la cotidianidad de cada uno de los personajes de\u00a0<i>Villa Verde<\/i>\u00a0hasta que, en el \u00faltimo relato, vemos a todos reunidos en medio de una celebraci\u00f3n que no solo habla de la amistad y de la empat\u00eda que hay entre ellos, sino de la cooperaci\u00f3n necesaria para poder hacer la gran sopa para todos.\u00a0<i>La sopa m\u00e1s rica y otros cuentos<\/i>\u00a0pone al alcance de los ni\u00f1os peque\u00f1os un libro que propicia la exploraci\u00f3n, la experiencia est\u00e9tica y la interacci\u00f3n con los c\u00f3digos propios de este tipo de libros.<\/p>\n","protected":false},"featured_media":6190,"template":"","meta":[],"product_brand":[],"product_cat":[15],"product_tag":[],"class_list":{"0":"post-6189","1":"product","2":"type-product","3":"status-publish","4":"has-post-thumbnail","6":"product_cat-catalogo","7":"pa_edad-3-a-5-anos","8":"pa_edad-6-a-8-anos","9":"pa_edad-9-a-11-anos","10":"pa_editorial-cataplum-libros","12":"first","13":"instock","14":"shipping-taxable","15":"purchasable","16":"product-type-simple"},"yoast_head":"<!-- This site is optimized with the Yoast SEO plugin v27.3 - https:\/\/yoast.com\/product\/yoast-seo-wordpress\/ -->\n<title>La sopa m\u00e1s rica y otros cuentos - Tienda Ediciones El Naranjo<\/title>\n<meta name=\"description\" content=\"La sopa m\u00e1s rica y otros cuentos re\u00fane cinco cuentos que transcurren en el pueblo de Villa Verde, el espacio donde viven e interact\u00faan todos los personajes. Las historias son aparentemente muy sencillas, sin embargo, ofrecen a los lectores una delicada experiencia literaria tejida a partir de referentes, maneras de nombrar el mundo, im\u00e1genes y experiencias propias de los ni\u00f1os peque\u00f1os. Este libro, adem\u00e1s, comparte muchos elementos con el c\u00f3mic. De hecho, pudi\u00e9ramos verlo como un c\u00f3mic para ni\u00f1os muy peque\u00f1os, donde la autora, Mariana Ruiz Johnson, ha utilizado plum\u00edn y tinta china y color digital para entregar a los lectores unas im\u00e1genes en colores c\u00e1lidos y un muy rico trabajo de ilustraci\u00f3n con miles de detalles para el deleite de los lectores. Las historias van armando ante los ojos del lector, como si se tratara de un rompecabezas, la cotidianidad de cada uno de los personajes de Villa Verde hasta que, en el \u00faltimo relato, vemos a todos reunidos en medio de una celebraci\u00f3n que no solo habla de la amistad y de la empat\u00eda que hay entre ellos, sino de la cooperaci\u00f3n necesaria para poder hacer la gran sopa para todos. La sopa m\u00e1s rica y otros cuentos pone al alcance de los ni\u00f1os peque\u00f1os un libro que propicia la exploraci\u00f3n, la experiencia est\u00e9tica y la interacci\u00f3n con los c\u00f3digos propios de este tipo de libros.\" \/>\n<meta name=\"robots\" content=\"index, follow, max-snippet:-1, max-image-preview:large, max-video-preview:-1\" \/>\n<link rel=\"canonical\" href=\"https:\/\/edicioneselnaranjo.com.mx\/tienda\/producto\/la-sopa-mas-rica-y-otros-cuentos\/\" \/>\n<meta property=\"og:locale\" content=\"es_MX\" \/>\n<meta property=\"og:type\" content=\"article\" \/>\n<meta property=\"og:title\" content=\"La sopa m\u00e1s rica y otros cuentos - Tienda Ediciones El Naranjo\" \/>\n<meta property=\"og:description\" content=\"La sopa m\u00e1s rica y otros cuentos re\u00fane cinco cuentos que transcurren en el pueblo de Villa Verde, el espacio donde viven e interact\u00faan todos los personajes. Las historias son aparentemente muy sencillas, sin embargo, ofrecen a los lectores una delicada experiencia literaria tejida a partir de referentes, maneras de nombrar el mundo, im\u00e1genes y experiencias propias de los ni\u00f1os peque\u00f1os. Este libro, adem\u00e1s, comparte muchos elementos con el c\u00f3mic. De hecho, pudi\u00e9ramos verlo como un c\u00f3mic para ni\u00f1os muy peque\u00f1os, donde la autora, Mariana Ruiz Johnson, ha utilizado plum\u00edn y tinta china y color digital para entregar a los lectores unas im\u00e1genes en colores c\u00e1lidos y un muy rico trabajo de ilustraci\u00f3n con miles de detalles para el deleite de los lectores. Las historias van armando ante los ojos del lector, como si se tratara de un rompecabezas, la cotidianidad de cada uno de los personajes de Villa Verde hasta que, en el \u00faltimo relato, vemos a todos reunidos en medio de una celebraci\u00f3n que no solo habla de la amistad y de la empat\u00eda que hay entre ellos, sino de la cooperaci\u00f3n necesaria para poder hacer la gran sopa para todos. La sopa m\u00e1s rica y otros cuentos pone al alcance de los ni\u00f1os peque\u00f1os un libro que propicia la exploraci\u00f3n, la experiencia est\u00e9tica y la interacci\u00f3n con los c\u00f3digos propios de este tipo de libros.\" \/>\n<meta property=\"og:url\" content=\"https:\/\/edicioneselnaranjo.com.mx\/tienda\/producto\/la-sopa-mas-rica-y-otros-cuentos\/\" \/>\n<meta property=\"og:site_name\" content=\"Tienda Ediciones El Naranjo\" \/>\n<meta property=\"article:modified_time\" content=\"2026-01-19T22:57:17+00:00\" \/>\n<meta property=\"og:image\" content=\"https:\/\/edicioneselnaranjo.com.mx\/tienda\/wp-content\/uploads\/2025\/02\/La_sopa_mas_rica150dpiweb.jpg\" \/>\n\t<meta property=\"og:image:width\" content=\"540\" \/>\n\t<meta property=\"og:image:height\" content=\"538\" \/>\n\t<meta property=\"og:image:type\" content=\"image\/jpeg\" \/>\n<meta name=\"twitter:card\" content=\"summary_large_image\" \/>\n<meta name=\"twitter:label1\" content=\"Tiempo de lectura\" \/>\n\t<meta name=\"twitter:data1\" content=\"1 minuto\" \/>\n<script type=\"application\/ld+json\" class=\"yoast-schema-graph\">{\"@context\":\"https:\\\/\\\/schema.org\",\"@graph\":[{\"@type\":\"WebPage\",\"@id\":\"https:\\\/\\\/edicioneselnaranjo.com.mx\\\/tienda\\\/producto\\\/la-sopa-mas-rica-y-otros-cuentos\\\/\",\"url\":\"https:\\\/\\\/edicioneselnaranjo.com.mx\\\/tienda\\\/producto\\\/la-sopa-mas-rica-y-otros-cuentos\\\/\",\"name\":\"La sopa m\u00e1s rica y otros cuentos - Tienda Ediciones El Naranjo\",\"isPartOf\":{\"@id\":\"https:\\\/\\\/edicioneselnaranjo.com.mx\\\/tienda\\\/#website\"},\"primaryImageOfPage\":{\"@id\":\"https:\\\/\\\/edicioneselnaranjo.com.mx\\\/tienda\\\/producto\\\/la-sopa-mas-rica-y-otros-cuentos\\\/#primaryimage\"},\"image\":{\"@id\":\"https:\\\/\\\/edicioneselnaranjo.com.mx\\\/tienda\\\/producto\\\/la-sopa-mas-rica-y-otros-cuentos\\\/#primaryimage\"},\"thumbnailUrl\":\"https:\\\/\\\/edicioneselnaranjo.com.mx\\\/tienda\\\/wp-content\\\/uploads\\\/2025\\\/02\\\/La_sopa_mas_rica150dpiweb.jpg\",\"datePublished\":\"2025-02-10T19:28:58+00:00\",\"dateModified\":\"2026-01-19T22:57:17+00:00\",\"description\":\"La sopa m\u00e1s rica y otros cuentos re\u00fane cinco cuentos que transcurren en el pueblo de Villa Verde, el espacio donde viven e interact\u00faan todos los personajes. Las historias son aparentemente muy sencillas, sin embargo, ofrecen a los lectores una delicada experiencia literaria tejida a partir de referentes, maneras de nombrar el mundo, im\u00e1genes y experiencias propias de los ni\u00f1os peque\u00f1os. Este libro, adem\u00e1s, comparte muchos elementos con el c\u00f3mic. De hecho, pudi\u00e9ramos verlo como un c\u00f3mic para ni\u00f1os muy peque\u00f1os, donde la autora, Mariana Ruiz Johnson, ha utilizado plum\u00edn y tinta china y color digital para entregar a los lectores unas im\u00e1genes en colores c\u00e1lidos y un muy rico trabajo de ilustraci\u00f3n con miles de detalles para el deleite de los lectores. Las historias van armando ante los ojos del lector, como si se tratara de un rompecabezas, la cotidianidad de cada uno de los personajes de Villa Verde hasta que, en el \u00faltimo relato, vemos a todos reunidos en medio de una celebraci\u00f3n que no solo habla de la amistad y de la empat\u00eda que hay entre ellos, sino de la cooperaci\u00f3n necesaria para poder hacer la gran sopa para todos. La sopa m\u00e1s rica y otros cuentos pone al alcance de los ni\u00f1os peque\u00f1os un libro que propicia la exploraci\u00f3n, la experiencia est\u00e9tica y la interacci\u00f3n con los c\u00f3digos propios de este tipo de libros.\",\"breadcrumb\":{\"@id\":\"https:\\\/\\\/edicioneselnaranjo.com.mx\\\/tienda\\\/producto\\\/la-sopa-mas-rica-y-otros-cuentos\\\/#breadcrumb\"},\"inLanguage\":\"es\",\"potentialAction\":[{\"@type\":\"ReadAction\",\"target\":[\"https:\\\/\\\/edicioneselnaranjo.com.mx\\\/tienda\\\/producto\\\/la-sopa-mas-rica-y-otros-cuentos\\\/\"]}]},{\"@type\":\"ImageObject\",\"inLanguage\":\"es\",\"@id\":\"https:\\\/\\\/edicioneselnaranjo.com.mx\\\/tienda\\\/producto\\\/la-sopa-mas-rica-y-otros-cuentos\\\/#primaryimage\",\"url\":\"https:\\\/\\\/edicioneselnaranjo.com.mx\\\/tienda\\\/wp-content\\\/uploads\\\/2025\\\/02\\\/La_sopa_mas_rica150dpiweb.jpg\",\"contentUrl\":\"https:\\\/\\\/edicioneselnaranjo.com.mx\\\/tienda\\\/wp-content\\\/uploads\\\/2025\\\/02\\\/La_sopa_mas_rica150dpiweb.jpg\",\"width\":540,\"height\":538},{\"@type\":\"BreadcrumbList\",\"@id\":\"https:\\\/\\\/edicioneselnaranjo.com.mx\\\/tienda\\\/producto\\\/la-sopa-mas-rica-y-otros-cuentos\\\/#breadcrumb\",\"itemListElement\":[{\"@type\":\"ListItem\",\"position\":1,\"name\":\"Inicio\",\"item\":\"https:\\\/\\\/edicioneselnaranjo.com.mx\\\/tienda\\\/\"},{\"@type\":\"ListItem\",\"position\":2,\"name\":\"La sopa m\u00e1s rica y otros cuentos\"}]},{\"@type\":\"WebSite\",\"@id\":\"https:\\\/\\\/edicioneselnaranjo.com.mx\\\/tienda\\\/#website\",\"url\":\"https:\\\/\\\/edicioneselnaranjo.com.mx\\\/tienda\\\/\",\"name\":\"Tienda Ediciones El Naranjo\",\"description\":\"Tienda en l&iacute;nea de Ediciones El Naranjo\",\"publisher\":{\"@id\":\"https:\\\/\\\/edicioneselnaranjo.com.mx\\\/tienda\\\/#organization\"},\"potentialAction\":[{\"@type\":\"SearchAction\",\"target\":{\"@type\":\"EntryPoint\",\"urlTemplate\":\"https:\\\/\\\/edicioneselnaranjo.com.mx\\\/tienda\\\/?s={search_term_string}\"},\"query-input\":{\"@type\":\"PropertyValueSpecification\",\"valueRequired\":true,\"valueName\":\"search_term_string\"}}],\"inLanguage\":\"es\"},{\"@type\":\"Organization\",\"@id\":\"https:\\\/\\\/edicioneselnaranjo.com.mx\\\/tienda\\\/#organization\",\"name\":\"Tienda Ediciones El Naranjo\",\"url\":\"https:\\\/\\\/edicioneselnaranjo.com.mx\\\/tienda\\\/\",\"logo\":{\"@type\":\"ImageObject\",\"inLanguage\":\"es\",\"@id\":\"https:\\\/\\\/edicioneselnaranjo.com.mx\\\/tienda\\\/#\\\/schema\\\/logo\\\/image\\\/\",\"url\":\"https:\\\/\\\/edicioneselnaranjo.com.mx\\\/tienda\\\/wp-content\\\/uploads\\\/2020\\\/09\\\/logo-imagen-tienda.png\",\"contentUrl\":\"https:\\\/\\\/edicioneselnaranjo.com.mx\\\/tienda\\\/wp-content\\\/uploads\\\/2020\\\/09\\\/logo-imagen-tienda.png\",\"width\":700,\"height\":140,\"caption\":\"Tienda Ediciones El Naranjo\"},\"image\":{\"@id\":\"https:\\\/\\\/edicioneselnaranjo.com.mx\\\/tienda\\\/#\\\/schema\\\/logo\\\/image\\\/\"}}]}<\/script>\n<!-- \/ Yoast SEO plugin. -->","yoast_head_json":{"title":"La sopa m\u00e1s rica y otros cuentos - Tienda Ediciones El Naranjo","description":"La sopa m\u00e1s rica y otros cuentos re\u00fane cinco cuentos que transcurren en el pueblo de Villa Verde, el espacio donde viven e interact\u00faan todos los personajes. Las historias son aparentemente muy sencillas, sin embargo, ofrecen a los lectores una delicada experiencia literaria tejida a partir de referentes, maneras de nombrar el mundo, im\u00e1genes y experiencias propias de los ni\u00f1os peque\u00f1os. Este libro, adem\u00e1s, comparte muchos elementos con el c\u00f3mic. De hecho, pudi\u00e9ramos verlo como un c\u00f3mic para ni\u00f1os muy peque\u00f1os, donde la autora, Mariana Ruiz Johnson, ha utilizado plum\u00edn y tinta china y color digital para entregar a los lectores unas im\u00e1genes en colores c\u00e1lidos y un muy rico trabajo de ilustraci\u00f3n con miles de detalles para el deleite de los lectores. Las historias van armando ante los ojos del lector, como si se tratara de un rompecabezas, la cotidianidad de cada uno de los personajes de Villa Verde hasta que, en el \u00faltimo relato, vemos a todos reunidos en medio de una celebraci\u00f3n que no solo habla de la amistad y de la empat\u00eda que hay entre ellos, sino de la cooperaci\u00f3n necesaria para poder hacer la gran sopa para todos. La sopa m\u00e1s rica y otros cuentos pone al alcance de los ni\u00f1os peque\u00f1os un libro que propicia la exploraci\u00f3n, la experiencia est\u00e9tica y la interacci\u00f3n con los c\u00f3digos propios de este tipo de libros.","robots":{"index":"index","follow":"follow","max-snippet":"max-snippet:-1","max-image-preview":"max-image-preview:large","max-video-preview":"max-video-preview:-1"},"canonical":"https:\/\/edicioneselnaranjo.com.mx\/tienda\/producto\/la-sopa-mas-rica-y-otros-cuentos\/","og_locale":"es_MX","og_type":"article","og_title":"La sopa m\u00e1s rica y otros cuentos - Tienda Ediciones El Naranjo","og_description":"La sopa m\u00e1s rica y otros cuentos re\u00fane cinco cuentos que transcurren en el pueblo de Villa Verde, el espacio donde viven e interact\u00faan todos los personajes. Las historias son aparentemente muy sencillas, sin embargo, ofrecen a los lectores una delicada experiencia literaria tejida a partir de referentes, maneras de nombrar el mundo, im\u00e1genes y experiencias propias de los ni\u00f1os peque\u00f1os. Este libro, adem\u00e1s, comparte muchos elementos con el c\u00f3mic. De hecho, pudi\u00e9ramos verlo como un c\u00f3mic para ni\u00f1os muy peque\u00f1os, donde la autora, Mariana Ruiz Johnson, ha utilizado plum\u00edn y tinta china y color digital para entregar a los lectores unas im\u00e1genes en colores c\u00e1lidos y un muy rico trabajo de ilustraci\u00f3n con miles de detalles para el deleite de los lectores. Las historias van armando ante los ojos del lector, como si se tratara de un rompecabezas, la cotidianidad de cada uno de los personajes de Villa Verde hasta que, en el \u00faltimo relato, vemos a todos reunidos en medio de una celebraci\u00f3n que no solo habla de la amistad y de la empat\u00eda que hay entre ellos, sino de la cooperaci\u00f3n necesaria para poder hacer la gran sopa para todos. La sopa m\u00e1s rica y otros cuentos pone al alcance de los ni\u00f1os peque\u00f1os un libro que propicia la exploraci\u00f3n, la experiencia est\u00e9tica y la interacci\u00f3n con los c\u00f3digos propios de este tipo de libros.","og_url":"https:\/\/edicioneselnaranjo.com.mx\/tienda\/producto\/la-sopa-mas-rica-y-otros-cuentos\/","og_site_name":"Tienda Ediciones El Naranjo","article_modified_time":"2026-01-19T22:57:17+00:00","og_image":[{"width":540,"height":538,"url":"https:\/\/edicioneselnaranjo.com.mx\/tienda\/wp-content\/uploads\/2025\/02\/La_sopa_mas_rica150dpiweb.jpg","type":"image\/jpeg"}],"twitter_card":"summary_large_image","twitter_misc":{"Tiempo de lectura":"1 minuto"},"schema":{"@context":"https:\/\/schema.org","@graph":[{"@type":"WebPage","@id":"https:\/\/edicioneselnaranjo.com.mx\/tienda\/producto\/la-sopa-mas-rica-y-otros-cuentos\/","url":"https:\/\/edicioneselnaranjo.com.mx\/tienda\/producto\/la-sopa-mas-rica-y-otros-cuentos\/","name":"La sopa m\u00e1s rica y otros cuentos - Tienda Ediciones El Naranjo","isPartOf":{"@id":"https:\/\/edicioneselnaranjo.com.mx\/tienda\/#website"},"primaryImageOfPage":{"@id":"https:\/\/edicioneselnaranjo.com.mx\/tienda\/producto\/la-sopa-mas-rica-y-otros-cuentos\/#primaryimage"},"image":{"@id":"https:\/\/edicioneselnaranjo.com.mx\/tienda\/producto\/la-sopa-mas-rica-y-otros-cuentos\/#primaryimage"},"thumbnailUrl":"https:\/\/edicioneselnaranjo.com.mx\/tienda\/wp-content\/uploads\/2025\/02\/La_sopa_mas_rica150dpiweb.jpg","datePublished":"2025-02-10T19:28:58+00:00","dateModified":"2026-01-19T22:57:17+00:00","description":"La sopa m\u00e1s rica y otros cuentos re\u00fane cinco cuentos que transcurren en el pueblo de Villa Verde, el espacio donde viven e interact\u00faan todos los personajes. Las historias son aparentemente muy sencillas, sin embargo, ofrecen a los lectores una delicada experiencia literaria tejida a partir de referentes, maneras de nombrar el mundo, im\u00e1genes y experiencias propias de los ni\u00f1os peque\u00f1os. Este libro, adem\u00e1s, comparte muchos elementos con el c\u00f3mic. De hecho, pudi\u00e9ramos verlo como un c\u00f3mic para ni\u00f1os muy peque\u00f1os, donde la autora, Mariana Ruiz Johnson, ha utilizado plum\u00edn y tinta china y color digital para entregar a los lectores unas im\u00e1genes en colores c\u00e1lidos y un muy rico trabajo de ilustraci\u00f3n con miles de detalles para el deleite de los lectores. Las historias van armando ante los ojos del lector, como si se tratara de un rompecabezas, la cotidianidad de cada uno de los personajes de Villa Verde hasta que, en el \u00faltimo relato, vemos a todos reunidos en medio de una celebraci\u00f3n que no solo habla de la amistad y de la empat\u00eda que hay entre ellos, sino de la cooperaci\u00f3n necesaria para poder hacer la gran sopa para todos. La sopa m\u00e1s rica y otros cuentos pone al alcance de los ni\u00f1os peque\u00f1os un libro que propicia la exploraci\u00f3n, la experiencia est\u00e9tica y la interacci\u00f3n con los c\u00f3digos propios de este tipo de libros.","breadcrumb":{"@id":"https:\/\/edicioneselnaranjo.com.mx\/tienda\/producto\/la-sopa-mas-rica-y-otros-cuentos\/#breadcrumb"},"inLanguage":"es","potentialAction":[{"@type":"ReadAction","target":["https:\/\/edicioneselnaranjo.com.mx\/tienda\/producto\/la-sopa-mas-rica-y-otros-cuentos\/"]}]},{"@type":"ImageObject","inLanguage":"es","@id":"https:\/\/edicioneselnaranjo.com.mx\/tienda\/producto\/la-sopa-mas-rica-y-otros-cuentos\/#primaryimage","url":"https:\/\/edicioneselnaranjo.com.mx\/tienda\/wp-content\/uploads\/2025\/02\/La_sopa_mas_rica150dpiweb.jpg","contentUrl":"https:\/\/edicioneselnaranjo.com.mx\/tienda\/wp-content\/uploads\/2025\/02\/La_sopa_mas_rica150dpiweb.jpg","width":540,"height":538},{"@type":"BreadcrumbList","@id":"https:\/\/edicioneselnaranjo.com.mx\/tienda\/producto\/la-sopa-mas-rica-y-otros-cuentos\/#breadcrumb","itemListElement":[{"@type":"ListItem","position":1,"name":"Inicio","item":"https:\/\/edicioneselnaranjo.com.mx\/tienda\/"},{"@type":"ListItem","position":2,"name":"La sopa m\u00e1s rica y otros cuentos"}]},{"@type":"WebSite","@id":"https:\/\/edicioneselnaranjo.com.mx\/tienda\/#website","url":"https:\/\/edicioneselnaranjo.com.mx\/tienda\/","name":"Tienda Ediciones El Naranjo","description":"Tienda en l&iacute;nea de Ediciones El Naranjo","publisher":{"@id":"https:\/\/edicioneselnaranjo.com.mx\/tienda\/#organization"},"potentialAction":[{"@type":"SearchAction","target":{"@type":"EntryPoint","urlTemplate":"https:\/\/edicioneselnaranjo.com.mx\/tienda\/?s={search_term_string}"},"query-input":{"@type":"PropertyValueSpecification","valueRequired":true,"valueName":"search_term_string"}}],"inLanguage":"es"},{"@type":"Organization","@id":"https:\/\/edicioneselnaranjo.com.mx\/tienda\/#organization","name":"Tienda Ediciones El Naranjo","url":"https:\/\/edicioneselnaranjo.com.mx\/tienda\/","logo":{"@type":"ImageObject","inLanguage":"es","@id":"https:\/\/edicioneselnaranjo.com.mx\/tienda\/#\/schema\/logo\/image\/","url":"https:\/\/edicioneselnaranjo.com.mx\/tienda\/wp-content\/uploads\/2020\/09\/logo-imagen-tienda.png","contentUrl":"https:\/\/edicioneselnaranjo.com.mx\/tienda\/wp-content\/uploads\/2020\/09\/logo-imagen-tienda.png","width":700,"height":140,"caption":"Tienda Ediciones El Naranjo"},"image":{"@id":"https:\/\/edicioneselnaranjo.com.mx\/tienda\/#\/schema\/logo\/image\/"}}]}},"_links":{"self":[{"href":"https:\/\/edicioneselnaranjo.com.mx\/tienda\/wp-json\/wp\/v2\/product\/6189","targetHints":{"allow":["GET"]}}],"collection":[{"href":"https:\/\/edicioneselnaranjo.com.mx\/tienda\/wp-json\/wp\/v2\/product"}],"about":[{"href":"https:\/\/edicioneselnaranjo.com.mx\/tienda\/wp-json\/wp\/v2\/types\/product"}],"wp:featuredmedia":[{"embeddable":true,"href":"https:\/\/edicioneselnaranjo.com.mx\/tienda\/wp-json\/wp\/v2\/media\/6190"}],"wp:attachment":[{"href":"https:\/\/edicioneselnaranjo.com.mx\/tienda\/wp-json\/wp\/v2\/media?parent=6189"}],"wp:term":[{"taxonomy":"product_brand","embeddable":true,"href":"https:\/\/edicioneselnaranjo.com.mx\/tienda\/wp-json\/wp\/v2\/product_brand?post=6189"},{"taxonomy":"product_cat","embeddable":true,"href":"https:\/\/edicioneselnaranjo.com.mx\/tienda\/wp-json\/wp\/v2\/product_cat?post=6189"},{"taxonomy":"product_tag","embeddable":true,"href":"https:\/\/edicioneselnaranjo.com.mx\/tienda\/wp-json\/wp\/v2\/product_tag?post=6189"}],"curies":[{"name":"wp","href":"https:\/\/api.w.org\/{rel}","templated":true}]}}