{"id":6179,"date":"2025-02-10T13:13:29","date_gmt":"2025-02-10T19:13:29","guid":{"rendered":"https:\/\/edicioneselnaranjo.com.mx\/tienda\/?post_type=product&#038;p=6179"},"modified":"2026-01-19T16:57:15","modified_gmt":"2026-01-19T22:57:15","slug":"ines","status":"publish","type":"product","link":"https:\/\/edicioneselnaranjo.com.mx\/tienda\/producto\/ines\/","title":{"rendered":"In\u00e9s"},"content":{"rendered":"<table>\n<tbody>\n<tr>\n<td>G\u00e9nero<\/td>\n<td>Informativo<\/td>\n<\/tr>\n<tr>\n<td>Encuadernaci\u00f3n<\/td>\n<td>Tapa dura<\/td>\n<\/tr>\n<tr>\n<td>A\u00f1o<\/td>\n<td>2019<\/td>\n<\/tr>\n<tr>\n<td>Edici\u00f3n<\/td>\n<td>Primera<\/td>\n<\/tr>\n<tr>\n<td>P\u00e1ginas<\/td>\n<td>48 pp.<\/td>\n<\/tr>\n<tr>\n<td>Formato<\/td>\n<td>27 x 20 cm<\/td>\n<\/tr>\n<tr>\n<td>Impresi\u00f3n<\/td>\n<td>4 tintas<\/td>\n<\/tr>\n<tr>\n<td>Peso<\/td>\n<td>300 gramos<\/td>\n<\/tr>\n<tr>\n<td>ISBN<\/td>\n<td>\n<div class=\"ld-tabs\">\n<div class=\"tapadura\">\n<p>978-958-56537-4-0<\/p>\n<\/div>\n<\/div>\n<\/td>\n<\/tr>\n<tr>\n<td>Sello editorial<\/td>\n<td>Ediciones Cataplum<\/td>\n<\/tr>\n<\/tbody>\n<\/table>\n","protected":false},"excerpt":{"rendered":"<p>\u00abCada vez que los hablantes del portugu\u00e9s quieren dar algo por terminado dicen\u00a0<i>In\u00eas \u00e9 morta<\/i>\u00a0(\u2018In\u00e9s est\u00e1 muerta\u2019). Esa expresi\u00f3n viene de la famosa historia de In\u00e9s de Castro, que naci\u00f3 en Galicia entre 1320 y 1325 y fue asesinada en Coimbra en 1355. Muchos narraron la saga de esta mujer que, reci\u00e9n llegada a Portugal como dama de la futura reina do\u00f1a Constanza, se enamor\u00f3 del pr\u00edncipe Pedro y fue inmediatamente correspondida. En una \u00e9poca en la que no se escog\u00eda a qui\u00e9n amar, menos a\u00fan en el mundo de la monarqu\u00eda, los dos fueron obligados a mantener escondida su pasi\u00f3n\u00bb. Lilia Moritz Schwarcz<\/p>\n<p>I<i>n\u00e9s<\/i>\u00a0narra la historia de In\u00e9s de Castro (c. 1320-1355) desde una perspectiva totalmente novedosa: a trav\u00e9s de la voz de Beatriz, hija de In\u00e9s y del rey Pedro I de Portugal. Con tono po\u00e9tico y un relato visual rico en estilos, formas y colores, cada p\u00e1gina guarda una sorpresa para el lector, y cada imagen contribuye en la narraci\u00f3n de un hecho hist\u00f3rico recreado literariamente por Roger Mello e ilustrado por Mariana Massarani.<\/p>\n","protected":false},"featured_media":6180,"template":"","meta":[],"product_brand":[],"product_cat":[15],"product_tag":[],"class_list":{"0":"post-6179","1":"product","2":"type-product","3":"status-publish","4":"has-post-thumbnail","6":"product_cat-catalogo","7":"pa_edad-3-a-5-anos","8":"pa_edad-6-a-8-anos","9":"pa_edad-9-a-11-anos","10":"pa_editorial-cataplum-libros","12":"first","13":"instock","14":"shipping-taxable","15":"purchasable","16":"product-type-simple"},"yoast_head":"<!-- This site is optimized with the Yoast SEO plugin v27.3 - https:\/\/yoast.com\/product\/yoast-seo-wordpress\/ -->\n<title>In\u00e9s - Tienda Ediciones El Naranjo<\/title>\n<meta name=\"description\" content=\"\u00abCada vez que los hablantes del portugu\u00e9s quieren dar algo por terminado dicen In\u00eas \u00e9 morta (\u2018In\u00e9s est\u00e1 muerta\u2019). Esa expresi\u00f3n viene de la famosa historia de In\u00e9s de Castro, que naci\u00f3 en Galicia entre 1320 y 1325 y fue asesinada en Coimbra en 1355. Muchos narraron la saga de esta mujer que, reci\u00e9n llegada a Portugal como dama de la futura reina do\u00f1a Constanza, se enamor\u00f3 del pr\u00edncipe Pedro y fue inmediatamente correspondida. En una \u00e9poca en la que no se escog\u00eda a qui\u00e9n amar, menos a\u00fan en el mundo de la monarqu\u00eda, los dos fueron obligados a mantener escondida su pasi\u00f3n\u00bb. Lilia Moritz SchwarczIn\u00e9s narra la historia de In\u00e9s de Castro (c. 1320-1355) desde una perspectiva totalmente novedosa: a trav\u00e9s de la voz de Beatriz, hija de In\u00e9s y del rey Pedro I de Portugal. Con tono po\u00e9tico y un relato visual rico en estilos, formas y colores, cada p\u00e1gina guarda una sorpresa para el lector, y cada imagen contribuye en la narraci\u00f3n de un hecho hist\u00f3rico recreado literariamente por Roger Mello e ilustrado por Mariana Massarani.\" \/>\n<meta name=\"robots\" content=\"index, follow, max-snippet:-1, max-image-preview:large, max-video-preview:-1\" \/>\n<link rel=\"canonical\" href=\"https:\/\/edicioneselnaranjo.com.mx\/tienda\/producto\/ines\/\" \/>\n<meta property=\"og:locale\" content=\"es_MX\" \/>\n<meta property=\"og:type\" content=\"article\" \/>\n<meta property=\"og:title\" content=\"In\u00e9s - Tienda Ediciones El Naranjo\" \/>\n<meta property=\"og:description\" content=\"\u00abCada vez que los hablantes del portugu\u00e9s quieren dar algo por terminado dicen In\u00eas \u00e9 morta (\u2018In\u00e9s est\u00e1 muerta\u2019). Esa expresi\u00f3n viene de la famosa historia de In\u00e9s de Castro, que naci\u00f3 en Galicia entre 1320 y 1325 y fue asesinada en Coimbra en 1355. Muchos narraron la saga de esta mujer que, reci\u00e9n llegada a Portugal como dama de la futura reina do\u00f1a Constanza, se enamor\u00f3 del pr\u00edncipe Pedro y fue inmediatamente correspondida. En una \u00e9poca en la que no se escog\u00eda a qui\u00e9n amar, menos a\u00fan en el mundo de la monarqu\u00eda, los dos fueron obligados a mantener escondida su pasi\u00f3n\u00bb. Lilia Moritz SchwarczIn\u00e9s narra la historia de In\u00e9s de Castro (c. 1320-1355) desde una perspectiva totalmente novedosa: a trav\u00e9s de la voz de Beatriz, hija de In\u00e9s y del rey Pedro I de Portugal. Con tono po\u00e9tico y un relato visual rico en estilos, formas y colores, cada p\u00e1gina guarda una sorpresa para el lector, y cada imagen contribuye en la narraci\u00f3n de un hecho hist\u00f3rico recreado literariamente por Roger Mello e ilustrado por Mariana Massarani.\" \/>\n<meta property=\"og:url\" content=\"https:\/\/edicioneselnaranjo.com.mx\/tienda\/producto\/ines\/\" \/>\n<meta property=\"og:site_name\" content=\"Tienda Ediciones El Naranjo\" \/>\n<meta property=\"article:modified_time\" content=\"2026-01-19T22:57:15+00:00\" \/>\n<meta property=\"og:image\" content=\"https:\/\/edicioneselnaranjo.com.mx\/tienda\/wp-content\/uploads\/2025\/02\/inesweb.jpg\" \/>\n\t<meta property=\"og:image:width\" content=\"540\" \/>\n\t<meta property=\"og:image:height\" content=\"538\" \/>\n\t<meta property=\"og:image:type\" content=\"image\/jpeg\" \/>\n<meta name=\"twitter:card\" content=\"summary_large_image\" \/>\n<meta name=\"twitter:label1\" content=\"Tiempo de lectura\" \/>\n\t<meta name=\"twitter:data1\" content=\"1 minuto\" \/>\n<script type=\"application\/ld+json\" class=\"yoast-schema-graph\">{\"@context\":\"https:\\\/\\\/schema.org\",\"@graph\":[{\"@type\":\"WebPage\",\"@id\":\"https:\\\/\\\/edicioneselnaranjo.com.mx\\\/tienda\\\/producto\\\/ines\\\/\",\"url\":\"https:\\\/\\\/edicioneselnaranjo.com.mx\\\/tienda\\\/producto\\\/ines\\\/\",\"name\":\"In\u00e9s - Tienda Ediciones El Naranjo\",\"isPartOf\":{\"@id\":\"https:\\\/\\\/edicioneselnaranjo.com.mx\\\/tienda\\\/#website\"},\"primaryImageOfPage\":{\"@id\":\"https:\\\/\\\/edicioneselnaranjo.com.mx\\\/tienda\\\/producto\\\/ines\\\/#primaryimage\"},\"image\":{\"@id\":\"https:\\\/\\\/edicioneselnaranjo.com.mx\\\/tienda\\\/producto\\\/ines\\\/#primaryimage\"},\"thumbnailUrl\":\"https:\\\/\\\/edicioneselnaranjo.com.mx\\\/tienda\\\/wp-content\\\/uploads\\\/2025\\\/02\\\/inesweb.jpg\",\"datePublished\":\"2025-02-10T19:13:29+00:00\",\"dateModified\":\"2026-01-19T22:57:15+00:00\",\"description\":\"\u00abCada vez que los hablantes del portugu\u00e9s quieren dar algo por terminado dicen In\u00eas \u00e9 morta (\u2018In\u00e9s est\u00e1 muerta\u2019). Esa expresi\u00f3n viene de la famosa historia de In\u00e9s de Castro, que naci\u00f3 en Galicia entre 1320 y 1325 y fue asesinada en Coimbra en 1355. Muchos narraron la saga de esta mujer que, reci\u00e9n llegada a Portugal como dama de la futura reina do\u00f1a Constanza, se enamor\u00f3 del pr\u00edncipe Pedro y fue inmediatamente correspondida. En una \u00e9poca en la que no se escog\u00eda a qui\u00e9n amar, menos a\u00fan en el mundo de la monarqu\u00eda, los dos fueron obligados a mantener escondida su pasi\u00f3n\u00bb. Lilia Moritz SchwarczIn\u00e9s narra la historia de In\u00e9s de Castro (c. 1320-1355) desde una perspectiva totalmente novedosa: a trav\u00e9s de la voz de Beatriz, hija de In\u00e9s y del rey Pedro I de Portugal. Con tono po\u00e9tico y un relato visual rico en estilos, formas y colores, cada p\u00e1gina guarda una sorpresa para el lector, y cada imagen contribuye en la narraci\u00f3n de un hecho hist\u00f3rico recreado literariamente por Roger Mello e ilustrado por Mariana Massarani.\",\"breadcrumb\":{\"@id\":\"https:\\\/\\\/edicioneselnaranjo.com.mx\\\/tienda\\\/producto\\\/ines\\\/#breadcrumb\"},\"inLanguage\":\"es\",\"potentialAction\":[{\"@type\":\"ReadAction\",\"target\":[\"https:\\\/\\\/edicioneselnaranjo.com.mx\\\/tienda\\\/producto\\\/ines\\\/\"]}]},{\"@type\":\"ImageObject\",\"inLanguage\":\"es\",\"@id\":\"https:\\\/\\\/edicioneselnaranjo.com.mx\\\/tienda\\\/producto\\\/ines\\\/#primaryimage\",\"url\":\"https:\\\/\\\/edicioneselnaranjo.com.mx\\\/tienda\\\/wp-content\\\/uploads\\\/2025\\\/02\\\/inesweb.jpg\",\"contentUrl\":\"https:\\\/\\\/edicioneselnaranjo.com.mx\\\/tienda\\\/wp-content\\\/uploads\\\/2025\\\/02\\\/inesweb.jpg\",\"width\":540,\"height\":538},{\"@type\":\"BreadcrumbList\",\"@id\":\"https:\\\/\\\/edicioneselnaranjo.com.mx\\\/tienda\\\/producto\\\/ines\\\/#breadcrumb\",\"itemListElement\":[{\"@type\":\"ListItem\",\"position\":1,\"name\":\"Inicio\",\"item\":\"https:\\\/\\\/edicioneselnaranjo.com.mx\\\/tienda\\\/\"},{\"@type\":\"ListItem\",\"position\":2,\"name\":\"In\u00e9s\"}]},{\"@type\":\"WebSite\",\"@id\":\"https:\\\/\\\/edicioneselnaranjo.com.mx\\\/tienda\\\/#website\",\"url\":\"https:\\\/\\\/edicioneselnaranjo.com.mx\\\/tienda\\\/\",\"name\":\"Tienda Ediciones El Naranjo\",\"description\":\"Tienda en l&iacute;nea de Ediciones El Naranjo\",\"publisher\":{\"@id\":\"https:\\\/\\\/edicioneselnaranjo.com.mx\\\/tienda\\\/#organization\"},\"potentialAction\":[{\"@type\":\"SearchAction\",\"target\":{\"@type\":\"EntryPoint\",\"urlTemplate\":\"https:\\\/\\\/edicioneselnaranjo.com.mx\\\/tienda\\\/?s={search_term_string}\"},\"query-input\":{\"@type\":\"PropertyValueSpecification\",\"valueRequired\":true,\"valueName\":\"search_term_string\"}}],\"inLanguage\":\"es\"},{\"@type\":\"Organization\",\"@id\":\"https:\\\/\\\/edicioneselnaranjo.com.mx\\\/tienda\\\/#organization\",\"name\":\"Tienda Ediciones El Naranjo\",\"url\":\"https:\\\/\\\/edicioneselnaranjo.com.mx\\\/tienda\\\/\",\"logo\":{\"@type\":\"ImageObject\",\"inLanguage\":\"es\",\"@id\":\"https:\\\/\\\/edicioneselnaranjo.com.mx\\\/tienda\\\/#\\\/schema\\\/logo\\\/image\\\/\",\"url\":\"https:\\\/\\\/edicioneselnaranjo.com.mx\\\/tienda\\\/wp-content\\\/uploads\\\/2020\\\/09\\\/logo-imagen-tienda.png\",\"contentUrl\":\"https:\\\/\\\/edicioneselnaranjo.com.mx\\\/tienda\\\/wp-content\\\/uploads\\\/2020\\\/09\\\/logo-imagen-tienda.png\",\"width\":700,\"height\":140,\"caption\":\"Tienda Ediciones El Naranjo\"},\"image\":{\"@id\":\"https:\\\/\\\/edicioneselnaranjo.com.mx\\\/tienda\\\/#\\\/schema\\\/logo\\\/image\\\/\"}}]}<\/script>\n<!-- \/ Yoast SEO plugin. -->","yoast_head_json":{"title":"In\u00e9s - Tienda Ediciones El Naranjo","description":"\u00abCada vez que los hablantes del portugu\u00e9s quieren dar algo por terminado dicen In\u00eas \u00e9 morta (\u2018In\u00e9s est\u00e1 muerta\u2019). Esa expresi\u00f3n viene de la famosa historia de In\u00e9s de Castro, que naci\u00f3 en Galicia entre 1320 y 1325 y fue asesinada en Coimbra en 1355. Muchos narraron la saga de esta mujer que, reci\u00e9n llegada a Portugal como dama de la futura reina do\u00f1a Constanza, se enamor\u00f3 del pr\u00edncipe Pedro y fue inmediatamente correspondida. En una \u00e9poca en la que no se escog\u00eda a qui\u00e9n amar, menos a\u00fan en el mundo de la monarqu\u00eda, los dos fueron obligados a mantener escondida su pasi\u00f3n\u00bb. Lilia Moritz SchwarczIn\u00e9s narra la historia de In\u00e9s de Castro (c. 1320-1355) desde una perspectiva totalmente novedosa: a trav\u00e9s de la voz de Beatriz, hija de In\u00e9s y del rey Pedro I de Portugal. Con tono po\u00e9tico y un relato visual rico en estilos, formas y colores, cada p\u00e1gina guarda una sorpresa para el lector, y cada imagen contribuye en la narraci\u00f3n de un hecho hist\u00f3rico recreado literariamente por Roger Mello e ilustrado por Mariana Massarani.","robots":{"index":"index","follow":"follow","max-snippet":"max-snippet:-1","max-image-preview":"max-image-preview:large","max-video-preview":"max-video-preview:-1"},"canonical":"https:\/\/edicioneselnaranjo.com.mx\/tienda\/producto\/ines\/","og_locale":"es_MX","og_type":"article","og_title":"In\u00e9s - Tienda Ediciones El Naranjo","og_description":"\u00abCada vez que los hablantes del portugu\u00e9s quieren dar algo por terminado dicen In\u00eas \u00e9 morta (\u2018In\u00e9s est\u00e1 muerta\u2019). Esa expresi\u00f3n viene de la famosa historia de In\u00e9s de Castro, que naci\u00f3 en Galicia entre 1320 y 1325 y fue asesinada en Coimbra en 1355. Muchos narraron la saga de esta mujer que, reci\u00e9n llegada a Portugal como dama de la futura reina do\u00f1a Constanza, se enamor\u00f3 del pr\u00edncipe Pedro y fue inmediatamente correspondida. En una \u00e9poca en la que no se escog\u00eda a qui\u00e9n amar, menos a\u00fan en el mundo de la monarqu\u00eda, los dos fueron obligados a mantener escondida su pasi\u00f3n\u00bb. Lilia Moritz SchwarczIn\u00e9s narra la historia de In\u00e9s de Castro (c. 1320-1355) desde una perspectiva totalmente novedosa: a trav\u00e9s de la voz de Beatriz, hija de In\u00e9s y del rey Pedro I de Portugal. Con tono po\u00e9tico y un relato visual rico en estilos, formas y colores, cada p\u00e1gina guarda una sorpresa para el lector, y cada imagen contribuye en la narraci\u00f3n de un hecho hist\u00f3rico recreado literariamente por Roger Mello e ilustrado por Mariana Massarani.","og_url":"https:\/\/edicioneselnaranjo.com.mx\/tienda\/producto\/ines\/","og_site_name":"Tienda Ediciones El Naranjo","article_modified_time":"2026-01-19T22:57:15+00:00","og_image":[{"width":540,"height":538,"url":"https:\/\/edicioneselnaranjo.com.mx\/tienda\/wp-content\/uploads\/2025\/02\/inesweb.jpg","type":"image\/jpeg"}],"twitter_card":"summary_large_image","twitter_misc":{"Tiempo de lectura":"1 minuto"},"schema":{"@context":"https:\/\/schema.org","@graph":[{"@type":"WebPage","@id":"https:\/\/edicioneselnaranjo.com.mx\/tienda\/producto\/ines\/","url":"https:\/\/edicioneselnaranjo.com.mx\/tienda\/producto\/ines\/","name":"In\u00e9s - Tienda Ediciones El Naranjo","isPartOf":{"@id":"https:\/\/edicioneselnaranjo.com.mx\/tienda\/#website"},"primaryImageOfPage":{"@id":"https:\/\/edicioneselnaranjo.com.mx\/tienda\/producto\/ines\/#primaryimage"},"image":{"@id":"https:\/\/edicioneselnaranjo.com.mx\/tienda\/producto\/ines\/#primaryimage"},"thumbnailUrl":"https:\/\/edicioneselnaranjo.com.mx\/tienda\/wp-content\/uploads\/2025\/02\/inesweb.jpg","datePublished":"2025-02-10T19:13:29+00:00","dateModified":"2026-01-19T22:57:15+00:00","description":"\u00abCada vez que los hablantes del portugu\u00e9s quieren dar algo por terminado dicen In\u00eas \u00e9 morta (\u2018In\u00e9s est\u00e1 muerta\u2019). Esa expresi\u00f3n viene de la famosa historia de In\u00e9s de Castro, que naci\u00f3 en Galicia entre 1320 y 1325 y fue asesinada en Coimbra en 1355. Muchos narraron la saga de esta mujer que, reci\u00e9n llegada a Portugal como dama de la futura reina do\u00f1a Constanza, se enamor\u00f3 del pr\u00edncipe Pedro y fue inmediatamente correspondida. En una \u00e9poca en la que no se escog\u00eda a qui\u00e9n amar, menos a\u00fan en el mundo de la monarqu\u00eda, los dos fueron obligados a mantener escondida su pasi\u00f3n\u00bb. Lilia Moritz SchwarczIn\u00e9s narra la historia de In\u00e9s de Castro (c. 1320-1355) desde una perspectiva totalmente novedosa: a trav\u00e9s de la voz de Beatriz, hija de In\u00e9s y del rey Pedro I de Portugal. Con tono po\u00e9tico y un relato visual rico en estilos, formas y colores, cada p\u00e1gina guarda una sorpresa para el lector, y cada imagen contribuye en la narraci\u00f3n de un hecho hist\u00f3rico recreado literariamente por Roger Mello e ilustrado por Mariana Massarani.","breadcrumb":{"@id":"https:\/\/edicioneselnaranjo.com.mx\/tienda\/producto\/ines\/#breadcrumb"},"inLanguage":"es","potentialAction":[{"@type":"ReadAction","target":["https:\/\/edicioneselnaranjo.com.mx\/tienda\/producto\/ines\/"]}]},{"@type":"ImageObject","inLanguage":"es","@id":"https:\/\/edicioneselnaranjo.com.mx\/tienda\/producto\/ines\/#primaryimage","url":"https:\/\/edicioneselnaranjo.com.mx\/tienda\/wp-content\/uploads\/2025\/02\/inesweb.jpg","contentUrl":"https:\/\/edicioneselnaranjo.com.mx\/tienda\/wp-content\/uploads\/2025\/02\/inesweb.jpg","width":540,"height":538},{"@type":"BreadcrumbList","@id":"https:\/\/edicioneselnaranjo.com.mx\/tienda\/producto\/ines\/#breadcrumb","itemListElement":[{"@type":"ListItem","position":1,"name":"Inicio","item":"https:\/\/edicioneselnaranjo.com.mx\/tienda\/"},{"@type":"ListItem","position":2,"name":"In\u00e9s"}]},{"@type":"WebSite","@id":"https:\/\/edicioneselnaranjo.com.mx\/tienda\/#website","url":"https:\/\/edicioneselnaranjo.com.mx\/tienda\/","name":"Tienda Ediciones El Naranjo","description":"Tienda en l&iacute;nea de Ediciones El Naranjo","publisher":{"@id":"https:\/\/edicioneselnaranjo.com.mx\/tienda\/#organization"},"potentialAction":[{"@type":"SearchAction","target":{"@type":"EntryPoint","urlTemplate":"https:\/\/edicioneselnaranjo.com.mx\/tienda\/?s={search_term_string}"},"query-input":{"@type":"PropertyValueSpecification","valueRequired":true,"valueName":"search_term_string"}}],"inLanguage":"es"},{"@type":"Organization","@id":"https:\/\/edicioneselnaranjo.com.mx\/tienda\/#organization","name":"Tienda Ediciones El Naranjo","url":"https:\/\/edicioneselnaranjo.com.mx\/tienda\/","logo":{"@type":"ImageObject","inLanguage":"es","@id":"https:\/\/edicioneselnaranjo.com.mx\/tienda\/#\/schema\/logo\/image\/","url":"https:\/\/edicioneselnaranjo.com.mx\/tienda\/wp-content\/uploads\/2020\/09\/logo-imagen-tienda.png","contentUrl":"https:\/\/edicioneselnaranjo.com.mx\/tienda\/wp-content\/uploads\/2020\/09\/logo-imagen-tienda.png","width":700,"height":140,"caption":"Tienda Ediciones El Naranjo"},"image":{"@id":"https:\/\/edicioneselnaranjo.com.mx\/tienda\/#\/schema\/logo\/image\/"}}]}},"_links":{"self":[{"href":"https:\/\/edicioneselnaranjo.com.mx\/tienda\/wp-json\/wp\/v2\/product\/6179","targetHints":{"allow":["GET"]}}],"collection":[{"href":"https:\/\/edicioneselnaranjo.com.mx\/tienda\/wp-json\/wp\/v2\/product"}],"about":[{"href":"https:\/\/edicioneselnaranjo.com.mx\/tienda\/wp-json\/wp\/v2\/types\/product"}],"wp:featuredmedia":[{"embeddable":true,"href":"https:\/\/edicioneselnaranjo.com.mx\/tienda\/wp-json\/wp\/v2\/media\/6180"}],"wp:attachment":[{"href":"https:\/\/edicioneselnaranjo.com.mx\/tienda\/wp-json\/wp\/v2\/media?parent=6179"}],"wp:term":[{"taxonomy":"product_brand","embeddable":true,"href":"https:\/\/edicioneselnaranjo.com.mx\/tienda\/wp-json\/wp\/v2\/product_brand?post=6179"},{"taxonomy":"product_cat","embeddable":true,"href":"https:\/\/edicioneselnaranjo.com.mx\/tienda\/wp-json\/wp\/v2\/product_cat?post=6179"},{"taxonomy":"product_tag","embeddable":true,"href":"https:\/\/edicioneselnaranjo.com.mx\/tienda\/wp-json\/wp\/v2\/product_tag?post=6179"}],"curies":[{"name":"wp","href":"https:\/\/api.w.org\/{rel}","templated":true}]}}