{"id":5970,"date":"2024-10-23T14:49:28","date_gmt":"2024-10-23T20:49:28","guid":{"rendered":"https:\/\/edicioneselnaranjo.com.mx\/tienda\/?post_type=product&#038;p=5970"},"modified":"2026-03-28T14:37:50","modified_gmt":"2026-03-28T20:37:50","slug":"los-mil-y-un-equinoccios","status":"publish","type":"product","link":"https:\/\/edicioneselnaranjo.com.mx\/tienda\/producto\/los-mil-y-un-equinoccios\/","title":{"rendered":"Los mil y un equinoccios"},"content":{"rendered":"<table>\n<tbody>\n<tr>\n<td>G\u00e9nero<\/td>\n<td>Novela<\/td>\n<\/tr>\n<tr>\n<td>Encuadernaci\u00f3n<\/td>\n<td>R\u00fastica<\/td>\n<\/tr>\n<tr>\n<td>A\u00f1o<\/td>\n<td>2024<\/td>\n<\/tr>\n<tr>\n<td>Edici\u00f3n<\/td>\n<td>Primera<\/td>\n<\/tr>\n<tr>\n<td>P\u00e1ginas<\/td>\n<td>152 pp.<\/td>\n<\/tr>\n<tr>\n<td>Formato<\/td>\n<td>15 x 21 cm<\/td>\n<\/tr>\n<tr>\n<td>Impresi\u00f3n<\/td>\n<td>2 tintas<\/td>\n<\/tr>\n<tr>\n<td>Peso<\/td>\n<td>230 gramos<\/td>\n<\/tr>\n<tr>\n<td>ISBN<\/td>\n<td>978-607-8807-66-6<\/td>\n<\/tr>\n<tr>\n<td>Sello editorial<\/td>\n<td>Ediciones El Naranjo<\/td>\n<\/tr>\n<\/tbody>\n<\/table>\n","protected":false},"excerpt":{"rendered":"<div class=\"serif rplcr-container\">Texto de Mois\u00e9s Sheinberg<\/div>\n<div class=\"serif rplcr-container\">\n<p>Ilustraciones de Tania Recio<\/p>\n<hr \/>\n<p class=\"p2\">Sinopsis. <span class=\"s1\">Me llamo Dimitri Paredes Roca y tengo casi catorce a\u00f1os. Me pusieron as\u00ed porque a mis pap\u00e1s les fascina la m\u00fasica cl\u00e1sica, en particular los compositores rusos. Pero a m\u00ed me encanta el rock y el futbol. Basta entrar a mi cuarto para comprobarlo: \u00a1lo tengo lleno de posters! Hace exactamente una semana, mi pap\u00e1 recibi\u00f3 una curiosa carta \u2014que yo no tendr\u00eda que haber le\u00eddo\u2014 con un caso por resolver. \u00bfC\u00f3mo resistirse a un misterio que involucra un poco de riesgo y con el equinoccio de primavera como l\u00edmite para descifrar? \u00a1Justo como los que resuelve Sherlock Holmes, mi detective favorito!<\/span><\/p>\n<\/div>\n","protected":false},"featured_media":5971,"template":"","meta":[],"product_brand":[],"product_cat":[15],"product_tag":[],"class_list":{"0":"post-5970","1":"product","2":"type-product","3":"status-publish","4":"has-post-thumbnail","6":"product_cat-catalogo","7":"pa_novedad-novedades","9":"first","10":"instock","11":"shipping-taxable","12":"purchasable","13":"product-type-simple"},"yoast_head":"<!-- This site is optimized with the Yoast SEO plugin v27.3 - https:\/\/yoast.com\/product\/yoast-seo-wordpress\/ -->\n<title>Los mil y un equinoccios - Tienda Ediciones El Naranjo<\/title>\n<meta name=\"description\" content=\"Me llamo Dimitri Paredes Roca y tengo casi catorce a\u00f1os. Me pusieron as\u00ed porque a mis pap\u00e1s les fascina la m\u00fasica cl\u00e1sica, en particular los compositores rusos. Pero a m\u00ed me encanta el rock y el futbol. Basta entrar a mi cuarto para comprobarlo: \u00a1lo tengo lleno de posters! Hace exactamente una semana, mi pap\u00e1 recibi\u00f3 una curiosa carta \u2014que yo no tendr\u00eda que haber le\u00eddo\u2014 con un caso por resolver. \u00bfC\u00f3mo resistirse a un misterio que involucra un poco de riesgo y con el equinoccio de primavera como l\u00edmite para descifrar? \u00a1Justo como los que resuelve Sherlock Holmes, mi detective favorito!\" \/>\n<meta name=\"robots\" content=\"index, follow, max-snippet:-1, max-image-preview:large, max-video-preview:-1\" \/>\n<link rel=\"canonical\" href=\"https:\/\/edicioneselnaranjo.com.mx\/tienda\/producto\/los-mil-y-un-equinoccios\/\" \/>\n<meta property=\"og:locale\" content=\"es_MX\" \/>\n<meta property=\"og:type\" content=\"article\" \/>\n<meta property=\"og:title\" content=\"Los mil y un equinoccios - Tienda Ediciones El Naranjo\" \/>\n<meta property=\"og:description\" content=\"Me llamo Dimitri Paredes Roca y tengo casi catorce a\u00f1os. Me pusieron as\u00ed porque a mis pap\u00e1s les fascina la m\u00fasica cl\u00e1sica, en particular los compositores rusos. Pero a m\u00ed me encanta el rock y el futbol. Basta entrar a mi cuarto para comprobarlo: \u00a1lo tengo lleno de posters! Hace exactamente una semana, mi pap\u00e1 recibi\u00f3 una curiosa carta \u2014que yo no tendr\u00eda que haber le\u00eddo\u2014 con un caso por resolver. \u00bfC\u00f3mo resistirse a un misterio que involucra un poco de riesgo y con el equinoccio de primavera como l\u00edmite para descifrar? \u00a1Justo como los que resuelve Sherlock Holmes, mi detective favorito!\" \/>\n<meta property=\"og:url\" content=\"https:\/\/edicioneselnaranjo.com.mx\/tienda\/producto\/los-mil-y-un-equinoccios\/\" \/>\n<meta property=\"og:site_name\" content=\"Tienda Ediciones El Naranjo\" \/>\n<meta property=\"article:modified_time\" content=\"2026-03-28T20:37:50+00:00\" \/>\n<meta property=\"og:image\" content=\"https:\/\/edicioneselnaranjo.com.mx\/tienda\/wp-content\/uploads\/2024\/10\/p-mil-equinoccios.jpg\" \/>\n\t<meta property=\"og:image:width\" content=\"900\" \/>\n\t<meta property=\"og:image:height\" content=\"900\" \/>\n\t<meta property=\"og:image:type\" content=\"image\/jpeg\" \/>\n<meta name=\"twitter:card\" content=\"summary_large_image\" \/>\n<meta name=\"twitter:label1\" content=\"Tiempo de lectura\" \/>\n\t<meta name=\"twitter:data1\" content=\"1 minuto\" \/>\n<script type=\"application\/ld+json\" class=\"yoast-schema-graph\">{\"@context\":\"https:\\\/\\\/schema.org\",\"@graph\":[{\"@type\":\"WebPage\",\"@id\":\"https:\\\/\\\/edicioneselnaranjo.com.mx\\\/tienda\\\/producto\\\/los-mil-y-un-equinoccios\\\/\",\"url\":\"https:\\\/\\\/edicioneselnaranjo.com.mx\\\/tienda\\\/producto\\\/los-mil-y-un-equinoccios\\\/\",\"name\":\"Los mil y un equinoccios - Tienda Ediciones El Naranjo\",\"isPartOf\":{\"@id\":\"https:\\\/\\\/edicioneselnaranjo.com.mx\\\/tienda\\\/#website\"},\"primaryImageOfPage\":{\"@id\":\"https:\\\/\\\/edicioneselnaranjo.com.mx\\\/tienda\\\/producto\\\/los-mil-y-un-equinoccios\\\/#primaryimage\"},\"image\":{\"@id\":\"https:\\\/\\\/edicioneselnaranjo.com.mx\\\/tienda\\\/producto\\\/los-mil-y-un-equinoccios\\\/#primaryimage\"},\"thumbnailUrl\":\"https:\\\/\\\/edicioneselnaranjo.com.mx\\\/tienda\\\/wp-content\\\/uploads\\\/2024\\\/10\\\/p-mil-equinoccios.jpg\",\"datePublished\":\"2024-10-23T20:49:28+00:00\",\"dateModified\":\"2026-03-28T20:37:50+00:00\",\"description\":\"Me llamo Dimitri Paredes Roca y tengo casi catorce a\u00f1os. Me pusieron as\u00ed porque a mis pap\u00e1s les fascina la m\u00fasica cl\u00e1sica, en particular los compositores rusos. Pero a m\u00ed me encanta el rock y el futbol. Basta entrar a mi cuarto para comprobarlo: \u00a1lo tengo lleno de posters! Hace exactamente una semana, mi pap\u00e1 recibi\u00f3 una curiosa carta \u2014que yo no tendr\u00eda que haber le\u00eddo\u2014 con un caso por resolver. \u00bfC\u00f3mo resistirse a un misterio que involucra un poco de riesgo y con el equinoccio de primavera como l\u00edmite para descifrar? \u00a1Justo como los que resuelve Sherlock Holmes, mi detective favorito!\",\"breadcrumb\":{\"@id\":\"https:\\\/\\\/edicioneselnaranjo.com.mx\\\/tienda\\\/producto\\\/los-mil-y-un-equinoccios\\\/#breadcrumb\"},\"inLanguage\":\"es\",\"potentialAction\":[{\"@type\":\"ReadAction\",\"target\":[\"https:\\\/\\\/edicioneselnaranjo.com.mx\\\/tienda\\\/producto\\\/los-mil-y-un-equinoccios\\\/\"]}]},{\"@type\":\"ImageObject\",\"inLanguage\":\"es\",\"@id\":\"https:\\\/\\\/edicioneselnaranjo.com.mx\\\/tienda\\\/producto\\\/los-mil-y-un-equinoccios\\\/#primaryimage\",\"url\":\"https:\\\/\\\/edicioneselnaranjo.com.mx\\\/tienda\\\/wp-content\\\/uploads\\\/2024\\\/10\\\/p-mil-equinoccios.jpg\",\"contentUrl\":\"https:\\\/\\\/edicioneselnaranjo.com.mx\\\/tienda\\\/wp-content\\\/uploads\\\/2024\\\/10\\\/p-mil-equinoccios.jpg\",\"width\":900,\"height\":900},{\"@type\":\"BreadcrumbList\",\"@id\":\"https:\\\/\\\/edicioneselnaranjo.com.mx\\\/tienda\\\/producto\\\/los-mil-y-un-equinoccios\\\/#breadcrumb\",\"itemListElement\":[{\"@type\":\"ListItem\",\"position\":1,\"name\":\"Inicio\",\"item\":\"https:\\\/\\\/edicioneselnaranjo.com.mx\\\/tienda\\\/\"},{\"@type\":\"ListItem\",\"position\":2,\"name\":\"Los mil y un equinoccios\"}]},{\"@type\":\"WebSite\",\"@id\":\"https:\\\/\\\/edicioneselnaranjo.com.mx\\\/tienda\\\/#website\",\"url\":\"https:\\\/\\\/edicioneselnaranjo.com.mx\\\/tienda\\\/\",\"name\":\"Tienda Ediciones El Naranjo\",\"description\":\"Tienda en l&iacute;nea de Ediciones El Naranjo\",\"publisher\":{\"@id\":\"https:\\\/\\\/edicioneselnaranjo.com.mx\\\/tienda\\\/#organization\"},\"potentialAction\":[{\"@type\":\"SearchAction\",\"target\":{\"@type\":\"EntryPoint\",\"urlTemplate\":\"https:\\\/\\\/edicioneselnaranjo.com.mx\\\/tienda\\\/?s={search_term_string}\"},\"query-input\":{\"@type\":\"PropertyValueSpecification\",\"valueRequired\":true,\"valueName\":\"search_term_string\"}}],\"inLanguage\":\"es\"},{\"@type\":\"Organization\",\"@id\":\"https:\\\/\\\/edicioneselnaranjo.com.mx\\\/tienda\\\/#organization\",\"name\":\"Tienda Ediciones El Naranjo\",\"url\":\"https:\\\/\\\/edicioneselnaranjo.com.mx\\\/tienda\\\/\",\"logo\":{\"@type\":\"ImageObject\",\"inLanguage\":\"es\",\"@id\":\"https:\\\/\\\/edicioneselnaranjo.com.mx\\\/tienda\\\/#\\\/schema\\\/logo\\\/image\\\/\",\"url\":\"https:\\\/\\\/edicioneselnaranjo.com.mx\\\/tienda\\\/wp-content\\\/uploads\\\/2020\\\/09\\\/logo-imagen-tienda.png\",\"contentUrl\":\"https:\\\/\\\/edicioneselnaranjo.com.mx\\\/tienda\\\/wp-content\\\/uploads\\\/2020\\\/09\\\/logo-imagen-tienda.png\",\"width\":700,\"height\":140,\"caption\":\"Tienda Ediciones El Naranjo\"},\"image\":{\"@id\":\"https:\\\/\\\/edicioneselnaranjo.com.mx\\\/tienda\\\/#\\\/schema\\\/logo\\\/image\\\/\"}}]}<\/script>\n<!-- \/ Yoast SEO plugin. -->","yoast_head_json":{"title":"Los mil y un equinoccios - Tienda Ediciones El Naranjo","description":"Me llamo Dimitri Paredes Roca y tengo casi catorce a\u00f1os. Me pusieron as\u00ed porque a mis pap\u00e1s les fascina la m\u00fasica cl\u00e1sica, en particular los compositores rusos. Pero a m\u00ed me encanta el rock y el futbol. Basta entrar a mi cuarto para comprobarlo: \u00a1lo tengo lleno de posters! Hace exactamente una semana, mi pap\u00e1 recibi\u00f3 una curiosa carta \u2014que yo no tendr\u00eda que haber le\u00eddo\u2014 con un caso por resolver. \u00bfC\u00f3mo resistirse a un misterio que involucra un poco de riesgo y con el equinoccio de primavera como l\u00edmite para descifrar? \u00a1Justo como los que resuelve Sherlock Holmes, mi detective favorito!","robots":{"index":"index","follow":"follow","max-snippet":"max-snippet:-1","max-image-preview":"max-image-preview:large","max-video-preview":"max-video-preview:-1"},"canonical":"https:\/\/edicioneselnaranjo.com.mx\/tienda\/producto\/los-mil-y-un-equinoccios\/","og_locale":"es_MX","og_type":"article","og_title":"Los mil y un equinoccios - Tienda Ediciones El Naranjo","og_description":"Me llamo Dimitri Paredes Roca y tengo casi catorce a\u00f1os. Me pusieron as\u00ed porque a mis pap\u00e1s les fascina la m\u00fasica cl\u00e1sica, en particular los compositores rusos. Pero a m\u00ed me encanta el rock y el futbol. Basta entrar a mi cuarto para comprobarlo: \u00a1lo tengo lleno de posters! Hace exactamente una semana, mi pap\u00e1 recibi\u00f3 una curiosa carta \u2014que yo no tendr\u00eda que haber le\u00eddo\u2014 con un caso por resolver. \u00bfC\u00f3mo resistirse a un misterio que involucra un poco de riesgo y con el equinoccio de primavera como l\u00edmite para descifrar? \u00a1Justo como los que resuelve Sherlock Holmes, mi detective favorito!","og_url":"https:\/\/edicioneselnaranjo.com.mx\/tienda\/producto\/los-mil-y-un-equinoccios\/","og_site_name":"Tienda Ediciones El Naranjo","article_modified_time":"2026-03-28T20:37:50+00:00","og_image":[{"width":900,"height":900,"url":"https:\/\/edicioneselnaranjo.com.mx\/tienda\/wp-content\/uploads\/2024\/10\/p-mil-equinoccios.jpg","type":"image\/jpeg"}],"twitter_card":"summary_large_image","twitter_misc":{"Tiempo de lectura":"1 minuto"},"schema":{"@context":"https:\/\/schema.org","@graph":[{"@type":"WebPage","@id":"https:\/\/edicioneselnaranjo.com.mx\/tienda\/producto\/los-mil-y-un-equinoccios\/","url":"https:\/\/edicioneselnaranjo.com.mx\/tienda\/producto\/los-mil-y-un-equinoccios\/","name":"Los mil y un equinoccios - Tienda Ediciones El Naranjo","isPartOf":{"@id":"https:\/\/edicioneselnaranjo.com.mx\/tienda\/#website"},"primaryImageOfPage":{"@id":"https:\/\/edicioneselnaranjo.com.mx\/tienda\/producto\/los-mil-y-un-equinoccios\/#primaryimage"},"image":{"@id":"https:\/\/edicioneselnaranjo.com.mx\/tienda\/producto\/los-mil-y-un-equinoccios\/#primaryimage"},"thumbnailUrl":"https:\/\/edicioneselnaranjo.com.mx\/tienda\/wp-content\/uploads\/2024\/10\/p-mil-equinoccios.jpg","datePublished":"2024-10-23T20:49:28+00:00","dateModified":"2026-03-28T20:37:50+00:00","description":"Me llamo Dimitri Paredes Roca y tengo casi catorce a\u00f1os. Me pusieron as\u00ed porque a mis pap\u00e1s les fascina la m\u00fasica cl\u00e1sica, en particular los compositores rusos. Pero a m\u00ed me encanta el rock y el futbol. Basta entrar a mi cuarto para comprobarlo: \u00a1lo tengo lleno de posters! Hace exactamente una semana, mi pap\u00e1 recibi\u00f3 una curiosa carta \u2014que yo no tendr\u00eda que haber le\u00eddo\u2014 con un caso por resolver. \u00bfC\u00f3mo resistirse a un misterio que involucra un poco de riesgo y con el equinoccio de primavera como l\u00edmite para descifrar? \u00a1Justo como los que resuelve Sherlock Holmes, mi detective favorito!","breadcrumb":{"@id":"https:\/\/edicioneselnaranjo.com.mx\/tienda\/producto\/los-mil-y-un-equinoccios\/#breadcrumb"},"inLanguage":"es","potentialAction":[{"@type":"ReadAction","target":["https:\/\/edicioneselnaranjo.com.mx\/tienda\/producto\/los-mil-y-un-equinoccios\/"]}]},{"@type":"ImageObject","inLanguage":"es","@id":"https:\/\/edicioneselnaranjo.com.mx\/tienda\/producto\/los-mil-y-un-equinoccios\/#primaryimage","url":"https:\/\/edicioneselnaranjo.com.mx\/tienda\/wp-content\/uploads\/2024\/10\/p-mil-equinoccios.jpg","contentUrl":"https:\/\/edicioneselnaranjo.com.mx\/tienda\/wp-content\/uploads\/2024\/10\/p-mil-equinoccios.jpg","width":900,"height":900},{"@type":"BreadcrumbList","@id":"https:\/\/edicioneselnaranjo.com.mx\/tienda\/producto\/los-mil-y-un-equinoccios\/#breadcrumb","itemListElement":[{"@type":"ListItem","position":1,"name":"Inicio","item":"https:\/\/edicioneselnaranjo.com.mx\/tienda\/"},{"@type":"ListItem","position":2,"name":"Los mil y un equinoccios"}]},{"@type":"WebSite","@id":"https:\/\/edicioneselnaranjo.com.mx\/tienda\/#website","url":"https:\/\/edicioneselnaranjo.com.mx\/tienda\/","name":"Tienda Ediciones El Naranjo","description":"Tienda en l&iacute;nea de Ediciones El Naranjo","publisher":{"@id":"https:\/\/edicioneselnaranjo.com.mx\/tienda\/#organization"},"potentialAction":[{"@type":"SearchAction","target":{"@type":"EntryPoint","urlTemplate":"https:\/\/edicioneselnaranjo.com.mx\/tienda\/?s={search_term_string}"},"query-input":{"@type":"PropertyValueSpecification","valueRequired":true,"valueName":"search_term_string"}}],"inLanguage":"es"},{"@type":"Organization","@id":"https:\/\/edicioneselnaranjo.com.mx\/tienda\/#organization","name":"Tienda Ediciones El Naranjo","url":"https:\/\/edicioneselnaranjo.com.mx\/tienda\/","logo":{"@type":"ImageObject","inLanguage":"es","@id":"https:\/\/edicioneselnaranjo.com.mx\/tienda\/#\/schema\/logo\/image\/","url":"https:\/\/edicioneselnaranjo.com.mx\/tienda\/wp-content\/uploads\/2020\/09\/logo-imagen-tienda.png","contentUrl":"https:\/\/edicioneselnaranjo.com.mx\/tienda\/wp-content\/uploads\/2020\/09\/logo-imagen-tienda.png","width":700,"height":140,"caption":"Tienda Ediciones El Naranjo"},"image":{"@id":"https:\/\/edicioneselnaranjo.com.mx\/tienda\/#\/schema\/logo\/image\/"}}]}},"_links":{"self":[{"href":"https:\/\/edicioneselnaranjo.com.mx\/tienda\/wp-json\/wp\/v2\/product\/5970","targetHints":{"allow":["GET"]}}],"collection":[{"href":"https:\/\/edicioneselnaranjo.com.mx\/tienda\/wp-json\/wp\/v2\/product"}],"about":[{"href":"https:\/\/edicioneselnaranjo.com.mx\/tienda\/wp-json\/wp\/v2\/types\/product"}],"wp:featuredmedia":[{"embeddable":true,"href":"https:\/\/edicioneselnaranjo.com.mx\/tienda\/wp-json\/wp\/v2\/media\/5971"}],"wp:attachment":[{"href":"https:\/\/edicioneselnaranjo.com.mx\/tienda\/wp-json\/wp\/v2\/media?parent=5970"}],"wp:term":[{"taxonomy":"product_brand","embeddable":true,"href":"https:\/\/edicioneselnaranjo.com.mx\/tienda\/wp-json\/wp\/v2\/product_brand?post=5970"},{"taxonomy":"product_cat","embeddable":true,"href":"https:\/\/edicioneselnaranjo.com.mx\/tienda\/wp-json\/wp\/v2\/product_cat?post=5970"},{"taxonomy":"product_tag","embeddable":true,"href":"https:\/\/edicioneselnaranjo.com.mx\/tienda\/wp-json\/wp\/v2\/product_tag?post=5970"}],"curies":[{"name":"wp","href":"https:\/\/api.w.org\/{rel}","templated":true}]}}