{"id":5846,"date":"2024-07-24T15:18:34","date_gmt":"2024-07-24T21:18:34","guid":{"rendered":"https:\/\/edicioneselnaranjo.com.mx\/tienda\/?post_type=product&#038;p=5846"},"modified":"2026-03-19T16:27:15","modified_gmt":"2026-03-19T22:27:15","slug":"el-extrano-legado-del-abuelo","status":"publish","type":"product","link":"https:\/\/edicioneselnaranjo.com.mx\/tienda\/producto\/el-extrano-legado-del-abuelo\/","title":{"rendered":"El extra\u00f1o legado del abuelo"},"content":{"rendered":"<table>\n<tbody>\n<tr>\n<td>G\u00e9nero<\/td>\n<td>Novela<\/td>\n<\/tr>\n<tr>\n<td>Encuadernaci\u00f3n<\/td>\n<td>R\u00fastica<\/td>\n<\/tr>\n<tr>\n<td>A\u00f1o<\/td>\n<td>2024<\/td>\n<\/tr>\n<tr>\n<td>Edici\u00f3n<\/td>\n<td>Primera<\/td>\n<\/tr>\n<tr>\n<td>P\u00e1ginas<\/td>\n<td>160 pp.<\/td>\n<\/tr>\n<tr>\n<td>Formato<\/td>\n<td>15 x 21 cm<\/td>\n<\/tr>\n<tr>\n<td>Impresi\u00f3n<\/td>\n<td>Cuatricom\u00eda<\/td>\n<\/tr>\n<tr>\n<td>Peso<\/td>\n<td>245 gramos<\/td>\n<\/tr>\n<tr>\n<td>ISBN<\/td>\n<td>978-607-8807-61-1<\/td>\n<\/tr>\n<tr>\n<td>Sello editorial<\/td>\n<td>Ediciones El Naranjo<\/td>\n<\/tr>\n<\/tbody>\n<\/table>\n","protected":false},"excerpt":{"rendered":"<div class=\"serif rplcr-container\">Texto de \u00d3scar Mart\u00ednez V\u00e9lez y Joaqu\u00edn Casasola<\/div>\n<div class=\"serif rplcr-container\">\n<p>Ilustraciones de Israel Barr\u00f3n<\/p>\n<hr \/>\n<p class=\"p2\">Sinopsis. A sus doce a\u00f1os, Daniel Piedra cre\u00eda que era un chico com\u00fan y corriente, hasta que, tras la muerte de su abuelo, descubre muchos de los secretos de su familia\u2026 y la herencia que \u00e9ste le dej\u00f3. Entonces, casi de manera accidental, se enfrenta a enemigos que conocen sus or\u00edgenes familiares, al mismo tiempo que dos chicas singulares pero distintas entre s\u00ed se cruzan en su camino, lo que hace su vida m\u00e1s complicada aunque divertida.<\/p>\n<\/div>\n","protected":false},"featured_media":5880,"template":"","meta":[],"product_brand":[],"product_cat":[15],"product_tag":[],"class_list":{"0":"post-5846","1":"product","2":"type-product","3":"status-publish","4":"has-post-thumbnail","6":"product_cat-catalogo","7":"pa_edad-12-a-14-anos","8":"pa_edad-15-en-adelante","9":"pa_editorial-ediciones-el-naranjo","11":"first","12":"instock","13":"shipping-taxable","14":"purchasable","15":"product-type-simple"},"yoast_head":"<!-- This site is optimized with the Yoast SEO plugin v27.4 - https:\/\/yoast.com\/product\/yoast-seo-wordpress\/ -->\n<title>El extra\u00f1o legado del abuelo - Tienda Ediciones El Naranjo<\/title>\n<meta name=\"robots\" content=\"index, follow, max-snippet:-1, max-image-preview:large, max-video-preview:-1\" \/>\n<link rel=\"canonical\" href=\"https:\/\/edicioneselnaranjo.com.mx\/tienda\/producto\/el-extrano-legado-del-abuelo\/\" \/>\n<meta property=\"og:locale\" content=\"es_MX\" \/>\n<meta property=\"og:type\" content=\"article\" \/>\n<meta property=\"og:title\" content=\"El extra\u00f1o legado del abuelo - Tienda Ediciones El Naranjo\" \/>\n<meta property=\"og:description\" content=\"Texto de \u00d3scar Mart\u00ednez V\u00e9lez y Joaqu\u00edn Casasola   Ilustraciones de Israel Barr\u00f3n   Sinopsis. A sus doce a\u00f1os, Daniel Piedra cre\u00eda que era un chico com\u00fan y corriente, hasta que, tras la muerte de su abuelo, descubre muchos de los secretos de su familia\u2026 y la herencia que \u00e9ste le dej\u00f3. Entonces, casi de manera accidental, se enfrenta a enemigos que conocen sus or\u00edgenes familiares, al mismo tiempo que dos chicas singulares pero distintas entre s\u00ed se cruzan en su camino, lo que hace su vida m\u00e1s complicada aunque divertida.\" \/>\n<meta property=\"og:url\" content=\"https:\/\/edicioneselnaranjo.com.mx\/tienda\/producto\/el-extrano-legado-del-abuelo\/\" \/>\n<meta property=\"og:site_name\" content=\"Tienda Ediciones El Naranjo\" \/>\n<meta property=\"article:modified_time\" content=\"2026-03-19T22:27:15+00:00\" \/>\n<meta property=\"og:image\" content=\"https:\/\/edicioneselnaranjo.com.mx\/tienda\/wp-content\/uploads\/2024\/07\/Portadas-tienda-en-linea.jpg\" \/>\n\t<meta property=\"og:image:width\" content=\"900\" \/>\n\t<meta property=\"og:image:height\" content=\"900\" \/>\n\t<meta property=\"og:image:type\" content=\"image\/jpeg\" \/>\n<meta name=\"twitter:card\" content=\"summary_large_image\" \/>\n<meta name=\"twitter:label1\" content=\"Tiempo de lectura\" \/>\n\t<meta name=\"twitter:data1\" content=\"1 minuto\" \/>\n<script type=\"application\/ld+json\" class=\"yoast-schema-graph\">{\"@context\":\"https:\\\/\\\/schema.org\",\"@graph\":[{\"@type\":\"WebPage\",\"@id\":\"https:\\\/\\\/edicioneselnaranjo.com.mx\\\/tienda\\\/producto\\\/el-extrano-legado-del-abuelo\\\/\",\"url\":\"https:\\\/\\\/edicioneselnaranjo.com.mx\\\/tienda\\\/producto\\\/el-extrano-legado-del-abuelo\\\/\",\"name\":\"El extra\u00f1o legado del abuelo - Tienda Ediciones El Naranjo\",\"isPartOf\":{\"@id\":\"https:\\\/\\\/edicioneselnaranjo.com.mx\\\/tienda\\\/#website\"},\"primaryImageOfPage\":{\"@id\":\"https:\\\/\\\/edicioneselnaranjo.com.mx\\\/tienda\\\/producto\\\/el-extrano-legado-del-abuelo\\\/#primaryimage\"},\"image\":{\"@id\":\"https:\\\/\\\/edicioneselnaranjo.com.mx\\\/tienda\\\/producto\\\/el-extrano-legado-del-abuelo\\\/#primaryimage\"},\"thumbnailUrl\":\"https:\\\/\\\/edicioneselnaranjo.com.mx\\\/tienda\\\/wp-content\\\/uploads\\\/2024\\\/07\\\/Portadas-tienda-en-linea.jpg\",\"datePublished\":\"2024-07-24T21:18:34+00:00\",\"dateModified\":\"2026-03-19T22:27:15+00:00\",\"breadcrumb\":{\"@id\":\"https:\\\/\\\/edicioneselnaranjo.com.mx\\\/tienda\\\/producto\\\/el-extrano-legado-del-abuelo\\\/#breadcrumb\"},\"inLanguage\":\"es\",\"potentialAction\":[{\"@type\":\"ReadAction\",\"target\":[\"https:\\\/\\\/edicioneselnaranjo.com.mx\\\/tienda\\\/producto\\\/el-extrano-legado-del-abuelo\\\/\"]}]},{\"@type\":\"ImageObject\",\"inLanguage\":\"es\",\"@id\":\"https:\\\/\\\/edicioneselnaranjo.com.mx\\\/tienda\\\/producto\\\/el-extrano-legado-del-abuelo\\\/#primaryimage\",\"url\":\"https:\\\/\\\/edicioneselnaranjo.com.mx\\\/tienda\\\/wp-content\\\/uploads\\\/2024\\\/07\\\/Portadas-tienda-en-linea.jpg\",\"contentUrl\":\"https:\\\/\\\/edicioneselnaranjo.com.mx\\\/tienda\\\/wp-content\\\/uploads\\\/2024\\\/07\\\/Portadas-tienda-en-linea.jpg\",\"width\":900,\"height\":900,\"caption\":\"extra\u00f1o_legado_del_abuelo_portada\"},{\"@type\":\"BreadcrumbList\",\"@id\":\"https:\\\/\\\/edicioneselnaranjo.com.mx\\\/tienda\\\/producto\\\/el-extrano-legado-del-abuelo\\\/#breadcrumb\",\"itemListElement\":[{\"@type\":\"ListItem\",\"position\":1,\"name\":\"Inicio\",\"item\":\"https:\\\/\\\/edicioneselnaranjo.com.mx\\\/tienda\\\/\"},{\"@type\":\"ListItem\",\"position\":2,\"name\":\"El extra\u00f1o legado del abuelo\"}]},{\"@type\":\"WebSite\",\"@id\":\"https:\\\/\\\/edicioneselnaranjo.com.mx\\\/tienda\\\/#website\",\"url\":\"https:\\\/\\\/edicioneselnaranjo.com.mx\\\/tienda\\\/\",\"name\":\"Tienda Ediciones El Naranjo\",\"description\":\"Tienda en l&iacute;nea de Ediciones El Naranjo\",\"publisher\":{\"@id\":\"https:\\\/\\\/edicioneselnaranjo.com.mx\\\/tienda\\\/#organization\"},\"potentialAction\":[{\"@type\":\"SearchAction\",\"target\":{\"@type\":\"EntryPoint\",\"urlTemplate\":\"https:\\\/\\\/edicioneselnaranjo.com.mx\\\/tienda\\\/?s={search_term_string}\"},\"query-input\":{\"@type\":\"PropertyValueSpecification\",\"valueRequired\":true,\"valueName\":\"search_term_string\"}}],\"inLanguage\":\"es\"},{\"@type\":\"Organization\",\"@id\":\"https:\\\/\\\/edicioneselnaranjo.com.mx\\\/tienda\\\/#organization\",\"name\":\"Tienda Ediciones El Naranjo\",\"url\":\"https:\\\/\\\/edicioneselnaranjo.com.mx\\\/tienda\\\/\",\"logo\":{\"@type\":\"ImageObject\",\"inLanguage\":\"es\",\"@id\":\"https:\\\/\\\/edicioneselnaranjo.com.mx\\\/tienda\\\/#\\\/schema\\\/logo\\\/image\\\/\",\"url\":\"https:\\\/\\\/edicioneselnaranjo.com.mx\\\/tienda\\\/wp-content\\\/uploads\\\/2020\\\/09\\\/logo-imagen-tienda.png\",\"contentUrl\":\"https:\\\/\\\/edicioneselnaranjo.com.mx\\\/tienda\\\/wp-content\\\/uploads\\\/2020\\\/09\\\/logo-imagen-tienda.png\",\"width\":700,\"height\":140,\"caption\":\"Tienda Ediciones El Naranjo\"},\"image\":{\"@id\":\"https:\\\/\\\/edicioneselnaranjo.com.mx\\\/tienda\\\/#\\\/schema\\\/logo\\\/image\\\/\"}}]}<\/script>\n<!-- \/ Yoast SEO plugin. -->","yoast_head_json":{"title":"El extra\u00f1o legado del abuelo - Tienda Ediciones El Naranjo","robots":{"index":"index","follow":"follow","max-snippet":"max-snippet:-1","max-image-preview":"max-image-preview:large","max-video-preview":"max-video-preview:-1"},"canonical":"https:\/\/edicioneselnaranjo.com.mx\/tienda\/producto\/el-extrano-legado-del-abuelo\/","og_locale":"es_MX","og_type":"article","og_title":"El extra\u00f1o legado del abuelo - Tienda Ediciones El Naranjo","og_description":"Texto de \u00d3scar Mart\u00ednez V\u00e9lez y Joaqu\u00edn Casasola   Ilustraciones de Israel Barr\u00f3n   Sinopsis. A sus doce a\u00f1os, Daniel Piedra cre\u00eda que era un chico com\u00fan y corriente, hasta que, tras la muerte de su abuelo, descubre muchos de los secretos de su familia\u2026 y la herencia que \u00e9ste le dej\u00f3. Entonces, casi de manera accidental, se enfrenta a enemigos que conocen sus or\u00edgenes familiares, al mismo tiempo que dos chicas singulares pero distintas entre s\u00ed se cruzan en su camino, lo que hace su vida m\u00e1s complicada aunque divertida.","og_url":"https:\/\/edicioneselnaranjo.com.mx\/tienda\/producto\/el-extrano-legado-del-abuelo\/","og_site_name":"Tienda Ediciones El Naranjo","article_modified_time":"2026-03-19T22:27:15+00:00","og_image":[{"width":900,"height":900,"url":"https:\/\/edicioneselnaranjo.com.mx\/tienda\/wp-content\/uploads\/2024\/07\/Portadas-tienda-en-linea.jpg","type":"image\/jpeg"}],"twitter_card":"summary_large_image","twitter_misc":{"Tiempo de lectura":"1 minuto"},"schema":{"@context":"https:\/\/schema.org","@graph":[{"@type":"WebPage","@id":"https:\/\/edicioneselnaranjo.com.mx\/tienda\/producto\/el-extrano-legado-del-abuelo\/","url":"https:\/\/edicioneselnaranjo.com.mx\/tienda\/producto\/el-extrano-legado-del-abuelo\/","name":"El extra\u00f1o legado del abuelo - Tienda Ediciones El Naranjo","isPartOf":{"@id":"https:\/\/edicioneselnaranjo.com.mx\/tienda\/#website"},"primaryImageOfPage":{"@id":"https:\/\/edicioneselnaranjo.com.mx\/tienda\/producto\/el-extrano-legado-del-abuelo\/#primaryimage"},"image":{"@id":"https:\/\/edicioneselnaranjo.com.mx\/tienda\/producto\/el-extrano-legado-del-abuelo\/#primaryimage"},"thumbnailUrl":"https:\/\/edicioneselnaranjo.com.mx\/tienda\/wp-content\/uploads\/2024\/07\/Portadas-tienda-en-linea.jpg","datePublished":"2024-07-24T21:18:34+00:00","dateModified":"2026-03-19T22:27:15+00:00","breadcrumb":{"@id":"https:\/\/edicioneselnaranjo.com.mx\/tienda\/producto\/el-extrano-legado-del-abuelo\/#breadcrumb"},"inLanguage":"es","potentialAction":[{"@type":"ReadAction","target":["https:\/\/edicioneselnaranjo.com.mx\/tienda\/producto\/el-extrano-legado-del-abuelo\/"]}]},{"@type":"ImageObject","inLanguage":"es","@id":"https:\/\/edicioneselnaranjo.com.mx\/tienda\/producto\/el-extrano-legado-del-abuelo\/#primaryimage","url":"https:\/\/edicioneselnaranjo.com.mx\/tienda\/wp-content\/uploads\/2024\/07\/Portadas-tienda-en-linea.jpg","contentUrl":"https:\/\/edicioneselnaranjo.com.mx\/tienda\/wp-content\/uploads\/2024\/07\/Portadas-tienda-en-linea.jpg","width":900,"height":900,"caption":"extra\u00f1o_legado_del_abuelo_portada"},{"@type":"BreadcrumbList","@id":"https:\/\/edicioneselnaranjo.com.mx\/tienda\/producto\/el-extrano-legado-del-abuelo\/#breadcrumb","itemListElement":[{"@type":"ListItem","position":1,"name":"Inicio","item":"https:\/\/edicioneselnaranjo.com.mx\/tienda\/"},{"@type":"ListItem","position":2,"name":"El extra\u00f1o legado del abuelo"}]},{"@type":"WebSite","@id":"https:\/\/edicioneselnaranjo.com.mx\/tienda\/#website","url":"https:\/\/edicioneselnaranjo.com.mx\/tienda\/","name":"Tienda Ediciones El Naranjo","description":"Tienda en l&iacute;nea de Ediciones El Naranjo","publisher":{"@id":"https:\/\/edicioneselnaranjo.com.mx\/tienda\/#organization"},"potentialAction":[{"@type":"SearchAction","target":{"@type":"EntryPoint","urlTemplate":"https:\/\/edicioneselnaranjo.com.mx\/tienda\/?s={search_term_string}"},"query-input":{"@type":"PropertyValueSpecification","valueRequired":true,"valueName":"search_term_string"}}],"inLanguage":"es"},{"@type":"Organization","@id":"https:\/\/edicioneselnaranjo.com.mx\/tienda\/#organization","name":"Tienda Ediciones El Naranjo","url":"https:\/\/edicioneselnaranjo.com.mx\/tienda\/","logo":{"@type":"ImageObject","inLanguage":"es","@id":"https:\/\/edicioneselnaranjo.com.mx\/tienda\/#\/schema\/logo\/image\/","url":"https:\/\/edicioneselnaranjo.com.mx\/tienda\/wp-content\/uploads\/2020\/09\/logo-imagen-tienda.png","contentUrl":"https:\/\/edicioneselnaranjo.com.mx\/tienda\/wp-content\/uploads\/2020\/09\/logo-imagen-tienda.png","width":700,"height":140,"caption":"Tienda Ediciones El Naranjo"},"image":{"@id":"https:\/\/edicioneselnaranjo.com.mx\/tienda\/#\/schema\/logo\/image\/"}}]}},"_links":{"self":[{"href":"https:\/\/edicioneselnaranjo.com.mx\/tienda\/wp-json\/wp\/v2\/product\/5846","targetHints":{"allow":["GET"]}}],"collection":[{"href":"https:\/\/edicioneselnaranjo.com.mx\/tienda\/wp-json\/wp\/v2\/product"}],"about":[{"href":"https:\/\/edicioneselnaranjo.com.mx\/tienda\/wp-json\/wp\/v2\/types\/product"}],"wp:featuredmedia":[{"embeddable":true,"href":"https:\/\/edicioneselnaranjo.com.mx\/tienda\/wp-json\/wp\/v2\/media\/5880"}],"wp:attachment":[{"href":"https:\/\/edicioneselnaranjo.com.mx\/tienda\/wp-json\/wp\/v2\/media?parent=5846"}],"wp:term":[{"taxonomy":"product_brand","embeddable":true,"href":"https:\/\/edicioneselnaranjo.com.mx\/tienda\/wp-json\/wp\/v2\/product_brand?post=5846"},{"taxonomy":"product_cat","embeddable":true,"href":"https:\/\/edicioneselnaranjo.com.mx\/tienda\/wp-json\/wp\/v2\/product_cat?post=5846"},{"taxonomy":"product_tag","embeddable":true,"href":"https:\/\/edicioneselnaranjo.com.mx\/tienda\/wp-json\/wp\/v2\/product_tag?post=5846"}],"curies":[{"name":"wp","href":"https:\/\/api.w.org\/{rel}","templated":true}]}}