{"id":5813,"date":"2024-05-09T10:25:24","date_gmt":"2024-05-09T16:25:24","guid":{"rendered":"https:\/\/edicioneselnaranjo.com.mx\/tienda\/?post_type=product&#038;p=5813"},"modified":"2026-03-19T16:27:17","modified_gmt":"2026-03-19T22:27:17","slug":"segunda-llamada","status":"publish","type":"product","link":"https:\/\/edicioneselnaranjo.com.mx\/tienda\/producto\/segunda-llamada\/","title":{"rendered":"Segunda llamada"},"content":{"rendered":"<table>\n<tbody>\n<tr>\n<td>G\u00e9nero<\/td>\n<td>Novela<\/td>\n<\/tr>\n<tr>\n<td>Encuadernaci\u00f3n<\/td>\n<td>R\u00fastica<\/td>\n<\/tr>\n<tr>\n<td>A\u00f1o<\/td>\n<td>2024<\/td>\n<\/tr>\n<tr>\n<td>Edici\u00f3n<\/td>\n<td>Primera<\/td>\n<\/tr>\n<tr>\n<td>P\u00e1ginas<\/td>\n<td>336 pp.<\/td>\n<\/tr>\n<tr>\n<td>Formato<\/td>\n<td>15 x 21 cm<\/td>\n<\/tr>\n<tr>\n<td>Impresi\u00f3n<\/td>\n<td>2 tintas<\/td>\n<\/tr>\n<tr>\n<td>Peso<\/td>\n<td>330 gramos<\/td>\n<\/tr>\n<tr>\n<td>ISBN<\/td>\n<td>978-607-8807-58-1<\/td>\n<\/tr>\n<tr>\n<td>Sello editorial<\/td>\n<td>Ediciones El Naranjo<\/td>\n<\/tr>\n<\/tbody>\n<\/table>\n","protected":false},"excerpt":{"rendered":"<div class=\"serif rplcr-container\">\n<div class=\"lc-autores\">\n<div class=\"serif rplcr-container\">Texto de\u00a0<span class=\"orange\">M\u00f3nica B. Brozon<\/span><\/div>\n<div><\/div>\n<\/div>\n<div id=\"resumen\" class=\"serif justified\">In\u00e9s es una adolescente que, como muchas otras, est\u00e1 tratando de aterrizar en el mundo de los adultos y de comprender nuevas emociones junto con las ideas que le han inculcado. Y aunque quisiera tener una familia perfecta, como las de los anuncios, los golpes de la vida la desafiar\u00e1n a cuestionarse qu\u00e9 es lo que eso realmente significa. Quiz\u00e1 su abuela, amigos y su talento como cantante le dar\u00e1n la valent\u00eda necesaria para responder a su segunda llamada.<\/div>\n<\/div>\n","protected":false},"featured_media":6627,"template":"","meta":[],"product_brand":[],"product_cat":[15],"product_tag":[],"class_list":{"0":"post-5813","1":"product","2":"type-product","3":"status-publish","4":"has-post-thumbnail","6":"product_cat-catalogo","7":"pa_edad-15-en-adelante","8":"pa_premios-cuatrogatos","9":"pa_premios-thewhiteravens","11":"first","12":"instock","13":"shipping-taxable","14":"purchasable","15":"product-type-simple"},"yoast_head":"<!-- This site is optimized with the Yoast SEO plugin v27.4 - https:\/\/yoast.com\/product\/yoast-seo-wordpress\/ -->\n<title>Segunda llamada - Tienda Ediciones El Naranjo<\/title>\n<meta name=\"description\" content=\"In\u00e9s es una adolescente que, como muchas otras, est\u00e1 tratando de aterrizar en el mundo de los adultos y de comprender nuevas emociones junto con las ideas que le han inculcado. Y aunque quisiera tener una familia perfecta, como las de los anuncios, los golpes de la vida la desafiar\u00e1n a cuestionarse qu\u00e9 es lo que eso realmente significa. Quiz\u00e1 su abuela, amigos y su talento como cantante le dar\u00e1n la valent\u00eda necesaria para responder a su segunda llamada.\" \/>\n<meta name=\"robots\" content=\"index, follow, max-snippet:-1, max-image-preview:large, max-video-preview:-1\" \/>\n<link rel=\"canonical\" href=\"https:\/\/edicioneselnaranjo.com.mx\/tienda\/producto\/segunda-llamada\/\" \/>\n<meta property=\"og:locale\" content=\"es_MX\" \/>\n<meta property=\"og:type\" content=\"article\" \/>\n<meta property=\"og:title\" content=\"Segunda llamada - Tienda Ediciones El Naranjo\" \/>\n<meta property=\"og:description\" content=\"In\u00e9s es una adolescente que, como muchas otras, est\u00e1 tratando de aterrizar en el mundo de los adultos y de comprender nuevas emociones junto con las ideas que le han inculcado. Y aunque quisiera tener una familia perfecta, como las de los anuncios, los golpes de la vida la desafiar\u00e1n a cuestionarse qu\u00e9 es lo que eso realmente significa. Quiz\u00e1 su abuela, amigos y su talento como cantante le dar\u00e1n la valent\u00eda necesaria para responder a su segunda llamada.\" \/>\n<meta property=\"og:url\" content=\"https:\/\/edicioneselnaranjo.com.mx\/tienda\/producto\/segunda-llamada\/\" \/>\n<meta property=\"og:site_name\" content=\"Tienda Ediciones El Naranjo\" \/>\n<meta property=\"article:modified_time\" content=\"2026-03-19T22:27:17+00:00\" \/>\n<meta property=\"og:image\" content=\"https:\/\/edicioneselnaranjo.com.mx\/tienda\/wp-content\/uploads\/2024\/05\/p-segundallamada-1.jpg\" \/>\n\t<meta property=\"og:image:width\" content=\"900\" \/>\n\t<meta property=\"og:image:height\" content=\"900\" \/>\n\t<meta property=\"og:image:type\" content=\"image\/jpeg\" \/>\n<meta name=\"twitter:card\" content=\"summary_large_image\" \/>\n<meta name=\"twitter:label1\" content=\"Tiempo de lectura\" \/>\n\t<meta name=\"twitter:data1\" content=\"1 minuto\" \/>\n<script type=\"application\/ld+json\" class=\"yoast-schema-graph\">{\"@context\":\"https:\\\/\\\/schema.org\",\"@graph\":[{\"@type\":\"WebPage\",\"@id\":\"https:\\\/\\\/edicioneselnaranjo.com.mx\\\/tienda\\\/producto\\\/segunda-llamada\\\/\",\"url\":\"https:\\\/\\\/edicioneselnaranjo.com.mx\\\/tienda\\\/producto\\\/segunda-llamada\\\/\",\"name\":\"Segunda llamada - Tienda Ediciones El Naranjo\",\"isPartOf\":{\"@id\":\"https:\\\/\\\/edicioneselnaranjo.com.mx\\\/tienda\\\/#website\"},\"primaryImageOfPage\":{\"@id\":\"https:\\\/\\\/edicioneselnaranjo.com.mx\\\/tienda\\\/producto\\\/segunda-llamada\\\/#primaryimage\"},\"image\":{\"@id\":\"https:\\\/\\\/edicioneselnaranjo.com.mx\\\/tienda\\\/producto\\\/segunda-llamada\\\/#primaryimage\"},\"thumbnailUrl\":\"https:\\\/\\\/edicioneselnaranjo.com.mx\\\/tienda\\\/wp-content\\\/uploads\\\/2024\\\/05\\\/p-segundallamada-1.jpg\",\"datePublished\":\"2024-05-09T16:25:24+00:00\",\"dateModified\":\"2026-03-19T22:27:17+00:00\",\"description\":\"In\u00e9s es una adolescente que, como muchas otras, est\u00e1 tratando de aterrizar en el mundo de los adultos y de comprender nuevas emociones junto con las ideas que le han inculcado. Y aunque quisiera tener una familia perfecta, como las de los anuncios, los golpes de la vida la desafiar\u00e1n a cuestionarse qu\u00e9 es lo que eso realmente significa. Quiz\u00e1 su abuela, amigos y su talento como cantante le dar\u00e1n la valent\u00eda necesaria para responder a su segunda llamada.\",\"breadcrumb\":{\"@id\":\"https:\\\/\\\/edicioneselnaranjo.com.mx\\\/tienda\\\/producto\\\/segunda-llamada\\\/#breadcrumb\"},\"inLanguage\":\"es\",\"potentialAction\":[{\"@type\":\"ReadAction\",\"target\":[\"https:\\\/\\\/edicioneselnaranjo.com.mx\\\/tienda\\\/producto\\\/segunda-llamada\\\/\"]}]},{\"@type\":\"ImageObject\",\"inLanguage\":\"es\",\"@id\":\"https:\\\/\\\/edicioneselnaranjo.com.mx\\\/tienda\\\/producto\\\/segunda-llamada\\\/#primaryimage\",\"url\":\"https:\\\/\\\/edicioneselnaranjo.com.mx\\\/tienda\\\/wp-content\\\/uploads\\\/2024\\\/05\\\/p-segundallamada-1.jpg\",\"contentUrl\":\"https:\\\/\\\/edicioneselnaranjo.com.mx\\\/tienda\\\/wp-content\\\/uploads\\\/2024\\\/05\\\/p-segundallamada-1.jpg\",\"width\":900,\"height\":900},{\"@type\":\"BreadcrumbList\",\"@id\":\"https:\\\/\\\/edicioneselnaranjo.com.mx\\\/tienda\\\/producto\\\/segunda-llamada\\\/#breadcrumb\",\"itemListElement\":[{\"@type\":\"ListItem\",\"position\":1,\"name\":\"Inicio\",\"item\":\"https:\\\/\\\/edicioneselnaranjo.com.mx\\\/tienda\\\/\"},{\"@type\":\"ListItem\",\"position\":2,\"name\":\"Segunda llamada\"}]},{\"@type\":\"WebSite\",\"@id\":\"https:\\\/\\\/edicioneselnaranjo.com.mx\\\/tienda\\\/#website\",\"url\":\"https:\\\/\\\/edicioneselnaranjo.com.mx\\\/tienda\\\/\",\"name\":\"Tienda Ediciones El Naranjo\",\"description\":\"Tienda en l&iacute;nea de Ediciones El Naranjo\",\"publisher\":{\"@id\":\"https:\\\/\\\/edicioneselnaranjo.com.mx\\\/tienda\\\/#organization\"},\"potentialAction\":[{\"@type\":\"SearchAction\",\"target\":{\"@type\":\"EntryPoint\",\"urlTemplate\":\"https:\\\/\\\/edicioneselnaranjo.com.mx\\\/tienda\\\/?s={search_term_string}\"},\"query-input\":{\"@type\":\"PropertyValueSpecification\",\"valueRequired\":true,\"valueName\":\"search_term_string\"}}],\"inLanguage\":\"es\"},{\"@type\":\"Organization\",\"@id\":\"https:\\\/\\\/edicioneselnaranjo.com.mx\\\/tienda\\\/#organization\",\"name\":\"Tienda Ediciones El Naranjo\",\"url\":\"https:\\\/\\\/edicioneselnaranjo.com.mx\\\/tienda\\\/\",\"logo\":{\"@type\":\"ImageObject\",\"inLanguage\":\"es\",\"@id\":\"https:\\\/\\\/edicioneselnaranjo.com.mx\\\/tienda\\\/#\\\/schema\\\/logo\\\/image\\\/\",\"url\":\"https:\\\/\\\/edicioneselnaranjo.com.mx\\\/tienda\\\/wp-content\\\/uploads\\\/2020\\\/09\\\/logo-imagen-tienda.png\",\"contentUrl\":\"https:\\\/\\\/edicioneselnaranjo.com.mx\\\/tienda\\\/wp-content\\\/uploads\\\/2020\\\/09\\\/logo-imagen-tienda.png\",\"width\":700,\"height\":140,\"caption\":\"Tienda Ediciones El Naranjo\"},\"image\":{\"@id\":\"https:\\\/\\\/edicioneselnaranjo.com.mx\\\/tienda\\\/#\\\/schema\\\/logo\\\/image\\\/\"}}]}<\/script>\n<!-- \/ Yoast SEO plugin. -->","yoast_head_json":{"title":"Segunda llamada - Tienda Ediciones El Naranjo","description":"In\u00e9s es una adolescente que, como muchas otras, est\u00e1 tratando de aterrizar en el mundo de los adultos y de comprender nuevas emociones junto con las ideas que le han inculcado. Y aunque quisiera tener una familia perfecta, como las de los anuncios, los golpes de la vida la desafiar\u00e1n a cuestionarse qu\u00e9 es lo que eso realmente significa. Quiz\u00e1 su abuela, amigos y su talento como cantante le dar\u00e1n la valent\u00eda necesaria para responder a su segunda llamada.","robots":{"index":"index","follow":"follow","max-snippet":"max-snippet:-1","max-image-preview":"max-image-preview:large","max-video-preview":"max-video-preview:-1"},"canonical":"https:\/\/edicioneselnaranjo.com.mx\/tienda\/producto\/segunda-llamada\/","og_locale":"es_MX","og_type":"article","og_title":"Segunda llamada - Tienda Ediciones El Naranjo","og_description":"In\u00e9s es una adolescente que, como muchas otras, est\u00e1 tratando de aterrizar en el mundo de los adultos y de comprender nuevas emociones junto con las ideas que le han inculcado. Y aunque quisiera tener una familia perfecta, como las de los anuncios, los golpes de la vida la desafiar\u00e1n a cuestionarse qu\u00e9 es lo que eso realmente significa. Quiz\u00e1 su abuela, amigos y su talento como cantante le dar\u00e1n la valent\u00eda necesaria para responder a su segunda llamada.","og_url":"https:\/\/edicioneselnaranjo.com.mx\/tienda\/producto\/segunda-llamada\/","og_site_name":"Tienda Ediciones El Naranjo","article_modified_time":"2026-03-19T22:27:17+00:00","og_image":[{"width":900,"height":900,"url":"https:\/\/edicioneselnaranjo.com.mx\/tienda\/wp-content\/uploads\/2024\/05\/p-segundallamada-1.jpg","type":"image\/jpeg"}],"twitter_card":"summary_large_image","twitter_misc":{"Tiempo de lectura":"1 minuto"},"schema":{"@context":"https:\/\/schema.org","@graph":[{"@type":"WebPage","@id":"https:\/\/edicioneselnaranjo.com.mx\/tienda\/producto\/segunda-llamada\/","url":"https:\/\/edicioneselnaranjo.com.mx\/tienda\/producto\/segunda-llamada\/","name":"Segunda llamada - Tienda Ediciones El Naranjo","isPartOf":{"@id":"https:\/\/edicioneselnaranjo.com.mx\/tienda\/#website"},"primaryImageOfPage":{"@id":"https:\/\/edicioneselnaranjo.com.mx\/tienda\/producto\/segunda-llamada\/#primaryimage"},"image":{"@id":"https:\/\/edicioneselnaranjo.com.mx\/tienda\/producto\/segunda-llamada\/#primaryimage"},"thumbnailUrl":"https:\/\/edicioneselnaranjo.com.mx\/tienda\/wp-content\/uploads\/2024\/05\/p-segundallamada-1.jpg","datePublished":"2024-05-09T16:25:24+00:00","dateModified":"2026-03-19T22:27:17+00:00","description":"In\u00e9s es una adolescente que, como muchas otras, est\u00e1 tratando de aterrizar en el mundo de los adultos y de comprender nuevas emociones junto con las ideas que le han inculcado. Y aunque quisiera tener una familia perfecta, como las de los anuncios, los golpes de la vida la desafiar\u00e1n a cuestionarse qu\u00e9 es lo que eso realmente significa. Quiz\u00e1 su abuela, amigos y su talento como cantante le dar\u00e1n la valent\u00eda necesaria para responder a su segunda llamada.","breadcrumb":{"@id":"https:\/\/edicioneselnaranjo.com.mx\/tienda\/producto\/segunda-llamada\/#breadcrumb"},"inLanguage":"es","potentialAction":[{"@type":"ReadAction","target":["https:\/\/edicioneselnaranjo.com.mx\/tienda\/producto\/segunda-llamada\/"]}]},{"@type":"ImageObject","inLanguage":"es","@id":"https:\/\/edicioneselnaranjo.com.mx\/tienda\/producto\/segunda-llamada\/#primaryimage","url":"https:\/\/edicioneselnaranjo.com.mx\/tienda\/wp-content\/uploads\/2024\/05\/p-segundallamada-1.jpg","contentUrl":"https:\/\/edicioneselnaranjo.com.mx\/tienda\/wp-content\/uploads\/2024\/05\/p-segundallamada-1.jpg","width":900,"height":900},{"@type":"BreadcrumbList","@id":"https:\/\/edicioneselnaranjo.com.mx\/tienda\/producto\/segunda-llamada\/#breadcrumb","itemListElement":[{"@type":"ListItem","position":1,"name":"Inicio","item":"https:\/\/edicioneselnaranjo.com.mx\/tienda\/"},{"@type":"ListItem","position":2,"name":"Segunda llamada"}]},{"@type":"WebSite","@id":"https:\/\/edicioneselnaranjo.com.mx\/tienda\/#website","url":"https:\/\/edicioneselnaranjo.com.mx\/tienda\/","name":"Tienda Ediciones El Naranjo","description":"Tienda en l&iacute;nea de Ediciones El Naranjo","publisher":{"@id":"https:\/\/edicioneselnaranjo.com.mx\/tienda\/#organization"},"potentialAction":[{"@type":"SearchAction","target":{"@type":"EntryPoint","urlTemplate":"https:\/\/edicioneselnaranjo.com.mx\/tienda\/?s={search_term_string}"},"query-input":{"@type":"PropertyValueSpecification","valueRequired":true,"valueName":"search_term_string"}}],"inLanguage":"es"},{"@type":"Organization","@id":"https:\/\/edicioneselnaranjo.com.mx\/tienda\/#organization","name":"Tienda Ediciones El Naranjo","url":"https:\/\/edicioneselnaranjo.com.mx\/tienda\/","logo":{"@type":"ImageObject","inLanguage":"es","@id":"https:\/\/edicioneselnaranjo.com.mx\/tienda\/#\/schema\/logo\/image\/","url":"https:\/\/edicioneselnaranjo.com.mx\/tienda\/wp-content\/uploads\/2020\/09\/logo-imagen-tienda.png","contentUrl":"https:\/\/edicioneselnaranjo.com.mx\/tienda\/wp-content\/uploads\/2020\/09\/logo-imagen-tienda.png","width":700,"height":140,"caption":"Tienda Ediciones El Naranjo"},"image":{"@id":"https:\/\/edicioneselnaranjo.com.mx\/tienda\/#\/schema\/logo\/image\/"}}]}},"_links":{"self":[{"href":"https:\/\/edicioneselnaranjo.com.mx\/tienda\/wp-json\/wp\/v2\/product\/5813","targetHints":{"allow":["GET"]}}],"collection":[{"href":"https:\/\/edicioneselnaranjo.com.mx\/tienda\/wp-json\/wp\/v2\/product"}],"about":[{"href":"https:\/\/edicioneselnaranjo.com.mx\/tienda\/wp-json\/wp\/v2\/types\/product"}],"wp:featuredmedia":[{"embeddable":true,"href":"https:\/\/edicioneselnaranjo.com.mx\/tienda\/wp-json\/wp\/v2\/media\/6627"}],"wp:attachment":[{"href":"https:\/\/edicioneselnaranjo.com.mx\/tienda\/wp-json\/wp\/v2\/media?parent=5813"}],"wp:term":[{"taxonomy":"product_brand","embeddable":true,"href":"https:\/\/edicioneselnaranjo.com.mx\/tienda\/wp-json\/wp\/v2\/product_brand?post=5813"},{"taxonomy":"product_cat","embeddable":true,"href":"https:\/\/edicioneselnaranjo.com.mx\/tienda\/wp-json\/wp\/v2\/product_cat?post=5813"},{"taxonomy":"product_tag","embeddable":true,"href":"https:\/\/edicioneselnaranjo.com.mx\/tienda\/wp-json\/wp\/v2\/product_tag?post=5813"}],"curies":[{"name":"wp","href":"https:\/\/api.w.org\/{rel}","templated":true}]}}