{"id":5558,"date":"2024-01-16T12:09:50","date_gmt":"2024-01-16T18:09:50","guid":{"rendered":"http:\/\/edicioneselnaranjo.com.mx\/tienda\/?post_type=product&#038;p=5558"},"modified":"2026-01-19T16:56:57","modified_gmt":"2026-01-19T22:56:57","slug":"tan-tan","status":"publish","type":"product","link":"https:\/\/edicioneselnaranjo.com.mx\/tienda\/producto\/tan-tan\/","title":{"rendered":"Tan tan"},"content":{"rendered":"<table>\n<tbody>\n<tr>\n<td>G\u00e9nero<\/td>\n<td>Cuento<\/td>\n<\/tr>\n<tr>\n<td>Encuadernaci\u00f3n<\/td>\n<td>Tapa dura cosida al hilo<\/td>\n<\/tr>\n<tr>\n<td>P\u00e1ginas<\/td>\n<td>36 pp<\/td>\n<\/tr>\n<tr>\n<td>Formato<\/td>\n<td>18 x 18 cm<\/td>\n<\/tr>\n<tr>\n<td>Impresi\u00f3n<\/td>\n<td>Cuatricom\u00eda<\/td>\n<\/tr>\n<tr>\n<td>ISBN<\/td>\n<td>978-958-5653-733<\/td>\n<\/tr>\n<tr>\n<td>Sello Editorial<\/td>\n<td>Cataplum libros<\/td>\n<\/tr>\n<tr>\n<td>A\u00f1o de publicaci\u00f3n<\/td>\n<td>2019<\/td>\n<\/tr>\n<tr>\n<td>Autor<\/td>\n<td>Paula Ortiz<\/td>\n<\/tr>\n<tr>\n<td><\/td>\n<td><\/td>\n<\/tr>\n<\/tbody>\n<\/table>\n<p>&nbsp;<\/p>\n","protected":false},"excerpt":{"rendered":"<p>TAN TAN es un abecedario sonoro que presenta las letras a trav\u00e9s de onomatopeyas; es decir, de la imitaci\u00f3n de sonidos reales por medio del lenguaje (DRAE). Esta obra busca acercar a los primeros lectores, aquellos que apenas inician su v\u00ednculo con la palabra, con la poes\u00eda de la lengua. Aprender las letras y conocer sus posibles combinaciones es un proceso lento e \u00edntimo, y con ese mismo esp\u00edritu hemos creado este libro. Iniciamos paso a paso; cambiamos los pinceles por la serigraf\u00eda y los l\u00e1pices por agujas e hilos. Estampamos, bordamos y fotografiamos una letra a la vez para ofrecer a los m\u00e1s peque\u00f1os un primer contacto con la poes\u00eda, a trav\u00e9s de sonidos familiares asociados a personajes y situaciones cotidianas.<\/p>\n","protected":false},"featured_media":5562,"template":"","meta":[],"product_brand":[],"product_cat":[15],"product_tag":[],"class_list":{"0":"post-5558","1":"product","2":"type-product","3":"status-publish","4":"has-post-thumbnail","6":"product_cat-catalogo","7":"pa_editorial-cataplum-libros","9":"first","10":"instock","11":"shipping-taxable","12":"purchasable","13":"product-type-simple"},"yoast_head":"<!-- This site is optimized with the Yoast SEO plugin v27.3 - https:\/\/yoast.com\/product\/yoast-seo-wordpress\/ -->\n<title>Tan tan - Tienda Ediciones El Naranjo<\/title>\n<meta name=\"description\" content=\"TAN TAN es un abecedario sonoro que presenta las letras a trav\u00e9s de onomatopeyas; es decir, de la imitaci\u00f3n de sonidos reales por medio del lenguaje (DRAE). Esta obra busca acercar a los primeros lectores, aquellos que apenas inician su v\u00ednculo con la palabra, con la poes\u00eda de la lengua. Aprender las letras y conocer sus posibles combinaciones es un proceso lento e \u00edntimo, y con ese mismo esp\u00edritu hemos creado este libro. Iniciamos paso a paso; cambiamos los pinceles por la serigraf\u00eda y los l\u00e1pices por agujas e hilos. Estampamos, bordamos y fotografiamos una letra a la vez para ofrecer a los m\u00e1s peque\u00f1os un primer contacto con la poes\u00eda, a trav\u00e9s de sonidos familiares asociados a personajes y situaciones cotidianas.\" \/>\n<meta name=\"robots\" content=\"index, follow, max-snippet:-1, max-image-preview:large, max-video-preview:-1\" \/>\n<link rel=\"canonical\" href=\"https:\/\/edicioneselnaranjo.com.mx\/tienda\/producto\/tan-tan\/\" \/>\n<meta property=\"og:locale\" content=\"es_MX\" \/>\n<meta property=\"og:type\" content=\"article\" \/>\n<meta property=\"og:title\" content=\"Tan tan - Tienda Ediciones El Naranjo\" \/>\n<meta property=\"og:description\" content=\"TAN TAN es un abecedario sonoro que presenta las letras a trav\u00e9s de onomatopeyas; es decir, de la imitaci\u00f3n de sonidos reales por medio del lenguaje (DRAE). Esta obra busca acercar a los primeros lectores, aquellos que apenas inician su v\u00ednculo con la palabra, con la poes\u00eda de la lengua. Aprender las letras y conocer sus posibles combinaciones es un proceso lento e \u00edntimo, y con ese mismo esp\u00edritu hemos creado este libro. Iniciamos paso a paso; cambiamos los pinceles por la serigraf\u00eda y los l\u00e1pices por agujas e hilos. Estampamos, bordamos y fotografiamos una letra a la vez para ofrecer a los m\u00e1s peque\u00f1os un primer contacto con la poes\u00eda, a trav\u00e9s de sonidos familiares asociados a personajes y situaciones cotidianas.\" \/>\n<meta property=\"og:url\" content=\"https:\/\/edicioneselnaranjo.com.mx\/tienda\/producto\/tan-tan\/\" \/>\n<meta property=\"og:site_name\" content=\"Tienda Ediciones El Naranjo\" \/>\n<meta property=\"article:modified_time\" content=\"2026-01-19T22:56:57+00:00\" \/>\n<meta property=\"og:image\" content=\"https:\/\/edicioneselnaranjo.com.mx\/tienda\/wp-content\/uploads\/2024\/01\/Tantanweb.jpg\" \/>\n\t<meta property=\"og:image:width\" content=\"540\" \/>\n\t<meta property=\"og:image:height\" content=\"538\" \/>\n\t<meta property=\"og:image:type\" content=\"image\/jpeg\" \/>\n<meta name=\"twitter:card\" content=\"summary_large_image\" \/>\n<meta name=\"twitter:label1\" content=\"Tiempo de lectura\" \/>\n\t<meta name=\"twitter:data1\" content=\"1 minuto\" \/>\n<script type=\"application\/ld+json\" class=\"yoast-schema-graph\">{\"@context\":\"https:\\\/\\\/schema.org\",\"@graph\":[{\"@type\":\"WebPage\",\"@id\":\"https:\\\/\\\/edicioneselnaranjo.com.mx\\\/tienda\\\/producto\\\/tan-tan\\\/\",\"url\":\"https:\\\/\\\/edicioneselnaranjo.com.mx\\\/tienda\\\/producto\\\/tan-tan\\\/\",\"name\":\"Tan tan - Tienda Ediciones El Naranjo\",\"isPartOf\":{\"@id\":\"https:\\\/\\\/edicioneselnaranjo.com.mx\\\/tienda\\\/#website\"},\"primaryImageOfPage\":{\"@id\":\"https:\\\/\\\/edicioneselnaranjo.com.mx\\\/tienda\\\/producto\\\/tan-tan\\\/#primaryimage\"},\"image\":{\"@id\":\"https:\\\/\\\/edicioneselnaranjo.com.mx\\\/tienda\\\/producto\\\/tan-tan\\\/#primaryimage\"},\"thumbnailUrl\":\"https:\\\/\\\/edicioneselnaranjo.com.mx\\\/tienda\\\/wp-content\\\/uploads\\\/2024\\\/01\\\/Tantanweb.jpg\",\"datePublished\":\"2024-01-16T18:09:50+00:00\",\"dateModified\":\"2026-01-19T22:56:57+00:00\",\"description\":\"TAN TAN es un abecedario sonoro que presenta las letras a trav\u00e9s de onomatopeyas; es decir, de la imitaci\u00f3n de sonidos reales por medio del lenguaje (DRAE). Esta obra busca acercar a los primeros lectores, aquellos que apenas inician su v\u00ednculo con la palabra, con la poes\u00eda de la lengua. Aprender las letras y conocer sus posibles combinaciones es un proceso lento e \u00edntimo, y con ese mismo esp\u00edritu hemos creado este libro. Iniciamos paso a paso; cambiamos los pinceles por la serigraf\u00eda y los l\u00e1pices por agujas e hilos. Estampamos, bordamos y fotografiamos una letra a la vez para ofrecer a los m\u00e1s peque\u00f1os un primer contacto con la poes\u00eda, a trav\u00e9s de sonidos familiares asociados a personajes y situaciones cotidianas.\",\"breadcrumb\":{\"@id\":\"https:\\\/\\\/edicioneselnaranjo.com.mx\\\/tienda\\\/producto\\\/tan-tan\\\/#breadcrumb\"},\"inLanguage\":\"es\",\"potentialAction\":[{\"@type\":\"ReadAction\",\"target\":[\"https:\\\/\\\/edicioneselnaranjo.com.mx\\\/tienda\\\/producto\\\/tan-tan\\\/\"]}]},{\"@type\":\"ImageObject\",\"inLanguage\":\"es\",\"@id\":\"https:\\\/\\\/edicioneselnaranjo.com.mx\\\/tienda\\\/producto\\\/tan-tan\\\/#primaryimage\",\"url\":\"https:\\\/\\\/edicioneselnaranjo.com.mx\\\/tienda\\\/wp-content\\\/uploads\\\/2024\\\/01\\\/Tantanweb.jpg\",\"contentUrl\":\"https:\\\/\\\/edicioneselnaranjo.com.mx\\\/tienda\\\/wp-content\\\/uploads\\\/2024\\\/01\\\/Tantanweb.jpg\",\"width\":540,\"height\":538},{\"@type\":\"BreadcrumbList\",\"@id\":\"https:\\\/\\\/edicioneselnaranjo.com.mx\\\/tienda\\\/producto\\\/tan-tan\\\/#breadcrumb\",\"itemListElement\":[{\"@type\":\"ListItem\",\"position\":1,\"name\":\"Inicio\",\"item\":\"https:\\\/\\\/edicioneselnaranjo.com.mx\\\/tienda\\\/\"},{\"@type\":\"ListItem\",\"position\":2,\"name\":\"Tan tan\"}]},{\"@type\":\"WebSite\",\"@id\":\"https:\\\/\\\/edicioneselnaranjo.com.mx\\\/tienda\\\/#website\",\"url\":\"https:\\\/\\\/edicioneselnaranjo.com.mx\\\/tienda\\\/\",\"name\":\"Tienda Ediciones El Naranjo\",\"description\":\"Tienda en l&iacute;nea de Ediciones El Naranjo\",\"publisher\":{\"@id\":\"https:\\\/\\\/edicioneselnaranjo.com.mx\\\/tienda\\\/#organization\"},\"potentialAction\":[{\"@type\":\"SearchAction\",\"target\":{\"@type\":\"EntryPoint\",\"urlTemplate\":\"https:\\\/\\\/edicioneselnaranjo.com.mx\\\/tienda\\\/?s={search_term_string}\"},\"query-input\":{\"@type\":\"PropertyValueSpecification\",\"valueRequired\":true,\"valueName\":\"search_term_string\"}}],\"inLanguage\":\"es\"},{\"@type\":\"Organization\",\"@id\":\"https:\\\/\\\/edicioneselnaranjo.com.mx\\\/tienda\\\/#organization\",\"name\":\"Tienda Ediciones El Naranjo\",\"url\":\"https:\\\/\\\/edicioneselnaranjo.com.mx\\\/tienda\\\/\",\"logo\":{\"@type\":\"ImageObject\",\"inLanguage\":\"es\",\"@id\":\"https:\\\/\\\/edicioneselnaranjo.com.mx\\\/tienda\\\/#\\\/schema\\\/logo\\\/image\\\/\",\"url\":\"https:\\\/\\\/edicioneselnaranjo.com.mx\\\/tienda\\\/wp-content\\\/uploads\\\/2020\\\/09\\\/logo-imagen-tienda.png\",\"contentUrl\":\"https:\\\/\\\/edicioneselnaranjo.com.mx\\\/tienda\\\/wp-content\\\/uploads\\\/2020\\\/09\\\/logo-imagen-tienda.png\",\"width\":700,\"height\":140,\"caption\":\"Tienda Ediciones El Naranjo\"},\"image\":{\"@id\":\"https:\\\/\\\/edicioneselnaranjo.com.mx\\\/tienda\\\/#\\\/schema\\\/logo\\\/image\\\/\"}}]}<\/script>\n<!-- \/ Yoast SEO plugin. -->","yoast_head_json":{"title":"Tan tan - Tienda Ediciones El Naranjo","description":"TAN TAN es un abecedario sonoro que presenta las letras a trav\u00e9s de onomatopeyas; es decir, de la imitaci\u00f3n de sonidos reales por medio del lenguaje (DRAE). Esta obra busca acercar a los primeros lectores, aquellos que apenas inician su v\u00ednculo con la palabra, con la poes\u00eda de la lengua. Aprender las letras y conocer sus posibles combinaciones es un proceso lento e \u00edntimo, y con ese mismo esp\u00edritu hemos creado este libro. Iniciamos paso a paso; cambiamos los pinceles por la serigraf\u00eda y los l\u00e1pices por agujas e hilos. Estampamos, bordamos y fotografiamos una letra a la vez para ofrecer a los m\u00e1s peque\u00f1os un primer contacto con la poes\u00eda, a trav\u00e9s de sonidos familiares asociados a personajes y situaciones cotidianas.","robots":{"index":"index","follow":"follow","max-snippet":"max-snippet:-1","max-image-preview":"max-image-preview:large","max-video-preview":"max-video-preview:-1"},"canonical":"https:\/\/edicioneselnaranjo.com.mx\/tienda\/producto\/tan-tan\/","og_locale":"es_MX","og_type":"article","og_title":"Tan tan - Tienda Ediciones El Naranjo","og_description":"TAN TAN es un abecedario sonoro que presenta las letras a trav\u00e9s de onomatopeyas; es decir, de la imitaci\u00f3n de sonidos reales por medio del lenguaje (DRAE). Esta obra busca acercar a los primeros lectores, aquellos que apenas inician su v\u00ednculo con la palabra, con la poes\u00eda de la lengua. Aprender las letras y conocer sus posibles combinaciones es un proceso lento e \u00edntimo, y con ese mismo esp\u00edritu hemos creado este libro. Iniciamos paso a paso; cambiamos los pinceles por la serigraf\u00eda y los l\u00e1pices por agujas e hilos. Estampamos, bordamos y fotografiamos una letra a la vez para ofrecer a los m\u00e1s peque\u00f1os un primer contacto con la poes\u00eda, a trav\u00e9s de sonidos familiares asociados a personajes y situaciones cotidianas.","og_url":"https:\/\/edicioneselnaranjo.com.mx\/tienda\/producto\/tan-tan\/","og_site_name":"Tienda Ediciones El Naranjo","article_modified_time":"2026-01-19T22:56:57+00:00","og_image":[{"width":540,"height":538,"url":"https:\/\/edicioneselnaranjo.com.mx\/tienda\/wp-content\/uploads\/2024\/01\/Tantanweb.jpg","type":"image\/jpeg"}],"twitter_card":"summary_large_image","twitter_misc":{"Tiempo de lectura":"1 minuto"},"schema":{"@context":"https:\/\/schema.org","@graph":[{"@type":"WebPage","@id":"https:\/\/edicioneselnaranjo.com.mx\/tienda\/producto\/tan-tan\/","url":"https:\/\/edicioneselnaranjo.com.mx\/tienda\/producto\/tan-tan\/","name":"Tan tan - Tienda Ediciones El Naranjo","isPartOf":{"@id":"https:\/\/edicioneselnaranjo.com.mx\/tienda\/#website"},"primaryImageOfPage":{"@id":"https:\/\/edicioneselnaranjo.com.mx\/tienda\/producto\/tan-tan\/#primaryimage"},"image":{"@id":"https:\/\/edicioneselnaranjo.com.mx\/tienda\/producto\/tan-tan\/#primaryimage"},"thumbnailUrl":"https:\/\/edicioneselnaranjo.com.mx\/tienda\/wp-content\/uploads\/2024\/01\/Tantanweb.jpg","datePublished":"2024-01-16T18:09:50+00:00","dateModified":"2026-01-19T22:56:57+00:00","description":"TAN TAN es un abecedario sonoro que presenta las letras a trav\u00e9s de onomatopeyas; es decir, de la imitaci\u00f3n de sonidos reales por medio del lenguaje (DRAE). Esta obra busca acercar a los primeros lectores, aquellos que apenas inician su v\u00ednculo con la palabra, con la poes\u00eda de la lengua. Aprender las letras y conocer sus posibles combinaciones es un proceso lento e \u00edntimo, y con ese mismo esp\u00edritu hemos creado este libro. Iniciamos paso a paso; cambiamos los pinceles por la serigraf\u00eda y los l\u00e1pices por agujas e hilos. Estampamos, bordamos y fotografiamos una letra a la vez para ofrecer a los m\u00e1s peque\u00f1os un primer contacto con la poes\u00eda, a trav\u00e9s de sonidos familiares asociados a personajes y situaciones cotidianas.","breadcrumb":{"@id":"https:\/\/edicioneselnaranjo.com.mx\/tienda\/producto\/tan-tan\/#breadcrumb"},"inLanguage":"es","potentialAction":[{"@type":"ReadAction","target":["https:\/\/edicioneselnaranjo.com.mx\/tienda\/producto\/tan-tan\/"]}]},{"@type":"ImageObject","inLanguage":"es","@id":"https:\/\/edicioneselnaranjo.com.mx\/tienda\/producto\/tan-tan\/#primaryimage","url":"https:\/\/edicioneselnaranjo.com.mx\/tienda\/wp-content\/uploads\/2024\/01\/Tantanweb.jpg","contentUrl":"https:\/\/edicioneselnaranjo.com.mx\/tienda\/wp-content\/uploads\/2024\/01\/Tantanweb.jpg","width":540,"height":538},{"@type":"BreadcrumbList","@id":"https:\/\/edicioneselnaranjo.com.mx\/tienda\/producto\/tan-tan\/#breadcrumb","itemListElement":[{"@type":"ListItem","position":1,"name":"Inicio","item":"https:\/\/edicioneselnaranjo.com.mx\/tienda\/"},{"@type":"ListItem","position":2,"name":"Tan tan"}]},{"@type":"WebSite","@id":"https:\/\/edicioneselnaranjo.com.mx\/tienda\/#website","url":"https:\/\/edicioneselnaranjo.com.mx\/tienda\/","name":"Tienda Ediciones El Naranjo","description":"Tienda en l&iacute;nea de Ediciones El Naranjo","publisher":{"@id":"https:\/\/edicioneselnaranjo.com.mx\/tienda\/#organization"},"potentialAction":[{"@type":"SearchAction","target":{"@type":"EntryPoint","urlTemplate":"https:\/\/edicioneselnaranjo.com.mx\/tienda\/?s={search_term_string}"},"query-input":{"@type":"PropertyValueSpecification","valueRequired":true,"valueName":"search_term_string"}}],"inLanguage":"es"},{"@type":"Organization","@id":"https:\/\/edicioneselnaranjo.com.mx\/tienda\/#organization","name":"Tienda Ediciones El Naranjo","url":"https:\/\/edicioneselnaranjo.com.mx\/tienda\/","logo":{"@type":"ImageObject","inLanguage":"es","@id":"https:\/\/edicioneselnaranjo.com.mx\/tienda\/#\/schema\/logo\/image\/","url":"https:\/\/edicioneselnaranjo.com.mx\/tienda\/wp-content\/uploads\/2020\/09\/logo-imagen-tienda.png","contentUrl":"https:\/\/edicioneselnaranjo.com.mx\/tienda\/wp-content\/uploads\/2020\/09\/logo-imagen-tienda.png","width":700,"height":140,"caption":"Tienda Ediciones El Naranjo"},"image":{"@id":"https:\/\/edicioneselnaranjo.com.mx\/tienda\/#\/schema\/logo\/image\/"}}]}},"_links":{"self":[{"href":"https:\/\/edicioneselnaranjo.com.mx\/tienda\/wp-json\/wp\/v2\/product\/5558","targetHints":{"allow":["GET"]}}],"collection":[{"href":"https:\/\/edicioneselnaranjo.com.mx\/tienda\/wp-json\/wp\/v2\/product"}],"about":[{"href":"https:\/\/edicioneselnaranjo.com.mx\/tienda\/wp-json\/wp\/v2\/types\/product"}],"wp:featuredmedia":[{"embeddable":true,"href":"https:\/\/edicioneselnaranjo.com.mx\/tienda\/wp-json\/wp\/v2\/media\/5562"}],"wp:attachment":[{"href":"https:\/\/edicioneselnaranjo.com.mx\/tienda\/wp-json\/wp\/v2\/media?parent=5558"}],"wp:term":[{"taxonomy":"product_brand","embeddable":true,"href":"https:\/\/edicioneselnaranjo.com.mx\/tienda\/wp-json\/wp\/v2\/product_brand?post=5558"},{"taxonomy":"product_cat","embeddable":true,"href":"https:\/\/edicioneselnaranjo.com.mx\/tienda\/wp-json\/wp\/v2\/product_cat?post=5558"},{"taxonomy":"product_tag","embeddable":true,"href":"https:\/\/edicioneselnaranjo.com.mx\/tienda\/wp-json\/wp\/v2\/product_tag?post=5558"}],"curies":[{"name":"wp","href":"https:\/\/api.w.org\/{rel}","templated":true}]}}