{"id":5533,"date":"2024-01-11T13:48:25","date_gmt":"2024-01-11T19:48:25","guid":{"rendered":"http:\/\/edicioneselnaranjo.com.mx\/tienda\/?post_type=product&#038;p=5533"},"modified":"2026-01-19T16:56:57","modified_gmt":"2026-01-19T22:56:57","slug":"tengo-hambre","status":"publish","type":"product","link":"https:\/\/edicioneselnaranjo.com.mx\/tienda\/producto\/tengo-hambre\/","title":{"rendered":"Tengo hambre"},"content":{"rendered":"<table>\n<tbody>\n<tr>\n<td>G\u00e9nero<\/td>\n<td>Cuento<\/td>\n<\/tr>\n<tr>\n<td>Encuadernaci\u00f3n<\/td>\n<td>Tapa dura cosida al hilo<\/td>\n<\/tr>\n<tr>\n<td>P\u00e1ginas<\/td>\n<td>40 pp<\/td>\n<\/tr>\n<tr>\n<td>Formato<\/td>\n<td>18 x 18 cm<\/td>\n<\/tr>\n<tr>\n<td>Impresi\u00f3n<\/td>\n<td>Cuatricom\u00eda<\/td>\n<\/tr>\n<tr>\n<td>ISBN<\/td>\n<td>978-958-5300-590<\/td>\n<\/tr>\n<tr>\n<td>Sello Editorial<\/td>\n<td>Cataplum libros<\/td>\n<\/tr>\n<tr>\n<td>A\u00f1o de publicaci\u00f3n<\/td>\n<td>2022<\/td>\n<\/tr>\n<tr>\n<td>Autor<\/td>\n<td>Menena Cottin<\/td>\n<\/tr>\n<tr>\n<td><\/td>\n<td><\/td>\n<\/tr>\n<\/tbody>\n<\/table>\n<p>&nbsp;<\/p>\n","protected":false},"excerpt":{"rendered":"<p><em>Tengo hambre\u00a0<\/em>es un libro conceptual e informativo para ni\u00f1os peque\u00f1os. A trav\u00e9s del uso de colores planos, de elementos gr\u00e1ficos y de dise\u00f1o, Menena Cottin, autora de este libro, nos acerca una verdadera experiencia est\u00e9tica y de aprendizaje. Un libro donde los ni\u00f1os podr\u00e1n visualizar parte de la cadena alimenticia; podr\u00e1n comenzar a entender c\u00f3mo funciona la naturaleza all\u00ed donde se encuentran los animales sin que medie el hombre. Estamos frente a un libro poco com\u00fan y muy necesario: \u00a1un libro que re\u00fane diversi\u00f3n e informaci\u00f3n!<\/p>\n","protected":false},"featured_media":5539,"template":"","meta":[],"product_brand":[],"product_cat":[15],"product_tag":[],"class_list":{"0":"post-5533","1":"product","2":"type-product","3":"status-publish","4":"has-post-thumbnail","6":"product_cat-catalogo","7":"pa_editorial-cataplum-libros","9":"first","10":"instock","11":"shipping-taxable","12":"purchasable","13":"product-type-simple"},"yoast_head":"<!-- This site is optimized with the Yoast SEO plugin v27.3 - https:\/\/yoast.com\/product\/yoast-seo-wordpress\/ -->\n<title>Tengo hambre - Tienda Ediciones El Naranjo<\/title>\n<meta name=\"description\" content=\"Tengo hambre es un libro conceptual e informativo para ni\u00f1os peque\u00f1os. A trav\u00e9s del uso de colores planos, de elementos gr\u00e1ficos y de dise\u00f1o, Menena Cottin, autora de este libro, nos acerca una verdadera experiencia est\u00e9tica y de aprendizaje. Un libro donde los ni\u00f1os podr\u00e1n visualizar parte de la cadena alimenticia; podr\u00e1n comenzar a entender c\u00f3mo funciona la naturaleza all\u00ed donde se encuentran los animales sin que medie el hombre. Estamos frente a un libro poco com\u00fan y muy necesario: \u00a1un libro que re\u00fane diversi\u00f3n e informaci\u00f3n!\" \/>\n<meta name=\"robots\" content=\"index, follow, max-snippet:-1, max-image-preview:large, max-video-preview:-1\" \/>\n<link rel=\"canonical\" href=\"https:\/\/edicioneselnaranjo.com.mx\/tienda\/producto\/tengo-hambre\/\" \/>\n<meta property=\"og:locale\" content=\"es_MX\" \/>\n<meta property=\"og:type\" content=\"article\" \/>\n<meta property=\"og:title\" content=\"Tengo hambre - Tienda Ediciones El Naranjo\" \/>\n<meta property=\"og:description\" content=\"Tengo hambre es un libro conceptual e informativo para ni\u00f1os peque\u00f1os. A trav\u00e9s del uso de colores planos, de elementos gr\u00e1ficos y de dise\u00f1o, Menena Cottin, autora de este libro, nos acerca una verdadera experiencia est\u00e9tica y de aprendizaje. Un libro donde los ni\u00f1os podr\u00e1n visualizar parte de la cadena alimenticia; podr\u00e1n comenzar a entender c\u00f3mo funciona la naturaleza all\u00ed donde se encuentran los animales sin que medie el hombre. Estamos frente a un libro poco com\u00fan y muy necesario: \u00a1un libro que re\u00fane diversi\u00f3n e informaci\u00f3n!\" \/>\n<meta property=\"og:url\" content=\"https:\/\/edicioneselnaranjo.com.mx\/tienda\/producto\/tengo-hambre\/\" \/>\n<meta property=\"og:site_name\" content=\"Tienda Ediciones El Naranjo\" \/>\n<meta property=\"article:modified_time\" content=\"2026-01-19T22:56:57+00:00\" \/>\n<meta property=\"og:image\" content=\"https:\/\/edicioneselnaranjo.com.mx\/tienda\/wp-content\/uploads\/2024\/01\/TengoHambre_Web.jpg\" \/>\n\t<meta property=\"og:image:width\" content=\"540\" \/>\n\t<meta property=\"og:image:height\" content=\"538\" \/>\n\t<meta property=\"og:image:type\" content=\"image\/jpeg\" \/>\n<meta name=\"twitter:card\" content=\"summary_large_image\" \/>\n<meta name=\"twitter:label1\" content=\"Tiempo de lectura\" \/>\n\t<meta name=\"twitter:data1\" content=\"1 minuto\" \/>\n<script type=\"application\/ld+json\" class=\"yoast-schema-graph\">{\"@context\":\"https:\\\/\\\/schema.org\",\"@graph\":[{\"@type\":\"WebPage\",\"@id\":\"https:\\\/\\\/edicioneselnaranjo.com.mx\\\/tienda\\\/producto\\\/tengo-hambre\\\/\",\"url\":\"https:\\\/\\\/edicioneselnaranjo.com.mx\\\/tienda\\\/producto\\\/tengo-hambre\\\/\",\"name\":\"Tengo hambre - Tienda Ediciones El Naranjo\",\"isPartOf\":{\"@id\":\"https:\\\/\\\/edicioneselnaranjo.com.mx\\\/tienda\\\/#website\"},\"primaryImageOfPage\":{\"@id\":\"https:\\\/\\\/edicioneselnaranjo.com.mx\\\/tienda\\\/producto\\\/tengo-hambre\\\/#primaryimage\"},\"image\":{\"@id\":\"https:\\\/\\\/edicioneselnaranjo.com.mx\\\/tienda\\\/producto\\\/tengo-hambre\\\/#primaryimage\"},\"thumbnailUrl\":\"https:\\\/\\\/edicioneselnaranjo.com.mx\\\/tienda\\\/wp-content\\\/uploads\\\/2024\\\/01\\\/TengoHambre_Web.jpg\",\"datePublished\":\"2024-01-11T19:48:25+00:00\",\"dateModified\":\"2026-01-19T22:56:57+00:00\",\"description\":\"Tengo hambre es un libro conceptual e informativo para ni\u00f1os peque\u00f1os. A trav\u00e9s del uso de colores planos, de elementos gr\u00e1ficos y de dise\u00f1o, Menena Cottin, autora de este libro, nos acerca una verdadera experiencia est\u00e9tica y de aprendizaje. Un libro donde los ni\u00f1os podr\u00e1n visualizar parte de la cadena alimenticia; podr\u00e1n comenzar a entender c\u00f3mo funciona la naturaleza all\u00ed donde se encuentran los animales sin que medie el hombre. Estamos frente a un libro poco com\u00fan y muy necesario: \u00a1un libro que re\u00fane diversi\u00f3n e informaci\u00f3n!\",\"breadcrumb\":{\"@id\":\"https:\\\/\\\/edicioneselnaranjo.com.mx\\\/tienda\\\/producto\\\/tengo-hambre\\\/#breadcrumb\"},\"inLanguage\":\"es\",\"potentialAction\":[{\"@type\":\"ReadAction\",\"target\":[\"https:\\\/\\\/edicioneselnaranjo.com.mx\\\/tienda\\\/producto\\\/tengo-hambre\\\/\"]}]},{\"@type\":\"ImageObject\",\"inLanguage\":\"es\",\"@id\":\"https:\\\/\\\/edicioneselnaranjo.com.mx\\\/tienda\\\/producto\\\/tengo-hambre\\\/#primaryimage\",\"url\":\"https:\\\/\\\/edicioneselnaranjo.com.mx\\\/tienda\\\/wp-content\\\/uploads\\\/2024\\\/01\\\/TengoHambre_Web.jpg\",\"contentUrl\":\"https:\\\/\\\/edicioneselnaranjo.com.mx\\\/tienda\\\/wp-content\\\/uploads\\\/2024\\\/01\\\/TengoHambre_Web.jpg\",\"width\":540,\"height\":538},{\"@type\":\"BreadcrumbList\",\"@id\":\"https:\\\/\\\/edicioneselnaranjo.com.mx\\\/tienda\\\/producto\\\/tengo-hambre\\\/#breadcrumb\",\"itemListElement\":[{\"@type\":\"ListItem\",\"position\":1,\"name\":\"Inicio\",\"item\":\"https:\\\/\\\/edicioneselnaranjo.com.mx\\\/tienda\\\/\"},{\"@type\":\"ListItem\",\"position\":2,\"name\":\"Tengo hambre\"}]},{\"@type\":\"WebSite\",\"@id\":\"https:\\\/\\\/edicioneselnaranjo.com.mx\\\/tienda\\\/#website\",\"url\":\"https:\\\/\\\/edicioneselnaranjo.com.mx\\\/tienda\\\/\",\"name\":\"Tienda Ediciones El Naranjo\",\"description\":\"Tienda en l&iacute;nea de Ediciones El Naranjo\",\"publisher\":{\"@id\":\"https:\\\/\\\/edicioneselnaranjo.com.mx\\\/tienda\\\/#organization\"},\"potentialAction\":[{\"@type\":\"SearchAction\",\"target\":{\"@type\":\"EntryPoint\",\"urlTemplate\":\"https:\\\/\\\/edicioneselnaranjo.com.mx\\\/tienda\\\/?s={search_term_string}\"},\"query-input\":{\"@type\":\"PropertyValueSpecification\",\"valueRequired\":true,\"valueName\":\"search_term_string\"}}],\"inLanguage\":\"es\"},{\"@type\":\"Organization\",\"@id\":\"https:\\\/\\\/edicioneselnaranjo.com.mx\\\/tienda\\\/#organization\",\"name\":\"Tienda Ediciones El Naranjo\",\"url\":\"https:\\\/\\\/edicioneselnaranjo.com.mx\\\/tienda\\\/\",\"logo\":{\"@type\":\"ImageObject\",\"inLanguage\":\"es\",\"@id\":\"https:\\\/\\\/edicioneselnaranjo.com.mx\\\/tienda\\\/#\\\/schema\\\/logo\\\/image\\\/\",\"url\":\"https:\\\/\\\/edicioneselnaranjo.com.mx\\\/tienda\\\/wp-content\\\/uploads\\\/2020\\\/09\\\/logo-imagen-tienda.png\",\"contentUrl\":\"https:\\\/\\\/edicioneselnaranjo.com.mx\\\/tienda\\\/wp-content\\\/uploads\\\/2020\\\/09\\\/logo-imagen-tienda.png\",\"width\":700,\"height\":140,\"caption\":\"Tienda Ediciones El Naranjo\"},\"image\":{\"@id\":\"https:\\\/\\\/edicioneselnaranjo.com.mx\\\/tienda\\\/#\\\/schema\\\/logo\\\/image\\\/\"}}]}<\/script>\n<!-- \/ Yoast SEO plugin. -->","yoast_head_json":{"title":"Tengo hambre - Tienda Ediciones El Naranjo","description":"Tengo hambre es un libro conceptual e informativo para ni\u00f1os peque\u00f1os. A trav\u00e9s del uso de colores planos, de elementos gr\u00e1ficos y de dise\u00f1o, Menena Cottin, autora de este libro, nos acerca una verdadera experiencia est\u00e9tica y de aprendizaje. Un libro donde los ni\u00f1os podr\u00e1n visualizar parte de la cadena alimenticia; podr\u00e1n comenzar a entender c\u00f3mo funciona la naturaleza all\u00ed donde se encuentran los animales sin que medie el hombre. Estamos frente a un libro poco com\u00fan y muy necesario: \u00a1un libro que re\u00fane diversi\u00f3n e informaci\u00f3n!","robots":{"index":"index","follow":"follow","max-snippet":"max-snippet:-1","max-image-preview":"max-image-preview:large","max-video-preview":"max-video-preview:-1"},"canonical":"https:\/\/edicioneselnaranjo.com.mx\/tienda\/producto\/tengo-hambre\/","og_locale":"es_MX","og_type":"article","og_title":"Tengo hambre - Tienda Ediciones El Naranjo","og_description":"Tengo hambre es un libro conceptual e informativo para ni\u00f1os peque\u00f1os. A trav\u00e9s del uso de colores planos, de elementos gr\u00e1ficos y de dise\u00f1o, Menena Cottin, autora de este libro, nos acerca una verdadera experiencia est\u00e9tica y de aprendizaje. Un libro donde los ni\u00f1os podr\u00e1n visualizar parte de la cadena alimenticia; podr\u00e1n comenzar a entender c\u00f3mo funciona la naturaleza all\u00ed donde se encuentran los animales sin que medie el hombre. Estamos frente a un libro poco com\u00fan y muy necesario: \u00a1un libro que re\u00fane diversi\u00f3n e informaci\u00f3n!","og_url":"https:\/\/edicioneselnaranjo.com.mx\/tienda\/producto\/tengo-hambre\/","og_site_name":"Tienda Ediciones El Naranjo","article_modified_time":"2026-01-19T22:56:57+00:00","og_image":[{"width":540,"height":538,"url":"https:\/\/edicioneselnaranjo.com.mx\/tienda\/wp-content\/uploads\/2024\/01\/TengoHambre_Web.jpg","type":"image\/jpeg"}],"twitter_card":"summary_large_image","twitter_misc":{"Tiempo de lectura":"1 minuto"},"schema":{"@context":"https:\/\/schema.org","@graph":[{"@type":"WebPage","@id":"https:\/\/edicioneselnaranjo.com.mx\/tienda\/producto\/tengo-hambre\/","url":"https:\/\/edicioneselnaranjo.com.mx\/tienda\/producto\/tengo-hambre\/","name":"Tengo hambre - Tienda Ediciones El Naranjo","isPartOf":{"@id":"https:\/\/edicioneselnaranjo.com.mx\/tienda\/#website"},"primaryImageOfPage":{"@id":"https:\/\/edicioneselnaranjo.com.mx\/tienda\/producto\/tengo-hambre\/#primaryimage"},"image":{"@id":"https:\/\/edicioneselnaranjo.com.mx\/tienda\/producto\/tengo-hambre\/#primaryimage"},"thumbnailUrl":"https:\/\/edicioneselnaranjo.com.mx\/tienda\/wp-content\/uploads\/2024\/01\/TengoHambre_Web.jpg","datePublished":"2024-01-11T19:48:25+00:00","dateModified":"2026-01-19T22:56:57+00:00","description":"Tengo hambre es un libro conceptual e informativo para ni\u00f1os peque\u00f1os. A trav\u00e9s del uso de colores planos, de elementos gr\u00e1ficos y de dise\u00f1o, Menena Cottin, autora de este libro, nos acerca una verdadera experiencia est\u00e9tica y de aprendizaje. Un libro donde los ni\u00f1os podr\u00e1n visualizar parte de la cadena alimenticia; podr\u00e1n comenzar a entender c\u00f3mo funciona la naturaleza all\u00ed donde se encuentran los animales sin que medie el hombre. Estamos frente a un libro poco com\u00fan y muy necesario: \u00a1un libro que re\u00fane diversi\u00f3n e informaci\u00f3n!","breadcrumb":{"@id":"https:\/\/edicioneselnaranjo.com.mx\/tienda\/producto\/tengo-hambre\/#breadcrumb"},"inLanguage":"es","potentialAction":[{"@type":"ReadAction","target":["https:\/\/edicioneselnaranjo.com.mx\/tienda\/producto\/tengo-hambre\/"]}]},{"@type":"ImageObject","inLanguage":"es","@id":"https:\/\/edicioneselnaranjo.com.mx\/tienda\/producto\/tengo-hambre\/#primaryimage","url":"https:\/\/edicioneselnaranjo.com.mx\/tienda\/wp-content\/uploads\/2024\/01\/TengoHambre_Web.jpg","contentUrl":"https:\/\/edicioneselnaranjo.com.mx\/tienda\/wp-content\/uploads\/2024\/01\/TengoHambre_Web.jpg","width":540,"height":538},{"@type":"BreadcrumbList","@id":"https:\/\/edicioneselnaranjo.com.mx\/tienda\/producto\/tengo-hambre\/#breadcrumb","itemListElement":[{"@type":"ListItem","position":1,"name":"Inicio","item":"https:\/\/edicioneselnaranjo.com.mx\/tienda\/"},{"@type":"ListItem","position":2,"name":"Tengo hambre"}]},{"@type":"WebSite","@id":"https:\/\/edicioneselnaranjo.com.mx\/tienda\/#website","url":"https:\/\/edicioneselnaranjo.com.mx\/tienda\/","name":"Tienda Ediciones El Naranjo","description":"Tienda en l&iacute;nea de Ediciones El Naranjo","publisher":{"@id":"https:\/\/edicioneselnaranjo.com.mx\/tienda\/#organization"},"potentialAction":[{"@type":"SearchAction","target":{"@type":"EntryPoint","urlTemplate":"https:\/\/edicioneselnaranjo.com.mx\/tienda\/?s={search_term_string}"},"query-input":{"@type":"PropertyValueSpecification","valueRequired":true,"valueName":"search_term_string"}}],"inLanguage":"es"},{"@type":"Organization","@id":"https:\/\/edicioneselnaranjo.com.mx\/tienda\/#organization","name":"Tienda Ediciones El Naranjo","url":"https:\/\/edicioneselnaranjo.com.mx\/tienda\/","logo":{"@type":"ImageObject","inLanguage":"es","@id":"https:\/\/edicioneselnaranjo.com.mx\/tienda\/#\/schema\/logo\/image\/","url":"https:\/\/edicioneselnaranjo.com.mx\/tienda\/wp-content\/uploads\/2020\/09\/logo-imagen-tienda.png","contentUrl":"https:\/\/edicioneselnaranjo.com.mx\/tienda\/wp-content\/uploads\/2020\/09\/logo-imagen-tienda.png","width":700,"height":140,"caption":"Tienda Ediciones El Naranjo"},"image":{"@id":"https:\/\/edicioneselnaranjo.com.mx\/tienda\/#\/schema\/logo\/image\/"}}]}},"_links":{"self":[{"href":"https:\/\/edicioneselnaranjo.com.mx\/tienda\/wp-json\/wp\/v2\/product\/5533","targetHints":{"allow":["GET"]}}],"collection":[{"href":"https:\/\/edicioneselnaranjo.com.mx\/tienda\/wp-json\/wp\/v2\/product"}],"about":[{"href":"https:\/\/edicioneselnaranjo.com.mx\/tienda\/wp-json\/wp\/v2\/types\/product"}],"wp:featuredmedia":[{"embeddable":true,"href":"https:\/\/edicioneselnaranjo.com.mx\/tienda\/wp-json\/wp\/v2\/media\/5539"}],"wp:attachment":[{"href":"https:\/\/edicioneselnaranjo.com.mx\/tienda\/wp-json\/wp\/v2\/media?parent=5533"}],"wp:term":[{"taxonomy":"product_brand","embeddable":true,"href":"https:\/\/edicioneselnaranjo.com.mx\/tienda\/wp-json\/wp\/v2\/product_brand?post=5533"},{"taxonomy":"product_cat","embeddable":true,"href":"https:\/\/edicioneselnaranjo.com.mx\/tienda\/wp-json\/wp\/v2\/product_cat?post=5533"},{"taxonomy":"product_tag","embeddable":true,"href":"https:\/\/edicioneselnaranjo.com.mx\/tienda\/wp-json\/wp\/v2\/product_tag?post=5533"}],"curies":[{"name":"wp","href":"https:\/\/api.w.org\/{rel}","templated":true}]}}