{"id":5431,"date":"2023-12-01T13:54:52","date_gmt":"2023-12-01T19:54:52","guid":{"rendered":"http:\/\/edicioneselnaranjo.com.mx\/tienda\/?post_type=product&#038;p=5431"},"modified":"2026-01-19T16:55:31","modified_gmt":"2026-01-19T22:55:31","slug":"sonemos-un-sueno","status":"publish","type":"product","link":"https:\/\/edicioneselnaranjo.com.mx\/tienda\/producto\/sonemos-un-sueno\/","title":{"rendered":"So\u00f1emos un sue\u00f1o"},"content":{"rendered":"<table>\n<tbody>\n<tr>\n<td>G\u00e9nero<\/td>\n<td>Cuento<\/td>\n<\/tr>\n<tr>\n<td>Encuadernaci\u00f3n<\/td>\n<td>Tapa dura<\/td>\n<\/tr>\n<tr>\n<td>A\u00f1o<\/td>\n<td>2023<\/td>\n<\/tr>\n<tr>\n<td>Edici\u00f3n<\/td>\n<td>Primera<\/td>\n<\/tr>\n<tr>\n<td>P\u00e1ginas<\/td>\n<td>40 pp.<\/td>\n<\/tr>\n<tr>\n<td>Formato<\/td>\n<td>16 x 22 cm<\/td>\n<\/tr>\n<tr>\n<td>Impresi\u00f3n<\/td>\n<td>4 tintas<\/td>\n<\/tr>\n<tr>\n<td>Peso<\/td>\n<td>225 g<\/td>\n<\/tr>\n<tr>\n<td>ISBN<\/td>\n<td>\n<p class=\"p2\">978-607-8807-49-9<\/p>\n<\/td>\n<\/tr>\n<tr>\n<td>Sello editorial<\/td>\n<td>Ediciones El Naranjo<\/td>\n<\/tr>\n<\/tbody>\n<\/table>\n","protected":false},"excerpt":{"rendered":"<div class=\"lc-autores\">\n<div class=\"serif rplcr-container\">Texto de\u00a0<span class=\"orange\"><a href=\"https:\/\/edicioneselnaranjo.com.mx\/autores\/maria_baranda\">Mar\u00eda Baranda<\/a><\/span><\/div>\n<div class=\"serif rplcr-container\">Ilustraciones de\u00a0<span class=\"orange\"><a href=\"https:\/\/edicioneselnaranjo.com.mx\/autores\/amanda_mijangos\">Amanda Mijangos<\/a><\/span><\/div>\n<div><\/div>\n<\/div>\n<div id=\"resumen\" class=\"serif justified\">\n<p>En este libro para los m\u00e1s peque\u00f1os, ideal para la hora de dormir, la poes\u00eda de Mar\u00eda Baranda, nominada al Premio Memorial Astrid Lindgren, lleva a los ni\u00f1os a un viaje sonoro nocturno, donde la incertidumbre del camino y la oscuridad los sorprender\u00e1 con amistosos animales que habitan la naturaleza.<\/p>\n<p>En el trayecto al sue\u00f1o, dos peque\u00f1os hermanos atravesar\u00e1n un r\u00edo y montes para descubrir changos, conejos, cocodrilos y lobos amigables que los acompa\u00f1ar\u00e1n en su recorrido por la noche y los invitar\u00e1n a so\u00f1ar un sue\u00f1o.<\/p>\n<\/div>\n","protected":false},"featured_media":5432,"template":"","meta":[],"product_brand":[],"product_cat":[15],"product_tag":[165,382,233,68,164],"class_list":{"0":"post-5431","1":"product","2":"type-product","3":"status-publish","4":"has-post-thumbnail","6":"product_cat-catalogo","7":"product_tag-animales","8":"product_tag-arrullos","9":"product_tag-hora-de-dormir","10":"product_tag-sonidos","11":"product_tag-suenos","12":"pa_buen-fin-10-al-20","14":"first","15":"instock","16":"shipping-taxable","17":"purchasable","18":"product-type-simple"},"yoast_head":"<!-- This site is optimized with the Yoast SEO plugin v27.3 - https:\/\/yoast.com\/product\/yoast-seo-wordpress\/ -->\n<title>So\u00f1emos un sue\u00f1o - Tienda Ediciones El Naranjo<\/title>\n<meta name=\"description\" content=\"Texto de Mar\u00eda BarandaIlustraciones de Amanda MijangosEn este libro para los m\u00e1s peque\u00f1os, ideal para la hora de dormir, la poes\u00eda de Mar\u00eda Baranda, nominada al Premio Memorial Astrid Lindgren, lleva a los ni\u00f1os a un viaje sonoro nocturno, donde la incertidumbre del camino y la oscuridad los sorprender\u00e1 con amistosos animales que habitan la naturaleza. En el trayecto al sue\u00f1o, dos peque\u00f1os hermanos atravesar\u00e1n un r\u00edo y montes para descubrir changos, conejos, cocodrilos y lobos amigables que los acompa\u00f1ar\u00e1n en su recorrido por la noche y los invitar\u00e1n a so\u00f1ar un sue\u00f1o.\" \/>\n<meta name=\"robots\" content=\"index, follow, max-snippet:-1, max-image-preview:large, max-video-preview:-1\" \/>\n<link rel=\"canonical\" href=\"https:\/\/edicioneselnaranjo.com.mx\/tienda\/producto\/sonemos-un-sueno\/\" \/>\n<meta property=\"og:locale\" content=\"es_MX\" \/>\n<meta property=\"og:type\" content=\"article\" \/>\n<meta property=\"og:title\" content=\"So\u00f1emos un sue\u00f1o - Tienda Ediciones El Naranjo\" \/>\n<meta property=\"og:description\" content=\"Texto de Mar\u00eda BarandaIlustraciones de Amanda MijangosEn este libro para los m\u00e1s peque\u00f1os, ideal para la hora de dormir, la poes\u00eda de Mar\u00eda Baranda, nominada al Premio Memorial Astrid Lindgren, lleva a los ni\u00f1os a un viaje sonoro nocturno, donde la incertidumbre del camino y la oscuridad los sorprender\u00e1 con amistosos animales que habitan la naturaleza. En el trayecto al sue\u00f1o, dos peque\u00f1os hermanos atravesar\u00e1n un r\u00edo y montes para descubrir changos, conejos, cocodrilos y lobos amigables que los acompa\u00f1ar\u00e1n en su recorrido por la noche y los invitar\u00e1n a so\u00f1ar un sue\u00f1o.\" \/>\n<meta property=\"og:url\" content=\"https:\/\/edicioneselnaranjo.com.mx\/tienda\/producto\/sonemos-un-sueno\/\" \/>\n<meta property=\"og:site_name\" content=\"Tienda Ediciones El Naranjo\" \/>\n<meta property=\"article:modified_time\" content=\"2026-01-19T22:55:31+00:00\" \/>\n<meta property=\"og:image\" content=\"https:\/\/edicioneselnaranjo.com.mx\/tienda\/wp-content\/uploads\/2023\/12\/p-sonemos.jpg\" \/>\n\t<meta property=\"og:image:width\" content=\"900\" \/>\n\t<meta property=\"og:image:height\" content=\"900\" \/>\n\t<meta property=\"og:image:type\" content=\"image\/jpeg\" \/>\n<meta name=\"twitter:card\" content=\"summary_large_image\" \/>\n<meta name=\"twitter:label1\" content=\"Tiempo de lectura\" \/>\n\t<meta name=\"twitter:data1\" content=\"1 minuto\" \/>\n<script type=\"application\/ld+json\" class=\"yoast-schema-graph\">{\"@context\":\"https:\\\/\\\/schema.org\",\"@graph\":[{\"@type\":\"WebPage\",\"@id\":\"https:\\\/\\\/edicioneselnaranjo.com.mx\\\/tienda\\\/producto\\\/sonemos-un-sueno\\\/\",\"url\":\"https:\\\/\\\/edicioneselnaranjo.com.mx\\\/tienda\\\/producto\\\/sonemos-un-sueno\\\/\",\"name\":\"So\u00f1emos un sue\u00f1o - Tienda Ediciones El Naranjo\",\"isPartOf\":{\"@id\":\"https:\\\/\\\/edicioneselnaranjo.com.mx\\\/tienda\\\/#website\"},\"primaryImageOfPage\":{\"@id\":\"https:\\\/\\\/edicioneselnaranjo.com.mx\\\/tienda\\\/producto\\\/sonemos-un-sueno\\\/#primaryimage\"},\"image\":{\"@id\":\"https:\\\/\\\/edicioneselnaranjo.com.mx\\\/tienda\\\/producto\\\/sonemos-un-sueno\\\/#primaryimage\"},\"thumbnailUrl\":\"https:\\\/\\\/edicioneselnaranjo.com.mx\\\/tienda\\\/wp-content\\\/uploads\\\/2023\\\/12\\\/p-sonemos.jpg\",\"datePublished\":\"2023-12-01T19:54:52+00:00\",\"dateModified\":\"2026-01-19T22:55:31+00:00\",\"description\":\"Texto de Mar\u00eda BarandaIlustraciones de Amanda MijangosEn este libro para los m\u00e1s peque\u00f1os, ideal para la hora de dormir, la poes\u00eda de Mar\u00eda Baranda, nominada al Premio Memorial Astrid Lindgren, lleva a los ni\u00f1os a un viaje sonoro nocturno, donde la incertidumbre del camino y la oscuridad los sorprender\u00e1 con amistosos animales que habitan la naturaleza. En el trayecto al sue\u00f1o, dos peque\u00f1os hermanos atravesar\u00e1n un r\u00edo y montes para descubrir changos, conejos, cocodrilos y lobos amigables que los acompa\u00f1ar\u00e1n en su recorrido por la noche y los invitar\u00e1n a so\u00f1ar un sue\u00f1o.\",\"breadcrumb\":{\"@id\":\"https:\\\/\\\/edicioneselnaranjo.com.mx\\\/tienda\\\/producto\\\/sonemos-un-sueno\\\/#breadcrumb\"},\"inLanguage\":\"es\",\"potentialAction\":[{\"@type\":\"ReadAction\",\"target\":[\"https:\\\/\\\/edicioneselnaranjo.com.mx\\\/tienda\\\/producto\\\/sonemos-un-sueno\\\/\"]}]},{\"@type\":\"ImageObject\",\"inLanguage\":\"es\",\"@id\":\"https:\\\/\\\/edicioneselnaranjo.com.mx\\\/tienda\\\/producto\\\/sonemos-un-sueno\\\/#primaryimage\",\"url\":\"https:\\\/\\\/edicioneselnaranjo.com.mx\\\/tienda\\\/wp-content\\\/uploads\\\/2023\\\/12\\\/p-sonemos.jpg\",\"contentUrl\":\"https:\\\/\\\/edicioneselnaranjo.com.mx\\\/tienda\\\/wp-content\\\/uploads\\\/2023\\\/12\\\/p-sonemos.jpg\",\"width\":900,\"height\":900},{\"@type\":\"BreadcrumbList\",\"@id\":\"https:\\\/\\\/edicioneselnaranjo.com.mx\\\/tienda\\\/producto\\\/sonemos-un-sueno\\\/#breadcrumb\",\"itemListElement\":[{\"@type\":\"ListItem\",\"position\":1,\"name\":\"Inicio\",\"item\":\"https:\\\/\\\/edicioneselnaranjo.com.mx\\\/tienda\\\/\"},{\"@type\":\"ListItem\",\"position\":2,\"name\":\"So\u00f1emos un sue\u00f1o\"}]},{\"@type\":\"WebSite\",\"@id\":\"https:\\\/\\\/edicioneselnaranjo.com.mx\\\/tienda\\\/#website\",\"url\":\"https:\\\/\\\/edicioneselnaranjo.com.mx\\\/tienda\\\/\",\"name\":\"Tienda Ediciones El Naranjo\",\"description\":\"Tienda en l&iacute;nea de Ediciones El Naranjo\",\"publisher\":{\"@id\":\"https:\\\/\\\/edicioneselnaranjo.com.mx\\\/tienda\\\/#organization\"},\"potentialAction\":[{\"@type\":\"SearchAction\",\"target\":{\"@type\":\"EntryPoint\",\"urlTemplate\":\"https:\\\/\\\/edicioneselnaranjo.com.mx\\\/tienda\\\/?s={search_term_string}\"},\"query-input\":{\"@type\":\"PropertyValueSpecification\",\"valueRequired\":true,\"valueName\":\"search_term_string\"}}],\"inLanguage\":\"es\"},{\"@type\":\"Organization\",\"@id\":\"https:\\\/\\\/edicioneselnaranjo.com.mx\\\/tienda\\\/#organization\",\"name\":\"Tienda Ediciones El Naranjo\",\"url\":\"https:\\\/\\\/edicioneselnaranjo.com.mx\\\/tienda\\\/\",\"logo\":{\"@type\":\"ImageObject\",\"inLanguage\":\"es\",\"@id\":\"https:\\\/\\\/edicioneselnaranjo.com.mx\\\/tienda\\\/#\\\/schema\\\/logo\\\/image\\\/\",\"url\":\"https:\\\/\\\/edicioneselnaranjo.com.mx\\\/tienda\\\/wp-content\\\/uploads\\\/2020\\\/09\\\/logo-imagen-tienda.png\",\"contentUrl\":\"https:\\\/\\\/edicioneselnaranjo.com.mx\\\/tienda\\\/wp-content\\\/uploads\\\/2020\\\/09\\\/logo-imagen-tienda.png\",\"width\":700,\"height\":140,\"caption\":\"Tienda Ediciones El Naranjo\"},\"image\":{\"@id\":\"https:\\\/\\\/edicioneselnaranjo.com.mx\\\/tienda\\\/#\\\/schema\\\/logo\\\/image\\\/\"}}]}<\/script>\n<!-- \/ Yoast SEO plugin. -->","yoast_head_json":{"title":"So\u00f1emos un sue\u00f1o - Tienda Ediciones El Naranjo","description":"Texto de Mar\u00eda BarandaIlustraciones de Amanda MijangosEn este libro para los m\u00e1s peque\u00f1os, ideal para la hora de dormir, la poes\u00eda de Mar\u00eda Baranda, nominada al Premio Memorial Astrid Lindgren, lleva a los ni\u00f1os a un viaje sonoro nocturno, donde la incertidumbre del camino y la oscuridad los sorprender\u00e1 con amistosos animales que habitan la naturaleza. En el trayecto al sue\u00f1o, dos peque\u00f1os hermanos atravesar\u00e1n un r\u00edo y montes para descubrir changos, conejos, cocodrilos y lobos amigables que los acompa\u00f1ar\u00e1n en su recorrido por la noche y los invitar\u00e1n a so\u00f1ar un sue\u00f1o.","robots":{"index":"index","follow":"follow","max-snippet":"max-snippet:-1","max-image-preview":"max-image-preview:large","max-video-preview":"max-video-preview:-1"},"canonical":"https:\/\/edicioneselnaranjo.com.mx\/tienda\/producto\/sonemos-un-sueno\/","og_locale":"es_MX","og_type":"article","og_title":"So\u00f1emos un sue\u00f1o - Tienda Ediciones El Naranjo","og_description":"Texto de Mar\u00eda BarandaIlustraciones de Amanda MijangosEn este libro para los m\u00e1s peque\u00f1os, ideal para la hora de dormir, la poes\u00eda de Mar\u00eda Baranda, nominada al Premio Memorial Astrid Lindgren, lleva a los ni\u00f1os a un viaje sonoro nocturno, donde la incertidumbre del camino y la oscuridad los sorprender\u00e1 con amistosos animales que habitan la naturaleza. En el trayecto al sue\u00f1o, dos peque\u00f1os hermanos atravesar\u00e1n un r\u00edo y montes para descubrir changos, conejos, cocodrilos y lobos amigables que los acompa\u00f1ar\u00e1n en su recorrido por la noche y los invitar\u00e1n a so\u00f1ar un sue\u00f1o.","og_url":"https:\/\/edicioneselnaranjo.com.mx\/tienda\/producto\/sonemos-un-sueno\/","og_site_name":"Tienda Ediciones El Naranjo","article_modified_time":"2026-01-19T22:55:31+00:00","og_image":[{"width":900,"height":900,"url":"https:\/\/edicioneselnaranjo.com.mx\/tienda\/wp-content\/uploads\/2023\/12\/p-sonemos.jpg","type":"image\/jpeg"}],"twitter_card":"summary_large_image","twitter_misc":{"Tiempo de lectura":"1 minuto"},"schema":{"@context":"https:\/\/schema.org","@graph":[{"@type":"WebPage","@id":"https:\/\/edicioneselnaranjo.com.mx\/tienda\/producto\/sonemos-un-sueno\/","url":"https:\/\/edicioneselnaranjo.com.mx\/tienda\/producto\/sonemos-un-sueno\/","name":"So\u00f1emos un sue\u00f1o - Tienda Ediciones El Naranjo","isPartOf":{"@id":"https:\/\/edicioneselnaranjo.com.mx\/tienda\/#website"},"primaryImageOfPage":{"@id":"https:\/\/edicioneselnaranjo.com.mx\/tienda\/producto\/sonemos-un-sueno\/#primaryimage"},"image":{"@id":"https:\/\/edicioneselnaranjo.com.mx\/tienda\/producto\/sonemos-un-sueno\/#primaryimage"},"thumbnailUrl":"https:\/\/edicioneselnaranjo.com.mx\/tienda\/wp-content\/uploads\/2023\/12\/p-sonemos.jpg","datePublished":"2023-12-01T19:54:52+00:00","dateModified":"2026-01-19T22:55:31+00:00","description":"Texto de Mar\u00eda BarandaIlustraciones de Amanda MijangosEn este libro para los m\u00e1s peque\u00f1os, ideal para la hora de dormir, la poes\u00eda de Mar\u00eda Baranda, nominada al Premio Memorial Astrid Lindgren, lleva a los ni\u00f1os a un viaje sonoro nocturno, donde la incertidumbre del camino y la oscuridad los sorprender\u00e1 con amistosos animales que habitan la naturaleza. En el trayecto al sue\u00f1o, dos peque\u00f1os hermanos atravesar\u00e1n un r\u00edo y montes para descubrir changos, conejos, cocodrilos y lobos amigables que los acompa\u00f1ar\u00e1n en su recorrido por la noche y los invitar\u00e1n a so\u00f1ar un sue\u00f1o.","breadcrumb":{"@id":"https:\/\/edicioneselnaranjo.com.mx\/tienda\/producto\/sonemos-un-sueno\/#breadcrumb"},"inLanguage":"es","potentialAction":[{"@type":"ReadAction","target":["https:\/\/edicioneselnaranjo.com.mx\/tienda\/producto\/sonemos-un-sueno\/"]}]},{"@type":"ImageObject","inLanguage":"es","@id":"https:\/\/edicioneselnaranjo.com.mx\/tienda\/producto\/sonemos-un-sueno\/#primaryimage","url":"https:\/\/edicioneselnaranjo.com.mx\/tienda\/wp-content\/uploads\/2023\/12\/p-sonemos.jpg","contentUrl":"https:\/\/edicioneselnaranjo.com.mx\/tienda\/wp-content\/uploads\/2023\/12\/p-sonemos.jpg","width":900,"height":900},{"@type":"BreadcrumbList","@id":"https:\/\/edicioneselnaranjo.com.mx\/tienda\/producto\/sonemos-un-sueno\/#breadcrumb","itemListElement":[{"@type":"ListItem","position":1,"name":"Inicio","item":"https:\/\/edicioneselnaranjo.com.mx\/tienda\/"},{"@type":"ListItem","position":2,"name":"So\u00f1emos un sue\u00f1o"}]},{"@type":"WebSite","@id":"https:\/\/edicioneselnaranjo.com.mx\/tienda\/#website","url":"https:\/\/edicioneselnaranjo.com.mx\/tienda\/","name":"Tienda Ediciones El Naranjo","description":"Tienda en l&iacute;nea de Ediciones El Naranjo","publisher":{"@id":"https:\/\/edicioneselnaranjo.com.mx\/tienda\/#organization"},"potentialAction":[{"@type":"SearchAction","target":{"@type":"EntryPoint","urlTemplate":"https:\/\/edicioneselnaranjo.com.mx\/tienda\/?s={search_term_string}"},"query-input":{"@type":"PropertyValueSpecification","valueRequired":true,"valueName":"search_term_string"}}],"inLanguage":"es"},{"@type":"Organization","@id":"https:\/\/edicioneselnaranjo.com.mx\/tienda\/#organization","name":"Tienda Ediciones El Naranjo","url":"https:\/\/edicioneselnaranjo.com.mx\/tienda\/","logo":{"@type":"ImageObject","inLanguage":"es","@id":"https:\/\/edicioneselnaranjo.com.mx\/tienda\/#\/schema\/logo\/image\/","url":"https:\/\/edicioneselnaranjo.com.mx\/tienda\/wp-content\/uploads\/2020\/09\/logo-imagen-tienda.png","contentUrl":"https:\/\/edicioneselnaranjo.com.mx\/tienda\/wp-content\/uploads\/2020\/09\/logo-imagen-tienda.png","width":700,"height":140,"caption":"Tienda Ediciones El Naranjo"},"image":{"@id":"https:\/\/edicioneselnaranjo.com.mx\/tienda\/#\/schema\/logo\/image\/"}}]}},"_links":{"self":[{"href":"https:\/\/edicioneselnaranjo.com.mx\/tienda\/wp-json\/wp\/v2\/product\/5431","targetHints":{"allow":["GET"]}}],"collection":[{"href":"https:\/\/edicioneselnaranjo.com.mx\/tienda\/wp-json\/wp\/v2\/product"}],"about":[{"href":"https:\/\/edicioneselnaranjo.com.mx\/tienda\/wp-json\/wp\/v2\/types\/product"}],"wp:featuredmedia":[{"embeddable":true,"href":"https:\/\/edicioneselnaranjo.com.mx\/tienda\/wp-json\/wp\/v2\/media\/5432"}],"wp:attachment":[{"href":"https:\/\/edicioneselnaranjo.com.mx\/tienda\/wp-json\/wp\/v2\/media?parent=5431"}],"wp:term":[{"taxonomy":"product_brand","embeddable":true,"href":"https:\/\/edicioneselnaranjo.com.mx\/tienda\/wp-json\/wp\/v2\/product_brand?post=5431"},{"taxonomy":"product_cat","embeddable":true,"href":"https:\/\/edicioneselnaranjo.com.mx\/tienda\/wp-json\/wp\/v2\/product_cat?post=5431"},{"taxonomy":"product_tag","embeddable":true,"href":"https:\/\/edicioneselnaranjo.com.mx\/tienda\/wp-json\/wp\/v2\/product_tag?post=5431"}],"curies":[{"name":"wp","href":"https:\/\/api.w.org\/{rel}","templated":true}]}}