{"id":5404,"date":"2023-11-24T17:35:02","date_gmt":"2023-11-24T23:35:02","guid":{"rendered":"http:\/\/edicioneselnaranjo.com.mx\/tienda\/?post_type=product&#038;p=5404"},"modified":"2026-01-19T16:55:30","modified_gmt":"2026-01-19T22:55:30","slug":"la-anguila","status":"publish","type":"product","link":"https:\/\/edicioneselnaranjo.com.mx\/tienda\/producto\/la-anguila\/","title":{"rendered":"La Anguila"},"content":{"rendered":"<table>\n<tbody>\n<tr>\n<td>G\u00e9nero<\/td>\n<td>Novela<\/td>\n<\/tr>\n<tr>\n<td>Encuadernaci\u00f3n<\/td>\n<td>R\u00fastica<\/td>\n<\/tr>\n<tr>\n<td>A\u00f1o<\/td>\n<td>2023<\/td>\n<\/tr>\n<tr>\n<td>Edici\u00f3n<\/td>\n<td>Primera<\/td>\n<\/tr>\n<tr>\n<td>P\u00e1ginas<\/td>\n<td>\u00a0144 pp<\/td>\n<\/tr>\n<tr>\n<td>Formato<\/td>\n<td>15 x 21 cm<\/td>\n<\/tr>\n<tr>\n<td>Impresi\u00f3n<\/td>\n<td>2 tintas<\/td>\n<\/tr>\n<tr>\n<td>Peso<\/td>\n<td>135 g<\/td>\n<\/tr>\n<tr>\n<td>ISBN<\/td>\n<td>\n<p class=\"p1\">978-607-8807-54-3<\/p>\n<\/td>\n<\/tr>\n<tr>\n<td>Sello editorial<\/td>\n<td>Ediciones El Naranjo<\/td>\n<\/tr>\n<\/tbody>\n<\/table>\n<p>&nbsp;<\/p>\n","protected":false},"excerpt":{"rendered":"<div class=\"serif rplcr-container\">\n<p>Texto de Valentine Goby<br \/>\nTraducci\u00f3n de Elena Borr\u00e1s<\/p>\n<p>Sinopsis. Halis est\u00e1 seguro de que con la llegada de la nueva estudiante \u201cdiferente\u201d, su vida mejorar\u00e1. Al menos, espera que ella se convierta en el nuevo blanco de burlas de Zac. Aunque, pens\u00e1ndolo bien, \u00bfa qu\u00e9 se refer\u00eda el profesor cuando dijo que vendr\u00eda una chica diferente? Lo que no se imagina es que con Camila la vida va a ser m\u00e1s divertida, m\u00e1s arriesgada y m\u00e1s feliz. Y qui\u00e9n sabe, a lo mejor hasta se atreve a hacer cosas que nunca imagin\u00f3.<\/p>\n<\/div>\n","protected":false},"featured_media":5405,"template":"","meta":[],"product_brand":[],"product_cat":[15],"product_tag":[89,48,380],"class_list":{"0":"post-5404","1":"product","2":"type-product","3":"status-publish","4":"has-post-thumbnail","6":"product_cat-catalogo","7":"product_tag-amistad","8":"product_tag-autoestima","9":"product_tag-capacidades-distintas","10":"pa_buen-fin-10-al-20","12":"first","13":"instock","14":"shipping-taxable","15":"purchasable","16":"product-type-simple"},"yoast_head":"<!-- This site is optimized with the Yoast SEO plugin v27.3 - https:\/\/yoast.com\/product\/yoast-seo-wordpress\/ -->\n<title>La Anguila - Tienda Ediciones El Naranjo<\/title>\n<meta name=\"description\" content=\"Halis est\u00e1 seguro de que con la llegada de la nueva estudiante \u201cdiferente\u201d, su vida mejorar\u00e1. Al menos, espera que ella se convierta en el nuevo blanco de burlas de Zac. Aunque, pens\u00e1ndolo bien, \u00bfa qu\u00e9 se refer\u00eda el profesor cuando dijo que vendr\u00eda una chica diferente? Lo que no se imagina es que con Camila la vida va a ser m\u00e1s divertida, m\u00e1s arriesgada y m\u00e1s feliz. Y qui\u00e9n sabe, a lo mejor hasta se atreve a hacer cosas que nunca imagin\u00f3.\" \/>\n<meta name=\"robots\" content=\"index, follow, max-snippet:-1, max-image-preview:large, max-video-preview:-1\" \/>\n<link rel=\"canonical\" href=\"https:\/\/edicioneselnaranjo.com.mx\/tienda\/producto\/la-anguila\/\" \/>\n<meta property=\"og:locale\" content=\"es_MX\" \/>\n<meta property=\"og:type\" content=\"article\" \/>\n<meta property=\"og:title\" content=\"La Anguila - Tienda Ediciones El Naranjo\" \/>\n<meta property=\"og:description\" content=\"Halis est\u00e1 seguro de que con la llegada de la nueva estudiante \u201cdiferente\u201d, su vida mejorar\u00e1. Al menos, espera que ella se convierta en el nuevo blanco de burlas de Zac. Aunque, pens\u00e1ndolo bien, \u00bfa qu\u00e9 se refer\u00eda el profesor cuando dijo que vendr\u00eda una chica diferente? Lo que no se imagina es que con Camila la vida va a ser m\u00e1s divertida, m\u00e1s arriesgada y m\u00e1s feliz. Y qui\u00e9n sabe, a lo mejor hasta se atreve a hacer cosas que nunca imagin\u00f3.\" \/>\n<meta property=\"og:url\" content=\"https:\/\/edicioneselnaranjo.com.mx\/tienda\/producto\/la-anguila\/\" \/>\n<meta property=\"og:site_name\" content=\"Tienda Ediciones El Naranjo\" \/>\n<meta property=\"article:modified_time\" content=\"2026-01-19T22:55:30+00:00\" \/>\n<meta property=\"og:image\" content=\"https:\/\/edicioneselnaranjo.com.mx\/tienda\/wp-content\/uploads\/2023\/11\/p-anguila.jpg\" \/>\n\t<meta property=\"og:image:width\" content=\"900\" \/>\n\t<meta property=\"og:image:height\" content=\"900\" \/>\n\t<meta property=\"og:image:type\" content=\"image\/jpeg\" \/>\n<meta name=\"twitter:card\" content=\"summary_large_image\" \/>\n<meta name=\"twitter:label1\" content=\"Tiempo de lectura\" \/>\n\t<meta name=\"twitter:data1\" content=\"1 minuto\" \/>\n<script type=\"application\/ld+json\" class=\"yoast-schema-graph\">{\"@context\":\"https:\\\/\\\/schema.org\",\"@graph\":[{\"@type\":\"WebPage\",\"@id\":\"https:\\\/\\\/edicioneselnaranjo.com.mx\\\/tienda\\\/producto\\\/la-anguila\\\/\",\"url\":\"https:\\\/\\\/edicioneselnaranjo.com.mx\\\/tienda\\\/producto\\\/la-anguila\\\/\",\"name\":\"La Anguila - Tienda Ediciones El Naranjo\",\"isPartOf\":{\"@id\":\"https:\\\/\\\/edicioneselnaranjo.com.mx\\\/tienda\\\/#website\"},\"primaryImageOfPage\":{\"@id\":\"https:\\\/\\\/edicioneselnaranjo.com.mx\\\/tienda\\\/producto\\\/la-anguila\\\/#primaryimage\"},\"image\":{\"@id\":\"https:\\\/\\\/edicioneselnaranjo.com.mx\\\/tienda\\\/producto\\\/la-anguila\\\/#primaryimage\"},\"thumbnailUrl\":\"https:\\\/\\\/edicioneselnaranjo.com.mx\\\/tienda\\\/wp-content\\\/uploads\\\/2023\\\/11\\\/p-anguila.jpg\",\"datePublished\":\"2023-11-24T23:35:02+00:00\",\"dateModified\":\"2026-01-19T22:55:30+00:00\",\"description\":\"Halis est\u00e1 seguro de que con la llegada de la nueva estudiante \u201cdiferente\u201d, su vida mejorar\u00e1. Al menos, espera que ella se convierta en el nuevo blanco de burlas de Zac. Aunque, pens\u00e1ndolo bien, \u00bfa qu\u00e9 se refer\u00eda el profesor cuando dijo que vendr\u00eda una chica diferente? Lo que no se imagina es que con Camila la vida va a ser m\u00e1s divertida, m\u00e1s arriesgada y m\u00e1s feliz. Y qui\u00e9n sabe, a lo mejor hasta se atreve a hacer cosas que nunca imagin\u00f3.\",\"breadcrumb\":{\"@id\":\"https:\\\/\\\/edicioneselnaranjo.com.mx\\\/tienda\\\/producto\\\/la-anguila\\\/#breadcrumb\"},\"inLanguage\":\"es\",\"potentialAction\":[{\"@type\":\"ReadAction\",\"target\":[\"https:\\\/\\\/edicioneselnaranjo.com.mx\\\/tienda\\\/producto\\\/la-anguila\\\/\"]}]},{\"@type\":\"ImageObject\",\"inLanguage\":\"es\",\"@id\":\"https:\\\/\\\/edicioneselnaranjo.com.mx\\\/tienda\\\/producto\\\/la-anguila\\\/#primaryimage\",\"url\":\"https:\\\/\\\/edicioneselnaranjo.com.mx\\\/tienda\\\/wp-content\\\/uploads\\\/2023\\\/11\\\/p-anguila.jpg\",\"contentUrl\":\"https:\\\/\\\/edicioneselnaranjo.com.mx\\\/tienda\\\/wp-content\\\/uploads\\\/2023\\\/11\\\/p-anguila.jpg\",\"width\":900,\"height\":900},{\"@type\":\"BreadcrumbList\",\"@id\":\"https:\\\/\\\/edicioneselnaranjo.com.mx\\\/tienda\\\/producto\\\/la-anguila\\\/#breadcrumb\",\"itemListElement\":[{\"@type\":\"ListItem\",\"position\":1,\"name\":\"Inicio\",\"item\":\"https:\\\/\\\/edicioneselnaranjo.com.mx\\\/tienda\\\/\"},{\"@type\":\"ListItem\",\"position\":2,\"name\":\"La Anguila\"}]},{\"@type\":\"WebSite\",\"@id\":\"https:\\\/\\\/edicioneselnaranjo.com.mx\\\/tienda\\\/#website\",\"url\":\"https:\\\/\\\/edicioneselnaranjo.com.mx\\\/tienda\\\/\",\"name\":\"Tienda Ediciones El Naranjo\",\"description\":\"Tienda en l&iacute;nea de Ediciones El Naranjo\",\"publisher\":{\"@id\":\"https:\\\/\\\/edicioneselnaranjo.com.mx\\\/tienda\\\/#organization\"},\"potentialAction\":[{\"@type\":\"SearchAction\",\"target\":{\"@type\":\"EntryPoint\",\"urlTemplate\":\"https:\\\/\\\/edicioneselnaranjo.com.mx\\\/tienda\\\/?s={search_term_string}\"},\"query-input\":{\"@type\":\"PropertyValueSpecification\",\"valueRequired\":true,\"valueName\":\"search_term_string\"}}],\"inLanguage\":\"es\"},{\"@type\":\"Organization\",\"@id\":\"https:\\\/\\\/edicioneselnaranjo.com.mx\\\/tienda\\\/#organization\",\"name\":\"Tienda Ediciones El Naranjo\",\"url\":\"https:\\\/\\\/edicioneselnaranjo.com.mx\\\/tienda\\\/\",\"logo\":{\"@type\":\"ImageObject\",\"inLanguage\":\"es\",\"@id\":\"https:\\\/\\\/edicioneselnaranjo.com.mx\\\/tienda\\\/#\\\/schema\\\/logo\\\/image\\\/\",\"url\":\"https:\\\/\\\/edicioneselnaranjo.com.mx\\\/tienda\\\/wp-content\\\/uploads\\\/2020\\\/09\\\/logo-imagen-tienda.png\",\"contentUrl\":\"https:\\\/\\\/edicioneselnaranjo.com.mx\\\/tienda\\\/wp-content\\\/uploads\\\/2020\\\/09\\\/logo-imagen-tienda.png\",\"width\":700,\"height\":140,\"caption\":\"Tienda Ediciones El Naranjo\"},\"image\":{\"@id\":\"https:\\\/\\\/edicioneselnaranjo.com.mx\\\/tienda\\\/#\\\/schema\\\/logo\\\/image\\\/\"}}]}<\/script>\n<!-- \/ Yoast SEO plugin. -->","yoast_head_json":{"title":"La Anguila - Tienda Ediciones El Naranjo","description":"Halis est\u00e1 seguro de que con la llegada de la nueva estudiante \u201cdiferente\u201d, su vida mejorar\u00e1. Al menos, espera que ella se convierta en el nuevo blanco de burlas de Zac. Aunque, pens\u00e1ndolo bien, \u00bfa qu\u00e9 se refer\u00eda el profesor cuando dijo que vendr\u00eda una chica diferente? Lo que no se imagina es que con Camila la vida va a ser m\u00e1s divertida, m\u00e1s arriesgada y m\u00e1s feliz. Y qui\u00e9n sabe, a lo mejor hasta se atreve a hacer cosas que nunca imagin\u00f3.","robots":{"index":"index","follow":"follow","max-snippet":"max-snippet:-1","max-image-preview":"max-image-preview:large","max-video-preview":"max-video-preview:-1"},"canonical":"https:\/\/edicioneselnaranjo.com.mx\/tienda\/producto\/la-anguila\/","og_locale":"es_MX","og_type":"article","og_title":"La Anguila - Tienda Ediciones El Naranjo","og_description":"Halis est\u00e1 seguro de que con la llegada de la nueva estudiante \u201cdiferente\u201d, su vida mejorar\u00e1. Al menos, espera que ella se convierta en el nuevo blanco de burlas de Zac. Aunque, pens\u00e1ndolo bien, \u00bfa qu\u00e9 se refer\u00eda el profesor cuando dijo que vendr\u00eda una chica diferente? Lo que no se imagina es que con Camila la vida va a ser m\u00e1s divertida, m\u00e1s arriesgada y m\u00e1s feliz. Y qui\u00e9n sabe, a lo mejor hasta se atreve a hacer cosas que nunca imagin\u00f3.","og_url":"https:\/\/edicioneselnaranjo.com.mx\/tienda\/producto\/la-anguila\/","og_site_name":"Tienda Ediciones El Naranjo","article_modified_time":"2026-01-19T22:55:30+00:00","og_image":[{"width":900,"height":900,"url":"https:\/\/edicioneselnaranjo.com.mx\/tienda\/wp-content\/uploads\/2023\/11\/p-anguila.jpg","type":"image\/jpeg"}],"twitter_card":"summary_large_image","twitter_misc":{"Tiempo de lectura":"1 minuto"},"schema":{"@context":"https:\/\/schema.org","@graph":[{"@type":"WebPage","@id":"https:\/\/edicioneselnaranjo.com.mx\/tienda\/producto\/la-anguila\/","url":"https:\/\/edicioneselnaranjo.com.mx\/tienda\/producto\/la-anguila\/","name":"La Anguila - Tienda Ediciones El Naranjo","isPartOf":{"@id":"https:\/\/edicioneselnaranjo.com.mx\/tienda\/#website"},"primaryImageOfPage":{"@id":"https:\/\/edicioneselnaranjo.com.mx\/tienda\/producto\/la-anguila\/#primaryimage"},"image":{"@id":"https:\/\/edicioneselnaranjo.com.mx\/tienda\/producto\/la-anguila\/#primaryimage"},"thumbnailUrl":"https:\/\/edicioneselnaranjo.com.mx\/tienda\/wp-content\/uploads\/2023\/11\/p-anguila.jpg","datePublished":"2023-11-24T23:35:02+00:00","dateModified":"2026-01-19T22:55:30+00:00","description":"Halis est\u00e1 seguro de que con la llegada de la nueva estudiante \u201cdiferente\u201d, su vida mejorar\u00e1. Al menos, espera que ella se convierta en el nuevo blanco de burlas de Zac. Aunque, pens\u00e1ndolo bien, \u00bfa qu\u00e9 se refer\u00eda el profesor cuando dijo que vendr\u00eda una chica diferente? Lo que no se imagina es que con Camila la vida va a ser m\u00e1s divertida, m\u00e1s arriesgada y m\u00e1s feliz. Y qui\u00e9n sabe, a lo mejor hasta se atreve a hacer cosas que nunca imagin\u00f3.","breadcrumb":{"@id":"https:\/\/edicioneselnaranjo.com.mx\/tienda\/producto\/la-anguila\/#breadcrumb"},"inLanguage":"es","potentialAction":[{"@type":"ReadAction","target":["https:\/\/edicioneselnaranjo.com.mx\/tienda\/producto\/la-anguila\/"]}]},{"@type":"ImageObject","inLanguage":"es","@id":"https:\/\/edicioneselnaranjo.com.mx\/tienda\/producto\/la-anguila\/#primaryimage","url":"https:\/\/edicioneselnaranjo.com.mx\/tienda\/wp-content\/uploads\/2023\/11\/p-anguila.jpg","contentUrl":"https:\/\/edicioneselnaranjo.com.mx\/tienda\/wp-content\/uploads\/2023\/11\/p-anguila.jpg","width":900,"height":900},{"@type":"BreadcrumbList","@id":"https:\/\/edicioneselnaranjo.com.mx\/tienda\/producto\/la-anguila\/#breadcrumb","itemListElement":[{"@type":"ListItem","position":1,"name":"Inicio","item":"https:\/\/edicioneselnaranjo.com.mx\/tienda\/"},{"@type":"ListItem","position":2,"name":"La Anguila"}]},{"@type":"WebSite","@id":"https:\/\/edicioneselnaranjo.com.mx\/tienda\/#website","url":"https:\/\/edicioneselnaranjo.com.mx\/tienda\/","name":"Tienda Ediciones El Naranjo","description":"Tienda en l&iacute;nea de Ediciones El Naranjo","publisher":{"@id":"https:\/\/edicioneselnaranjo.com.mx\/tienda\/#organization"},"potentialAction":[{"@type":"SearchAction","target":{"@type":"EntryPoint","urlTemplate":"https:\/\/edicioneselnaranjo.com.mx\/tienda\/?s={search_term_string}"},"query-input":{"@type":"PropertyValueSpecification","valueRequired":true,"valueName":"search_term_string"}}],"inLanguage":"es"},{"@type":"Organization","@id":"https:\/\/edicioneselnaranjo.com.mx\/tienda\/#organization","name":"Tienda Ediciones El Naranjo","url":"https:\/\/edicioneselnaranjo.com.mx\/tienda\/","logo":{"@type":"ImageObject","inLanguage":"es","@id":"https:\/\/edicioneselnaranjo.com.mx\/tienda\/#\/schema\/logo\/image\/","url":"https:\/\/edicioneselnaranjo.com.mx\/tienda\/wp-content\/uploads\/2020\/09\/logo-imagen-tienda.png","contentUrl":"https:\/\/edicioneselnaranjo.com.mx\/tienda\/wp-content\/uploads\/2020\/09\/logo-imagen-tienda.png","width":700,"height":140,"caption":"Tienda Ediciones El Naranjo"},"image":{"@id":"https:\/\/edicioneselnaranjo.com.mx\/tienda\/#\/schema\/logo\/image\/"}}]}},"_links":{"self":[{"href":"https:\/\/edicioneselnaranjo.com.mx\/tienda\/wp-json\/wp\/v2\/product\/5404","targetHints":{"allow":["GET"]}}],"collection":[{"href":"https:\/\/edicioneselnaranjo.com.mx\/tienda\/wp-json\/wp\/v2\/product"}],"about":[{"href":"https:\/\/edicioneselnaranjo.com.mx\/tienda\/wp-json\/wp\/v2\/types\/product"}],"wp:featuredmedia":[{"embeddable":true,"href":"https:\/\/edicioneselnaranjo.com.mx\/tienda\/wp-json\/wp\/v2\/media\/5405"}],"wp:attachment":[{"href":"https:\/\/edicioneselnaranjo.com.mx\/tienda\/wp-json\/wp\/v2\/media?parent=5404"}],"wp:term":[{"taxonomy":"product_brand","embeddable":true,"href":"https:\/\/edicioneselnaranjo.com.mx\/tienda\/wp-json\/wp\/v2\/product_brand?post=5404"},{"taxonomy":"product_cat","embeddable":true,"href":"https:\/\/edicioneselnaranjo.com.mx\/tienda\/wp-json\/wp\/v2\/product_cat?post=5404"},{"taxonomy":"product_tag","embeddable":true,"href":"https:\/\/edicioneselnaranjo.com.mx\/tienda\/wp-json\/wp\/v2\/product_tag?post=5404"}],"curies":[{"name":"wp","href":"https:\/\/api.w.org\/{rel}","templated":true}]}}