{"id":5337,"date":"2023-10-12T16:58:26","date_gmt":"2023-10-12T21:58:26","guid":{"rendered":"http:\/\/edicioneselnaranjo.com.mx\/tienda\/?post_type=product&#038;p=5337"},"modified":"2026-01-19T16:55:28","modified_gmt":"2026-01-19T22:55:28","slug":"el-mar-ya-casi-termina","status":"publish","type":"product","link":"https:\/\/edicioneselnaranjo.com.mx\/tienda\/producto\/el-mar-ya-casi-termina\/","title":{"rendered":"El mar ya casi termina"},"content":{"rendered":"<table>\n<tbody>\n<tr>\n<td>G\u00e9nero<\/td>\n<td>Novela<\/td>\n<\/tr>\n<tr>\n<td>Encuadernaci\u00f3n<\/td>\n<td>R\u00fastica<\/td>\n<\/tr>\n<tr>\n<td>A\u00f1o<\/td>\n<td>2023<\/td>\n<\/tr>\n<tr>\n<td>Edici\u00f3n<\/td>\n<td>Primera<\/td>\n<\/tr>\n<tr>\n<td>P\u00e1ginas<\/td>\n<td>\u00a0160 pp<\/td>\n<\/tr>\n<tr>\n<td>Formato<\/td>\n<td>15 x 21 cm<\/td>\n<\/tr>\n<tr>\n<td>Impresi\u00f3n<\/td>\n<td>4 tintas<\/td>\n<\/tr>\n<tr>\n<td>Peso<\/td>\n<td>255 g<\/td>\n<\/tr>\n<tr>\n<td>ISBN<\/td>\n<td>\n<p class=\"p1\">978-607-8807-51-2<\/p>\n<\/td>\n<\/tr>\n<tr>\n<td>Sello editorial<\/td>\n<td>Ediciones El Naranjo<\/td>\n<\/tr>\n<\/tbody>\n<\/table>\n<p>&nbsp;<\/p>\n","protected":false},"excerpt":{"rendered":"<div class=\"serif rplcr-container\">Texto de Antonio Ramos Revillas<br \/>\nIlustraciones de Jimena Estibaliz<\/div>\n<div class=\"serif rplcr-container\">\n<hr \/>\n<p class=\"p1\">Basado en la vida de Antonio Arguelles. To\u00f1o quiere nadar. Lo supo el d\u00eda que vio al Tibio Mu\u00f1oz ganar la medalla de oro. Nadar, a partir de ese momento, se convirti\u00f3 en su gran pasi\u00f3n y su mayor reto\u2026 Pero los sue\u00f1os a veces tardan m\u00e1s de lo esperado; otras veces cambian de forma en el camino. To\u00f1o creci\u00f3, To\u00f1o descubri\u00f3 el oc\u00e9ano, To\u00f1o comprendi\u00f3 que su competencia no era de velocidad sino de resistencia.<\/p>\n<\/div>\n","protected":false},"featured_media":5338,"template":"","meta":[],"product_brand":[],"product_cat":[15],"product_tag":[376,377,124,80],"class_list":{"0":"post-5337","1":"product","2":"type-product","3":"status-publish","4":"has-post-thumbnail","6":"product_cat-catalogo","7":"product_tag-autoconocimiento","8":"product_tag-deporte","9":"product_tag-perseverancia","10":"product_tag-superacion","11":"pa_edad-12-a-14-anos","12":"pa_edad-15-en-adelante","13":"pa_edad-9-a-11-anos","15":"first","16":"instock","17":"shipping-taxable","18":"purchasable","19":"product-type-simple"},"yoast_head":"<!-- This site is optimized with the Yoast SEO plugin v27.4 - https:\/\/yoast.com\/product\/yoast-seo-wordpress\/ -->\n<title>El mar ya casi termina - Tienda Ediciones El Naranjo<\/title>\n<meta name=\"description\" content=\"Basado en la vida de Antonio Arguelles. To\u00f1o quiere nadar. Lo supo el d\u00eda que vio al Tibio Mu\u00f1oz ganar la medalla de oro. Nadar, a partir de ese momento, se convirti\u00f3 en su gran pasi\u00f3n y su mayor reto\u2026 Pero los sue\u00f1os a veces tadan m\u00e1s de lo esperado; otras veces cambian de forma en el camino. To\u00f1o creci\u00f3, To\u00f1o descubri\u00f3 el oc\u00e9ano, To\u00f1o comprendi\u00f3 que su competencia no era de velocidad sino de resistencia.\" \/>\n<meta name=\"robots\" content=\"index, follow, max-snippet:-1, max-image-preview:large, max-video-preview:-1\" \/>\n<link rel=\"canonical\" href=\"https:\/\/edicioneselnaranjo.com.mx\/tienda\/producto\/el-mar-ya-casi-termina\/\" \/>\n<meta property=\"og:locale\" content=\"es_MX\" \/>\n<meta property=\"og:type\" content=\"article\" \/>\n<meta property=\"og:title\" content=\"El mar ya casi termina - Tienda Ediciones El Naranjo\" \/>\n<meta property=\"og:description\" content=\"Basado en la vida de Antonio Arguelles. To\u00f1o quiere nadar. Lo supo el d\u00eda que vio al Tibio Mu\u00f1oz ganar la medalla de oro. Nadar, a partir de ese momento, se convirti\u00f3 en su gran pasi\u00f3n y su mayor reto\u2026 Pero los sue\u00f1os a veces tadan m\u00e1s de lo esperado; otras veces cambian de forma en el camino. To\u00f1o creci\u00f3, To\u00f1o descubri\u00f3 el oc\u00e9ano, To\u00f1o comprendi\u00f3 que su competencia no era de velocidad sino de resistencia.\" \/>\n<meta property=\"og:url\" content=\"https:\/\/edicioneselnaranjo.com.mx\/tienda\/producto\/el-mar-ya-casi-termina\/\" \/>\n<meta property=\"og:site_name\" content=\"Tienda Ediciones El Naranjo\" \/>\n<meta property=\"article:modified_time\" content=\"2026-01-19T22:55:28+00:00\" \/>\n<meta property=\"og:image\" content=\"https:\/\/edicioneselnaranjo.com.mx\/tienda\/wp-content\/uploads\/2023\/10\/PTL_Mar.jpg\" \/>\n\t<meta property=\"og:image:width\" content=\"900\" \/>\n\t<meta property=\"og:image:height\" content=\"900\" \/>\n\t<meta property=\"og:image:type\" content=\"image\/jpeg\" \/>\n<meta name=\"twitter:card\" content=\"summary_large_image\" \/>\n<meta name=\"twitter:label1\" content=\"Tiempo de lectura\" \/>\n\t<meta name=\"twitter:data1\" content=\"1 minuto\" \/>\n<script type=\"application\/ld+json\" class=\"yoast-schema-graph\">{\"@context\":\"https:\\\/\\\/schema.org\",\"@graph\":[{\"@type\":\"WebPage\",\"@id\":\"https:\\\/\\\/edicioneselnaranjo.com.mx\\\/tienda\\\/producto\\\/el-mar-ya-casi-termina\\\/\",\"url\":\"https:\\\/\\\/edicioneselnaranjo.com.mx\\\/tienda\\\/producto\\\/el-mar-ya-casi-termina\\\/\",\"name\":\"El mar ya casi termina - Tienda Ediciones El Naranjo\",\"isPartOf\":{\"@id\":\"https:\\\/\\\/edicioneselnaranjo.com.mx\\\/tienda\\\/#website\"},\"primaryImageOfPage\":{\"@id\":\"https:\\\/\\\/edicioneselnaranjo.com.mx\\\/tienda\\\/producto\\\/el-mar-ya-casi-termina\\\/#primaryimage\"},\"image\":{\"@id\":\"https:\\\/\\\/edicioneselnaranjo.com.mx\\\/tienda\\\/producto\\\/el-mar-ya-casi-termina\\\/#primaryimage\"},\"thumbnailUrl\":\"https:\\\/\\\/edicioneselnaranjo.com.mx\\\/tienda\\\/wp-content\\\/uploads\\\/2023\\\/10\\\/PTL_Mar.jpg\",\"datePublished\":\"2023-10-12T21:58:26+00:00\",\"dateModified\":\"2026-01-19T22:55:28+00:00\",\"description\":\"Basado en la vida de Antonio Arguelles. To\u00f1o quiere nadar. Lo supo el d\u00eda que vio al Tibio Mu\u00f1oz ganar la medalla de oro. Nadar, a partir de ese momento, se convirti\u00f3 en su gran pasi\u00f3n y su mayor reto\u2026 Pero los sue\u00f1os a veces tadan m\u00e1s de lo esperado; otras veces cambian de forma en el camino. To\u00f1o creci\u00f3, To\u00f1o descubri\u00f3 el oc\u00e9ano, To\u00f1o comprendi\u00f3 que su competencia no era de velocidad sino de resistencia.\",\"breadcrumb\":{\"@id\":\"https:\\\/\\\/edicioneselnaranjo.com.mx\\\/tienda\\\/producto\\\/el-mar-ya-casi-termina\\\/#breadcrumb\"},\"inLanguage\":\"es\",\"potentialAction\":[{\"@type\":\"ReadAction\",\"target\":[\"https:\\\/\\\/edicioneselnaranjo.com.mx\\\/tienda\\\/producto\\\/el-mar-ya-casi-termina\\\/\"]}]},{\"@type\":\"ImageObject\",\"inLanguage\":\"es\",\"@id\":\"https:\\\/\\\/edicioneselnaranjo.com.mx\\\/tienda\\\/producto\\\/el-mar-ya-casi-termina\\\/#primaryimage\",\"url\":\"https:\\\/\\\/edicioneselnaranjo.com.mx\\\/tienda\\\/wp-content\\\/uploads\\\/2023\\\/10\\\/PTL_Mar.jpg\",\"contentUrl\":\"https:\\\/\\\/edicioneselnaranjo.com.mx\\\/tienda\\\/wp-content\\\/uploads\\\/2023\\\/10\\\/PTL_Mar.jpg\",\"width\":900,\"height\":900},{\"@type\":\"BreadcrumbList\",\"@id\":\"https:\\\/\\\/edicioneselnaranjo.com.mx\\\/tienda\\\/producto\\\/el-mar-ya-casi-termina\\\/#breadcrumb\",\"itemListElement\":[{\"@type\":\"ListItem\",\"position\":1,\"name\":\"Inicio\",\"item\":\"https:\\\/\\\/edicioneselnaranjo.com.mx\\\/tienda\\\/\"},{\"@type\":\"ListItem\",\"position\":2,\"name\":\"El mar ya casi termina\"}]},{\"@type\":\"WebSite\",\"@id\":\"https:\\\/\\\/edicioneselnaranjo.com.mx\\\/tienda\\\/#website\",\"url\":\"https:\\\/\\\/edicioneselnaranjo.com.mx\\\/tienda\\\/\",\"name\":\"Tienda Ediciones El Naranjo\",\"description\":\"Tienda en l&iacute;nea de Ediciones El Naranjo\",\"publisher\":{\"@id\":\"https:\\\/\\\/edicioneselnaranjo.com.mx\\\/tienda\\\/#organization\"},\"potentialAction\":[{\"@type\":\"SearchAction\",\"target\":{\"@type\":\"EntryPoint\",\"urlTemplate\":\"https:\\\/\\\/edicioneselnaranjo.com.mx\\\/tienda\\\/?s={search_term_string}\"},\"query-input\":{\"@type\":\"PropertyValueSpecification\",\"valueRequired\":true,\"valueName\":\"search_term_string\"}}],\"inLanguage\":\"es\"},{\"@type\":\"Organization\",\"@id\":\"https:\\\/\\\/edicioneselnaranjo.com.mx\\\/tienda\\\/#organization\",\"name\":\"Tienda Ediciones El Naranjo\",\"url\":\"https:\\\/\\\/edicioneselnaranjo.com.mx\\\/tienda\\\/\",\"logo\":{\"@type\":\"ImageObject\",\"inLanguage\":\"es\",\"@id\":\"https:\\\/\\\/edicioneselnaranjo.com.mx\\\/tienda\\\/#\\\/schema\\\/logo\\\/image\\\/\",\"url\":\"https:\\\/\\\/edicioneselnaranjo.com.mx\\\/tienda\\\/wp-content\\\/uploads\\\/2020\\\/09\\\/logo-imagen-tienda.png\",\"contentUrl\":\"https:\\\/\\\/edicioneselnaranjo.com.mx\\\/tienda\\\/wp-content\\\/uploads\\\/2020\\\/09\\\/logo-imagen-tienda.png\",\"width\":700,\"height\":140,\"caption\":\"Tienda Ediciones El Naranjo\"},\"image\":{\"@id\":\"https:\\\/\\\/edicioneselnaranjo.com.mx\\\/tienda\\\/#\\\/schema\\\/logo\\\/image\\\/\"}}]}<\/script>\n<!-- \/ Yoast SEO plugin. -->","yoast_head_json":{"title":"El mar ya casi termina - Tienda Ediciones El Naranjo","description":"Basado en la vida de Antonio Arguelles. To\u00f1o quiere nadar. Lo supo el d\u00eda que vio al Tibio Mu\u00f1oz ganar la medalla de oro. Nadar, a partir de ese momento, se convirti\u00f3 en su gran pasi\u00f3n y su mayor reto\u2026 Pero los sue\u00f1os a veces tadan m\u00e1s de lo esperado; otras veces cambian de forma en el camino. To\u00f1o creci\u00f3, To\u00f1o descubri\u00f3 el oc\u00e9ano, To\u00f1o comprendi\u00f3 que su competencia no era de velocidad sino de resistencia.","robots":{"index":"index","follow":"follow","max-snippet":"max-snippet:-1","max-image-preview":"max-image-preview:large","max-video-preview":"max-video-preview:-1"},"canonical":"https:\/\/edicioneselnaranjo.com.mx\/tienda\/producto\/el-mar-ya-casi-termina\/","og_locale":"es_MX","og_type":"article","og_title":"El mar ya casi termina - Tienda Ediciones El Naranjo","og_description":"Basado en la vida de Antonio Arguelles. To\u00f1o quiere nadar. Lo supo el d\u00eda que vio al Tibio Mu\u00f1oz ganar la medalla de oro. Nadar, a partir de ese momento, se convirti\u00f3 en su gran pasi\u00f3n y su mayor reto\u2026 Pero los sue\u00f1os a veces tadan m\u00e1s de lo esperado; otras veces cambian de forma en el camino. To\u00f1o creci\u00f3, To\u00f1o descubri\u00f3 el oc\u00e9ano, To\u00f1o comprendi\u00f3 que su competencia no era de velocidad sino de resistencia.","og_url":"https:\/\/edicioneselnaranjo.com.mx\/tienda\/producto\/el-mar-ya-casi-termina\/","og_site_name":"Tienda Ediciones El Naranjo","article_modified_time":"2026-01-19T22:55:28+00:00","og_image":[{"width":900,"height":900,"url":"https:\/\/edicioneselnaranjo.com.mx\/tienda\/wp-content\/uploads\/2023\/10\/PTL_Mar.jpg","type":"image\/jpeg"}],"twitter_card":"summary_large_image","twitter_misc":{"Tiempo de lectura":"1 minuto"},"schema":{"@context":"https:\/\/schema.org","@graph":[{"@type":"WebPage","@id":"https:\/\/edicioneselnaranjo.com.mx\/tienda\/producto\/el-mar-ya-casi-termina\/","url":"https:\/\/edicioneselnaranjo.com.mx\/tienda\/producto\/el-mar-ya-casi-termina\/","name":"El mar ya casi termina - Tienda Ediciones El Naranjo","isPartOf":{"@id":"https:\/\/edicioneselnaranjo.com.mx\/tienda\/#website"},"primaryImageOfPage":{"@id":"https:\/\/edicioneselnaranjo.com.mx\/tienda\/producto\/el-mar-ya-casi-termina\/#primaryimage"},"image":{"@id":"https:\/\/edicioneselnaranjo.com.mx\/tienda\/producto\/el-mar-ya-casi-termina\/#primaryimage"},"thumbnailUrl":"https:\/\/edicioneselnaranjo.com.mx\/tienda\/wp-content\/uploads\/2023\/10\/PTL_Mar.jpg","datePublished":"2023-10-12T21:58:26+00:00","dateModified":"2026-01-19T22:55:28+00:00","description":"Basado en la vida de Antonio Arguelles. To\u00f1o quiere nadar. Lo supo el d\u00eda que vio al Tibio Mu\u00f1oz ganar la medalla de oro. Nadar, a partir de ese momento, se convirti\u00f3 en su gran pasi\u00f3n y su mayor reto\u2026 Pero los sue\u00f1os a veces tadan m\u00e1s de lo esperado; otras veces cambian de forma en el camino. To\u00f1o creci\u00f3, To\u00f1o descubri\u00f3 el oc\u00e9ano, To\u00f1o comprendi\u00f3 que su competencia no era de velocidad sino de resistencia.","breadcrumb":{"@id":"https:\/\/edicioneselnaranjo.com.mx\/tienda\/producto\/el-mar-ya-casi-termina\/#breadcrumb"},"inLanguage":"es","potentialAction":[{"@type":"ReadAction","target":["https:\/\/edicioneselnaranjo.com.mx\/tienda\/producto\/el-mar-ya-casi-termina\/"]}]},{"@type":"ImageObject","inLanguage":"es","@id":"https:\/\/edicioneselnaranjo.com.mx\/tienda\/producto\/el-mar-ya-casi-termina\/#primaryimage","url":"https:\/\/edicioneselnaranjo.com.mx\/tienda\/wp-content\/uploads\/2023\/10\/PTL_Mar.jpg","contentUrl":"https:\/\/edicioneselnaranjo.com.mx\/tienda\/wp-content\/uploads\/2023\/10\/PTL_Mar.jpg","width":900,"height":900},{"@type":"BreadcrumbList","@id":"https:\/\/edicioneselnaranjo.com.mx\/tienda\/producto\/el-mar-ya-casi-termina\/#breadcrumb","itemListElement":[{"@type":"ListItem","position":1,"name":"Inicio","item":"https:\/\/edicioneselnaranjo.com.mx\/tienda\/"},{"@type":"ListItem","position":2,"name":"El mar ya casi termina"}]},{"@type":"WebSite","@id":"https:\/\/edicioneselnaranjo.com.mx\/tienda\/#website","url":"https:\/\/edicioneselnaranjo.com.mx\/tienda\/","name":"Tienda Ediciones El Naranjo","description":"Tienda en l&iacute;nea de Ediciones El Naranjo","publisher":{"@id":"https:\/\/edicioneselnaranjo.com.mx\/tienda\/#organization"},"potentialAction":[{"@type":"SearchAction","target":{"@type":"EntryPoint","urlTemplate":"https:\/\/edicioneselnaranjo.com.mx\/tienda\/?s={search_term_string}"},"query-input":{"@type":"PropertyValueSpecification","valueRequired":true,"valueName":"search_term_string"}}],"inLanguage":"es"},{"@type":"Organization","@id":"https:\/\/edicioneselnaranjo.com.mx\/tienda\/#organization","name":"Tienda Ediciones El Naranjo","url":"https:\/\/edicioneselnaranjo.com.mx\/tienda\/","logo":{"@type":"ImageObject","inLanguage":"es","@id":"https:\/\/edicioneselnaranjo.com.mx\/tienda\/#\/schema\/logo\/image\/","url":"https:\/\/edicioneselnaranjo.com.mx\/tienda\/wp-content\/uploads\/2020\/09\/logo-imagen-tienda.png","contentUrl":"https:\/\/edicioneselnaranjo.com.mx\/tienda\/wp-content\/uploads\/2020\/09\/logo-imagen-tienda.png","width":700,"height":140,"caption":"Tienda Ediciones El Naranjo"},"image":{"@id":"https:\/\/edicioneselnaranjo.com.mx\/tienda\/#\/schema\/logo\/image\/"}}]}},"_links":{"self":[{"href":"https:\/\/edicioneselnaranjo.com.mx\/tienda\/wp-json\/wp\/v2\/product\/5337","targetHints":{"allow":["GET"]}}],"collection":[{"href":"https:\/\/edicioneselnaranjo.com.mx\/tienda\/wp-json\/wp\/v2\/product"}],"about":[{"href":"https:\/\/edicioneselnaranjo.com.mx\/tienda\/wp-json\/wp\/v2\/types\/product"}],"wp:featuredmedia":[{"embeddable":true,"href":"https:\/\/edicioneselnaranjo.com.mx\/tienda\/wp-json\/wp\/v2\/media\/5338"}],"wp:attachment":[{"href":"https:\/\/edicioneselnaranjo.com.mx\/tienda\/wp-json\/wp\/v2\/media?parent=5337"}],"wp:term":[{"taxonomy":"product_brand","embeddable":true,"href":"https:\/\/edicioneselnaranjo.com.mx\/tienda\/wp-json\/wp\/v2\/product_brand?post=5337"},{"taxonomy":"product_cat","embeddable":true,"href":"https:\/\/edicioneselnaranjo.com.mx\/tienda\/wp-json\/wp\/v2\/product_cat?post=5337"},{"taxonomy":"product_tag","embeddable":true,"href":"https:\/\/edicioneselnaranjo.com.mx\/tienda\/wp-json\/wp\/v2\/product_tag?post=5337"}],"curies":[{"name":"wp","href":"https:\/\/api.w.org\/{rel}","templated":true}]}}