{"id":5329,"date":"2023-10-12T14:58:45","date_gmt":"2023-10-12T19:58:45","guid":{"rendered":"http:\/\/edicioneselnaranjo.com.mx\/tienda\/?post_type=product&#038;p=5329"},"modified":"2026-01-19T16:55:28","modified_gmt":"2026-01-19T22:55:28","slug":"papalote","status":"publish","type":"product","link":"https:\/\/edicioneselnaranjo.com.mx\/tienda\/producto\/papalote\/","title":{"rendered":"Papalote. Un cumplea\u00f1os fant\u00e1stico"},"content":{"rendered":"<table>\n<tbody>\n<tr>\n<td>G\u00e9nero<\/td>\n<td>Novela<\/td>\n<\/tr>\n<tr>\n<td>Encuadernaci\u00f3n<\/td>\n<td>R\u00fastica<\/td>\n<\/tr>\n<tr>\n<td>A\u00f1o<\/td>\n<td>2023<\/td>\n<\/tr>\n<tr>\n<td>Edici\u00f3n<\/td>\n<td>Primera<\/td>\n<\/tr>\n<tr>\n<td>P\u00e1ginas<\/td>\n<td>\u00a0120 pp<\/td>\n<\/tr>\n<tr>\n<td>Formato<\/td>\n<td>19&#215;24<\/td>\n<\/tr>\n<tr>\n<td>Impresi\u00f3n<\/td>\n<td>4 tintas<\/td>\n<\/tr>\n<tr>\n<td>Peso<\/td>\n<td>375 g<\/td>\n<\/tr>\n<tr>\n<td>ISBN<\/td>\n<td>\n<p class=\"p1\">978-607-8807-51-2<\/p>\n<\/td>\n<\/tr>\n<tr>\n<td>Sello editorial<\/td>\n<td>Ediciones El Naranjo<\/td>\n<\/tr>\n<\/tbody>\n<\/table>\n<p>&nbsp;<\/p>\n","protected":false},"excerpt":{"rendered":"<div class=\"serif rplcr-container\">Texto de Ana Romero<br \/>\nIlustraciones de Amanda Mijangos<\/div>\n<div class=\"serif rplcr-container\">\n<hr \/>\n<p class=\"p1\">Mar\u00eda va a cumplir a\u00f1os y uno de sus deseos \u2014no, esta vez no pedir\u00e1 viajar al Asteroide B 612 o al Amazonas\u2014 es ir a un lugar al que hace muchos a\u00f1os su Tita llev\u00f3 a su pap\u00e1; un lugar para el que no necesitas una nave espacial porque puedes llegar en metro, cami\u00f3n o coche: Papalote Museo del Ni\u00f1o. Quiz\u00e1 sucedan cosas fant\u00e1sticas en su d\u00eda especial<\/p>\n<\/div>\n","protected":false},"featured_media":5336,"template":"","meta":[],"product_brand":[],"product_cat":[15],"product_tag":[126,50,375],"class_list":{"0":"post-5329","1":"product","2":"type-product","3":"status-publish","4":"has-post-thumbnail","6":"product_cat-catalogo","7":"product_tag-cultura-mexicana","8":"product_tag-familia","9":"product_tag-miedos","10":"pa_buen-fin-10-al-20","12":"first","13":"instock","14":"shipping-taxable","15":"purchasable","16":"product-type-simple"},"yoast_head":"<!-- This site is optimized with the Yoast SEO plugin v27.3 - https:\/\/yoast.com\/product\/yoast-seo-wordpress\/ -->\n<title>Papalote. Un cumplea\u00f1os fant\u00e1stico - Tienda Ediciones El Naranjo<\/title>\n<meta name=\"description\" content=\"Mar\u00eda va a cumplir a\u00f1os y uno de sus deseos \u2014no, esta vez no pedir\u00e1 viajar al Asteroide B 612 o al Amazonas\u2014 es ir a un lugar al que hace muchos a\u00f1os su Tita llev\u00f3 a su pap\u00e1; un lugar para el que no necesitas una nave espacial porque puedes llegar en metro, cami\u00f3n o coche: Papalote Museo del Ni\u00f1o. Quiz\u00e1 sucedan cosas fant\u00e1sticas en su d\u00eda especial\" \/>\n<meta name=\"robots\" content=\"index, follow, max-snippet:-1, max-image-preview:large, max-video-preview:-1\" \/>\n<link rel=\"canonical\" href=\"https:\/\/edicioneselnaranjo.com.mx\/tienda\/producto\/papalote\/\" \/>\n<meta property=\"og:locale\" content=\"es_MX\" \/>\n<meta property=\"og:type\" content=\"article\" \/>\n<meta property=\"og:title\" content=\"Papalote. Un cumplea\u00f1os fant\u00e1stico - Tienda Ediciones El Naranjo\" \/>\n<meta property=\"og:description\" content=\"Mar\u00eda va a cumplir a\u00f1os y uno de sus deseos \u2014no, esta vez no pedir\u00e1 viajar al Asteroide B 612 o al Amazonas\u2014 es ir a un lugar al que hace muchos a\u00f1os su Tita llev\u00f3 a su pap\u00e1; un lugar para el que no necesitas una nave espacial porque puedes llegar en metro, cami\u00f3n o coche: Papalote Museo del Ni\u00f1o. Quiz\u00e1 sucedan cosas fant\u00e1sticas en su d\u00eda especial\" \/>\n<meta property=\"og:url\" content=\"https:\/\/edicioneselnaranjo.com.mx\/tienda\/producto\/papalote\/\" \/>\n<meta property=\"og:site_name\" content=\"Tienda Ediciones El Naranjo\" \/>\n<meta property=\"article:modified_time\" content=\"2026-01-19T22:55:28+00:00\" \/>\n<meta property=\"og:image\" content=\"https:\/\/edicioneselnaranjo.com.mx\/tienda\/wp-content\/uploads\/2023\/10\/PTL_Papalote.jpg\" \/>\n\t<meta property=\"og:image:width\" content=\"900\" \/>\n\t<meta property=\"og:image:height\" content=\"900\" \/>\n\t<meta property=\"og:image:type\" content=\"image\/jpeg\" \/>\n<meta name=\"twitter:card\" content=\"summary_large_image\" \/>\n<meta name=\"twitter:label1\" content=\"Tiempo de lectura\" \/>\n\t<meta name=\"twitter:data1\" content=\"1 minuto\" \/>\n<script type=\"application\/ld+json\" class=\"yoast-schema-graph\">{\"@context\":\"https:\\\/\\\/schema.org\",\"@graph\":[{\"@type\":\"WebPage\",\"@id\":\"https:\\\/\\\/edicioneselnaranjo.com.mx\\\/tienda\\\/producto\\\/papalote\\\/\",\"url\":\"https:\\\/\\\/edicioneselnaranjo.com.mx\\\/tienda\\\/producto\\\/papalote\\\/\",\"name\":\"Papalote. Un cumplea\u00f1os fant\u00e1stico - Tienda Ediciones El Naranjo\",\"isPartOf\":{\"@id\":\"https:\\\/\\\/edicioneselnaranjo.com.mx\\\/tienda\\\/#website\"},\"primaryImageOfPage\":{\"@id\":\"https:\\\/\\\/edicioneselnaranjo.com.mx\\\/tienda\\\/producto\\\/papalote\\\/#primaryimage\"},\"image\":{\"@id\":\"https:\\\/\\\/edicioneselnaranjo.com.mx\\\/tienda\\\/producto\\\/papalote\\\/#primaryimage\"},\"thumbnailUrl\":\"https:\\\/\\\/edicioneselnaranjo.com.mx\\\/tienda\\\/wp-content\\\/uploads\\\/2023\\\/10\\\/PTL_Papalote.jpg\",\"datePublished\":\"2023-10-12T19:58:45+00:00\",\"dateModified\":\"2026-01-19T22:55:28+00:00\",\"description\":\"Mar\u00eda va a cumplir a\u00f1os y uno de sus deseos \u2014no, esta vez no pedir\u00e1 viajar al Asteroide B 612 o al Amazonas\u2014 es ir a un lugar al que hace muchos a\u00f1os su Tita llev\u00f3 a su pap\u00e1; un lugar para el que no necesitas una nave espacial porque puedes llegar en metro, cami\u00f3n o coche: Papalote Museo del Ni\u00f1o. Quiz\u00e1 sucedan cosas fant\u00e1sticas en su d\u00eda especial\",\"breadcrumb\":{\"@id\":\"https:\\\/\\\/edicioneselnaranjo.com.mx\\\/tienda\\\/producto\\\/papalote\\\/#breadcrumb\"},\"inLanguage\":\"es\",\"potentialAction\":[{\"@type\":\"ReadAction\",\"target\":[\"https:\\\/\\\/edicioneselnaranjo.com.mx\\\/tienda\\\/producto\\\/papalote\\\/\"]}]},{\"@type\":\"ImageObject\",\"inLanguage\":\"es\",\"@id\":\"https:\\\/\\\/edicioneselnaranjo.com.mx\\\/tienda\\\/producto\\\/papalote\\\/#primaryimage\",\"url\":\"https:\\\/\\\/edicioneselnaranjo.com.mx\\\/tienda\\\/wp-content\\\/uploads\\\/2023\\\/10\\\/PTL_Papalote.jpg\",\"contentUrl\":\"https:\\\/\\\/edicioneselnaranjo.com.mx\\\/tienda\\\/wp-content\\\/uploads\\\/2023\\\/10\\\/PTL_Papalote.jpg\",\"width\":900,\"height\":900},{\"@type\":\"BreadcrumbList\",\"@id\":\"https:\\\/\\\/edicioneselnaranjo.com.mx\\\/tienda\\\/producto\\\/papalote\\\/#breadcrumb\",\"itemListElement\":[{\"@type\":\"ListItem\",\"position\":1,\"name\":\"Inicio\",\"item\":\"https:\\\/\\\/edicioneselnaranjo.com.mx\\\/tienda\\\/\"},{\"@type\":\"ListItem\",\"position\":2,\"name\":\"Papalote. Un cumplea\u00f1os fant\u00e1stico\"}]},{\"@type\":\"WebSite\",\"@id\":\"https:\\\/\\\/edicioneselnaranjo.com.mx\\\/tienda\\\/#website\",\"url\":\"https:\\\/\\\/edicioneselnaranjo.com.mx\\\/tienda\\\/\",\"name\":\"Tienda Ediciones El Naranjo\",\"description\":\"Tienda en l&iacute;nea de Ediciones El Naranjo\",\"publisher\":{\"@id\":\"https:\\\/\\\/edicioneselnaranjo.com.mx\\\/tienda\\\/#organization\"},\"potentialAction\":[{\"@type\":\"SearchAction\",\"target\":{\"@type\":\"EntryPoint\",\"urlTemplate\":\"https:\\\/\\\/edicioneselnaranjo.com.mx\\\/tienda\\\/?s={search_term_string}\"},\"query-input\":{\"@type\":\"PropertyValueSpecification\",\"valueRequired\":true,\"valueName\":\"search_term_string\"}}],\"inLanguage\":\"es\"},{\"@type\":\"Organization\",\"@id\":\"https:\\\/\\\/edicioneselnaranjo.com.mx\\\/tienda\\\/#organization\",\"name\":\"Tienda Ediciones El Naranjo\",\"url\":\"https:\\\/\\\/edicioneselnaranjo.com.mx\\\/tienda\\\/\",\"logo\":{\"@type\":\"ImageObject\",\"inLanguage\":\"es\",\"@id\":\"https:\\\/\\\/edicioneselnaranjo.com.mx\\\/tienda\\\/#\\\/schema\\\/logo\\\/image\\\/\",\"url\":\"https:\\\/\\\/edicioneselnaranjo.com.mx\\\/tienda\\\/wp-content\\\/uploads\\\/2020\\\/09\\\/logo-imagen-tienda.png\",\"contentUrl\":\"https:\\\/\\\/edicioneselnaranjo.com.mx\\\/tienda\\\/wp-content\\\/uploads\\\/2020\\\/09\\\/logo-imagen-tienda.png\",\"width\":700,\"height\":140,\"caption\":\"Tienda Ediciones El Naranjo\"},\"image\":{\"@id\":\"https:\\\/\\\/edicioneselnaranjo.com.mx\\\/tienda\\\/#\\\/schema\\\/logo\\\/image\\\/\"}}]}<\/script>\n<!-- \/ Yoast SEO plugin. -->","yoast_head_json":{"title":"Papalote. Un cumplea\u00f1os fant\u00e1stico - Tienda Ediciones El Naranjo","description":"Mar\u00eda va a cumplir a\u00f1os y uno de sus deseos \u2014no, esta vez no pedir\u00e1 viajar al Asteroide B 612 o al Amazonas\u2014 es ir a un lugar al que hace muchos a\u00f1os su Tita llev\u00f3 a su pap\u00e1; un lugar para el que no necesitas una nave espacial porque puedes llegar en metro, cami\u00f3n o coche: Papalote Museo del Ni\u00f1o. Quiz\u00e1 sucedan cosas fant\u00e1sticas en su d\u00eda especial","robots":{"index":"index","follow":"follow","max-snippet":"max-snippet:-1","max-image-preview":"max-image-preview:large","max-video-preview":"max-video-preview:-1"},"canonical":"https:\/\/edicioneselnaranjo.com.mx\/tienda\/producto\/papalote\/","og_locale":"es_MX","og_type":"article","og_title":"Papalote. Un cumplea\u00f1os fant\u00e1stico - Tienda Ediciones El Naranjo","og_description":"Mar\u00eda va a cumplir a\u00f1os y uno de sus deseos \u2014no, esta vez no pedir\u00e1 viajar al Asteroide B 612 o al Amazonas\u2014 es ir a un lugar al que hace muchos a\u00f1os su Tita llev\u00f3 a su pap\u00e1; un lugar para el que no necesitas una nave espacial porque puedes llegar en metro, cami\u00f3n o coche: Papalote Museo del Ni\u00f1o. Quiz\u00e1 sucedan cosas fant\u00e1sticas en su d\u00eda especial","og_url":"https:\/\/edicioneselnaranjo.com.mx\/tienda\/producto\/papalote\/","og_site_name":"Tienda Ediciones El Naranjo","article_modified_time":"2026-01-19T22:55:28+00:00","og_image":[{"width":900,"height":900,"url":"https:\/\/edicioneselnaranjo.com.mx\/tienda\/wp-content\/uploads\/2023\/10\/PTL_Papalote.jpg","type":"image\/jpeg"}],"twitter_card":"summary_large_image","twitter_misc":{"Tiempo de lectura":"1 minuto"},"schema":{"@context":"https:\/\/schema.org","@graph":[{"@type":"WebPage","@id":"https:\/\/edicioneselnaranjo.com.mx\/tienda\/producto\/papalote\/","url":"https:\/\/edicioneselnaranjo.com.mx\/tienda\/producto\/papalote\/","name":"Papalote. Un cumplea\u00f1os fant\u00e1stico - Tienda Ediciones El Naranjo","isPartOf":{"@id":"https:\/\/edicioneselnaranjo.com.mx\/tienda\/#website"},"primaryImageOfPage":{"@id":"https:\/\/edicioneselnaranjo.com.mx\/tienda\/producto\/papalote\/#primaryimage"},"image":{"@id":"https:\/\/edicioneselnaranjo.com.mx\/tienda\/producto\/papalote\/#primaryimage"},"thumbnailUrl":"https:\/\/edicioneselnaranjo.com.mx\/tienda\/wp-content\/uploads\/2023\/10\/PTL_Papalote.jpg","datePublished":"2023-10-12T19:58:45+00:00","dateModified":"2026-01-19T22:55:28+00:00","description":"Mar\u00eda va a cumplir a\u00f1os y uno de sus deseos \u2014no, esta vez no pedir\u00e1 viajar al Asteroide B 612 o al Amazonas\u2014 es ir a un lugar al que hace muchos a\u00f1os su Tita llev\u00f3 a su pap\u00e1; un lugar para el que no necesitas una nave espacial porque puedes llegar en metro, cami\u00f3n o coche: Papalote Museo del Ni\u00f1o. Quiz\u00e1 sucedan cosas fant\u00e1sticas en su d\u00eda especial","breadcrumb":{"@id":"https:\/\/edicioneselnaranjo.com.mx\/tienda\/producto\/papalote\/#breadcrumb"},"inLanguage":"es","potentialAction":[{"@type":"ReadAction","target":["https:\/\/edicioneselnaranjo.com.mx\/tienda\/producto\/papalote\/"]}]},{"@type":"ImageObject","inLanguage":"es","@id":"https:\/\/edicioneselnaranjo.com.mx\/tienda\/producto\/papalote\/#primaryimage","url":"https:\/\/edicioneselnaranjo.com.mx\/tienda\/wp-content\/uploads\/2023\/10\/PTL_Papalote.jpg","contentUrl":"https:\/\/edicioneselnaranjo.com.mx\/tienda\/wp-content\/uploads\/2023\/10\/PTL_Papalote.jpg","width":900,"height":900},{"@type":"BreadcrumbList","@id":"https:\/\/edicioneselnaranjo.com.mx\/tienda\/producto\/papalote\/#breadcrumb","itemListElement":[{"@type":"ListItem","position":1,"name":"Inicio","item":"https:\/\/edicioneselnaranjo.com.mx\/tienda\/"},{"@type":"ListItem","position":2,"name":"Papalote. Un cumplea\u00f1os fant\u00e1stico"}]},{"@type":"WebSite","@id":"https:\/\/edicioneselnaranjo.com.mx\/tienda\/#website","url":"https:\/\/edicioneselnaranjo.com.mx\/tienda\/","name":"Tienda Ediciones El Naranjo","description":"Tienda en l&iacute;nea de Ediciones El Naranjo","publisher":{"@id":"https:\/\/edicioneselnaranjo.com.mx\/tienda\/#organization"},"potentialAction":[{"@type":"SearchAction","target":{"@type":"EntryPoint","urlTemplate":"https:\/\/edicioneselnaranjo.com.mx\/tienda\/?s={search_term_string}"},"query-input":{"@type":"PropertyValueSpecification","valueRequired":true,"valueName":"search_term_string"}}],"inLanguage":"es"},{"@type":"Organization","@id":"https:\/\/edicioneselnaranjo.com.mx\/tienda\/#organization","name":"Tienda Ediciones El Naranjo","url":"https:\/\/edicioneselnaranjo.com.mx\/tienda\/","logo":{"@type":"ImageObject","inLanguage":"es","@id":"https:\/\/edicioneselnaranjo.com.mx\/tienda\/#\/schema\/logo\/image\/","url":"https:\/\/edicioneselnaranjo.com.mx\/tienda\/wp-content\/uploads\/2020\/09\/logo-imagen-tienda.png","contentUrl":"https:\/\/edicioneselnaranjo.com.mx\/tienda\/wp-content\/uploads\/2020\/09\/logo-imagen-tienda.png","width":700,"height":140,"caption":"Tienda Ediciones El Naranjo"},"image":{"@id":"https:\/\/edicioneselnaranjo.com.mx\/tienda\/#\/schema\/logo\/image\/"}}]}},"_links":{"self":[{"href":"https:\/\/edicioneselnaranjo.com.mx\/tienda\/wp-json\/wp\/v2\/product\/5329","targetHints":{"allow":["GET"]}}],"collection":[{"href":"https:\/\/edicioneselnaranjo.com.mx\/tienda\/wp-json\/wp\/v2\/product"}],"about":[{"href":"https:\/\/edicioneselnaranjo.com.mx\/tienda\/wp-json\/wp\/v2\/types\/product"}],"wp:featuredmedia":[{"embeddable":true,"href":"https:\/\/edicioneselnaranjo.com.mx\/tienda\/wp-json\/wp\/v2\/media\/5336"}],"wp:attachment":[{"href":"https:\/\/edicioneselnaranjo.com.mx\/tienda\/wp-json\/wp\/v2\/media?parent=5329"}],"wp:term":[{"taxonomy":"product_brand","embeddable":true,"href":"https:\/\/edicioneselnaranjo.com.mx\/tienda\/wp-json\/wp\/v2\/product_brand?post=5329"},{"taxonomy":"product_cat","embeddable":true,"href":"https:\/\/edicioneselnaranjo.com.mx\/tienda\/wp-json\/wp\/v2\/product_cat?post=5329"},{"taxonomy":"product_tag","embeddable":true,"href":"https:\/\/edicioneselnaranjo.com.mx\/tienda\/wp-json\/wp\/v2\/product_tag?post=5329"}],"curies":[{"name":"wp","href":"https:\/\/api.w.org\/{rel}","templated":true}]}}