{"id":5221,"date":"2023-05-10T14:04:29","date_gmt":"2023-05-10T19:04:29","guid":{"rendered":"http:\/\/edicioneselnaranjo.com.mx\/tienda\/?post_type=product&#038;p=5221"},"modified":"2026-02-24T13:24:58","modified_gmt":"2026-02-24T19:24:58","slug":"ikigai","status":"publish","type":"product","link":"https:\/\/edicioneselnaranjo.com.mx\/tienda\/producto\/ikigai\/","title":{"rendered":"Ikigai"},"content":{"rendered":"<table>\n<tbody>\n<tr>\n<td>G\u00e9nero<\/td>\n<td>Novela<\/td>\n<\/tr>\n<tr>\n<td>Encuadernaci\u00f3n<\/td>\n<td>R\u00fastica<\/td>\n<\/tr>\n<tr>\n<td>A\u00f1o<\/td>\n<td>2023<\/td>\n<\/tr>\n<tr>\n<td>Edici\u00f3n<\/td>\n<td>Primera<\/td>\n<\/tr>\n<tr>\n<td>P\u00e1ginas<\/td>\n<td>\u00a0160 pp<\/td>\n<\/tr>\n<tr>\n<td>Formato<\/td>\n<td>15 x 21 cm<\/td>\n<\/tr>\n<tr>\n<td>Impresi\u00f3n<\/td>\n<td>2 tintas<\/td>\n<\/tr>\n<tr>\n<td>Peso<\/td>\n<td>240 g<\/td>\n<\/tr>\n<tr>\n<td>ISBN<\/td>\n<td>\n<p class=\"p1\">978-607-8807-37-6<\/p>\n<\/td>\n<\/tr>\n<tr>\n<td>Sello editorial<\/td>\n<td>Ediciones El Naranjo<\/td>\n<\/tr>\n<\/tbody>\n<\/table>\n<p>&nbsp;<\/p>\n","protected":false},"excerpt":{"rendered":"<div class=\"serif rplcr-container\">Texto de Ezequiel Dellutri<br \/>\nIlustraciones de Israel Hern\u00e1ndez<\/div>\n<div class=\"serif rplcr-container\">\n<hr \/>\n<p class=\"p1\"><em>Ikigai<\/em> cuenta la historia de Bruno, un ni\u00f1o que ama dibujar manga y que, tras la muerte de su abuela y los primeros signos de demencia de su abuelo, se ve envuelto en una din\u00e1mica familiar que lo confronta con emociones nuevas y profundas. A trav\u00e9s de un acuerdo que los une cada semana, Bruno empieza a descubrir qui\u00e9n es realmente ese abuelo que cre\u00eda conocer.<\/p>\n<p>Mientras lo acompa\u00f1amos, tambi\u00e9n aprendemos a mirar hacia adentro, a crecer y a buscar la mejor versi\u00f3n de nosotros mismos.\u00a0<em>Ikigai<\/em> es una novela breve, emotiva y luminosa que nos recuerda la importancia de la memoria y los lazos que nos sostienen. Una historia perfecta para lectores de todas las edades.<\/p>\n<\/div>\n","protected":false},"featured_media":6628,"template":"","meta":[],"product_brand":[],"product_cat":[15],"product_tag":[172,47,55,373,173,115,371,50,103,372,280],"class_list":{"0":"post-5221","1":"product","2":"type-product","3":"status-publish","4":"has-post-thumbnail","6":"product_cat-catalogo","7":"product_tag-abuelos","8":"product_tag-adolescencia","9":"product_tag-amor","10":"product_tag-animacion","11":"product_tag-arte","12":"product_tag-asia","13":"product_tag-cultura-japonesa","14":"product_tag-familia","15":"product_tag-identidad","16":"product_tag-manga","17":"product_tag-memoria","18":"pa_edad-12-a-14-anos","19":"pa_edad-15-en-adelante","20":"pa_novedad-novedades","21":"pa_premios-cuatrogatos","22":"pa_premios-ibbymexico","23":"pa_premios-premiocaniemarteeditorial","24":"pa_premios-thewhiteravens","26":"first","27":"instock","28":"shipping-taxable","29":"purchasable","30":"product-type-simple"},"yoast_head":"<!-- This site is optimized with the Yoast SEO plugin v27.3 - https:\/\/yoast.com\/product\/yoast-seo-wordpress\/ -->\n<title>Ikigai - Tienda Ediciones El Naranjo<\/title>\n<meta name=\"description\" content=\"Ikigai es una palabra japonesa que significa tener un objetivo en la vida. Una pasi\u00f3n. Un motor que te impulse. Bruno descubri\u00f3 su ikigai en las pel\u00edculas de Studio Ghibli, un estudio de animaci\u00f3n japonesa. Sin siquiera imaginarlo, compartir\u00eda su pasi\u00f3n con su abuelo \u2014con quien llevaba una relaci\u00f3n distante hasta ese momento\u2014. Su pasatiempo se convertir\u00e1 en un v\u00ednculo para descubrir los lazos que los conectan y c\u00f3mo podemos darnos segundas oportunidades. Por ah\u00ed que el verdadero sentido de la vida sea lo que menos te imaginabas.\" \/>\n<meta name=\"robots\" content=\"index, follow, max-snippet:-1, max-image-preview:large, max-video-preview:-1\" \/>\n<link rel=\"canonical\" href=\"https:\/\/edicioneselnaranjo.com.mx\/tienda\/producto\/ikigai\/\" \/>\n<meta property=\"og:locale\" content=\"es_MX\" \/>\n<meta property=\"og:type\" content=\"article\" \/>\n<meta property=\"og:title\" content=\"Ikigai - Tienda Ediciones El Naranjo\" \/>\n<meta property=\"og:description\" content=\"Ikigai es una palabra japonesa que significa tener un objetivo en la vida. Una pasi\u00f3n. Un motor que te impulse. Bruno descubri\u00f3 su ikigai en las pel\u00edculas de Studio Ghibli, un estudio de animaci\u00f3n japonesa. Sin siquiera imaginarlo, compartir\u00eda su pasi\u00f3n con su abuelo \u2014con quien llevaba una relaci\u00f3n distante hasta ese momento\u2014. Su pasatiempo se convertir\u00e1 en un v\u00ednculo para descubrir los lazos que los conectan y c\u00f3mo podemos darnos segundas oportunidades. Por ah\u00ed que el verdadero sentido de la vida sea lo que menos te imaginabas.\" \/>\n<meta property=\"og:url\" content=\"https:\/\/edicioneselnaranjo.com.mx\/tienda\/producto\/ikigai\/\" \/>\n<meta property=\"og:site_name\" content=\"Tienda Ediciones El Naranjo\" \/>\n<meta property=\"article:modified_time\" content=\"2026-02-24T19:24:58+00:00\" \/>\n<meta property=\"og:image\" content=\"https:\/\/edicioneselnaranjo.com.mx\/tienda\/wp-content\/uploads\/2023\/05\/p-ikigai-1.jpg\" \/>\n\t<meta property=\"og:image:width\" content=\"900\" \/>\n\t<meta property=\"og:image:height\" content=\"900\" \/>\n\t<meta property=\"og:image:type\" content=\"image\/jpeg\" \/>\n<meta name=\"twitter:card\" content=\"summary_large_image\" \/>\n<meta name=\"twitter:label1\" content=\"Tiempo de lectura\" \/>\n\t<meta name=\"twitter:data1\" content=\"1 minuto\" \/>\n<script type=\"application\/ld+json\" class=\"yoast-schema-graph\">{\"@context\":\"https:\\\/\\\/schema.org\",\"@graph\":[{\"@type\":\"WebPage\",\"@id\":\"https:\\\/\\\/edicioneselnaranjo.com.mx\\\/tienda\\\/producto\\\/ikigai\\\/\",\"url\":\"https:\\\/\\\/edicioneselnaranjo.com.mx\\\/tienda\\\/producto\\\/ikigai\\\/\",\"name\":\"Ikigai - Tienda Ediciones El Naranjo\",\"isPartOf\":{\"@id\":\"https:\\\/\\\/edicioneselnaranjo.com.mx\\\/tienda\\\/#website\"},\"primaryImageOfPage\":{\"@id\":\"https:\\\/\\\/edicioneselnaranjo.com.mx\\\/tienda\\\/producto\\\/ikigai\\\/#primaryimage\"},\"image\":{\"@id\":\"https:\\\/\\\/edicioneselnaranjo.com.mx\\\/tienda\\\/producto\\\/ikigai\\\/#primaryimage\"},\"thumbnailUrl\":\"https:\\\/\\\/edicioneselnaranjo.com.mx\\\/tienda\\\/wp-content\\\/uploads\\\/2023\\\/05\\\/p-ikigai-1.jpg\",\"datePublished\":\"2023-05-10T19:04:29+00:00\",\"dateModified\":\"2026-02-24T19:24:58+00:00\",\"description\":\"Ikigai es una palabra japonesa que significa tener un objetivo en la vida. Una pasi\u00f3n. Un motor que te impulse. Bruno descubri\u00f3 su ikigai en las pel\u00edculas de Studio Ghibli, un estudio de animaci\u00f3n japonesa. Sin siquiera imaginarlo, compartir\u00eda su pasi\u00f3n con su abuelo \u2014con quien llevaba una relaci\u00f3n distante hasta ese momento\u2014. Su pasatiempo se convertir\u00e1 en un v\u00ednculo para descubrir los lazos que los conectan y c\u00f3mo podemos darnos segundas oportunidades. Por ah\u00ed que el verdadero sentido de la vida sea lo que menos te imaginabas.\",\"breadcrumb\":{\"@id\":\"https:\\\/\\\/edicioneselnaranjo.com.mx\\\/tienda\\\/producto\\\/ikigai\\\/#breadcrumb\"},\"inLanguage\":\"es\",\"potentialAction\":[{\"@type\":\"ReadAction\",\"target\":[\"https:\\\/\\\/edicioneselnaranjo.com.mx\\\/tienda\\\/producto\\\/ikigai\\\/\"]}]},{\"@type\":\"ImageObject\",\"inLanguage\":\"es\",\"@id\":\"https:\\\/\\\/edicioneselnaranjo.com.mx\\\/tienda\\\/producto\\\/ikigai\\\/#primaryimage\",\"url\":\"https:\\\/\\\/edicioneselnaranjo.com.mx\\\/tienda\\\/wp-content\\\/uploads\\\/2023\\\/05\\\/p-ikigai-1.jpg\",\"contentUrl\":\"https:\\\/\\\/edicioneselnaranjo.com.mx\\\/tienda\\\/wp-content\\\/uploads\\\/2023\\\/05\\\/p-ikigai-1.jpg\",\"width\":900,\"height\":900},{\"@type\":\"BreadcrumbList\",\"@id\":\"https:\\\/\\\/edicioneselnaranjo.com.mx\\\/tienda\\\/producto\\\/ikigai\\\/#breadcrumb\",\"itemListElement\":[{\"@type\":\"ListItem\",\"position\":1,\"name\":\"Inicio\",\"item\":\"https:\\\/\\\/edicioneselnaranjo.com.mx\\\/tienda\\\/\"},{\"@type\":\"ListItem\",\"position\":2,\"name\":\"Ikigai\"}]},{\"@type\":\"WebSite\",\"@id\":\"https:\\\/\\\/edicioneselnaranjo.com.mx\\\/tienda\\\/#website\",\"url\":\"https:\\\/\\\/edicioneselnaranjo.com.mx\\\/tienda\\\/\",\"name\":\"Tienda Ediciones El Naranjo\",\"description\":\"Tienda en l&iacute;nea de Ediciones El Naranjo\",\"publisher\":{\"@id\":\"https:\\\/\\\/edicioneselnaranjo.com.mx\\\/tienda\\\/#organization\"},\"potentialAction\":[{\"@type\":\"SearchAction\",\"target\":{\"@type\":\"EntryPoint\",\"urlTemplate\":\"https:\\\/\\\/edicioneselnaranjo.com.mx\\\/tienda\\\/?s={search_term_string}\"},\"query-input\":{\"@type\":\"PropertyValueSpecification\",\"valueRequired\":true,\"valueName\":\"search_term_string\"}}],\"inLanguage\":\"es\"},{\"@type\":\"Organization\",\"@id\":\"https:\\\/\\\/edicioneselnaranjo.com.mx\\\/tienda\\\/#organization\",\"name\":\"Tienda Ediciones El Naranjo\",\"url\":\"https:\\\/\\\/edicioneselnaranjo.com.mx\\\/tienda\\\/\",\"logo\":{\"@type\":\"ImageObject\",\"inLanguage\":\"es\",\"@id\":\"https:\\\/\\\/edicioneselnaranjo.com.mx\\\/tienda\\\/#\\\/schema\\\/logo\\\/image\\\/\",\"url\":\"https:\\\/\\\/edicioneselnaranjo.com.mx\\\/tienda\\\/wp-content\\\/uploads\\\/2020\\\/09\\\/logo-imagen-tienda.png\",\"contentUrl\":\"https:\\\/\\\/edicioneselnaranjo.com.mx\\\/tienda\\\/wp-content\\\/uploads\\\/2020\\\/09\\\/logo-imagen-tienda.png\",\"width\":700,\"height\":140,\"caption\":\"Tienda Ediciones El Naranjo\"},\"image\":{\"@id\":\"https:\\\/\\\/edicioneselnaranjo.com.mx\\\/tienda\\\/#\\\/schema\\\/logo\\\/image\\\/\"}}]}<\/script>\n<!-- \/ Yoast SEO plugin. -->","yoast_head_json":{"title":"Ikigai - Tienda Ediciones El Naranjo","description":"Ikigai es una palabra japonesa que significa tener un objetivo en la vida. Una pasi\u00f3n. Un motor que te impulse. Bruno descubri\u00f3 su ikigai en las pel\u00edculas de Studio Ghibli, un estudio de animaci\u00f3n japonesa. Sin siquiera imaginarlo, compartir\u00eda su pasi\u00f3n con su abuelo \u2014con quien llevaba una relaci\u00f3n distante hasta ese momento\u2014. Su pasatiempo se convertir\u00e1 en un v\u00ednculo para descubrir los lazos que los conectan y c\u00f3mo podemos darnos segundas oportunidades. Por ah\u00ed que el verdadero sentido de la vida sea lo que menos te imaginabas.","robots":{"index":"index","follow":"follow","max-snippet":"max-snippet:-1","max-image-preview":"max-image-preview:large","max-video-preview":"max-video-preview:-1"},"canonical":"https:\/\/edicioneselnaranjo.com.mx\/tienda\/producto\/ikigai\/","og_locale":"es_MX","og_type":"article","og_title":"Ikigai - Tienda Ediciones El Naranjo","og_description":"Ikigai es una palabra japonesa que significa tener un objetivo en la vida. Una pasi\u00f3n. Un motor que te impulse. Bruno descubri\u00f3 su ikigai en las pel\u00edculas de Studio Ghibli, un estudio de animaci\u00f3n japonesa. Sin siquiera imaginarlo, compartir\u00eda su pasi\u00f3n con su abuelo \u2014con quien llevaba una relaci\u00f3n distante hasta ese momento\u2014. Su pasatiempo se convertir\u00e1 en un v\u00ednculo para descubrir los lazos que los conectan y c\u00f3mo podemos darnos segundas oportunidades. Por ah\u00ed que el verdadero sentido de la vida sea lo que menos te imaginabas.","og_url":"https:\/\/edicioneselnaranjo.com.mx\/tienda\/producto\/ikigai\/","og_site_name":"Tienda Ediciones El Naranjo","article_modified_time":"2026-02-24T19:24:58+00:00","og_image":[{"width":900,"height":900,"url":"https:\/\/edicioneselnaranjo.com.mx\/tienda\/wp-content\/uploads\/2023\/05\/p-ikigai-1.jpg","type":"image\/jpeg"}],"twitter_card":"summary_large_image","twitter_misc":{"Tiempo de lectura":"1 minuto"},"schema":{"@context":"https:\/\/schema.org","@graph":[{"@type":"WebPage","@id":"https:\/\/edicioneselnaranjo.com.mx\/tienda\/producto\/ikigai\/","url":"https:\/\/edicioneselnaranjo.com.mx\/tienda\/producto\/ikigai\/","name":"Ikigai - Tienda Ediciones El Naranjo","isPartOf":{"@id":"https:\/\/edicioneselnaranjo.com.mx\/tienda\/#website"},"primaryImageOfPage":{"@id":"https:\/\/edicioneselnaranjo.com.mx\/tienda\/producto\/ikigai\/#primaryimage"},"image":{"@id":"https:\/\/edicioneselnaranjo.com.mx\/tienda\/producto\/ikigai\/#primaryimage"},"thumbnailUrl":"https:\/\/edicioneselnaranjo.com.mx\/tienda\/wp-content\/uploads\/2023\/05\/p-ikigai-1.jpg","datePublished":"2023-05-10T19:04:29+00:00","dateModified":"2026-02-24T19:24:58+00:00","description":"Ikigai es una palabra japonesa que significa tener un objetivo en la vida. Una pasi\u00f3n. Un motor que te impulse. Bruno descubri\u00f3 su ikigai en las pel\u00edculas de Studio Ghibli, un estudio de animaci\u00f3n japonesa. Sin siquiera imaginarlo, compartir\u00eda su pasi\u00f3n con su abuelo \u2014con quien llevaba una relaci\u00f3n distante hasta ese momento\u2014. Su pasatiempo se convertir\u00e1 en un v\u00ednculo para descubrir los lazos que los conectan y c\u00f3mo podemos darnos segundas oportunidades. Por ah\u00ed que el verdadero sentido de la vida sea lo que menos te imaginabas.","breadcrumb":{"@id":"https:\/\/edicioneselnaranjo.com.mx\/tienda\/producto\/ikigai\/#breadcrumb"},"inLanguage":"es","potentialAction":[{"@type":"ReadAction","target":["https:\/\/edicioneselnaranjo.com.mx\/tienda\/producto\/ikigai\/"]}]},{"@type":"ImageObject","inLanguage":"es","@id":"https:\/\/edicioneselnaranjo.com.mx\/tienda\/producto\/ikigai\/#primaryimage","url":"https:\/\/edicioneselnaranjo.com.mx\/tienda\/wp-content\/uploads\/2023\/05\/p-ikigai-1.jpg","contentUrl":"https:\/\/edicioneselnaranjo.com.mx\/tienda\/wp-content\/uploads\/2023\/05\/p-ikigai-1.jpg","width":900,"height":900},{"@type":"BreadcrumbList","@id":"https:\/\/edicioneselnaranjo.com.mx\/tienda\/producto\/ikigai\/#breadcrumb","itemListElement":[{"@type":"ListItem","position":1,"name":"Inicio","item":"https:\/\/edicioneselnaranjo.com.mx\/tienda\/"},{"@type":"ListItem","position":2,"name":"Ikigai"}]},{"@type":"WebSite","@id":"https:\/\/edicioneselnaranjo.com.mx\/tienda\/#website","url":"https:\/\/edicioneselnaranjo.com.mx\/tienda\/","name":"Tienda Ediciones El Naranjo","description":"Tienda en l&iacute;nea de Ediciones El Naranjo","publisher":{"@id":"https:\/\/edicioneselnaranjo.com.mx\/tienda\/#organization"},"potentialAction":[{"@type":"SearchAction","target":{"@type":"EntryPoint","urlTemplate":"https:\/\/edicioneselnaranjo.com.mx\/tienda\/?s={search_term_string}"},"query-input":{"@type":"PropertyValueSpecification","valueRequired":true,"valueName":"search_term_string"}}],"inLanguage":"es"},{"@type":"Organization","@id":"https:\/\/edicioneselnaranjo.com.mx\/tienda\/#organization","name":"Tienda Ediciones El Naranjo","url":"https:\/\/edicioneselnaranjo.com.mx\/tienda\/","logo":{"@type":"ImageObject","inLanguage":"es","@id":"https:\/\/edicioneselnaranjo.com.mx\/tienda\/#\/schema\/logo\/image\/","url":"https:\/\/edicioneselnaranjo.com.mx\/tienda\/wp-content\/uploads\/2020\/09\/logo-imagen-tienda.png","contentUrl":"https:\/\/edicioneselnaranjo.com.mx\/tienda\/wp-content\/uploads\/2020\/09\/logo-imagen-tienda.png","width":700,"height":140,"caption":"Tienda Ediciones El Naranjo"},"image":{"@id":"https:\/\/edicioneselnaranjo.com.mx\/tienda\/#\/schema\/logo\/image\/"}}]}},"_links":{"self":[{"href":"https:\/\/edicioneselnaranjo.com.mx\/tienda\/wp-json\/wp\/v2\/product\/5221","targetHints":{"allow":["GET"]}}],"collection":[{"href":"https:\/\/edicioneselnaranjo.com.mx\/tienda\/wp-json\/wp\/v2\/product"}],"about":[{"href":"https:\/\/edicioneselnaranjo.com.mx\/tienda\/wp-json\/wp\/v2\/types\/product"}],"wp:featuredmedia":[{"embeddable":true,"href":"https:\/\/edicioneselnaranjo.com.mx\/tienda\/wp-json\/wp\/v2\/media\/6628"}],"wp:attachment":[{"href":"https:\/\/edicioneselnaranjo.com.mx\/tienda\/wp-json\/wp\/v2\/media?parent=5221"}],"wp:term":[{"taxonomy":"product_brand","embeddable":true,"href":"https:\/\/edicioneselnaranjo.com.mx\/tienda\/wp-json\/wp\/v2\/product_brand?post=5221"},{"taxonomy":"product_cat","embeddable":true,"href":"https:\/\/edicioneselnaranjo.com.mx\/tienda\/wp-json\/wp\/v2\/product_cat?post=5221"},{"taxonomy":"product_tag","embeddable":true,"href":"https:\/\/edicioneselnaranjo.com.mx\/tienda\/wp-json\/wp\/v2\/product_tag?post=5221"}],"curies":[{"name":"wp","href":"https:\/\/api.w.org\/{rel}","templated":true}]}}