{"id":4459,"date":"2021-11-23T15:24:57","date_gmt":"2021-11-23T21:24:57","guid":{"rendered":"http:\/\/edicioneselnaranjo.com.mx\/tienda\/?post_type=product&#038;p=4459"},"modified":"2026-01-21T12:14:27","modified_gmt":"2026-01-21T18:14:27","slug":"bastian-bom","status":"publish","type":"product","link":"https:\/\/edicioneselnaranjo.com.mx\/tienda\/producto\/bastian-bom\/","title":{"rendered":"Bastian Bom y el cocodrilo blanco"},"content":{"rendered":"<table>\n<tbody>\n<tr>\n<td>G\u00e9nero<\/td>\n<td>Novela<\/td>\n<\/tr>\n<tr>\n<td>Encuadernaci\u00f3n<\/td>\n<td>R\u00fastica<\/td>\n<\/tr>\n<tr>\n<td>A\u00f1o<\/td>\n<td>2021<\/td>\n<\/tr>\n<tr>\n<td>Edici\u00f3n<\/td>\n<td>Primera<\/td>\n<\/tr>\n<tr>\n<td>P\u00e1ginas<\/td>\n<td>\u00a0152 pp.<\/td>\n<\/tr>\n<tr>\n<td>Formato<\/td>\n<td>15 x 21 cm<\/td>\n<\/tr>\n<tr>\n<td>Impresi\u00f3n<\/td>\n<td>4 tintas<\/td>\n<\/tr>\n<tr>\n<td>Peso<\/td>\n<td>235 gramos<\/td>\n<\/tr>\n<tr>\n<td>ISBN<\/td>\n<td>978-607-8807-07-9<\/td>\n<\/tr>\n<tr>\n<td>Sello editorial<\/td>\n<td>Ediciones El Naranjo<\/td>\n<\/tr>\n<\/tbody>\n<\/table>\n<p>&nbsp;<\/p>\n","protected":false},"excerpt":{"rendered":"<p>Texto de M\u00f3nica Rodr\u00edguez<br \/>\nIlustraciones de Isidro R. Esquivel<\/p>\n<p>Cuando naci\u00f3, los dioses predijeron que ser\u00eda un ni\u00f1o callado y t\u00edmido. Y as\u00ed fue; Bastian Bom se escondi\u00f3 bajo un sombrero de paja hasta que conoci\u00f3 a Am\u00e9rica y a su m\u00fasica. Juntos, emprender\u00e1n un peligroso viaje en el que descubrir\u00e1n la importancia de la amistad y de ser ellos mismos. Acomp\u00e1\u00f1alos en la b\u00fasqueda de su \u201ccocodrilo blanco\u201d.<\/p>\n","protected":false},"featured_media":4461,"template":"","meta":[],"product_brand":[],"product_cat":[15],"product_tag":[346,89,48,347,103,65,345],"class_list":{"0":"post-4459","1":"product","2":"type-product","3":"status-publish","4":"has-post-thumbnail","6":"product_cat-catalogo","7":"product_tag-albinismo","8":"product_tag-amistad","9":"product_tag-autoestima","10":"product_tag-brasil","11":"product_tag-identidad","12":"product_tag-musica","13":"product_tag-vitiligo","14":"pa_buen-fin-10-al-20","16":"first","17":"instock","18":"shipping-taxable","19":"purchasable","20":"product-type-simple"},"yoast_head":"<!-- This site is optimized with the Yoast SEO plugin v27.4 - https:\/\/yoast.com\/product\/yoast-seo-wordpress\/ -->\n<title>Bastian Bom y el cocodrilo blanco Daniel H. Chambers - Tienda Ediciones El Naranjo<\/title>\n<meta name=\"description\" content=\"Las migra\u00f1as de V\u00edctor son cada vez m\u00e1s intensas y constantes. Un d\u00eda recibe en su computadora un extra\u00f1o y desconcertante desaf\u00edo. Para superarlo tendr\u00e1 que enfrentarse a diversas pruebas que le har\u00e1n conocerse a s\u00ed mismo quiz\u00e1 m\u00e1s de lo que quisiera; ahora V\u00edctor tiene m\u00e1s preguntas que respuestas.\" \/>\n<meta name=\"robots\" content=\"index, follow, max-snippet:-1, max-image-preview:large, max-video-preview:-1\" \/>\n<link rel=\"canonical\" href=\"https:\/\/edicioneselnaranjo.com.mx\/tienda\/producto\/bastian-bom\/\" \/>\n<meta property=\"og:locale\" content=\"es_MX\" \/>\n<meta property=\"og:type\" content=\"article\" \/>\n<meta property=\"og:title\" content=\"Bastian Bom y el cocodrilo blanco Daniel H. Chambers - Tienda Ediciones El Naranjo\" \/>\n<meta property=\"og:description\" content=\"Las migra\u00f1as de V\u00edctor son cada vez m\u00e1s intensas y constantes. Un d\u00eda recibe en su computadora un extra\u00f1o y desconcertante desaf\u00edo. Para superarlo tendr\u00e1 que enfrentarse a diversas pruebas que le har\u00e1n conocerse a s\u00ed mismo quiz\u00e1 m\u00e1s de lo que quisiera; ahora V\u00edctor tiene m\u00e1s preguntas que respuestas.\" \/>\n<meta property=\"og:url\" content=\"https:\/\/edicioneselnaranjo.com.mx\/tienda\/producto\/bastian-bom\/\" \/>\n<meta property=\"og:site_name\" content=\"Tienda Ediciones El Naranjo\" \/>\n<meta property=\"article:modified_time\" content=\"2026-01-21T18:14:27+00:00\" \/>\n<meta property=\"og:image\" content=\"https:\/\/edicioneselnaranjo.com.mx\/tienda\/wp-content\/uploads\/2021\/11\/p-bastianbom-1.jpg\" \/>\n\t<meta property=\"og:image:width\" content=\"900\" \/>\n\t<meta property=\"og:image:height\" content=\"900\" \/>\n\t<meta property=\"og:image:type\" content=\"image\/jpeg\" \/>\n<meta name=\"twitter:card\" content=\"summary_large_image\" \/>\n<meta name=\"twitter:label1\" content=\"Tiempo de lectura\" \/>\n\t<meta name=\"twitter:data1\" content=\"1 minuto\" \/>\n<script type=\"application\/ld+json\" class=\"yoast-schema-graph\">{\"@context\":\"https:\\\/\\\/schema.org\",\"@graph\":[{\"@type\":\"WebPage\",\"@id\":\"https:\\\/\\\/edicioneselnaranjo.com.mx\\\/tienda\\\/producto\\\/bastian-bom\\\/\",\"url\":\"https:\\\/\\\/edicioneselnaranjo.com.mx\\\/tienda\\\/producto\\\/bastian-bom\\\/\",\"name\":\"Bastian Bom y el cocodrilo blanco Daniel H. Chambers - Tienda Ediciones El Naranjo\",\"isPartOf\":{\"@id\":\"https:\\\/\\\/edicioneselnaranjo.com.mx\\\/tienda\\\/#website\"},\"primaryImageOfPage\":{\"@id\":\"https:\\\/\\\/edicioneselnaranjo.com.mx\\\/tienda\\\/producto\\\/bastian-bom\\\/#primaryimage\"},\"image\":{\"@id\":\"https:\\\/\\\/edicioneselnaranjo.com.mx\\\/tienda\\\/producto\\\/bastian-bom\\\/#primaryimage\"},\"thumbnailUrl\":\"https:\\\/\\\/edicioneselnaranjo.com.mx\\\/tienda\\\/wp-content\\\/uploads\\\/2021\\\/11\\\/p-bastianbom-1.jpg\",\"datePublished\":\"2021-11-23T21:24:57+00:00\",\"dateModified\":\"2026-01-21T18:14:27+00:00\",\"description\":\"Las migra\u00f1as de V\u00edctor son cada vez m\u00e1s intensas y constantes. Un d\u00eda recibe en su computadora un extra\u00f1o y desconcertante desaf\u00edo. Para superarlo tendr\u00e1 que enfrentarse a diversas pruebas que le har\u00e1n conocerse a s\u00ed mismo quiz\u00e1 m\u00e1s de lo que quisiera; ahora V\u00edctor tiene m\u00e1s preguntas que respuestas.\",\"breadcrumb\":{\"@id\":\"https:\\\/\\\/edicioneselnaranjo.com.mx\\\/tienda\\\/producto\\\/bastian-bom\\\/#breadcrumb\"},\"inLanguage\":\"es\",\"potentialAction\":[{\"@type\":\"ReadAction\",\"target\":[\"https:\\\/\\\/edicioneselnaranjo.com.mx\\\/tienda\\\/producto\\\/bastian-bom\\\/\"]}]},{\"@type\":\"ImageObject\",\"inLanguage\":\"es\",\"@id\":\"https:\\\/\\\/edicioneselnaranjo.com.mx\\\/tienda\\\/producto\\\/bastian-bom\\\/#primaryimage\",\"url\":\"https:\\\/\\\/edicioneselnaranjo.com.mx\\\/tienda\\\/wp-content\\\/uploads\\\/2021\\\/11\\\/p-bastianbom-1.jpg\",\"contentUrl\":\"https:\\\/\\\/edicioneselnaranjo.com.mx\\\/tienda\\\/wp-content\\\/uploads\\\/2021\\\/11\\\/p-bastianbom-1.jpg\",\"width\":900,\"height\":900},{\"@type\":\"BreadcrumbList\",\"@id\":\"https:\\\/\\\/edicioneselnaranjo.com.mx\\\/tienda\\\/producto\\\/bastian-bom\\\/#breadcrumb\",\"itemListElement\":[{\"@type\":\"ListItem\",\"position\":1,\"name\":\"Inicio\",\"item\":\"https:\\\/\\\/edicioneselnaranjo.com.mx\\\/tienda\\\/\"},{\"@type\":\"ListItem\",\"position\":2,\"name\":\"Bastian Bom y el cocodrilo blanco\"}]},{\"@type\":\"WebSite\",\"@id\":\"https:\\\/\\\/edicioneselnaranjo.com.mx\\\/tienda\\\/#website\",\"url\":\"https:\\\/\\\/edicioneselnaranjo.com.mx\\\/tienda\\\/\",\"name\":\"Tienda Ediciones El Naranjo\",\"description\":\"Tienda en l&iacute;nea de Ediciones El Naranjo\",\"publisher\":{\"@id\":\"https:\\\/\\\/edicioneselnaranjo.com.mx\\\/tienda\\\/#organization\"},\"potentialAction\":[{\"@type\":\"SearchAction\",\"target\":{\"@type\":\"EntryPoint\",\"urlTemplate\":\"https:\\\/\\\/edicioneselnaranjo.com.mx\\\/tienda\\\/?s={search_term_string}\"},\"query-input\":{\"@type\":\"PropertyValueSpecification\",\"valueRequired\":true,\"valueName\":\"search_term_string\"}}],\"inLanguage\":\"es\"},{\"@type\":\"Organization\",\"@id\":\"https:\\\/\\\/edicioneselnaranjo.com.mx\\\/tienda\\\/#organization\",\"name\":\"Tienda Ediciones El Naranjo\",\"url\":\"https:\\\/\\\/edicioneselnaranjo.com.mx\\\/tienda\\\/\",\"logo\":{\"@type\":\"ImageObject\",\"inLanguage\":\"es\",\"@id\":\"https:\\\/\\\/edicioneselnaranjo.com.mx\\\/tienda\\\/#\\\/schema\\\/logo\\\/image\\\/\",\"url\":\"https:\\\/\\\/edicioneselnaranjo.com.mx\\\/tienda\\\/wp-content\\\/uploads\\\/2020\\\/09\\\/logo-imagen-tienda.png\",\"contentUrl\":\"https:\\\/\\\/edicioneselnaranjo.com.mx\\\/tienda\\\/wp-content\\\/uploads\\\/2020\\\/09\\\/logo-imagen-tienda.png\",\"width\":700,\"height\":140,\"caption\":\"Tienda Ediciones El Naranjo\"},\"image\":{\"@id\":\"https:\\\/\\\/edicioneselnaranjo.com.mx\\\/tienda\\\/#\\\/schema\\\/logo\\\/image\\\/\"}}]}<\/script>\n<!-- \/ Yoast SEO plugin. -->","yoast_head_json":{"title":"Bastian Bom y el cocodrilo blanco Daniel H. Chambers - Tienda Ediciones El Naranjo","description":"Las migra\u00f1as de V\u00edctor son cada vez m\u00e1s intensas y constantes. Un d\u00eda recibe en su computadora un extra\u00f1o y desconcertante desaf\u00edo. Para superarlo tendr\u00e1 que enfrentarse a diversas pruebas que le har\u00e1n conocerse a s\u00ed mismo quiz\u00e1 m\u00e1s de lo que quisiera; ahora V\u00edctor tiene m\u00e1s preguntas que respuestas.","robots":{"index":"index","follow":"follow","max-snippet":"max-snippet:-1","max-image-preview":"max-image-preview:large","max-video-preview":"max-video-preview:-1"},"canonical":"https:\/\/edicioneselnaranjo.com.mx\/tienda\/producto\/bastian-bom\/","og_locale":"es_MX","og_type":"article","og_title":"Bastian Bom y el cocodrilo blanco Daniel H. Chambers - Tienda Ediciones El Naranjo","og_description":"Las migra\u00f1as de V\u00edctor son cada vez m\u00e1s intensas y constantes. Un d\u00eda recibe en su computadora un extra\u00f1o y desconcertante desaf\u00edo. Para superarlo tendr\u00e1 que enfrentarse a diversas pruebas que le har\u00e1n conocerse a s\u00ed mismo quiz\u00e1 m\u00e1s de lo que quisiera; ahora V\u00edctor tiene m\u00e1s preguntas que respuestas.","og_url":"https:\/\/edicioneselnaranjo.com.mx\/tienda\/producto\/bastian-bom\/","og_site_name":"Tienda Ediciones El Naranjo","article_modified_time":"2026-01-21T18:14:27+00:00","og_image":[{"width":900,"height":900,"url":"https:\/\/edicioneselnaranjo.com.mx\/tienda\/wp-content\/uploads\/2021\/11\/p-bastianbom-1.jpg","type":"image\/jpeg"}],"twitter_card":"summary_large_image","twitter_misc":{"Tiempo de lectura":"1 minuto"},"schema":{"@context":"https:\/\/schema.org","@graph":[{"@type":"WebPage","@id":"https:\/\/edicioneselnaranjo.com.mx\/tienda\/producto\/bastian-bom\/","url":"https:\/\/edicioneselnaranjo.com.mx\/tienda\/producto\/bastian-bom\/","name":"Bastian Bom y el cocodrilo blanco Daniel H. Chambers - Tienda Ediciones El Naranjo","isPartOf":{"@id":"https:\/\/edicioneselnaranjo.com.mx\/tienda\/#website"},"primaryImageOfPage":{"@id":"https:\/\/edicioneselnaranjo.com.mx\/tienda\/producto\/bastian-bom\/#primaryimage"},"image":{"@id":"https:\/\/edicioneselnaranjo.com.mx\/tienda\/producto\/bastian-bom\/#primaryimage"},"thumbnailUrl":"https:\/\/edicioneselnaranjo.com.mx\/tienda\/wp-content\/uploads\/2021\/11\/p-bastianbom-1.jpg","datePublished":"2021-11-23T21:24:57+00:00","dateModified":"2026-01-21T18:14:27+00:00","description":"Las migra\u00f1as de V\u00edctor son cada vez m\u00e1s intensas y constantes. Un d\u00eda recibe en su computadora un extra\u00f1o y desconcertante desaf\u00edo. Para superarlo tendr\u00e1 que enfrentarse a diversas pruebas que le har\u00e1n conocerse a s\u00ed mismo quiz\u00e1 m\u00e1s de lo que quisiera; ahora V\u00edctor tiene m\u00e1s preguntas que respuestas.","breadcrumb":{"@id":"https:\/\/edicioneselnaranjo.com.mx\/tienda\/producto\/bastian-bom\/#breadcrumb"},"inLanguage":"es","potentialAction":[{"@type":"ReadAction","target":["https:\/\/edicioneselnaranjo.com.mx\/tienda\/producto\/bastian-bom\/"]}]},{"@type":"ImageObject","inLanguage":"es","@id":"https:\/\/edicioneselnaranjo.com.mx\/tienda\/producto\/bastian-bom\/#primaryimage","url":"https:\/\/edicioneselnaranjo.com.mx\/tienda\/wp-content\/uploads\/2021\/11\/p-bastianbom-1.jpg","contentUrl":"https:\/\/edicioneselnaranjo.com.mx\/tienda\/wp-content\/uploads\/2021\/11\/p-bastianbom-1.jpg","width":900,"height":900},{"@type":"BreadcrumbList","@id":"https:\/\/edicioneselnaranjo.com.mx\/tienda\/producto\/bastian-bom\/#breadcrumb","itemListElement":[{"@type":"ListItem","position":1,"name":"Inicio","item":"https:\/\/edicioneselnaranjo.com.mx\/tienda\/"},{"@type":"ListItem","position":2,"name":"Bastian Bom y el cocodrilo blanco"}]},{"@type":"WebSite","@id":"https:\/\/edicioneselnaranjo.com.mx\/tienda\/#website","url":"https:\/\/edicioneselnaranjo.com.mx\/tienda\/","name":"Tienda Ediciones El Naranjo","description":"Tienda en l&iacute;nea de Ediciones El Naranjo","publisher":{"@id":"https:\/\/edicioneselnaranjo.com.mx\/tienda\/#organization"},"potentialAction":[{"@type":"SearchAction","target":{"@type":"EntryPoint","urlTemplate":"https:\/\/edicioneselnaranjo.com.mx\/tienda\/?s={search_term_string}"},"query-input":{"@type":"PropertyValueSpecification","valueRequired":true,"valueName":"search_term_string"}}],"inLanguage":"es"},{"@type":"Organization","@id":"https:\/\/edicioneselnaranjo.com.mx\/tienda\/#organization","name":"Tienda Ediciones El Naranjo","url":"https:\/\/edicioneselnaranjo.com.mx\/tienda\/","logo":{"@type":"ImageObject","inLanguage":"es","@id":"https:\/\/edicioneselnaranjo.com.mx\/tienda\/#\/schema\/logo\/image\/","url":"https:\/\/edicioneselnaranjo.com.mx\/tienda\/wp-content\/uploads\/2020\/09\/logo-imagen-tienda.png","contentUrl":"https:\/\/edicioneselnaranjo.com.mx\/tienda\/wp-content\/uploads\/2020\/09\/logo-imagen-tienda.png","width":700,"height":140,"caption":"Tienda Ediciones El Naranjo"},"image":{"@id":"https:\/\/edicioneselnaranjo.com.mx\/tienda\/#\/schema\/logo\/image\/"}}]}},"_links":{"self":[{"href":"https:\/\/edicioneselnaranjo.com.mx\/tienda\/wp-json\/wp\/v2\/product\/4459","targetHints":{"allow":["GET"]}}],"collection":[{"href":"https:\/\/edicioneselnaranjo.com.mx\/tienda\/wp-json\/wp\/v2\/product"}],"about":[{"href":"https:\/\/edicioneselnaranjo.com.mx\/tienda\/wp-json\/wp\/v2\/types\/product"}],"wp:featuredmedia":[{"embeddable":true,"href":"https:\/\/edicioneselnaranjo.com.mx\/tienda\/wp-json\/wp\/v2\/media\/4461"}],"wp:attachment":[{"href":"https:\/\/edicioneselnaranjo.com.mx\/tienda\/wp-json\/wp\/v2\/media?parent=4459"}],"wp:term":[{"taxonomy":"product_brand","embeddable":true,"href":"https:\/\/edicioneselnaranjo.com.mx\/tienda\/wp-json\/wp\/v2\/product_brand?post=4459"},{"taxonomy":"product_cat","embeddable":true,"href":"https:\/\/edicioneselnaranjo.com.mx\/tienda\/wp-json\/wp\/v2\/product_cat?post=4459"},{"taxonomy":"product_tag","embeddable":true,"href":"https:\/\/edicioneselnaranjo.com.mx\/tienda\/wp-json\/wp\/v2\/product_tag?post=4459"}],"curies":[{"name":"wp","href":"https:\/\/api.w.org\/{rel}","templated":true}]}}