{"id":392,"date":"2020-06-02T17:50:17","date_gmt":"2020-06-02T22:50:17","guid":{"rendered":"http:\/\/edicioneselnaranjo.com.mx\/tienda\/?post_type=product&#038;p=392"},"modified":"2026-01-19T16:51:33","modified_gmt":"2026-01-19T22:51:33","slug":"invitados-de-mi-hermana","status":"publish","type":"product","link":"https:\/\/edicioneselnaranjo.com.mx\/tienda\/producto\/invitados-de-mi-hermana\/","title":{"rendered":"Los invitados de mi hermana"},"content":{"rendered":"<table>\n<tbody>\n<tr>\n<td>G\u00e9nero<\/td>\n<td>Cuento<\/td>\n<\/tr>\n<tr>\n<td>Encuadernaci\u00f3n<\/td>\n<td>Tapa dura<\/td>\n<\/tr>\n<tr>\n<td>A\u00f1o<\/td>\n<td>2012<\/td>\n<\/tr>\n<tr>\n<td>Edici\u00f3n<\/td>\n<td>Primera<\/td>\n<\/tr>\n<tr>\n<td>P\u00e1ginas<\/td>\n<td>56 pp.<\/td>\n<\/tr>\n<tr>\n<td>Formato<\/td>\n<td>22 x 17 cm<\/td>\n<\/tr>\n<tr>\n<td>Impresi\u00f3n<\/td>\n<td>Cuatricom\u00eda<\/td>\n<\/tr>\n<tr>\n<td>Peso<\/td>\n<td>320 gramos<\/td>\n<\/tr>\n<tr>\n<td>ISBN<\/td>\n<td>978-607-7661-36-8<\/td>\n<\/tr>\n<tr>\n<td>Sello editorial<\/td>\n<td>Ediciones El Naranjo<\/td>\n<\/tr>\n<\/tbody>\n<\/table>\n","protected":false},"excerpt":{"rendered":"<div class=\"serif rplcr-container\">Texto de Eduardo Carrera<br \/>\nIlustraciones de Leire Salaberria<\/div>\n<div class=\"serif rplcr-container\">\n<hr \/>\n<p>Keisia Luna ha invitado a su fiesta de cumplea\u00f1os a unos personajes muy particulares: sus amigos invisibles. Su hermano no puede creer lo que sucede en su casa: Keisia, su mam\u00e1 y hasta su pap\u00e1 han perdido la raz\u00f3n, pues no dejan de hablar de estos personajes. \u201c\u00a1Qu\u00e9 fastidio! Creer que existen amigos invisibles son ocurrencias de ni\u00f1as\u201d, asegura \u00e9l. Finalmente ha llegado el d\u00eda tan esperado, \u00bflograr\u00e1 demostrarle a todos que est\u00e1n equivocados? \u00bfO quiz\u00e1 el equivocado es \u00e9l?<\/p>\n<\/div>\n","protected":false},"featured_media":412,"template":"","meta":[],"product_brand":[],"product_cat":[15],"product_tag":[136,53,69],"class_list":{"0":"post-392","1":"product","2":"type-product","3":"status-publish","4":"has-post-thumbnail","6":"product_cat-catalogo","7":"product_tag-amor-fraternal","8":"product_tag-fantasia","9":"product_tag-imaginacion","10":"pa_buen-fin-20-al-30","12":"first","13":"instock","14":"shipping-taxable","15":"purchasable","16":"product-type-simple"},"yoast_head":"<!-- This site is optimized with the Yoast SEO plugin v27.3 - https:\/\/yoast.com\/product\/yoast-seo-wordpress\/ -->\n<title>Los invitados de mi hermana - Tienda Ediciones El Naranjo<\/title>\n<meta name=\"robots\" content=\"index, follow, max-snippet:-1, max-image-preview:large, max-video-preview:-1\" \/>\n<link rel=\"canonical\" href=\"https:\/\/edicioneselnaranjo.com.mx\/tienda\/producto\/invitados-de-mi-hermana\/\" \/>\n<meta property=\"og:locale\" content=\"es_MX\" \/>\n<meta property=\"og:type\" content=\"article\" \/>\n<meta property=\"og:title\" content=\"Los invitados de mi hermana - Tienda Ediciones El Naranjo\" \/>\n<meta property=\"og:description\" content=\"Texto de Eduardo Carrera Ilustraciones de Leire Salaberria     Keisia Luna ha invitado a su fiesta de cumplea\u00f1os a unos personajes muy particulares: sus amigos invisibles. Su hermano no puede creer lo que sucede en su casa: Keisia, su mam\u00e1 y hasta su pap\u00e1 han perdido la raz\u00f3n, pues no dejan de hablar de estos personajes. \u201c\u00a1Qu\u00e9 fastidio! Creer que existen amigos invisibles son ocurrencias de ni\u00f1as\u201d, asegura \u00e9l. Finalmente ha llegado el d\u00eda tan esperado, \u00bflograr\u00e1 demostrarle a todos que est\u00e1n equivocados? \u00bfO quiz\u00e1 el equivocado es \u00e9l?\" \/>\n<meta property=\"og:url\" content=\"https:\/\/edicioneselnaranjo.com.mx\/tienda\/producto\/invitados-de-mi-hermana\/\" \/>\n<meta property=\"og:site_name\" content=\"Tienda Ediciones El Naranjo\" \/>\n<meta property=\"article:modified_time\" content=\"2026-01-19T22:51:33+00:00\" \/>\n<meta property=\"og:image\" content=\"https:\/\/edicioneselnaranjo.com.mx\/tienda\/wp-content\/uploads\/2020\/06\/p-invitados.jpg\" \/>\n\t<meta property=\"og:image:width\" content=\"900\" \/>\n\t<meta property=\"og:image:height\" content=\"900\" \/>\n\t<meta property=\"og:image:type\" content=\"image\/jpeg\" \/>\n<meta name=\"twitter:card\" content=\"summary_large_image\" \/>\n<meta name=\"twitter:label1\" content=\"Tiempo de lectura\" \/>\n\t<meta name=\"twitter:data1\" content=\"1 minuto\" \/>\n<script type=\"application\/ld+json\" class=\"yoast-schema-graph\">{\"@context\":\"https:\\\/\\\/schema.org\",\"@graph\":[{\"@type\":\"WebPage\",\"@id\":\"https:\\\/\\\/edicioneselnaranjo.com.mx\\\/tienda\\\/producto\\\/invitados-de-mi-hermana\\\/\",\"url\":\"https:\\\/\\\/edicioneselnaranjo.com.mx\\\/tienda\\\/producto\\\/invitados-de-mi-hermana\\\/\",\"name\":\"Los invitados de mi hermana - Tienda Ediciones El Naranjo\",\"isPartOf\":{\"@id\":\"https:\\\/\\\/edicioneselnaranjo.com.mx\\\/tienda\\\/#website\"},\"primaryImageOfPage\":{\"@id\":\"https:\\\/\\\/edicioneselnaranjo.com.mx\\\/tienda\\\/producto\\\/invitados-de-mi-hermana\\\/#primaryimage\"},\"image\":{\"@id\":\"https:\\\/\\\/edicioneselnaranjo.com.mx\\\/tienda\\\/producto\\\/invitados-de-mi-hermana\\\/#primaryimage\"},\"thumbnailUrl\":\"https:\\\/\\\/edicioneselnaranjo.com.mx\\\/tienda\\\/wp-content\\\/uploads\\\/2020\\\/06\\\/p-invitados.jpg\",\"datePublished\":\"2020-06-02T22:50:17+00:00\",\"dateModified\":\"2026-01-19T22:51:33+00:00\",\"breadcrumb\":{\"@id\":\"https:\\\/\\\/edicioneselnaranjo.com.mx\\\/tienda\\\/producto\\\/invitados-de-mi-hermana\\\/#breadcrumb\"},\"inLanguage\":\"es\",\"potentialAction\":[{\"@type\":\"ReadAction\",\"target\":[\"https:\\\/\\\/edicioneselnaranjo.com.mx\\\/tienda\\\/producto\\\/invitados-de-mi-hermana\\\/\"]}]},{\"@type\":\"ImageObject\",\"inLanguage\":\"es\",\"@id\":\"https:\\\/\\\/edicioneselnaranjo.com.mx\\\/tienda\\\/producto\\\/invitados-de-mi-hermana\\\/#primaryimage\",\"url\":\"https:\\\/\\\/edicioneselnaranjo.com.mx\\\/tienda\\\/wp-content\\\/uploads\\\/2020\\\/06\\\/p-invitados.jpg\",\"contentUrl\":\"https:\\\/\\\/edicioneselnaranjo.com.mx\\\/tienda\\\/wp-content\\\/uploads\\\/2020\\\/06\\\/p-invitados.jpg\",\"width\":900,\"height\":900},{\"@type\":\"BreadcrumbList\",\"@id\":\"https:\\\/\\\/edicioneselnaranjo.com.mx\\\/tienda\\\/producto\\\/invitados-de-mi-hermana\\\/#breadcrumb\",\"itemListElement\":[{\"@type\":\"ListItem\",\"position\":1,\"name\":\"Inicio\",\"item\":\"https:\\\/\\\/edicioneselnaranjo.com.mx\\\/tienda\\\/\"},{\"@type\":\"ListItem\",\"position\":2,\"name\":\"Los invitados de mi hermana\"}]},{\"@type\":\"WebSite\",\"@id\":\"https:\\\/\\\/edicioneselnaranjo.com.mx\\\/tienda\\\/#website\",\"url\":\"https:\\\/\\\/edicioneselnaranjo.com.mx\\\/tienda\\\/\",\"name\":\"Tienda Ediciones El Naranjo\",\"description\":\"Tienda en l&iacute;nea de Ediciones El Naranjo\",\"publisher\":{\"@id\":\"https:\\\/\\\/edicioneselnaranjo.com.mx\\\/tienda\\\/#organization\"},\"potentialAction\":[{\"@type\":\"SearchAction\",\"target\":{\"@type\":\"EntryPoint\",\"urlTemplate\":\"https:\\\/\\\/edicioneselnaranjo.com.mx\\\/tienda\\\/?s={search_term_string}\"},\"query-input\":{\"@type\":\"PropertyValueSpecification\",\"valueRequired\":true,\"valueName\":\"search_term_string\"}}],\"inLanguage\":\"es\"},{\"@type\":\"Organization\",\"@id\":\"https:\\\/\\\/edicioneselnaranjo.com.mx\\\/tienda\\\/#organization\",\"name\":\"Tienda Ediciones El Naranjo\",\"url\":\"https:\\\/\\\/edicioneselnaranjo.com.mx\\\/tienda\\\/\",\"logo\":{\"@type\":\"ImageObject\",\"inLanguage\":\"es\",\"@id\":\"https:\\\/\\\/edicioneselnaranjo.com.mx\\\/tienda\\\/#\\\/schema\\\/logo\\\/image\\\/\",\"url\":\"https:\\\/\\\/edicioneselnaranjo.com.mx\\\/tienda\\\/wp-content\\\/uploads\\\/2020\\\/09\\\/logo-imagen-tienda.png\",\"contentUrl\":\"https:\\\/\\\/edicioneselnaranjo.com.mx\\\/tienda\\\/wp-content\\\/uploads\\\/2020\\\/09\\\/logo-imagen-tienda.png\",\"width\":700,\"height\":140,\"caption\":\"Tienda Ediciones El Naranjo\"},\"image\":{\"@id\":\"https:\\\/\\\/edicioneselnaranjo.com.mx\\\/tienda\\\/#\\\/schema\\\/logo\\\/image\\\/\"}}]}<\/script>\n<!-- \/ Yoast SEO plugin. -->","yoast_head_json":{"title":"Los invitados de mi hermana - Tienda Ediciones El Naranjo","robots":{"index":"index","follow":"follow","max-snippet":"max-snippet:-1","max-image-preview":"max-image-preview:large","max-video-preview":"max-video-preview:-1"},"canonical":"https:\/\/edicioneselnaranjo.com.mx\/tienda\/producto\/invitados-de-mi-hermana\/","og_locale":"es_MX","og_type":"article","og_title":"Los invitados de mi hermana - Tienda Ediciones El Naranjo","og_description":"Texto de Eduardo Carrera Ilustraciones de Leire Salaberria     Keisia Luna ha invitado a su fiesta de cumplea\u00f1os a unos personajes muy particulares: sus amigos invisibles. Su hermano no puede creer lo que sucede en su casa: Keisia, su mam\u00e1 y hasta su pap\u00e1 han perdido la raz\u00f3n, pues no dejan de hablar de estos personajes. \u201c\u00a1Qu\u00e9 fastidio! Creer que existen amigos invisibles son ocurrencias de ni\u00f1as\u201d, asegura \u00e9l. Finalmente ha llegado el d\u00eda tan esperado, \u00bflograr\u00e1 demostrarle a todos que est\u00e1n equivocados? \u00bfO quiz\u00e1 el equivocado es \u00e9l?","og_url":"https:\/\/edicioneselnaranjo.com.mx\/tienda\/producto\/invitados-de-mi-hermana\/","og_site_name":"Tienda Ediciones El Naranjo","article_modified_time":"2026-01-19T22:51:33+00:00","og_image":[{"width":900,"height":900,"url":"https:\/\/edicioneselnaranjo.com.mx\/tienda\/wp-content\/uploads\/2020\/06\/p-invitados.jpg","type":"image\/jpeg"}],"twitter_card":"summary_large_image","twitter_misc":{"Tiempo de lectura":"1 minuto"},"schema":{"@context":"https:\/\/schema.org","@graph":[{"@type":"WebPage","@id":"https:\/\/edicioneselnaranjo.com.mx\/tienda\/producto\/invitados-de-mi-hermana\/","url":"https:\/\/edicioneselnaranjo.com.mx\/tienda\/producto\/invitados-de-mi-hermana\/","name":"Los invitados de mi hermana - Tienda Ediciones El Naranjo","isPartOf":{"@id":"https:\/\/edicioneselnaranjo.com.mx\/tienda\/#website"},"primaryImageOfPage":{"@id":"https:\/\/edicioneselnaranjo.com.mx\/tienda\/producto\/invitados-de-mi-hermana\/#primaryimage"},"image":{"@id":"https:\/\/edicioneselnaranjo.com.mx\/tienda\/producto\/invitados-de-mi-hermana\/#primaryimage"},"thumbnailUrl":"https:\/\/edicioneselnaranjo.com.mx\/tienda\/wp-content\/uploads\/2020\/06\/p-invitados.jpg","datePublished":"2020-06-02T22:50:17+00:00","dateModified":"2026-01-19T22:51:33+00:00","breadcrumb":{"@id":"https:\/\/edicioneselnaranjo.com.mx\/tienda\/producto\/invitados-de-mi-hermana\/#breadcrumb"},"inLanguage":"es","potentialAction":[{"@type":"ReadAction","target":["https:\/\/edicioneselnaranjo.com.mx\/tienda\/producto\/invitados-de-mi-hermana\/"]}]},{"@type":"ImageObject","inLanguage":"es","@id":"https:\/\/edicioneselnaranjo.com.mx\/tienda\/producto\/invitados-de-mi-hermana\/#primaryimage","url":"https:\/\/edicioneselnaranjo.com.mx\/tienda\/wp-content\/uploads\/2020\/06\/p-invitados.jpg","contentUrl":"https:\/\/edicioneselnaranjo.com.mx\/tienda\/wp-content\/uploads\/2020\/06\/p-invitados.jpg","width":900,"height":900},{"@type":"BreadcrumbList","@id":"https:\/\/edicioneselnaranjo.com.mx\/tienda\/producto\/invitados-de-mi-hermana\/#breadcrumb","itemListElement":[{"@type":"ListItem","position":1,"name":"Inicio","item":"https:\/\/edicioneselnaranjo.com.mx\/tienda\/"},{"@type":"ListItem","position":2,"name":"Los invitados de mi hermana"}]},{"@type":"WebSite","@id":"https:\/\/edicioneselnaranjo.com.mx\/tienda\/#website","url":"https:\/\/edicioneselnaranjo.com.mx\/tienda\/","name":"Tienda Ediciones El Naranjo","description":"Tienda en l&iacute;nea de Ediciones El Naranjo","publisher":{"@id":"https:\/\/edicioneselnaranjo.com.mx\/tienda\/#organization"},"potentialAction":[{"@type":"SearchAction","target":{"@type":"EntryPoint","urlTemplate":"https:\/\/edicioneselnaranjo.com.mx\/tienda\/?s={search_term_string}"},"query-input":{"@type":"PropertyValueSpecification","valueRequired":true,"valueName":"search_term_string"}}],"inLanguage":"es"},{"@type":"Organization","@id":"https:\/\/edicioneselnaranjo.com.mx\/tienda\/#organization","name":"Tienda Ediciones El Naranjo","url":"https:\/\/edicioneselnaranjo.com.mx\/tienda\/","logo":{"@type":"ImageObject","inLanguage":"es","@id":"https:\/\/edicioneselnaranjo.com.mx\/tienda\/#\/schema\/logo\/image\/","url":"https:\/\/edicioneselnaranjo.com.mx\/tienda\/wp-content\/uploads\/2020\/09\/logo-imagen-tienda.png","contentUrl":"https:\/\/edicioneselnaranjo.com.mx\/tienda\/wp-content\/uploads\/2020\/09\/logo-imagen-tienda.png","width":700,"height":140,"caption":"Tienda Ediciones El Naranjo"},"image":{"@id":"https:\/\/edicioneselnaranjo.com.mx\/tienda\/#\/schema\/logo\/image\/"}}]}},"_links":{"self":[{"href":"https:\/\/edicioneselnaranjo.com.mx\/tienda\/wp-json\/wp\/v2\/product\/392","targetHints":{"allow":["GET"]}}],"collection":[{"href":"https:\/\/edicioneselnaranjo.com.mx\/tienda\/wp-json\/wp\/v2\/product"}],"about":[{"href":"https:\/\/edicioneselnaranjo.com.mx\/tienda\/wp-json\/wp\/v2\/types\/product"}],"wp:featuredmedia":[{"embeddable":true,"href":"https:\/\/edicioneselnaranjo.com.mx\/tienda\/wp-json\/wp\/v2\/media\/412"}],"wp:attachment":[{"href":"https:\/\/edicioneselnaranjo.com.mx\/tienda\/wp-json\/wp\/v2\/media?parent=392"}],"wp:term":[{"taxonomy":"product_brand","embeddable":true,"href":"https:\/\/edicioneselnaranjo.com.mx\/tienda\/wp-json\/wp\/v2\/product_brand?post=392"},{"taxonomy":"product_cat","embeddable":true,"href":"https:\/\/edicioneselnaranjo.com.mx\/tienda\/wp-json\/wp\/v2\/product_cat?post=392"},{"taxonomy":"product_tag","embeddable":true,"href":"https:\/\/edicioneselnaranjo.com.mx\/tienda\/wp-json\/wp\/v2\/product_tag?post=392"}],"curies":[{"name":"wp","href":"https:\/\/api.w.org\/{rel}","templated":true}]}}