{"id":372,"date":"2020-06-02T16:19:13","date_gmt":"2020-06-02T21:19:13","guid":{"rendered":"http:\/\/edicioneselnaranjo.com.mx\/tienda\/?post_type=product&#038;p=372"},"modified":"2026-01-19T16:51:08","modified_gmt":"2026-01-19T22:51:08","slug":"la-distante","status":"publish","type":"product","link":"https:\/\/edicioneselnaranjo.com.mx\/tienda\/producto\/la-distante\/","title":{"rendered":"La Distante"},"content":{"rendered":"<table>\n<tbody>\n<tr>\n<td>G\u00e9nero<\/td>\n<td>Cuento<\/td>\n<\/tr>\n<tr>\n<td>Encuadernaci\u00f3n<\/td>\n<td>Tapa dura<\/td>\n<\/tr>\n<tr>\n<td>A\u00f1o<\/td>\n<td>2018<\/td>\n<\/tr>\n<tr>\n<td>Edici\u00f3n<\/td>\n<td>Primera<\/td>\n<\/tr>\n<tr>\n<td>P\u00e1ginas<\/td>\n<td>48 pp.<\/td>\n<\/tr>\n<tr>\n<td>Formato<\/td>\n<td>19 x 27 cm<\/td>\n<\/tr>\n<tr>\n<td>Impresi\u00f3n<\/td>\n<td>Cuatricom\u00eda<\/td>\n<\/tr>\n<tr>\n<td>Peso<\/td>\n<td>360 gramos<\/td>\n<\/tr>\n<tr>\n<td>ISBN<\/td>\n<td>978-607-8442-67-6<\/td>\n<\/tr>\n<tr>\n<td>Sello editorial<\/td>\n<td>Ediciones El Naranjo<\/td>\n<\/tr>\n<\/tbody>\n<\/table>\n","protected":false},"excerpt":{"rendered":"<div class=\"serif rplcr-container\">Texto de Alberto Chimal<br \/>\nIlustraciones de Elizabeth Builes<\/p>\n<hr \/>\n<p>Manek era un joven centinela con una vista poderosa. Pod\u00eda distinguir las gotas de lluvia en una tormenta a leguas de distancia, reconocer la cara de un hombre a m\u00e1s de mil trancos, o ver en el desierto a una mujer a detalle en la lejan\u00eda, una mujer que solo \u00e9l era capaz de ver, y que para todo ser humano que goza de una vista normal significaba solo un personaje de leyenda.<\/p>\n<\/div>\n","protected":false},"featured_media":6453,"template":"","meta":[],"product_brand":[],"product_cat":[15],"product_tag":[117,53],"class_list":{"0":"post-372","1":"product","2":"type-product","3":"status-publish","4":"has-post-thumbnail","6":"product_cat-catalogo","7":"product_tag-aventura","8":"product_tag-fantasia","9":"pa_buen-fin-20-al-30","11":"first","12":"instock","13":"shipping-taxable","14":"purchasable","15":"product-type-simple"},"yoast_head":"<!-- This site is optimized with the Yoast SEO plugin v27.3 - https:\/\/yoast.com\/product\/yoast-seo-wordpress\/ -->\n<title>La Distante - Tienda Ediciones El Naranjo<\/title>\n<meta name=\"robots\" content=\"index, follow, max-snippet:-1, max-image-preview:large, max-video-preview:-1\" \/>\n<link rel=\"canonical\" href=\"https:\/\/edicioneselnaranjo.com.mx\/tienda\/producto\/la-distante\/\" \/>\n<meta property=\"og:locale\" content=\"es_MX\" \/>\n<meta property=\"og:type\" content=\"article\" \/>\n<meta property=\"og:title\" content=\"La Distante - Tienda Ediciones El Naranjo\" \/>\n<meta property=\"og:description\" content=\"Texto de Alberto Chimal Ilustraciones de Elizabeth Builes    Manek era un joven centinela con una vista poderosa. Pod\u00eda distinguir las gotas de lluvia en una tormenta a leguas de distancia, reconocer la cara de un hombre a m\u00e1s de mil trancos, o ver en el desierto a una mujer a detalle en la lejan\u00eda, una mujer que solo \u00e9l era capaz de ver, y que para todo ser humano que goza de una vista normal significaba solo un personaje de leyenda.\" \/>\n<meta property=\"og:url\" content=\"https:\/\/edicioneselnaranjo.com.mx\/tienda\/producto\/la-distante\/\" \/>\n<meta property=\"og:site_name\" content=\"Tienda Ediciones El Naranjo\" \/>\n<meta property=\"article:modified_time\" content=\"2026-01-19T22:51:08+00:00\" \/>\n<meta property=\"og:image\" content=\"https:\/\/edicioneselnaranjo.com.mx\/tienda\/wp-content\/uploads\/2020\/06\/p-distante-1.jpg\" \/>\n\t<meta property=\"og:image:width\" content=\"900\" \/>\n\t<meta property=\"og:image:height\" content=\"900\" \/>\n\t<meta property=\"og:image:type\" content=\"image\/jpeg\" \/>\n<meta name=\"twitter:card\" content=\"summary_large_image\" \/>\n<meta name=\"twitter:label1\" content=\"Tiempo de lectura\" \/>\n\t<meta name=\"twitter:data1\" content=\"1 minuto\" \/>\n<script type=\"application\/ld+json\" class=\"yoast-schema-graph\">{\"@context\":\"https:\\\/\\\/schema.org\",\"@graph\":[{\"@type\":\"WebPage\",\"@id\":\"https:\\\/\\\/edicioneselnaranjo.com.mx\\\/tienda\\\/producto\\\/la-distante\\\/\",\"url\":\"https:\\\/\\\/edicioneselnaranjo.com.mx\\\/tienda\\\/producto\\\/la-distante\\\/\",\"name\":\"La Distante - Tienda Ediciones El Naranjo\",\"isPartOf\":{\"@id\":\"https:\\\/\\\/edicioneselnaranjo.com.mx\\\/tienda\\\/#website\"},\"primaryImageOfPage\":{\"@id\":\"https:\\\/\\\/edicioneselnaranjo.com.mx\\\/tienda\\\/producto\\\/la-distante\\\/#primaryimage\"},\"image\":{\"@id\":\"https:\\\/\\\/edicioneselnaranjo.com.mx\\\/tienda\\\/producto\\\/la-distante\\\/#primaryimage\"},\"thumbnailUrl\":\"https:\\\/\\\/edicioneselnaranjo.com.mx\\\/tienda\\\/wp-content\\\/uploads\\\/2020\\\/06\\\/p-distante-1.jpg\",\"datePublished\":\"2020-06-02T21:19:13+00:00\",\"dateModified\":\"2026-01-19T22:51:08+00:00\",\"breadcrumb\":{\"@id\":\"https:\\\/\\\/edicioneselnaranjo.com.mx\\\/tienda\\\/producto\\\/la-distante\\\/#breadcrumb\"},\"inLanguage\":\"es\",\"potentialAction\":[{\"@type\":\"ReadAction\",\"target\":[\"https:\\\/\\\/edicioneselnaranjo.com.mx\\\/tienda\\\/producto\\\/la-distante\\\/\"]}]},{\"@type\":\"ImageObject\",\"inLanguage\":\"es\",\"@id\":\"https:\\\/\\\/edicioneselnaranjo.com.mx\\\/tienda\\\/producto\\\/la-distante\\\/#primaryimage\",\"url\":\"https:\\\/\\\/edicioneselnaranjo.com.mx\\\/tienda\\\/wp-content\\\/uploads\\\/2020\\\/06\\\/p-distante-1.jpg\",\"contentUrl\":\"https:\\\/\\\/edicioneselnaranjo.com.mx\\\/tienda\\\/wp-content\\\/uploads\\\/2020\\\/06\\\/p-distante-1.jpg\",\"width\":900,\"height\":900},{\"@type\":\"BreadcrumbList\",\"@id\":\"https:\\\/\\\/edicioneselnaranjo.com.mx\\\/tienda\\\/producto\\\/la-distante\\\/#breadcrumb\",\"itemListElement\":[{\"@type\":\"ListItem\",\"position\":1,\"name\":\"Inicio\",\"item\":\"https:\\\/\\\/edicioneselnaranjo.com.mx\\\/tienda\\\/\"},{\"@type\":\"ListItem\",\"position\":2,\"name\":\"La Distante\"}]},{\"@type\":\"WebSite\",\"@id\":\"https:\\\/\\\/edicioneselnaranjo.com.mx\\\/tienda\\\/#website\",\"url\":\"https:\\\/\\\/edicioneselnaranjo.com.mx\\\/tienda\\\/\",\"name\":\"Tienda Ediciones El Naranjo\",\"description\":\"Tienda en l&iacute;nea de Ediciones El Naranjo\",\"publisher\":{\"@id\":\"https:\\\/\\\/edicioneselnaranjo.com.mx\\\/tienda\\\/#organization\"},\"potentialAction\":[{\"@type\":\"SearchAction\",\"target\":{\"@type\":\"EntryPoint\",\"urlTemplate\":\"https:\\\/\\\/edicioneselnaranjo.com.mx\\\/tienda\\\/?s={search_term_string}\"},\"query-input\":{\"@type\":\"PropertyValueSpecification\",\"valueRequired\":true,\"valueName\":\"search_term_string\"}}],\"inLanguage\":\"es\"},{\"@type\":\"Organization\",\"@id\":\"https:\\\/\\\/edicioneselnaranjo.com.mx\\\/tienda\\\/#organization\",\"name\":\"Tienda Ediciones El Naranjo\",\"url\":\"https:\\\/\\\/edicioneselnaranjo.com.mx\\\/tienda\\\/\",\"logo\":{\"@type\":\"ImageObject\",\"inLanguage\":\"es\",\"@id\":\"https:\\\/\\\/edicioneselnaranjo.com.mx\\\/tienda\\\/#\\\/schema\\\/logo\\\/image\\\/\",\"url\":\"https:\\\/\\\/edicioneselnaranjo.com.mx\\\/tienda\\\/wp-content\\\/uploads\\\/2020\\\/09\\\/logo-imagen-tienda.png\",\"contentUrl\":\"https:\\\/\\\/edicioneselnaranjo.com.mx\\\/tienda\\\/wp-content\\\/uploads\\\/2020\\\/09\\\/logo-imagen-tienda.png\",\"width\":700,\"height\":140,\"caption\":\"Tienda Ediciones El Naranjo\"},\"image\":{\"@id\":\"https:\\\/\\\/edicioneselnaranjo.com.mx\\\/tienda\\\/#\\\/schema\\\/logo\\\/image\\\/\"}}]}<\/script>\n<!-- \/ Yoast SEO plugin. -->","yoast_head_json":{"title":"La Distante - Tienda Ediciones El Naranjo","robots":{"index":"index","follow":"follow","max-snippet":"max-snippet:-1","max-image-preview":"max-image-preview:large","max-video-preview":"max-video-preview:-1"},"canonical":"https:\/\/edicioneselnaranjo.com.mx\/tienda\/producto\/la-distante\/","og_locale":"es_MX","og_type":"article","og_title":"La Distante - Tienda Ediciones El Naranjo","og_description":"Texto de Alberto Chimal Ilustraciones de Elizabeth Builes    Manek era un joven centinela con una vista poderosa. Pod\u00eda distinguir las gotas de lluvia en una tormenta a leguas de distancia, reconocer la cara de un hombre a m\u00e1s de mil trancos, o ver en el desierto a una mujer a detalle en la lejan\u00eda, una mujer que solo \u00e9l era capaz de ver, y que para todo ser humano que goza de una vista normal significaba solo un personaje de leyenda.","og_url":"https:\/\/edicioneselnaranjo.com.mx\/tienda\/producto\/la-distante\/","og_site_name":"Tienda Ediciones El Naranjo","article_modified_time":"2026-01-19T22:51:08+00:00","og_image":[{"width":900,"height":900,"url":"https:\/\/edicioneselnaranjo.com.mx\/tienda\/wp-content\/uploads\/2020\/06\/p-distante-1.jpg","type":"image\/jpeg"}],"twitter_card":"summary_large_image","twitter_misc":{"Tiempo de lectura":"1 minuto"},"schema":{"@context":"https:\/\/schema.org","@graph":[{"@type":"WebPage","@id":"https:\/\/edicioneselnaranjo.com.mx\/tienda\/producto\/la-distante\/","url":"https:\/\/edicioneselnaranjo.com.mx\/tienda\/producto\/la-distante\/","name":"La Distante - Tienda Ediciones El Naranjo","isPartOf":{"@id":"https:\/\/edicioneselnaranjo.com.mx\/tienda\/#website"},"primaryImageOfPage":{"@id":"https:\/\/edicioneselnaranjo.com.mx\/tienda\/producto\/la-distante\/#primaryimage"},"image":{"@id":"https:\/\/edicioneselnaranjo.com.mx\/tienda\/producto\/la-distante\/#primaryimage"},"thumbnailUrl":"https:\/\/edicioneselnaranjo.com.mx\/tienda\/wp-content\/uploads\/2020\/06\/p-distante-1.jpg","datePublished":"2020-06-02T21:19:13+00:00","dateModified":"2026-01-19T22:51:08+00:00","breadcrumb":{"@id":"https:\/\/edicioneselnaranjo.com.mx\/tienda\/producto\/la-distante\/#breadcrumb"},"inLanguage":"es","potentialAction":[{"@type":"ReadAction","target":["https:\/\/edicioneselnaranjo.com.mx\/tienda\/producto\/la-distante\/"]}]},{"@type":"ImageObject","inLanguage":"es","@id":"https:\/\/edicioneselnaranjo.com.mx\/tienda\/producto\/la-distante\/#primaryimage","url":"https:\/\/edicioneselnaranjo.com.mx\/tienda\/wp-content\/uploads\/2020\/06\/p-distante-1.jpg","contentUrl":"https:\/\/edicioneselnaranjo.com.mx\/tienda\/wp-content\/uploads\/2020\/06\/p-distante-1.jpg","width":900,"height":900},{"@type":"BreadcrumbList","@id":"https:\/\/edicioneselnaranjo.com.mx\/tienda\/producto\/la-distante\/#breadcrumb","itemListElement":[{"@type":"ListItem","position":1,"name":"Inicio","item":"https:\/\/edicioneselnaranjo.com.mx\/tienda\/"},{"@type":"ListItem","position":2,"name":"La Distante"}]},{"@type":"WebSite","@id":"https:\/\/edicioneselnaranjo.com.mx\/tienda\/#website","url":"https:\/\/edicioneselnaranjo.com.mx\/tienda\/","name":"Tienda Ediciones El Naranjo","description":"Tienda en l&iacute;nea de Ediciones El Naranjo","publisher":{"@id":"https:\/\/edicioneselnaranjo.com.mx\/tienda\/#organization"},"potentialAction":[{"@type":"SearchAction","target":{"@type":"EntryPoint","urlTemplate":"https:\/\/edicioneselnaranjo.com.mx\/tienda\/?s={search_term_string}"},"query-input":{"@type":"PropertyValueSpecification","valueRequired":true,"valueName":"search_term_string"}}],"inLanguage":"es"},{"@type":"Organization","@id":"https:\/\/edicioneselnaranjo.com.mx\/tienda\/#organization","name":"Tienda Ediciones El Naranjo","url":"https:\/\/edicioneselnaranjo.com.mx\/tienda\/","logo":{"@type":"ImageObject","inLanguage":"es","@id":"https:\/\/edicioneselnaranjo.com.mx\/tienda\/#\/schema\/logo\/image\/","url":"https:\/\/edicioneselnaranjo.com.mx\/tienda\/wp-content\/uploads\/2020\/09\/logo-imagen-tienda.png","contentUrl":"https:\/\/edicioneselnaranjo.com.mx\/tienda\/wp-content\/uploads\/2020\/09\/logo-imagen-tienda.png","width":700,"height":140,"caption":"Tienda Ediciones El Naranjo"},"image":{"@id":"https:\/\/edicioneselnaranjo.com.mx\/tienda\/#\/schema\/logo\/image\/"}}]}},"_links":{"self":[{"href":"https:\/\/edicioneselnaranjo.com.mx\/tienda\/wp-json\/wp\/v2\/product\/372","targetHints":{"allow":["GET"]}}],"collection":[{"href":"https:\/\/edicioneselnaranjo.com.mx\/tienda\/wp-json\/wp\/v2\/product"}],"about":[{"href":"https:\/\/edicioneselnaranjo.com.mx\/tienda\/wp-json\/wp\/v2\/types\/product"}],"wp:featuredmedia":[{"embeddable":true,"href":"https:\/\/edicioneselnaranjo.com.mx\/tienda\/wp-json\/wp\/v2\/media\/6453"}],"wp:attachment":[{"href":"https:\/\/edicioneselnaranjo.com.mx\/tienda\/wp-json\/wp\/v2\/media?parent=372"}],"wp:term":[{"taxonomy":"product_brand","embeddable":true,"href":"https:\/\/edicioneselnaranjo.com.mx\/tienda\/wp-json\/wp\/v2\/product_brand?post=372"},{"taxonomy":"product_cat","embeddable":true,"href":"https:\/\/edicioneselnaranjo.com.mx\/tienda\/wp-json\/wp\/v2\/product_cat?post=372"},{"taxonomy":"product_tag","embeddable":true,"href":"https:\/\/edicioneselnaranjo.com.mx\/tienda\/wp-json\/wp\/v2\/product_tag?post=372"}],"curies":[{"name":"wp","href":"https:\/\/api.w.org\/{rel}","templated":true}]}}