{"id":356,"date":"2020-06-02T15:05:21","date_gmt":"2020-06-02T20:05:21","guid":{"rendered":"http:\/\/edicioneselnaranjo.com.mx\/tienda\/?post_type=product&#038;p=356"},"modified":"2026-02-24T13:52:29","modified_gmt":"2026-02-24T19:52:29","slug":"copo-de-algodon","status":"publish","type":"product","link":"https:\/\/edicioneselnaranjo.com.mx\/tienda\/producto\/copo-de-algodon\/","title":{"rendered":"Copo de Algod\u00f3n"},"content":{"rendered":"<table>\n<tbody>\n<tr>\n<td>G\u00e9nero<\/td>\n<td>Novela<\/td>\n<\/tr>\n<tr>\n<td>Encuadernaci\u00f3n<\/td>\n<td>R\u00fastica<\/td>\n<\/tr>\n<tr>\n<td>A\u00f1o<\/td>\n<td>2013<\/td>\n<\/tr>\n<tr>\n<td>Edici\u00f3n<\/td>\n<td>Segunda<\/td>\n<\/tr>\n<tr>\n<td>P\u00e1ginas<\/td>\n<td>136 pp.<\/td>\n<\/tr>\n<tr>\n<td>Formato<\/td>\n<td>14 x 20 cm<\/td>\n<\/tr>\n<tr>\n<td>Impresi\u00f3n<\/td>\n<td>1 tinta<\/td>\n<\/tr>\n<tr>\n<td>Peso<\/td>\n<td>270 gramos<\/td>\n<\/tr>\n<tr>\n<td>ISBN<\/td>\n<td>978-607-7661-58-0<\/td>\n<\/tr>\n<tr>\n<td>Sello editorial<\/td>\n<td>Ediciones El Naranjo<\/td>\n<\/tr>\n<\/tbody>\n<\/table>\n<p>&nbsp;<\/p>\n","protected":false},"excerpt":{"rendered":"<p>Texto de Mar\u00eda Garc\u00eda Esper\u00f3n<br \/>\nIlustraciones de Marcos Almada Rivero<\/p>\n<hr \/>\n<p>La vida de\u00a0<em>Copo de algod\u00f3n\u00a0<\/em>era tranquila: hija del emperador Moctezuma y prometida de Cuitl\u00e1huac, el se\u00f1or de Iztapalapa; su destino parec\u00eda estar escrito entre ceremonias, ense\u00f1anzas y alianzas. Desde su mirada conocemos la grandeza de Tenochtitlan antes de la llegada de los invasores. Pero cuando todo cambia, tambi\u00e9n cambia su mundo. Esta historia nos permite vivir, desde su inocencia, la transformaci\u00f3n y la ca\u00edda de una civilizaci\u00f3n, sintiendo de cerca el dolor y la incertidumbre de quien ve desmoronarse aquello que ama.<\/p>\n","protected":false},"featured_media":247,"template":"","meta":[],"product_brand":[],"product_cat":[15],"product_tag":[64,103,102],"class_list":{"0":"post-356","1":"product","2":"type-product","3":"status-publish","4":"has-post-thumbnail","6":"product_cat-catalogo","7":"product_tag-cultura","8":"product_tag-identidad","9":"product_tag-novela-historica","10":"pa_buen-fin-10-al-20","12":"first","13":"instock","14":"shipping-taxable","15":"purchasable","16":"product-type-simple"},"yoast_head":"<!-- This site is optimized with the Yoast SEO plugin v27.3 - https:\/\/yoast.com\/product\/yoast-seo-wordpress\/ -->\n<title>Copo de Algod\u00f3n - Tienda Ediciones El Naranjo<\/title>\n<meta name=\"robots\" content=\"index, follow, max-snippet:-1, max-image-preview:large, max-video-preview:-1\" \/>\n<link rel=\"canonical\" href=\"https:\/\/edicioneselnaranjo.com.mx\/tienda\/producto\/copo-de-algodon\/\" \/>\n<meta property=\"og:locale\" content=\"es_MX\" \/>\n<meta property=\"og:type\" content=\"article\" \/>\n<meta property=\"og:title\" content=\"Copo de Algod\u00f3n - Tienda Ediciones El Naranjo\" \/>\n<meta property=\"og:description\" content=\"Texto de Mar\u00eda Garc\u00eda Esper\u00f3n Ilustraciones de Marcos Almada Rivero    La vida de\u00a0Copo de algod\u00f3n\u00a0era tranquila: hija del emperador Moctezuma y prometida de Cuitl\u00e1huac, el se\u00f1or de Iztapalapa; su destino parec\u00eda estar escrito entre ceremonias, ense\u00f1anzas y alianzas. Desde su mirada conocemos la grandeza de Tenochtitlan antes de la llegada de los invasores. Pero cuando todo cambia, tambi\u00e9n cambia su mundo. Esta historia nos permite vivir, desde su inocencia, la transformaci\u00f3n y la ca\u00edda de una civilizaci\u00f3n, sintiendo de cerca el dolor y la incertidumbre de quien ve desmoronarse aquello que ama.\" \/>\n<meta property=\"og:url\" content=\"https:\/\/edicioneselnaranjo.com.mx\/tienda\/producto\/copo-de-algodon\/\" \/>\n<meta property=\"og:site_name\" content=\"Tienda Ediciones El Naranjo\" \/>\n<meta property=\"article:modified_time\" content=\"2026-02-24T19:52:29+00:00\" \/>\n<meta property=\"og:image\" content=\"https:\/\/edicioneselnaranjo.com.mx\/tienda\/wp-content\/uploads\/2020\/06\/p-copo.jpg\" \/>\n\t<meta property=\"og:image:width\" content=\"900\" \/>\n\t<meta property=\"og:image:height\" content=\"900\" \/>\n\t<meta property=\"og:image:type\" content=\"image\/jpeg\" \/>\n<meta name=\"twitter:card\" content=\"summary_large_image\" \/>\n<meta name=\"twitter:label1\" content=\"Tiempo de lectura\" \/>\n\t<meta name=\"twitter:data1\" content=\"1 minuto\" \/>\n<script type=\"application\/ld+json\" class=\"yoast-schema-graph\">{\"@context\":\"https:\\\/\\\/schema.org\",\"@graph\":[{\"@type\":\"WebPage\",\"@id\":\"https:\\\/\\\/edicioneselnaranjo.com.mx\\\/tienda\\\/producto\\\/copo-de-algodon\\\/\",\"url\":\"https:\\\/\\\/edicioneselnaranjo.com.mx\\\/tienda\\\/producto\\\/copo-de-algodon\\\/\",\"name\":\"Copo de Algod\u00f3n - Tienda Ediciones El Naranjo\",\"isPartOf\":{\"@id\":\"https:\\\/\\\/edicioneselnaranjo.com.mx\\\/tienda\\\/#website\"},\"primaryImageOfPage\":{\"@id\":\"https:\\\/\\\/edicioneselnaranjo.com.mx\\\/tienda\\\/producto\\\/copo-de-algodon\\\/#primaryimage\"},\"image\":{\"@id\":\"https:\\\/\\\/edicioneselnaranjo.com.mx\\\/tienda\\\/producto\\\/copo-de-algodon\\\/#primaryimage\"},\"thumbnailUrl\":\"https:\\\/\\\/edicioneselnaranjo.com.mx\\\/tienda\\\/wp-content\\\/uploads\\\/2020\\\/06\\\/p-copo.jpg\",\"datePublished\":\"2020-06-02T20:05:21+00:00\",\"dateModified\":\"2026-02-24T19:52:29+00:00\",\"breadcrumb\":{\"@id\":\"https:\\\/\\\/edicioneselnaranjo.com.mx\\\/tienda\\\/producto\\\/copo-de-algodon\\\/#breadcrumb\"},\"inLanguage\":\"es\",\"potentialAction\":[{\"@type\":\"ReadAction\",\"target\":[\"https:\\\/\\\/edicioneselnaranjo.com.mx\\\/tienda\\\/producto\\\/copo-de-algodon\\\/\"]}]},{\"@type\":\"ImageObject\",\"inLanguage\":\"es\",\"@id\":\"https:\\\/\\\/edicioneselnaranjo.com.mx\\\/tienda\\\/producto\\\/copo-de-algodon\\\/#primaryimage\",\"url\":\"https:\\\/\\\/edicioneselnaranjo.com.mx\\\/tienda\\\/wp-content\\\/uploads\\\/2020\\\/06\\\/p-copo.jpg\",\"contentUrl\":\"https:\\\/\\\/edicioneselnaranjo.com.mx\\\/tienda\\\/wp-content\\\/uploads\\\/2020\\\/06\\\/p-copo.jpg\",\"width\":900,\"height\":900},{\"@type\":\"BreadcrumbList\",\"@id\":\"https:\\\/\\\/edicioneselnaranjo.com.mx\\\/tienda\\\/producto\\\/copo-de-algodon\\\/#breadcrumb\",\"itemListElement\":[{\"@type\":\"ListItem\",\"position\":1,\"name\":\"Inicio\",\"item\":\"https:\\\/\\\/edicioneselnaranjo.com.mx\\\/tienda\\\/\"},{\"@type\":\"ListItem\",\"position\":2,\"name\":\"Copo de Algod\u00f3n\"}]},{\"@type\":\"WebSite\",\"@id\":\"https:\\\/\\\/edicioneselnaranjo.com.mx\\\/tienda\\\/#website\",\"url\":\"https:\\\/\\\/edicioneselnaranjo.com.mx\\\/tienda\\\/\",\"name\":\"Tienda Ediciones El Naranjo\",\"description\":\"Tienda en l&iacute;nea de Ediciones El Naranjo\",\"publisher\":{\"@id\":\"https:\\\/\\\/edicioneselnaranjo.com.mx\\\/tienda\\\/#organization\"},\"potentialAction\":[{\"@type\":\"SearchAction\",\"target\":{\"@type\":\"EntryPoint\",\"urlTemplate\":\"https:\\\/\\\/edicioneselnaranjo.com.mx\\\/tienda\\\/?s={search_term_string}\"},\"query-input\":{\"@type\":\"PropertyValueSpecification\",\"valueRequired\":true,\"valueName\":\"search_term_string\"}}],\"inLanguage\":\"es\"},{\"@type\":\"Organization\",\"@id\":\"https:\\\/\\\/edicioneselnaranjo.com.mx\\\/tienda\\\/#organization\",\"name\":\"Tienda Ediciones El Naranjo\",\"url\":\"https:\\\/\\\/edicioneselnaranjo.com.mx\\\/tienda\\\/\",\"logo\":{\"@type\":\"ImageObject\",\"inLanguage\":\"es\",\"@id\":\"https:\\\/\\\/edicioneselnaranjo.com.mx\\\/tienda\\\/#\\\/schema\\\/logo\\\/image\\\/\",\"url\":\"https:\\\/\\\/edicioneselnaranjo.com.mx\\\/tienda\\\/wp-content\\\/uploads\\\/2020\\\/09\\\/logo-imagen-tienda.png\",\"contentUrl\":\"https:\\\/\\\/edicioneselnaranjo.com.mx\\\/tienda\\\/wp-content\\\/uploads\\\/2020\\\/09\\\/logo-imagen-tienda.png\",\"width\":700,\"height\":140,\"caption\":\"Tienda Ediciones El Naranjo\"},\"image\":{\"@id\":\"https:\\\/\\\/edicioneselnaranjo.com.mx\\\/tienda\\\/#\\\/schema\\\/logo\\\/image\\\/\"}}]}<\/script>\n<!-- \/ Yoast SEO plugin. -->","yoast_head_json":{"title":"Copo de Algod\u00f3n - Tienda Ediciones El Naranjo","robots":{"index":"index","follow":"follow","max-snippet":"max-snippet:-1","max-image-preview":"max-image-preview:large","max-video-preview":"max-video-preview:-1"},"canonical":"https:\/\/edicioneselnaranjo.com.mx\/tienda\/producto\/copo-de-algodon\/","og_locale":"es_MX","og_type":"article","og_title":"Copo de Algod\u00f3n - Tienda Ediciones El Naranjo","og_description":"Texto de Mar\u00eda Garc\u00eda Esper\u00f3n Ilustraciones de Marcos Almada Rivero    La vida de\u00a0Copo de algod\u00f3n\u00a0era tranquila: hija del emperador Moctezuma y prometida de Cuitl\u00e1huac, el se\u00f1or de Iztapalapa; su destino parec\u00eda estar escrito entre ceremonias, ense\u00f1anzas y alianzas. Desde su mirada conocemos la grandeza de Tenochtitlan antes de la llegada de los invasores. Pero cuando todo cambia, tambi\u00e9n cambia su mundo. Esta historia nos permite vivir, desde su inocencia, la transformaci\u00f3n y la ca\u00edda de una civilizaci\u00f3n, sintiendo de cerca el dolor y la incertidumbre de quien ve desmoronarse aquello que ama.","og_url":"https:\/\/edicioneselnaranjo.com.mx\/tienda\/producto\/copo-de-algodon\/","og_site_name":"Tienda Ediciones El Naranjo","article_modified_time":"2026-02-24T19:52:29+00:00","og_image":[{"width":900,"height":900,"url":"https:\/\/edicioneselnaranjo.com.mx\/tienda\/wp-content\/uploads\/2020\/06\/p-copo.jpg","type":"image\/jpeg"}],"twitter_card":"summary_large_image","twitter_misc":{"Tiempo de lectura":"1 minuto"},"schema":{"@context":"https:\/\/schema.org","@graph":[{"@type":"WebPage","@id":"https:\/\/edicioneselnaranjo.com.mx\/tienda\/producto\/copo-de-algodon\/","url":"https:\/\/edicioneselnaranjo.com.mx\/tienda\/producto\/copo-de-algodon\/","name":"Copo de Algod\u00f3n - Tienda Ediciones El Naranjo","isPartOf":{"@id":"https:\/\/edicioneselnaranjo.com.mx\/tienda\/#website"},"primaryImageOfPage":{"@id":"https:\/\/edicioneselnaranjo.com.mx\/tienda\/producto\/copo-de-algodon\/#primaryimage"},"image":{"@id":"https:\/\/edicioneselnaranjo.com.mx\/tienda\/producto\/copo-de-algodon\/#primaryimage"},"thumbnailUrl":"https:\/\/edicioneselnaranjo.com.mx\/tienda\/wp-content\/uploads\/2020\/06\/p-copo.jpg","datePublished":"2020-06-02T20:05:21+00:00","dateModified":"2026-02-24T19:52:29+00:00","breadcrumb":{"@id":"https:\/\/edicioneselnaranjo.com.mx\/tienda\/producto\/copo-de-algodon\/#breadcrumb"},"inLanguage":"es","potentialAction":[{"@type":"ReadAction","target":["https:\/\/edicioneselnaranjo.com.mx\/tienda\/producto\/copo-de-algodon\/"]}]},{"@type":"ImageObject","inLanguage":"es","@id":"https:\/\/edicioneselnaranjo.com.mx\/tienda\/producto\/copo-de-algodon\/#primaryimage","url":"https:\/\/edicioneselnaranjo.com.mx\/tienda\/wp-content\/uploads\/2020\/06\/p-copo.jpg","contentUrl":"https:\/\/edicioneselnaranjo.com.mx\/tienda\/wp-content\/uploads\/2020\/06\/p-copo.jpg","width":900,"height":900},{"@type":"BreadcrumbList","@id":"https:\/\/edicioneselnaranjo.com.mx\/tienda\/producto\/copo-de-algodon\/#breadcrumb","itemListElement":[{"@type":"ListItem","position":1,"name":"Inicio","item":"https:\/\/edicioneselnaranjo.com.mx\/tienda\/"},{"@type":"ListItem","position":2,"name":"Copo de Algod\u00f3n"}]},{"@type":"WebSite","@id":"https:\/\/edicioneselnaranjo.com.mx\/tienda\/#website","url":"https:\/\/edicioneselnaranjo.com.mx\/tienda\/","name":"Tienda Ediciones El Naranjo","description":"Tienda en l&iacute;nea de Ediciones El Naranjo","publisher":{"@id":"https:\/\/edicioneselnaranjo.com.mx\/tienda\/#organization"},"potentialAction":[{"@type":"SearchAction","target":{"@type":"EntryPoint","urlTemplate":"https:\/\/edicioneselnaranjo.com.mx\/tienda\/?s={search_term_string}"},"query-input":{"@type":"PropertyValueSpecification","valueRequired":true,"valueName":"search_term_string"}}],"inLanguage":"es"},{"@type":"Organization","@id":"https:\/\/edicioneselnaranjo.com.mx\/tienda\/#organization","name":"Tienda Ediciones El Naranjo","url":"https:\/\/edicioneselnaranjo.com.mx\/tienda\/","logo":{"@type":"ImageObject","inLanguage":"es","@id":"https:\/\/edicioneselnaranjo.com.mx\/tienda\/#\/schema\/logo\/image\/","url":"https:\/\/edicioneselnaranjo.com.mx\/tienda\/wp-content\/uploads\/2020\/09\/logo-imagen-tienda.png","contentUrl":"https:\/\/edicioneselnaranjo.com.mx\/tienda\/wp-content\/uploads\/2020\/09\/logo-imagen-tienda.png","width":700,"height":140,"caption":"Tienda Ediciones El Naranjo"},"image":{"@id":"https:\/\/edicioneselnaranjo.com.mx\/tienda\/#\/schema\/logo\/image\/"}}]}},"_links":{"self":[{"href":"https:\/\/edicioneselnaranjo.com.mx\/tienda\/wp-json\/wp\/v2\/product\/356","targetHints":{"allow":["GET"]}}],"collection":[{"href":"https:\/\/edicioneselnaranjo.com.mx\/tienda\/wp-json\/wp\/v2\/product"}],"about":[{"href":"https:\/\/edicioneselnaranjo.com.mx\/tienda\/wp-json\/wp\/v2\/types\/product"}],"wp:featuredmedia":[{"embeddable":true,"href":"https:\/\/edicioneselnaranjo.com.mx\/tienda\/wp-json\/wp\/v2\/media\/247"}],"wp:attachment":[{"href":"https:\/\/edicioneselnaranjo.com.mx\/tienda\/wp-json\/wp\/v2\/media?parent=356"}],"wp:term":[{"taxonomy":"product_brand","embeddable":true,"href":"https:\/\/edicioneselnaranjo.com.mx\/tienda\/wp-json\/wp\/v2\/product_brand?post=356"},{"taxonomy":"product_cat","embeddable":true,"href":"https:\/\/edicioneselnaranjo.com.mx\/tienda\/wp-json\/wp\/v2\/product_cat?post=356"},{"taxonomy":"product_tag","embeddable":true,"href":"https:\/\/edicioneselnaranjo.com.mx\/tienda\/wp-json\/wp\/v2\/product_tag?post=356"}],"curies":[{"name":"wp","href":"https:\/\/api.w.org\/{rel}","templated":true}]}}