{"id":1743,"date":"2020-11-25T15:30:02","date_gmt":"2020-11-25T21:30:02","guid":{"rendered":"http:\/\/edicioneselnaranjo.com.mx\/tienda\/?post_type=product&#038;p=1743"},"modified":"2026-01-19T16:53:42","modified_gmt":"2026-01-19T22:53:42","slug":"cine-para-imaginar","status":"publish","type":"product","link":"https:\/\/edicioneselnaranjo.com.mx\/tienda\/producto\/cine-para-imaginar\/","title":{"rendered":"Cine para imaginar. La aventura que nace en Yucat\u00e1n"},"content":{"rendered":"<table>\n<tbody>\n<tr>\n<td>G\u00e9nero<\/td>\n<td>Informativo<\/td>\n<\/tr>\n<tr>\n<td>Encuadernaci\u00f3n<\/td>\n<td>Tapa dura<\/td>\n<\/tr>\n<tr>\n<td>ISBN<\/td>\n<td>978-607-9306-18-2<\/td>\n<\/tr>\n<tr>\n<td>Sello Editorial<\/td>\n<td>Libros para imaginar<\/td>\n<\/tr>\n<tr>\n<td>Peso<\/td>\n<td>350 gramos<\/td>\n<\/tr>\n<tr>\n<td>A\u00f1o<\/td>\n<td>2015<\/td>\n<\/tr>\n<tr>\n<td>P\u00e1ginas<\/td>\n<td>32 pp<\/td>\n<\/tr>\n<tr>\n<td>Formato<\/td>\n<td>28 x 21 cm<\/td>\n<\/tr>\n<tr>\n<td><\/td>\n<td><\/td>\n<\/tr>\n<tr>\n<td><\/td>\n<td><\/td>\n<\/tr>\n<\/tbody>\n<\/table>\n","protected":false},"excerpt":{"rendered":"<div>\n<p><strong>Autor:<\/strong>\u00a0Zoraida V\u00e1squez Beveraggi.<\/p>\n<\/div>\n<div class=\"serif rplcr-container\">\n<hr \/>\n<p>El cinemat\u00f3grafo es uno de los m\u00e1s grandes inventos de todos los tiempos. Chicos y grandes seguimos asombr\u00e1ndonos frente a la pantalla. Por eso, no nos cansamos de preguntar \u00bfqui\u00e9n invent\u00f3 el cine?, \u00bfd\u00f3nde?, \u00bfcu\u00e1ndo?, \u00bfcu\u00e1l fue la primera pel\u00edcula? Si bien se han escrito infinidad de libros dando respuestas, nosotros quisimos saber qu\u00e9 pas\u00f3 en M\u00e9xico; para ello, nos zambullimos en documentos antiguos y anduvimos preguntando a los que m\u00e1s saben. Y al final del viaje encontramos una respuesta que pocos conocen: \u00a1nuestro primer largometraje de ficci\u00f3n se hizo en M\u00e9rida, Yucat\u00e1n, en 1916!<\/p>\n<\/div>\n","protected":false},"featured_media":1758,"template":"","meta":[],"product_brand":[],"product_cat":[15],"product_tag":[255,258,260,256,259],"class_list":{"0":"post-1743","1":"product","2":"type-product","3":"status-publish","4":"has-post-thumbnail","6":"product_cat-catalogo","7":"product_tag-cine","8":"product_tag-divulgacion-historica","9":"product_tag-mexico","10":"product_tag-peliculas","11":"product_tag-yucatan","12":"pa_edad-9-a-11-anos","13":"pa_editorial-libros-para-imaginar","15":"first","16":"instock","17":"shipping-taxable","18":"purchasable","19":"product-type-simple"},"yoast_head":"<!-- This site is optimized with the Yoast SEO plugin v27.3 - https:\/\/yoast.com\/product\/yoast-seo-wordpress\/ -->\n<title>Cine para imaginar. La aventura que nace en Yucat\u00e1n - Tienda Ediciones El Naranjo<\/title>\n<meta name=\"robots\" content=\"index, follow, max-snippet:-1, max-image-preview:large, max-video-preview:-1\" \/>\n<link rel=\"canonical\" href=\"https:\/\/edicioneselnaranjo.com.mx\/tienda\/producto\/cine-para-imaginar\/\" \/>\n<meta property=\"og:locale\" content=\"es_MX\" \/>\n<meta property=\"og:type\" content=\"article\" \/>\n<meta property=\"og:title\" content=\"Cine para imaginar. La aventura que nace en Yucat\u00e1n - Tienda Ediciones El Naranjo\" \/>\n<meta property=\"og:description\" content=\"Autor:\u00a0Zoraida V\u00e1squez Beveraggi.       El cinemat\u00f3grafo es uno de los m\u00e1s grandes inventos de todos los tiempos. Chicos y grandes seguimos asombr\u00e1ndonos frente a la pantalla. Por eso, no nos cansamos de preguntar \u00bfqui\u00e9n invent\u00f3 el cine?, \u00bfd\u00f3nde?, \u00bfcu\u00e1ndo?, \u00bfcu\u00e1l fue la primera pel\u00edcula? Si bien se han escrito infinidad de libros dando respuestas, nosotros quisimos saber qu\u00e9 pas\u00f3 en M\u00e9xico; para ello, nos zambullimos en documentos antiguos y anduvimos preguntando a los que m\u00e1s saben. Y al final del viaje encontramos una respuesta que pocos conocen: \u00a1nuestro primer largometraje de ficci\u00f3n se hizo en M\u00e9rida, Yucat\u00e1n, en 1916!\" \/>\n<meta property=\"og:url\" content=\"https:\/\/edicioneselnaranjo.com.mx\/tienda\/producto\/cine-para-imaginar\/\" \/>\n<meta property=\"og:site_name\" content=\"Tienda Ediciones El Naranjo\" \/>\n<meta property=\"article:modified_time\" content=\"2026-01-19T22:53:42+00:00\" \/>\n<meta property=\"og:image\" content=\"https:\/\/edicioneselnaranjo.com.mx\/tienda\/wp-content\/uploads\/2020\/11\/Cine_para_imaginar.png\" \/>\n\t<meta property=\"og:image:width\" content=\"700\" \/>\n\t<meta property=\"og:image:height\" content=\"700\" \/>\n\t<meta property=\"og:image:type\" content=\"image\/png\" \/>\n<meta name=\"twitter:card\" content=\"summary_large_image\" \/>\n<script type=\"application\/ld+json\" class=\"yoast-schema-graph\">{\"@context\":\"https:\\\/\\\/schema.org\",\"@graph\":[{\"@type\":\"WebPage\",\"@id\":\"https:\\\/\\\/edicioneselnaranjo.com.mx\\\/tienda\\\/producto\\\/cine-para-imaginar\\\/\",\"url\":\"https:\\\/\\\/edicioneselnaranjo.com.mx\\\/tienda\\\/producto\\\/cine-para-imaginar\\\/\",\"name\":\"Cine para imaginar. La aventura que nace en Yucat\u00e1n - Tienda Ediciones El Naranjo\",\"isPartOf\":{\"@id\":\"https:\\\/\\\/edicioneselnaranjo.com.mx\\\/tienda\\\/#website\"},\"primaryImageOfPage\":{\"@id\":\"https:\\\/\\\/edicioneselnaranjo.com.mx\\\/tienda\\\/producto\\\/cine-para-imaginar\\\/#primaryimage\"},\"image\":{\"@id\":\"https:\\\/\\\/edicioneselnaranjo.com.mx\\\/tienda\\\/producto\\\/cine-para-imaginar\\\/#primaryimage\"},\"thumbnailUrl\":\"https:\\\/\\\/edicioneselnaranjo.com.mx\\\/tienda\\\/wp-content\\\/uploads\\\/2020\\\/11\\\/Cine_para_imaginar.png\",\"datePublished\":\"2020-11-25T21:30:02+00:00\",\"dateModified\":\"2026-01-19T22:53:42+00:00\",\"breadcrumb\":{\"@id\":\"https:\\\/\\\/edicioneselnaranjo.com.mx\\\/tienda\\\/producto\\\/cine-para-imaginar\\\/#breadcrumb\"},\"inLanguage\":\"es\",\"potentialAction\":[{\"@type\":\"ReadAction\",\"target\":[\"https:\\\/\\\/edicioneselnaranjo.com.mx\\\/tienda\\\/producto\\\/cine-para-imaginar\\\/\"]}]},{\"@type\":\"ImageObject\",\"inLanguage\":\"es\",\"@id\":\"https:\\\/\\\/edicioneselnaranjo.com.mx\\\/tienda\\\/producto\\\/cine-para-imaginar\\\/#primaryimage\",\"url\":\"https:\\\/\\\/edicioneselnaranjo.com.mx\\\/tienda\\\/wp-content\\\/uploads\\\/2020\\\/11\\\/Cine_para_imaginar.png\",\"contentUrl\":\"https:\\\/\\\/edicioneselnaranjo.com.mx\\\/tienda\\\/wp-content\\\/uploads\\\/2020\\\/11\\\/Cine_para_imaginar.png\",\"width\":700,\"height\":700},{\"@type\":\"BreadcrumbList\",\"@id\":\"https:\\\/\\\/edicioneselnaranjo.com.mx\\\/tienda\\\/producto\\\/cine-para-imaginar\\\/#breadcrumb\",\"itemListElement\":[{\"@type\":\"ListItem\",\"position\":1,\"name\":\"Inicio\",\"item\":\"https:\\\/\\\/edicioneselnaranjo.com.mx\\\/tienda\\\/\"},{\"@type\":\"ListItem\",\"position\":2,\"name\":\"Cine para imaginar. La aventura que nace en Yucat\u00e1n\"}]},{\"@type\":\"WebSite\",\"@id\":\"https:\\\/\\\/edicioneselnaranjo.com.mx\\\/tienda\\\/#website\",\"url\":\"https:\\\/\\\/edicioneselnaranjo.com.mx\\\/tienda\\\/\",\"name\":\"Tienda Ediciones El Naranjo\",\"description\":\"Tienda en l&iacute;nea de Ediciones El Naranjo\",\"publisher\":{\"@id\":\"https:\\\/\\\/edicioneselnaranjo.com.mx\\\/tienda\\\/#organization\"},\"potentialAction\":[{\"@type\":\"SearchAction\",\"target\":{\"@type\":\"EntryPoint\",\"urlTemplate\":\"https:\\\/\\\/edicioneselnaranjo.com.mx\\\/tienda\\\/?s={search_term_string}\"},\"query-input\":{\"@type\":\"PropertyValueSpecification\",\"valueRequired\":true,\"valueName\":\"search_term_string\"}}],\"inLanguage\":\"es\"},{\"@type\":\"Organization\",\"@id\":\"https:\\\/\\\/edicioneselnaranjo.com.mx\\\/tienda\\\/#organization\",\"name\":\"Tienda Ediciones El Naranjo\",\"url\":\"https:\\\/\\\/edicioneselnaranjo.com.mx\\\/tienda\\\/\",\"logo\":{\"@type\":\"ImageObject\",\"inLanguage\":\"es\",\"@id\":\"https:\\\/\\\/edicioneselnaranjo.com.mx\\\/tienda\\\/#\\\/schema\\\/logo\\\/image\\\/\",\"url\":\"https:\\\/\\\/edicioneselnaranjo.com.mx\\\/tienda\\\/wp-content\\\/uploads\\\/2020\\\/09\\\/logo-imagen-tienda.png\",\"contentUrl\":\"https:\\\/\\\/edicioneselnaranjo.com.mx\\\/tienda\\\/wp-content\\\/uploads\\\/2020\\\/09\\\/logo-imagen-tienda.png\",\"width\":700,\"height\":140,\"caption\":\"Tienda Ediciones El Naranjo\"},\"image\":{\"@id\":\"https:\\\/\\\/edicioneselnaranjo.com.mx\\\/tienda\\\/#\\\/schema\\\/logo\\\/image\\\/\"}}]}<\/script>\n<!-- \/ Yoast SEO plugin. -->","yoast_head_json":{"title":"Cine para imaginar. La aventura que nace en Yucat\u00e1n - Tienda Ediciones El Naranjo","robots":{"index":"index","follow":"follow","max-snippet":"max-snippet:-1","max-image-preview":"max-image-preview:large","max-video-preview":"max-video-preview:-1"},"canonical":"https:\/\/edicioneselnaranjo.com.mx\/tienda\/producto\/cine-para-imaginar\/","og_locale":"es_MX","og_type":"article","og_title":"Cine para imaginar. La aventura que nace en Yucat\u00e1n - Tienda Ediciones El Naranjo","og_description":"Autor:\u00a0Zoraida V\u00e1squez Beveraggi.       El cinemat\u00f3grafo es uno de los m\u00e1s grandes inventos de todos los tiempos. Chicos y grandes seguimos asombr\u00e1ndonos frente a la pantalla. Por eso, no nos cansamos de preguntar \u00bfqui\u00e9n invent\u00f3 el cine?, \u00bfd\u00f3nde?, \u00bfcu\u00e1ndo?, \u00bfcu\u00e1l fue la primera pel\u00edcula? Si bien se han escrito infinidad de libros dando respuestas, nosotros quisimos saber qu\u00e9 pas\u00f3 en M\u00e9xico; para ello, nos zambullimos en documentos antiguos y anduvimos preguntando a los que m\u00e1s saben. Y al final del viaje encontramos una respuesta que pocos conocen: \u00a1nuestro primer largometraje de ficci\u00f3n se hizo en M\u00e9rida, Yucat\u00e1n, en 1916!","og_url":"https:\/\/edicioneselnaranjo.com.mx\/tienda\/producto\/cine-para-imaginar\/","og_site_name":"Tienda Ediciones El Naranjo","article_modified_time":"2026-01-19T22:53:42+00:00","og_image":[{"width":700,"height":700,"url":"https:\/\/edicioneselnaranjo.com.mx\/tienda\/wp-content\/uploads\/2020\/11\/Cine_para_imaginar.png","type":"image\/png"}],"twitter_card":"summary_large_image","schema":{"@context":"https:\/\/schema.org","@graph":[{"@type":"WebPage","@id":"https:\/\/edicioneselnaranjo.com.mx\/tienda\/producto\/cine-para-imaginar\/","url":"https:\/\/edicioneselnaranjo.com.mx\/tienda\/producto\/cine-para-imaginar\/","name":"Cine para imaginar. La aventura que nace en Yucat\u00e1n - Tienda Ediciones El Naranjo","isPartOf":{"@id":"https:\/\/edicioneselnaranjo.com.mx\/tienda\/#website"},"primaryImageOfPage":{"@id":"https:\/\/edicioneselnaranjo.com.mx\/tienda\/producto\/cine-para-imaginar\/#primaryimage"},"image":{"@id":"https:\/\/edicioneselnaranjo.com.mx\/tienda\/producto\/cine-para-imaginar\/#primaryimage"},"thumbnailUrl":"https:\/\/edicioneselnaranjo.com.mx\/tienda\/wp-content\/uploads\/2020\/11\/Cine_para_imaginar.png","datePublished":"2020-11-25T21:30:02+00:00","dateModified":"2026-01-19T22:53:42+00:00","breadcrumb":{"@id":"https:\/\/edicioneselnaranjo.com.mx\/tienda\/producto\/cine-para-imaginar\/#breadcrumb"},"inLanguage":"es","potentialAction":[{"@type":"ReadAction","target":["https:\/\/edicioneselnaranjo.com.mx\/tienda\/producto\/cine-para-imaginar\/"]}]},{"@type":"ImageObject","inLanguage":"es","@id":"https:\/\/edicioneselnaranjo.com.mx\/tienda\/producto\/cine-para-imaginar\/#primaryimage","url":"https:\/\/edicioneselnaranjo.com.mx\/tienda\/wp-content\/uploads\/2020\/11\/Cine_para_imaginar.png","contentUrl":"https:\/\/edicioneselnaranjo.com.mx\/tienda\/wp-content\/uploads\/2020\/11\/Cine_para_imaginar.png","width":700,"height":700},{"@type":"BreadcrumbList","@id":"https:\/\/edicioneselnaranjo.com.mx\/tienda\/producto\/cine-para-imaginar\/#breadcrumb","itemListElement":[{"@type":"ListItem","position":1,"name":"Inicio","item":"https:\/\/edicioneselnaranjo.com.mx\/tienda\/"},{"@type":"ListItem","position":2,"name":"Cine para imaginar. La aventura que nace en Yucat\u00e1n"}]},{"@type":"WebSite","@id":"https:\/\/edicioneselnaranjo.com.mx\/tienda\/#website","url":"https:\/\/edicioneselnaranjo.com.mx\/tienda\/","name":"Tienda Ediciones El Naranjo","description":"Tienda en l&iacute;nea de Ediciones El Naranjo","publisher":{"@id":"https:\/\/edicioneselnaranjo.com.mx\/tienda\/#organization"},"potentialAction":[{"@type":"SearchAction","target":{"@type":"EntryPoint","urlTemplate":"https:\/\/edicioneselnaranjo.com.mx\/tienda\/?s={search_term_string}"},"query-input":{"@type":"PropertyValueSpecification","valueRequired":true,"valueName":"search_term_string"}}],"inLanguage":"es"},{"@type":"Organization","@id":"https:\/\/edicioneselnaranjo.com.mx\/tienda\/#organization","name":"Tienda Ediciones El Naranjo","url":"https:\/\/edicioneselnaranjo.com.mx\/tienda\/","logo":{"@type":"ImageObject","inLanguage":"es","@id":"https:\/\/edicioneselnaranjo.com.mx\/tienda\/#\/schema\/logo\/image\/","url":"https:\/\/edicioneselnaranjo.com.mx\/tienda\/wp-content\/uploads\/2020\/09\/logo-imagen-tienda.png","contentUrl":"https:\/\/edicioneselnaranjo.com.mx\/tienda\/wp-content\/uploads\/2020\/09\/logo-imagen-tienda.png","width":700,"height":140,"caption":"Tienda Ediciones El Naranjo"},"image":{"@id":"https:\/\/edicioneselnaranjo.com.mx\/tienda\/#\/schema\/logo\/image\/"}}]}},"_links":{"self":[{"href":"https:\/\/edicioneselnaranjo.com.mx\/tienda\/wp-json\/wp\/v2\/product\/1743","targetHints":{"allow":["GET"]}}],"collection":[{"href":"https:\/\/edicioneselnaranjo.com.mx\/tienda\/wp-json\/wp\/v2\/product"}],"about":[{"href":"https:\/\/edicioneselnaranjo.com.mx\/tienda\/wp-json\/wp\/v2\/types\/product"}],"wp:featuredmedia":[{"embeddable":true,"href":"https:\/\/edicioneselnaranjo.com.mx\/tienda\/wp-json\/wp\/v2\/media\/1758"}],"wp:attachment":[{"href":"https:\/\/edicioneselnaranjo.com.mx\/tienda\/wp-json\/wp\/v2\/media?parent=1743"}],"wp:term":[{"taxonomy":"product_brand","embeddable":true,"href":"https:\/\/edicioneselnaranjo.com.mx\/tienda\/wp-json\/wp\/v2\/product_brand?post=1743"},{"taxonomy":"product_cat","embeddable":true,"href":"https:\/\/edicioneselnaranjo.com.mx\/tienda\/wp-json\/wp\/v2\/product_cat?post=1743"},{"taxonomy":"product_tag","embeddable":true,"href":"https:\/\/edicioneselnaranjo.com.mx\/tienda\/wp-json\/wp\/v2\/product_tag?post=1743"}],"curies":[{"name":"wp","href":"https:\/\/api.w.org\/{rel}","templated":true}]}}