{"id":1737,"date":"2020-11-25T13:49:39","date_gmt":"2020-11-25T19:49:39","guid":{"rendered":"http:\/\/edicioneselnaranjo.com.mx\/tienda\/?post_type=product&#038;p=1737"},"modified":"2026-01-19T16:53:42","modified_gmt":"2026-01-19T22:53:42","slug":"hermanoz-zapata","status":"publish","type":"product","link":"https:\/\/edicioneselnaranjo.com.mx\/tienda\/producto\/hermanoz-zapata\/","title":{"rendered":"Los hermanos Zapata. Una \u00f3pera del desierto mexicano"},"content":{"rendered":"<table>\n<tbody>\n<tr>\n<td>G\u00e9nero<\/td>\n<td>Poes\u00eda<\/td>\n<\/tr>\n<tr>\n<td>Encuadernaci\u00f3n<\/td>\n<td>R\u00fastica<\/td>\n<\/tr>\n<tr>\n<td>ISBN<\/td>\n<td>978-607-930-6342<\/td>\n<\/tr>\n<tr>\n<td>Sello Editorial<\/td>\n<td>Libros para imaginar<\/td>\n<\/tr>\n<tr>\n<td>Peso<\/td>\n<td>460 gramos<\/td>\n<\/tr>\n<tr>\n<td>P\u00e1ginas<\/td>\n<td>104 pp.<\/td>\n<\/tr>\n<tr>\n<td>Formato<\/td>\n<td>25.5 x 27.3 cm<\/td>\n<\/tr>\n<tr>\n<td><\/td>\n<td><\/td>\n<\/tr>\n<tr>\n<td><\/td>\n<td><\/td>\n<\/tr>\n<\/tbody>\n<\/table>\n","protected":false},"excerpt":{"rendered":"<div>Autor: Torgeir Rebolledo Pedersen<\/div>\n<div>Ilustrador: Lilian Brogger<\/div>\n<div class=\"serif rplcr-container\">\n<hr \/>\n<p>Es una novela gr\u00e1fica y libro \u00e1lbum sin paralelos, l\u00fadico, alegre y al mismo tiempo dram\u00e1tico, narra un viaje al desierto mexicano, en el que los protagonistas son dos hermanos gato que pierden a su madre, y tienen que enfrentarse solos a la vida, en un contexto lleno de violencia y de lucha por la existencia. Les espera un extenuante viaje repleto de tristeza, amor, amistad, corrupci\u00f3n y m\u00fasica. Es una historia ingeniosa, con muchas rimas y juegos de palabras. Tambi\u00e9n es un libro entra\u00f1able, un homenaje al h\u00e9roe nacional Emiliano Zapata, es una historia profundamente<br \/>\npsicol\u00f3gica sobre la p\u00e9rdida, la incertidumbre, el sacrificio y la fe. El autor alimenta esta historia bajo la mirada de la relaci\u00f3n fronteriza \u2013entre M\u00e9xico y Estados Unidos\u2013, que es realmente tr\u00e1gica y triste.<\/p>\n<\/div>\n","protected":false},"featured_media":1762,"template":"","meta":[],"product_brand":[],"product_cat":[15],"product_tag":[248,50,159,247],"class_list":{"0":"post-1737","1":"product","2":"type-product","3":"status-publish","4":"has-post-thumbnail","6":"product_cat-catalogo","7":"product_tag-esperanza","8":"product_tag-familia","9":"product_tag-migracion","10":"product_tag-narcotrafico","11":"pa_edad-9-a-11-anos","12":"pa_editorial-libros-para-imaginar","14":"first","15":"instock","16":"shipping-taxable","17":"purchasable","18":"product-type-simple"},"yoast_head":"<!-- This site is optimized with the Yoast SEO plugin v27.3 - https:\/\/yoast.com\/product\/yoast-seo-wordpress\/ -->\n<title>Los hermanos Zapata. Una \u00f3pera del desierto mexicano - Tienda Ediciones El Naranjo<\/title>\n<meta name=\"robots\" content=\"index, follow, max-snippet:-1, max-image-preview:large, max-video-preview:-1\" \/>\n<link rel=\"canonical\" href=\"https:\/\/edicioneselnaranjo.com.mx\/tienda\/producto\/hermanoz-zapata\/\" \/>\n<meta property=\"og:locale\" content=\"es_MX\" \/>\n<meta property=\"og:type\" content=\"article\" \/>\n<meta property=\"og:title\" content=\"Los hermanos Zapata. Una \u00f3pera del desierto mexicano - Tienda Ediciones El Naranjo\" \/>\n<meta property=\"og:description\" content=\"Autor: Torgeir Rebolledo Pedersen Ilustrador: Lilian Brogger     Es una novela gr\u00e1fica y libro \u00e1lbum sin paralelos, l\u00fadico, alegre y al mismo tiempo dram\u00e1tico, narra un viaje al desierto mexicano, en el que los protagonistas son dos hermanos gato que pierden a su madre, y tienen que enfrentarse solos a la vida, en un contexto lleno de violencia y de lucha por la existencia. Les espera un extenuante viaje repleto de tristeza, amor, amistad, corrupci\u00f3n y m\u00fasica. Es una historia ingeniosa, con muchas rimas y juegos de palabras. Tambi\u00e9n es un libro entra\u00f1able, un homenaje al h\u00e9roe nacional Emiliano Zapata, es una historia profundamente psicol\u00f3gica sobre la p\u00e9rdida, la incertidumbre, el sacrificio y la fe. El autor alimenta esta historia bajo la mirada de la relaci\u00f3n fronteriza \u2013entre M\u00e9xico y Estados Unidos\u2013, que es realmente tr\u00e1gica y triste.\" \/>\n<meta property=\"og:url\" content=\"https:\/\/edicioneselnaranjo.com.mx\/tienda\/producto\/hermanoz-zapata\/\" \/>\n<meta property=\"og:site_name\" content=\"Tienda Ediciones El Naranjo\" \/>\n<meta property=\"article:modified_time\" content=\"2026-01-19T22:53:42+00:00\" \/>\n<meta property=\"og:image\" content=\"https:\/\/edicioneselnaranjo.com.mx\/tienda\/wp-content\/uploads\/2020\/11\/Los_hermanos_Zapata.png\" \/>\n\t<meta property=\"og:image:width\" content=\"700\" \/>\n\t<meta property=\"og:image:height\" content=\"700\" \/>\n\t<meta property=\"og:image:type\" content=\"image\/png\" \/>\n<meta name=\"twitter:card\" content=\"summary_large_image\" \/>\n<script type=\"application\/ld+json\" class=\"yoast-schema-graph\">{\"@context\":\"https:\\\/\\\/schema.org\",\"@graph\":[{\"@type\":\"WebPage\",\"@id\":\"https:\\\/\\\/edicioneselnaranjo.com.mx\\\/tienda\\\/producto\\\/hermanoz-zapata\\\/\",\"url\":\"https:\\\/\\\/edicioneselnaranjo.com.mx\\\/tienda\\\/producto\\\/hermanoz-zapata\\\/\",\"name\":\"Los hermanos Zapata. Una \u00f3pera del desierto mexicano - Tienda Ediciones El Naranjo\",\"isPartOf\":{\"@id\":\"https:\\\/\\\/edicioneselnaranjo.com.mx\\\/tienda\\\/#website\"},\"primaryImageOfPage\":{\"@id\":\"https:\\\/\\\/edicioneselnaranjo.com.mx\\\/tienda\\\/producto\\\/hermanoz-zapata\\\/#primaryimage\"},\"image\":{\"@id\":\"https:\\\/\\\/edicioneselnaranjo.com.mx\\\/tienda\\\/producto\\\/hermanoz-zapata\\\/#primaryimage\"},\"thumbnailUrl\":\"https:\\\/\\\/edicioneselnaranjo.com.mx\\\/tienda\\\/wp-content\\\/uploads\\\/2020\\\/11\\\/Los_hermanos_Zapata.png\",\"datePublished\":\"2020-11-25T19:49:39+00:00\",\"dateModified\":\"2026-01-19T22:53:42+00:00\",\"breadcrumb\":{\"@id\":\"https:\\\/\\\/edicioneselnaranjo.com.mx\\\/tienda\\\/producto\\\/hermanoz-zapata\\\/#breadcrumb\"},\"inLanguage\":\"es\",\"potentialAction\":[{\"@type\":\"ReadAction\",\"target\":[\"https:\\\/\\\/edicioneselnaranjo.com.mx\\\/tienda\\\/producto\\\/hermanoz-zapata\\\/\"]}]},{\"@type\":\"ImageObject\",\"inLanguage\":\"es\",\"@id\":\"https:\\\/\\\/edicioneselnaranjo.com.mx\\\/tienda\\\/producto\\\/hermanoz-zapata\\\/#primaryimage\",\"url\":\"https:\\\/\\\/edicioneselnaranjo.com.mx\\\/tienda\\\/wp-content\\\/uploads\\\/2020\\\/11\\\/Los_hermanos_Zapata.png\",\"contentUrl\":\"https:\\\/\\\/edicioneselnaranjo.com.mx\\\/tienda\\\/wp-content\\\/uploads\\\/2020\\\/11\\\/Los_hermanos_Zapata.png\",\"width\":700,\"height\":700},{\"@type\":\"BreadcrumbList\",\"@id\":\"https:\\\/\\\/edicioneselnaranjo.com.mx\\\/tienda\\\/producto\\\/hermanoz-zapata\\\/#breadcrumb\",\"itemListElement\":[{\"@type\":\"ListItem\",\"position\":1,\"name\":\"Inicio\",\"item\":\"https:\\\/\\\/edicioneselnaranjo.com.mx\\\/tienda\\\/\"},{\"@type\":\"ListItem\",\"position\":2,\"name\":\"Los hermanos Zapata. Una \u00f3pera del desierto mexicano\"}]},{\"@type\":\"WebSite\",\"@id\":\"https:\\\/\\\/edicioneselnaranjo.com.mx\\\/tienda\\\/#website\",\"url\":\"https:\\\/\\\/edicioneselnaranjo.com.mx\\\/tienda\\\/\",\"name\":\"Tienda Ediciones El Naranjo\",\"description\":\"Tienda en l&iacute;nea de Ediciones El Naranjo\",\"publisher\":{\"@id\":\"https:\\\/\\\/edicioneselnaranjo.com.mx\\\/tienda\\\/#organization\"},\"potentialAction\":[{\"@type\":\"SearchAction\",\"target\":{\"@type\":\"EntryPoint\",\"urlTemplate\":\"https:\\\/\\\/edicioneselnaranjo.com.mx\\\/tienda\\\/?s={search_term_string}\"},\"query-input\":{\"@type\":\"PropertyValueSpecification\",\"valueRequired\":true,\"valueName\":\"search_term_string\"}}],\"inLanguage\":\"es\"},{\"@type\":\"Organization\",\"@id\":\"https:\\\/\\\/edicioneselnaranjo.com.mx\\\/tienda\\\/#organization\",\"name\":\"Tienda Ediciones El Naranjo\",\"url\":\"https:\\\/\\\/edicioneselnaranjo.com.mx\\\/tienda\\\/\",\"logo\":{\"@type\":\"ImageObject\",\"inLanguage\":\"es\",\"@id\":\"https:\\\/\\\/edicioneselnaranjo.com.mx\\\/tienda\\\/#\\\/schema\\\/logo\\\/image\\\/\",\"url\":\"https:\\\/\\\/edicioneselnaranjo.com.mx\\\/tienda\\\/wp-content\\\/uploads\\\/2020\\\/09\\\/logo-imagen-tienda.png\",\"contentUrl\":\"https:\\\/\\\/edicioneselnaranjo.com.mx\\\/tienda\\\/wp-content\\\/uploads\\\/2020\\\/09\\\/logo-imagen-tienda.png\",\"width\":700,\"height\":140,\"caption\":\"Tienda Ediciones El Naranjo\"},\"image\":{\"@id\":\"https:\\\/\\\/edicioneselnaranjo.com.mx\\\/tienda\\\/#\\\/schema\\\/logo\\\/image\\\/\"}}]}<\/script>\n<!-- \/ Yoast SEO plugin. -->","yoast_head_json":{"title":"Los hermanos Zapata. Una \u00f3pera del desierto mexicano - Tienda Ediciones El Naranjo","robots":{"index":"index","follow":"follow","max-snippet":"max-snippet:-1","max-image-preview":"max-image-preview:large","max-video-preview":"max-video-preview:-1"},"canonical":"https:\/\/edicioneselnaranjo.com.mx\/tienda\/producto\/hermanoz-zapata\/","og_locale":"es_MX","og_type":"article","og_title":"Los hermanos Zapata. Una \u00f3pera del desierto mexicano - Tienda Ediciones El Naranjo","og_description":"Autor: Torgeir Rebolledo Pedersen Ilustrador: Lilian Brogger     Es una novela gr\u00e1fica y libro \u00e1lbum sin paralelos, l\u00fadico, alegre y al mismo tiempo dram\u00e1tico, narra un viaje al desierto mexicano, en el que los protagonistas son dos hermanos gato que pierden a su madre, y tienen que enfrentarse solos a la vida, en un contexto lleno de violencia y de lucha por la existencia. Les espera un extenuante viaje repleto de tristeza, amor, amistad, corrupci\u00f3n y m\u00fasica. Es una historia ingeniosa, con muchas rimas y juegos de palabras. Tambi\u00e9n es un libro entra\u00f1able, un homenaje al h\u00e9roe nacional Emiliano Zapata, es una historia profundamente psicol\u00f3gica sobre la p\u00e9rdida, la incertidumbre, el sacrificio y la fe. El autor alimenta esta historia bajo la mirada de la relaci\u00f3n fronteriza \u2013entre M\u00e9xico y Estados Unidos\u2013, que es realmente tr\u00e1gica y triste.","og_url":"https:\/\/edicioneselnaranjo.com.mx\/tienda\/producto\/hermanoz-zapata\/","og_site_name":"Tienda Ediciones El Naranjo","article_modified_time":"2026-01-19T22:53:42+00:00","og_image":[{"width":700,"height":700,"url":"https:\/\/edicioneselnaranjo.com.mx\/tienda\/wp-content\/uploads\/2020\/11\/Los_hermanos_Zapata.png","type":"image\/png"}],"twitter_card":"summary_large_image","schema":{"@context":"https:\/\/schema.org","@graph":[{"@type":"WebPage","@id":"https:\/\/edicioneselnaranjo.com.mx\/tienda\/producto\/hermanoz-zapata\/","url":"https:\/\/edicioneselnaranjo.com.mx\/tienda\/producto\/hermanoz-zapata\/","name":"Los hermanos Zapata. Una \u00f3pera del desierto mexicano - Tienda Ediciones El Naranjo","isPartOf":{"@id":"https:\/\/edicioneselnaranjo.com.mx\/tienda\/#website"},"primaryImageOfPage":{"@id":"https:\/\/edicioneselnaranjo.com.mx\/tienda\/producto\/hermanoz-zapata\/#primaryimage"},"image":{"@id":"https:\/\/edicioneselnaranjo.com.mx\/tienda\/producto\/hermanoz-zapata\/#primaryimage"},"thumbnailUrl":"https:\/\/edicioneselnaranjo.com.mx\/tienda\/wp-content\/uploads\/2020\/11\/Los_hermanos_Zapata.png","datePublished":"2020-11-25T19:49:39+00:00","dateModified":"2026-01-19T22:53:42+00:00","breadcrumb":{"@id":"https:\/\/edicioneselnaranjo.com.mx\/tienda\/producto\/hermanoz-zapata\/#breadcrumb"},"inLanguage":"es","potentialAction":[{"@type":"ReadAction","target":["https:\/\/edicioneselnaranjo.com.mx\/tienda\/producto\/hermanoz-zapata\/"]}]},{"@type":"ImageObject","inLanguage":"es","@id":"https:\/\/edicioneselnaranjo.com.mx\/tienda\/producto\/hermanoz-zapata\/#primaryimage","url":"https:\/\/edicioneselnaranjo.com.mx\/tienda\/wp-content\/uploads\/2020\/11\/Los_hermanos_Zapata.png","contentUrl":"https:\/\/edicioneselnaranjo.com.mx\/tienda\/wp-content\/uploads\/2020\/11\/Los_hermanos_Zapata.png","width":700,"height":700},{"@type":"BreadcrumbList","@id":"https:\/\/edicioneselnaranjo.com.mx\/tienda\/producto\/hermanoz-zapata\/#breadcrumb","itemListElement":[{"@type":"ListItem","position":1,"name":"Inicio","item":"https:\/\/edicioneselnaranjo.com.mx\/tienda\/"},{"@type":"ListItem","position":2,"name":"Los hermanos Zapata. Una \u00f3pera del desierto mexicano"}]},{"@type":"WebSite","@id":"https:\/\/edicioneselnaranjo.com.mx\/tienda\/#website","url":"https:\/\/edicioneselnaranjo.com.mx\/tienda\/","name":"Tienda Ediciones El Naranjo","description":"Tienda en l&iacute;nea de Ediciones El Naranjo","publisher":{"@id":"https:\/\/edicioneselnaranjo.com.mx\/tienda\/#organization"},"potentialAction":[{"@type":"SearchAction","target":{"@type":"EntryPoint","urlTemplate":"https:\/\/edicioneselnaranjo.com.mx\/tienda\/?s={search_term_string}"},"query-input":{"@type":"PropertyValueSpecification","valueRequired":true,"valueName":"search_term_string"}}],"inLanguage":"es"},{"@type":"Organization","@id":"https:\/\/edicioneselnaranjo.com.mx\/tienda\/#organization","name":"Tienda Ediciones El Naranjo","url":"https:\/\/edicioneselnaranjo.com.mx\/tienda\/","logo":{"@type":"ImageObject","inLanguage":"es","@id":"https:\/\/edicioneselnaranjo.com.mx\/tienda\/#\/schema\/logo\/image\/","url":"https:\/\/edicioneselnaranjo.com.mx\/tienda\/wp-content\/uploads\/2020\/09\/logo-imagen-tienda.png","contentUrl":"https:\/\/edicioneselnaranjo.com.mx\/tienda\/wp-content\/uploads\/2020\/09\/logo-imagen-tienda.png","width":700,"height":140,"caption":"Tienda Ediciones El Naranjo"},"image":{"@id":"https:\/\/edicioneselnaranjo.com.mx\/tienda\/#\/schema\/logo\/image\/"}}]}},"_links":{"self":[{"href":"https:\/\/edicioneselnaranjo.com.mx\/tienda\/wp-json\/wp\/v2\/product\/1737","targetHints":{"allow":["GET"]}}],"collection":[{"href":"https:\/\/edicioneselnaranjo.com.mx\/tienda\/wp-json\/wp\/v2\/product"}],"about":[{"href":"https:\/\/edicioneselnaranjo.com.mx\/tienda\/wp-json\/wp\/v2\/types\/product"}],"wp:featuredmedia":[{"embeddable":true,"href":"https:\/\/edicioneselnaranjo.com.mx\/tienda\/wp-json\/wp\/v2\/media\/1762"}],"wp:attachment":[{"href":"https:\/\/edicioneselnaranjo.com.mx\/tienda\/wp-json\/wp\/v2\/media?parent=1737"}],"wp:term":[{"taxonomy":"product_brand","embeddable":true,"href":"https:\/\/edicioneselnaranjo.com.mx\/tienda\/wp-json\/wp\/v2\/product_brand?post=1737"},{"taxonomy":"product_cat","embeddable":true,"href":"https:\/\/edicioneselnaranjo.com.mx\/tienda\/wp-json\/wp\/v2\/product_cat?post=1737"},{"taxonomy":"product_tag","embeddable":true,"href":"https:\/\/edicioneselnaranjo.com.mx\/tienda\/wp-json\/wp\/v2\/product_tag?post=1737"}],"curies":[{"name":"wp","href":"https:\/\/api.w.org\/{rel}","templated":true}]}}