{"id":1050,"date":"2020-07-23T13:51:39","date_gmt":"2020-07-23T18:51:39","guid":{"rendered":"http:\/\/edicioneselnaranjo.com.mx\/tienda\/?post_type=product&#038;p=1050"},"modified":"2026-01-19T16:53:41","modified_gmt":"2026-01-19T22:53:41","slug":"mexican-hospitality-ii-the-pleasure-of-sharing-the-table","status":"publish","type":"product","link":"https:\/\/edicioneselnaranjo.com.mx\/tienda\/producto\/mexican-hospitality-ii-the-pleasure-of-sharing-the-table\/","title":{"rendered":"Mexican Hospitality II: The Pleasure of Sharing the Table"},"content":{"rendered":"<div id=\"wp-content-wrap\" class=\"wp-core-ui wp-editor-wrap tmce-active has-dfw\">\n<div id=\"wp-content-editor-container\" class=\"wp-editor-container\">\n<div id=\"mceu_24\" class=\"mce-tinymce mce-container mce-panel\" role=\"application\">\n<div id=\"mceu_24-body\" class=\"mce-container-body mce-stack-layout\">\n<div id=\"mceu_31\" class=\"mce-edit-area mce-container mce-panel mce-stack-layout-item\" role=\"group\">\n<table>\n<tbody>\n<tr>\n<td>G\u00e9nero<\/td>\n<td>Cocina<\/td>\n<\/tr>\n<tr>\n<td>Encuadernaci\u00f3n<\/td>\n<td>Pasta dura<\/td>\n<\/tr>\n<tr>\n<td>A\u00f1o<\/td>\n<td>2017<\/td>\n<\/tr>\n<tr>\n<td>Edici\u00f3n<\/td>\n<td>Primera<\/td>\n<\/tr>\n<tr>\n<td>P\u00e1ginas<\/td>\n<td>144 pp.<\/td>\n<\/tr>\n<tr>\n<td>Formato<\/td>\n<td>26 x 32 x 3 cm<\/td>\n<\/tr>\n<tr>\n<td>Impresi\u00f3n<\/td>\n<td>4 tintas<\/td>\n<\/tr>\n<tr>\n<td>Peso<\/td>\n<td>1500 gramos<\/td>\n<\/tr>\n<tr>\n<td>ISBN<\/td>\n<td>978-607-8442-508<\/td>\n<\/tr>\n<\/tbody>\n<\/table>\n<\/div>\n<\/div>\n<\/div>\n<\/div>\n<\/div>\n","protected":false},"excerpt":{"rendered":"<p>Mexico is usually recognized and admired by its visitors for the hospitality with which they are welcomed, as Mexican hosts have a reputation for being affectionate, smiling and eager to please their guests; always taking care of every detail. In this book you will find a piece of work made with quality, good taste and excellent photography to show the delights of the new Mexican cuisine, which is recognized in the world as an example of universal gastronomic art. To the different varieties of Mexican dishes, the book adds the beauty of the presentations and the elegance of the settings. With splendid coloring, ten exquisite menus are displayed with magnificent demonstrations of our modern culinary richness; and each dish with its corresponding wine pairing. To date, 24,000 copies have been printed in five different editions of both the English and Spanish versions of Mexican hospitality I and II, of which 80% has been sold. It is generosity, however, one of the most important qualities of this book, since the entire profits of its sales are donated to the \u201cTiempo de compartir por M\u00e9xico\u201d foundation (http:\/\/tiempodecompartirpormexico.org\/). This organization procures and channels financial or in-kind resources to help individuals as well as institutions and charities that support people with cancer, mental health problems and other kinds of difficulties.<\/p>\n<p>Quienes visitan M\u00e9xico usualmente reconocen y admiran la hospitalidad con la que son recibidos, pues el anfitri\u00f3n mexicano tiene fama de ser afectuoso, sonriente y esforzado por complacer a sus hu\u00e9spedes, cuidando siempre cada detalle. En este libro se presenta un trabajo elaborado con calidad, buen gusto y alto nivel fotogr\u00e1fico para mostrar las delicias de la nueva cocina mexicana, reconocida en el mundo como uno de los ejemplos del arte gastron\u00f3mico universal. A las diversas variedades de platillos mexicanos el libro agrega la belleza de las presentaciones y la elegancia de los escenarios. Adem\u00e1s, con un espl\u00e9ndido colorido, se muestran diez exquisitos men\u00fas con magn\u00edficas demostraciones de nuestra riqueza culinaria moderna. A la fecha, hay cerca de cinco mil ejemplares agotados y tambi\u00e9n se cuenta con ediciones en ingl\u00e9s tanto de este tomo II como del tomo I. Sin embargo, a un lado de todo esto, una de las particularidades m\u00e1s importantes del libro es la que se refiere a la generosidad, puesto que las utilidades \u00edntegras de su venta, se destinan a llevar a cabo la misi\u00f3n de la fundaci\u00f3n Tiempo de Compartir por M\u00e9xico (http:\/\/tiempodecompartirpormexico.org\/) que consiste en procurar y canalizar recursos financieros y\/o en especie para ayudar directamente a personas con varios tipos de enfermedades y\/o diversos tipos de carencias. Tambi\u00e9n apoyan instituciones y organizaciones de beneficencia que ayudan a personas con c\u00e1ncer y otras enfermedades, con problemas de salud mental y con otra \u00edndole de carencias.<\/p>\n","protected":false},"featured_media":1045,"template":"","meta":[],"product_brand":[],"product_cat":[15],"product_tag":[94,95,66],"class_list":{"0":"post-1050","1":"product","2":"type-product","3":"status-publish","4":"has-post-thumbnail","6":"product_cat-catalogo","7":"product_tag-cocina","8":"product_tag-recetas","9":"product_tag-tradiciones","10":"pa_editorial-hospitalidad-mexicana","12":"first","13":"instock","14":"shipping-taxable","15":"purchasable","16":"product-type-simple"},"yoast_head":"<!-- This site is optimized with the Yoast SEO plugin v27.4 - https:\/\/yoast.com\/product\/yoast-seo-wordpress\/ -->\n<title>Mexican Hospitality II: The Pleasure of Sharing the Table - Tienda Ediciones El Naranjo<\/title>\n<meta name=\"robots\" content=\"index, follow, max-snippet:-1, max-image-preview:large, max-video-preview:-1\" \/>\n<link rel=\"canonical\" href=\"https:\/\/edicioneselnaranjo.com.mx\/tienda\/producto\/mexican-hospitality-ii-the-pleasure-of-sharing-the-table\/\" \/>\n<meta property=\"og:locale\" content=\"es_MX\" \/>\n<meta property=\"og:type\" content=\"article\" \/>\n<meta property=\"og:title\" content=\"Mexican Hospitality II: The Pleasure of Sharing the Table - Tienda Ediciones El Naranjo\" \/>\n<meta property=\"og:description\" content=\"Mexico is usually recognized and admired by its visitors for the hospitality with which they are welcomed, as Mexican hosts have a reputation for being affectionate, smiling and eager to please their guests; always taking care of every detail. In this book you will find a piece of work made with quality, good taste and excellent photography to show the delights of the new Mexican cuisine, which is recognized in the world as an example of universal gastronomic art. To the different varieties of Mexican dishes, the book adds the beauty of the presentations and the elegance of the settings. With splendid coloring, ten exquisite menus are displayed with magnificent demonstrations of our modern culinary richness; and each dish with its corresponding wine pairing. To date, 24,000 copies have been printed in five different editions of both the English and Spanish versions of Mexican hospitality I and II, of which 80% has been sold. It is generosity, however, one of the most important qualities of this book, since the entire profits of its sales are donated to the \u201cTiempo de compartir por M\u00e9xico\u201d foundation (http:\/\/tiempodecompartirpormexico.org\/). This organization procures and channels financial or in-kind resources to help individuals as well as institutions and charities that support people with cancer, mental health problems and other kinds of difficulties.  Quienes visitan M\u00e9xico usualmente reconocen y admiran la hospitalidad con la que son recibidos, pues el anfitri\u00f3n mexicano tiene fama de ser afectuoso, sonriente y esforzado por complacer a sus hu\u00e9spedes, cuidando siempre cada detalle. En este libro se presenta un trabajo elaborado con calidad, buen gusto y alto nivel fotogr\u00e1fico para mostrar las delicias de la nueva cocina mexicana, reconocida en el mundo como uno de los ejemplos del arte gastron\u00f3mico universal. A las diversas variedades de platillos mexicanos el libro agrega la belleza de las presentaciones y la elegancia de los escenarios. Adem\u00e1s, con un espl\u00e9ndido colorido, se muestran diez exquisitos men\u00fas con magn\u00edficas demostraciones de nuestra riqueza culinaria moderna. A la fecha, hay cerca de cinco mil ejemplares agotados y tambi\u00e9n se cuenta con ediciones en ingl\u00e9s tanto de este tomo II como del tomo I. Sin embargo, a un lado de todo esto, una de las particularidades m\u00e1s importantes del libro es la que se refiere a la generosidad, puesto que las utilidades \u00edntegras de su venta, se destinan a llevar a cabo la misi\u00f3n de la fundaci\u00f3n Tiempo de Compartir por M\u00e9xico (http:\/\/tiempodecompartirpormexico.org\/) que consiste en procurar y canalizar recursos financieros y\/o en especie para ayudar directamente a personas con varios tipos de enfermedades y\/o diversos tipos de carencias. Tambi\u00e9n apoyan instituciones y organizaciones de beneficencia que ayudan a personas con c\u00e1ncer y otras enfermedades, con problemas de salud mental y con otra \u00edndole de carencias.\" \/>\n<meta property=\"og:url\" content=\"https:\/\/edicioneselnaranjo.com.mx\/tienda\/producto\/mexican-hospitality-ii-the-pleasure-of-sharing-the-table\/\" \/>\n<meta property=\"og:site_name\" content=\"Tienda Ediciones El Naranjo\" \/>\n<meta property=\"article:modified_time\" content=\"2026-01-19T22:53:41+00:00\" \/>\n<meta property=\"og:image\" content=\"https:\/\/edicioneselnaranjo.com.mx\/tienda\/wp-content\/uploads\/2020\/07\/p-hm2_eng.jpg\" \/>\n\t<meta property=\"og:image:width\" content=\"900\" \/>\n\t<meta property=\"og:image:height\" content=\"900\" \/>\n\t<meta property=\"og:image:type\" content=\"image\/jpeg\" \/>\n<meta name=\"twitter:card\" content=\"summary_large_image\" \/>\n<meta name=\"twitter:label1\" content=\"Tiempo de lectura\" \/>\n\t<meta name=\"twitter:data1\" content=\"1 minuto\" \/>\n<script type=\"application\/ld+json\" class=\"yoast-schema-graph\">{\"@context\":\"https:\\\/\\\/schema.org\",\"@graph\":[{\"@type\":\"WebPage\",\"@id\":\"https:\\\/\\\/edicioneselnaranjo.com.mx\\\/tienda\\\/producto\\\/mexican-hospitality-ii-the-pleasure-of-sharing-the-table\\\/\",\"url\":\"https:\\\/\\\/edicioneselnaranjo.com.mx\\\/tienda\\\/producto\\\/mexican-hospitality-ii-the-pleasure-of-sharing-the-table\\\/\",\"name\":\"Mexican Hospitality II: The Pleasure of Sharing the Table - Tienda Ediciones El Naranjo\",\"isPartOf\":{\"@id\":\"https:\\\/\\\/edicioneselnaranjo.com.mx\\\/tienda\\\/#website\"},\"primaryImageOfPage\":{\"@id\":\"https:\\\/\\\/edicioneselnaranjo.com.mx\\\/tienda\\\/producto\\\/mexican-hospitality-ii-the-pleasure-of-sharing-the-table\\\/#primaryimage\"},\"image\":{\"@id\":\"https:\\\/\\\/edicioneselnaranjo.com.mx\\\/tienda\\\/producto\\\/mexican-hospitality-ii-the-pleasure-of-sharing-the-table\\\/#primaryimage\"},\"thumbnailUrl\":\"https:\\\/\\\/edicioneselnaranjo.com.mx\\\/tienda\\\/wp-content\\\/uploads\\\/2020\\\/07\\\/p-hm2_eng.jpg\",\"datePublished\":\"2020-07-23T18:51:39+00:00\",\"dateModified\":\"2026-01-19T22:53:41+00:00\",\"breadcrumb\":{\"@id\":\"https:\\\/\\\/edicioneselnaranjo.com.mx\\\/tienda\\\/producto\\\/mexican-hospitality-ii-the-pleasure-of-sharing-the-table\\\/#breadcrumb\"},\"inLanguage\":\"es\",\"potentialAction\":[{\"@type\":\"ReadAction\",\"target\":[\"https:\\\/\\\/edicioneselnaranjo.com.mx\\\/tienda\\\/producto\\\/mexican-hospitality-ii-the-pleasure-of-sharing-the-table\\\/\"]}]},{\"@type\":\"ImageObject\",\"inLanguage\":\"es\",\"@id\":\"https:\\\/\\\/edicioneselnaranjo.com.mx\\\/tienda\\\/producto\\\/mexican-hospitality-ii-the-pleasure-of-sharing-the-table\\\/#primaryimage\",\"url\":\"https:\\\/\\\/edicioneselnaranjo.com.mx\\\/tienda\\\/wp-content\\\/uploads\\\/2020\\\/07\\\/p-hm2_eng.jpg\",\"contentUrl\":\"https:\\\/\\\/edicioneselnaranjo.com.mx\\\/tienda\\\/wp-content\\\/uploads\\\/2020\\\/07\\\/p-hm2_eng.jpg\",\"width\":900,\"height\":900},{\"@type\":\"BreadcrumbList\",\"@id\":\"https:\\\/\\\/edicioneselnaranjo.com.mx\\\/tienda\\\/producto\\\/mexican-hospitality-ii-the-pleasure-of-sharing-the-table\\\/#breadcrumb\",\"itemListElement\":[{\"@type\":\"ListItem\",\"position\":1,\"name\":\"Inicio\",\"item\":\"https:\\\/\\\/edicioneselnaranjo.com.mx\\\/tienda\\\/\"},{\"@type\":\"ListItem\",\"position\":2,\"name\":\"Mexican Hospitality II: The Pleasure of Sharing the Table\"}]},{\"@type\":\"WebSite\",\"@id\":\"https:\\\/\\\/edicioneselnaranjo.com.mx\\\/tienda\\\/#website\",\"url\":\"https:\\\/\\\/edicioneselnaranjo.com.mx\\\/tienda\\\/\",\"name\":\"Tienda Ediciones El Naranjo\",\"description\":\"Tienda en l&iacute;nea de Ediciones El Naranjo\",\"publisher\":{\"@id\":\"https:\\\/\\\/edicioneselnaranjo.com.mx\\\/tienda\\\/#organization\"},\"potentialAction\":[{\"@type\":\"SearchAction\",\"target\":{\"@type\":\"EntryPoint\",\"urlTemplate\":\"https:\\\/\\\/edicioneselnaranjo.com.mx\\\/tienda\\\/?s={search_term_string}\"},\"query-input\":{\"@type\":\"PropertyValueSpecification\",\"valueRequired\":true,\"valueName\":\"search_term_string\"}}],\"inLanguage\":\"es\"},{\"@type\":\"Organization\",\"@id\":\"https:\\\/\\\/edicioneselnaranjo.com.mx\\\/tienda\\\/#organization\",\"name\":\"Tienda Ediciones El Naranjo\",\"url\":\"https:\\\/\\\/edicioneselnaranjo.com.mx\\\/tienda\\\/\",\"logo\":{\"@type\":\"ImageObject\",\"inLanguage\":\"es\",\"@id\":\"https:\\\/\\\/edicioneselnaranjo.com.mx\\\/tienda\\\/#\\\/schema\\\/logo\\\/image\\\/\",\"url\":\"https:\\\/\\\/edicioneselnaranjo.com.mx\\\/tienda\\\/wp-content\\\/uploads\\\/2020\\\/09\\\/logo-imagen-tienda.png\",\"contentUrl\":\"https:\\\/\\\/edicioneselnaranjo.com.mx\\\/tienda\\\/wp-content\\\/uploads\\\/2020\\\/09\\\/logo-imagen-tienda.png\",\"width\":700,\"height\":140,\"caption\":\"Tienda Ediciones El Naranjo\"},\"image\":{\"@id\":\"https:\\\/\\\/edicioneselnaranjo.com.mx\\\/tienda\\\/#\\\/schema\\\/logo\\\/image\\\/\"}}]}<\/script>\n<!-- \/ Yoast SEO plugin. -->","yoast_head_json":{"title":"Mexican Hospitality II: The Pleasure of Sharing the Table - Tienda Ediciones El Naranjo","robots":{"index":"index","follow":"follow","max-snippet":"max-snippet:-1","max-image-preview":"max-image-preview:large","max-video-preview":"max-video-preview:-1"},"canonical":"https:\/\/edicioneselnaranjo.com.mx\/tienda\/producto\/mexican-hospitality-ii-the-pleasure-of-sharing-the-table\/","og_locale":"es_MX","og_type":"article","og_title":"Mexican Hospitality II: The Pleasure of Sharing the Table - Tienda Ediciones El Naranjo","og_description":"Mexico is usually recognized and admired by its visitors for the hospitality with which they are welcomed, as Mexican hosts have a reputation for being affectionate, smiling and eager to please their guests; always taking care of every detail. In this book you will find a piece of work made with quality, good taste and excellent photography to show the delights of the new Mexican cuisine, which is recognized in the world as an example of universal gastronomic art. To the different varieties of Mexican dishes, the book adds the beauty of the presentations and the elegance of the settings. With splendid coloring, ten exquisite menus are displayed with magnificent demonstrations of our modern culinary richness; and each dish with its corresponding wine pairing. To date, 24,000 copies have been printed in five different editions of both the English and Spanish versions of Mexican hospitality I and II, of which 80% has been sold. It is generosity, however, one of the most important qualities of this book, since the entire profits of its sales are donated to the \u201cTiempo de compartir por M\u00e9xico\u201d foundation (http:\/\/tiempodecompartirpormexico.org\/). This organization procures and channels financial or in-kind resources to help individuals as well as institutions and charities that support people with cancer, mental health problems and other kinds of difficulties.  Quienes visitan M\u00e9xico usualmente reconocen y admiran la hospitalidad con la que son recibidos, pues el anfitri\u00f3n mexicano tiene fama de ser afectuoso, sonriente y esforzado por complacer a sus hu\u00e9spedes, cuidando siempre cada detalle. En este libro se presenta un trabajo elaborado con calidad, buen gusto y alto nivel fotogr\u00e1fico para mostrar las delicias de la nueva cocina mexicana, reconocida en el mundo como uno de los ejemplos del arte gastron\u00f3mico universal. A las diversas variedades de platillos mexicanos el libro agrega la belleza de las presentaciones y la elegancia de los escenarios. Adem\u00e1s, con un espl\u00e9ndido colorido, se muestran diez exquisitos men\u00fas con magn\u00edficas demostraciones de nuestra riqueza culinaria moderna. A la fecha, hay cerca de cinco mil ejemplares agotados y tambi\u00e9n se cuenta con ediciones en ingl\u00e9s tanto de este tomo II como del tomo I. Sin embargo, a un lado de todo esto, una de las particularidades m\u00e1s importantes del libro es la que se refiere a la generosidad, puesto que las utilidades \u00edntegras de su venta, se destinan a llevar a cabo la misi\u00f3n de la fundaci\u00f3n Tiempo de Compartir por M\u00e9xico (http:\/\/tiempodecompartirpormexico.org\/) que consiste en procurar y canalizar recursos financieros y\/o en especie para ayudar directamente a personas con varios tipos de enfermedades y\/o diversos tipos de carencias. Tambi\u00e9n apoyan instituciones y organizaciones de beneficencia que ayudan a personas con c\u00e1ncer y otras enfermedades, con problemas de salud mental y con otra \u00edndole de carencias.","og_url":"https:\/\/edicioneselnaranjo.com.mx\/tienda\/producto\/mexican-hospitality-ii-the-pleasure-of-sharing-the-table\/","og_site_name":"Tienda Ediciones El Naranjo","article_modified_time":"2026-01-19T22:53:41+00:00","og_image":[{"width":900,"height":900,"url":"https:\/\/edicioneselnaranjo.com.mx\/tienda\/wp-content\/uploads\/2020\/07\/p-hm2_eng.jpg","type":"image\/jpeg"}],"twitter_card":"summary_large_image","twitter_misc":{"Tiempo de lectura":"1 minuto"},"schema":{"@context":"https:\/\/schema.org","@graph":[{"@type":"WebPage","@id":"https:\/\/edicioneselnaranjo.com.mx\/tienda\/producto\/mexican-hospitality-ii-the-pleasure-of-sharing-the-table\/","url":"https:\/\/edicioneselnaranjo.com.mx\/tienda\/producto\/mexican-hospitality-ii-the-pleasure-of-sharing-the-table\/","name":"Mexican Hospitality II: The Pleasure of Sharing the Table - Tienda Ediciones El Naranjo","isPartOf":{"@id":"https:\/\/edicioneselnaranjo.com.mx\/tienda\/#website"},"primaryImageOfPage":{"@id":"https:\/\/edicioneselnaranjo.com.mx\/tienda\/producto\/mexican-hospitality-ii-the-pleasure-of-sharing-the-table\/#primaryimage"},"image":{"@id":"https:\/\/edicioneselnaranjo.com.mx\/tienda\/producto\/mexican-hospitality-ii-the-pleasure-of-sharing-the-table\/#primaryimage"},"thumbnailUrl":"https:\/\/edicioneselnaranjo.com.mx\/tienda\/wp-content\/uploads\/2020\/07\/p-hm2_eng.jpg","datePublished":"2020-07-23T18:51:39+00:00","dateModified":"2026-01-19T22:53:41+00:00","breadcrumb":{"@id":"https:\/\/edicioneselnaranjo.com.mx\/tienda\/producto\/mexican-hospitality-ii-the-pleasure-of-sharing-the-table\/#breadcrumb"},"inLanguage":"es","potentialAction":[{"@type":"ReadAction","target":["https:\/\/edicioneselnaranjo.com.mx\/tienda\/producto\/mexican-hospitality-ii-the-pleasure-of-sharing-the-table\/"]}]},{"@type":"ImageObject","inLanguage":"es","@id":"https:\/\/edicioneselnaranjo.com.mx\/tienda\/producto\/mexican-hospitality-ii-the-pleasure-of-sharing-the-table\/#primaryimage","url":"https:\/\/edicioneselnaranjo.com.mx\/tienda\/wp-content\/uploads\/2020\/07\/p-hm2_eng.jpg","contentUrl":"https:\/\/edicioneselnaranjo.com.mx\/tienda\/wp-content\/uploads\/2020\/07\/p-hm2_eng.jpg","width":900,"height":900},{"@type":"BreadcrumbList","@id":"https:\/\/edicioneselnaranjo.com.mx\/tienda\/producto\/mexican-hospitality-ii-the-pleasure-of-sharing-the-table\/#breadcrumb","itemListElement":[{"@type":"ListItem","position":1,"name":"Inicio","item":"https:\/\/edicioneselnaranjo.com.mx\/tienda\/"},{"@type":"ListItem","position":2,"name":"Mexican Hospitality II: The Pleasure of Sharing the Table"}]},{"@type":"WebSite","@id":"https:\/\/edicioneselnaranjo.com.mx\/tienda\/#website","url":"https:\/\/edicioneselnaranjo.com.mx\/tienda\/","name":"Tienda Ediciones El Naranjo","description":"Tienda en l&iacute;nea de Ediciones El Naranjo","publisher":{"@id":"https:\/\/edicioneselnaranjo.com.mx\/tienda\/#organization"},"potentialAction":[{"@type":"SearchAction","target":{"@type":"EntryPoint","urlTemplate":"https:\/\/edicioneselnaranjo.com.mx\/tienda\/?s={search_term_string}"},"query-input":{"@type":"PropertyValueSpecification","valueRequired":true,"valueName":"search_term_string"}}],"inLanguage":"es"},{"@type":"Organization","@id":"https:\/\/edicioneselnaranjo.com.mx\/tienda\/#organization","name":"Tienda Ediciones El Naranjo","url":"https:\/\/edicioneselnaranjo.com.mx\/tienda\/","logo":{"@type":"ImageObject","inLanguage":"es","@id":"https:\/\/edicioneselnaranjo.com.mx\/tienda\/#\/schema\/logo\/image\/","url":"https:\/\/edicioneselnaranjo.com.mx\/tienda\/wp-content\/uploads\/2020\/09\/logo-imagen-tienda.png","contentUrl":"https:\/\/edicioneselnaranjo.com.mx\/tienda\/wp-content\/uploads\/2020\/09\/logo-imagen-tienda.png","width":700,"height":140,"caption":"Tienda Ediciones El Naranjo"},"image":{"@id":"https:\/\/edicioneselnaranjo.com.mx\/tienda\/#\/schema\/logo\/image\/"}}]}},"_links":{"self":[{"href":"https:\/\/edicioneselnaranjo.com.mx\/tienda\/wp-json\/wp\/v2\/product\/1050","targetHints":{"allow":["GET"]}}],"collection":[{"href":"https:\/\/edicioneselnaranjo.com.mx\/tienda\/wp-json\/wp\/v2\/product"}],"about":[{"href":"https:\/\/edicioneselnaranjo.com.mx\/tienda\/wp-json\/wp\/v2\/types\/product"}],"wp:featuredmedia":[{"embeddable":true,"href":"https:\/\/edicioneselnaranjo.com.mx\/tienda\/wp-json\/wp\/v2\/media\/1045"}],"wp:attachment":[{"href":"https:\/\/edicioneselnaranjo.com.mx\/tienda\/wp-json\/wp\/v2\/media?parent=1050"}],"wp:term":[{"taxonomy":"product_brand","embeddable":true,"href":"https:\/\/edicioneselnaranjo.com.mx\/tienda\/wp-json\/wp\/v2\/product_brand?post=1050"},{"taxonomy":"product_cat","embeddable":true,"href":"https:\/\/edicioneselnaranjo.com.mx\/tienda\/wp-json\/wp\/v2\/product_cat?post=1050"},{"taxonomy":"product_tag","embeddable":true,"href":"https:\/\/edicioneselnaranjo.com.mx\/tienda\/wp-json\/wp\/v2\/product_tag?post=1050"}],"curies":[{"name":"wp","href":"https:\/\/api.w.org\/{rel}","templated":true}]}}